{"id":9643,"date":"2025-02-14T12:10:38","date_gmt":"2025-02-14T09:10:38","guid":{"rendered":"https:\/\/www.khas.edu.tr\/?page_id=9643"},"modified":"2025-02-14T14:02:32","modified_gmt":"2025-02-14T11:02:32","slug":"mis-advisory-board","status":"publish","type":"page","link":"https:\/\/www.khas.edu.tr\/en\/mis-advisory-board\/","title":{"rendered":"MIS-Advisory Board"},"content":{"rendered":"\t\t<div data-elementor-type=\"wp-page\" data-elementor-id=\"9643\" class=\"elementor elementor-9643 elementor-9638\">\n\t\t\t\t<div class=\"elementor-element elementor-element-4853164 e-flex e-con-boxed e-con e-parent\" data-id=\"4853164\" data-element_type=\"container\" data-e-type=\"container\">\n\t\t\t\t\t<div class=\"e-con-inner\">\n\t\t\t\t<div class=\"elementor-element elementor-element-e541b5c elementor-widget elementor-widget-text-editor\" data-id=\"e541b5c\" data-element_type=\"widget\" data-e-type=\"widget\" data-widget_type=\"text-editor.default\">\n\t\t\t\t<div class=\"elementor-widget-container\">\n\t\t\t\t\t\t\t\t\t<ul><li>Assoc. Prof. Dr. Mehmet N. Ayd\u0131n<\/li><li>Baret Bekta\u015fiyan (Commencis)<\/li><li>Prof. Dr. Hasan Da\u011f<\/li><li>I\u015f\u0131l Yenido\u011fan Da\u011f (Ko\u00e7 Schools)<\/li><li>Z\u00fcber Do\u011fan (Reybex)<\/li><li>Assoc. Prof. Dr. Murat Gezer (\u0130stanbul University Informatics)<\/li><li>Sayg\u0131n Ka\u00e7ar (Bor\u00e7elik)<\/li><li>Emrah Kalkan (Beda\u015f)<\/li><li>Hakan Kanta\u015f (Halkbank)<\/li><li>Cem Tutar (Matriks)<\/li><\/ul>\t\t\t\t\t\t\t\t<\/div>\n\t\t\t\t<\/div>\n\t\t\t\t\t<\/div>\n\t\t\t\t<\/div>\n\t\t\t\t<\/div>\n\t\t","protected":false},"excerpt":{"rendered":"<p>Assoc. Prof. Dr. Mehmet N. Ayd\u0131n Baret Bekta\u015fiyan (Commencis) Prof. Dr. Hasan Da\u011f I\u015f\u0131l Yenido\u011fan Da\u011f (Ko\u00e7 Schools) Z\u00fcber Do\u011fan (Reybex) Assoc. Prof. Dr. Murat Gezer (\u0130stanbul University Informatics) Sayg\u0131n Ka\u00e7ar (Bor\u00e7elik) Emrah Kalkan (Beda\u015f) Hakan Kanta\u015f (Halkbank) Cem Tutar (Matriks)<\/p>\n","protected":false},"author":2,"featured_media":0,"parent":0,"menu_order":0,"comment_status":"closed","ping_status":"closed","template":"","meta":{"slim_seo":{"title":"MIS-Advisory Board - Kadir Has University","description":"Assoc. Prof. Dr. Mehmet N. Ayd\u0131n Baret Bekta\u015fiyan (Commencis) Prof. Dr. Hasan Da\u011f I\u015f\u0131l Yenido\u011fan Da\u011f (Ko\u00e7 Schools) Z\u00fcber Do\u011fan (Reybex) Assoc. Prof. Dr. Murat G"},"footnotes":""},"birimler":[81],"class_list":["post-9643","page","type-page","status-publish","hentry","birimler-mis"],"_links":{"self":[{"href":"https:\/\/www.khas.edu.tr\/en\/wp-json\/wp\/v2\/pages\/9643","targetHints":{"allow":["GET"]}}],"collection":[{"href":"https:\/\/www.khas.edu.tr\/en\/wp-json\/wp\/v2\/pages"}],"about":[{"href":"https:\/\/www.khas.edu.tr\/en\/wp-json\/wp\/v2\/types\/page"}],"author":[{"embeddable":true,"href":"https:\/\/www.khas.edu.tr\/en\/wp-json\/wp\/v2\/users\/2"}],"replies":[{"embeddable":true,"href":"https:\/\/www.khas.edu.tr\/en\/wp-json\/wp\/v2\/comments?post=9643"}],"version-history":[{"count":4,"href":"https:\/\/www.khas.edu.tr\/en\/wp-json\/wp\/v2\/pages\/9643\/revisions"}],"predecessor-version":[{"id":9647,"href":"https:\/\/www.khas.edu.tr\/en\/wp-json\/wp\/v2\/pages\/9643\/revisions\/9647"}],"wp:attachment":[{"href":"https:\/\/www.khas.edu.tr\/en\/wp-json\/wp\/v2\/media?parent=9643"}],"wp:term":[{"taxonomy":"birimler","embeddable":true,"href":"https:\/\/www.khas.edu.tr\/en\/wp-json\/wp\/v2\/birimler?post=9643"}],"curies":[{"name":"wp","href":"https:\/\/api.w.org\/{rel}","templated":true}]}}