{"id":9615,"date":"2025-02-14T11:40:59","date_gmt":"2025-02-14T08:40:59","guid":{"rendered":"https:\/\/www.khas.edu.tr\/?page_id=9615"},"modified":"2025-02-14T11:42:01","modified_gmt":"2025-02-14T08:42:01","slug":"mis-projects","status":"publish","type":"page","link":"https:\/\/www.khas.edu.tr\/en\/mis-projects\/","title":{"rendered":"MIS-Projects"},"content":{"rendered":"\t\t<div data-elementor-type=\"wp-page\" data-elementor-id=\"9615\" class=\"elementor elementor-9615 elementor-9610\">\n\t\t\t\t<div class=\"elementor-element elementor-element-0dbc0ab e-flex e-con-boxed e-con e-parent\" data-id=\"0dbc0ab\" data-element_type=\"container\" data-e-type=\"container\">\n\t\t\t\t\t<div class=\"e-con-inner\">\n\t\t\t\t<div class=\"elementor-element elementor-element-30c5448 elementor-widget elementor-widget-text-editor\" data-id=\"30c5448\" data-element_type=\"widget\" data-e-type=\"widget\" data-widget_type=\"text-editor.default\">\n\t\t\t\t<div class=\"elementor-widget-container\">\n\t\t\t\t\t\t\t\t\t<p><strong>MIS Department faculty members, undergraduates, and graduate students work as coordinators, researchers, and scholars in many nationally (T\u00dcB\u0130TAK) and internationally supported (European Union) projects. Some of these projects are listed below:<\/strong><\/p><ul><li><strong>Asst. Prof. E. Fatih Yetkin<\/strong>\u00a0and two PhD students (Merve \u00d6per and Merve \u00dclk\u00fc) took part as the coordinator and scholars in the T\u00dcB\u0130TAK 2244 project in which Borcelik is a stakeholder.<\/li><li><strong>Asst. Prof. Mahmut \u00c7avur\u00a0<\/strong>was a researcher and PhD student G\u00f6rkem Akdur was scholar in the T\u00dcB\u0130TAK 1001 project titled \u201cWeb-GIS Supported Site Management Conservation Model in the Context of Rural-Urban Continuity of Historical Cities: The Example of Iznik\u201d.<\/li><li><strong>Assoc. Dr. Mehmet N. Ayd\u0131n<\/strong>\u00a0was a researcher and our graduate student \u015e\u00fcheda Y\u0131ld\u0131r\u0131m was a scholar in the T\u00dcB\u0130TAK 1001 project titled \u201cDigital Public Diplomacy of Armed Organizations \u2013 Syria and Iraq Examples\u201d.<\/li><\/ul>\t\t\t\t\t\t\t\t<\/div>\n\t\t\t\t<\/div>\n\t\t\t\t\t<\/div>\n\t\t\t\t<\/div>\n\t\t\t\t<\/div>\n\t\t","protected":false},"excerpt":{"rendered":"<p>MIS Department faculty members, undergraduates, and graduate students work as coordinators, researchers, and scholars in many nationally (T\u00dcB\u0130TAK) and internationally supported (European Union) projects. Some of these projects are listed below: Asst. Prof. E. Fatih Yetkin\u00a0and two PhD students (Merve \u00d6per and Merve \u00dclk\u00fc) took part as the coordinator and scholars in the T\u00dcB\u0130TAK 2244 [&hellip;]<\/p>\n","protected":false},"author":2,"featured_media":0,"parent":0,"menu_order":0,"comment_status":"closed","ping_status":"closed","template":"","meta":{"slim_seo":{"title":"MIS-Projects - Kadir Has University","description":"MIS Department faculty members, undergraduates, and graduate students work as coordinators, researchers, and scholars in many nationally (T\u00dcB\u0130TAK) and internati"},"footnotes":""},"birimler":[81],"class_list":["post-9615","page","type-page","status-publish","hentry","birimler-mis"],"_links":{"self":[{"href":"https:\/\/www.khas.edu.tr\/en\/wp-json\/wp\/v2\/pages\/9615","targetHints":{"allow":["GET"]}}],"collection":[{"href":"https:\/\/www.khas.edu.tr\/en\/wp-json\/wp\/v2\/pages"}],"about":[{"href":"https:\/\/www.khas.edu.tr\/en\/wp-json\/wp\/v2\/types\/page"}],"author":[{"embeddable":true,"href":"https:\/\/www.khas.edu.tr\/en\/wp-json\/wp\/v2\/users\/2"}],"replies":[{"embeddable":true,"href":"https:\/\/www.khas.edu.tr\/en\/wp-json\/wp\/v2\/comments?post=9615"}],"version-history":[{"count":4,"href":"https:\/\/www.khas.edu.tr\/en\/wp-json\/wp\/v2\/pages\/9615\/revisions"}],"predecessor-version":[{"id":9619,"href":"https:\/\/www.khas.edu.tr\/en\/wp-json\/wp\/v2\/pages\/9615\/revisions\/9619"}],"wp:attachment":[{"href":"https:\/\/www.khas.edu.tr\/en\/wp-json\/wp\/v2\/media?parent=9615"}],"wp:term":[{"taxonomy":"birimler","embeddable":true,"href":"https:\/\/www.khas.edu.tr\/en\/wp-json\/wp\/v2\/birimler?post=9615"}],"curies":[{"name":"wp","href":"https:\/\/api.w.org\/{rel}","templated":true}]}}