{"id":9370,"date":"2025-01-29T14:20:13","date_gmt":"2025-01-29T11:20:13","guid":{"rendered":"https:\/\/www.khas.edu.tr\/?page_id=9370"},"modified":"2025-02-07T11:47:29","modified_gmt":"2025-02-07T08:47:29","slug":"tubitak-ardeb-3005-project-support-to-dr-lecturer-kemal-atasoy","status":"publish","type":"page","link":"https:\/\/www.khas.edu.tr\/en\/tubitak-ardeb-3005-project-support-to-dr-lecturer-kemal-atasoy\/","title":{"rendered":"TUBITAK ARDEB 3005 Project Support to Dr. Lecturer Kemal Atasoy"},"content":{"rendered":"\n<p>Our Law Faculty academician Dr. Lecturer Kemal Atasoy\u2019s project titled \u201cCompatibility of Turkish Law with Current Information and Communication Technologies in Terms of Protection of Children\u2019s Properties and Children\u2019s Economic Rights\u201d has been awarded support within the scope of TUBITAK 3005 \u2013 Innovative Solutions in Social and Human Sciences Program.<\/p>\n\n\n\n<p>This project aims to research the protective measures for the property values \u200b\u200band economic rights acquired by children, who are legal subjects requiring more protection compared to adults, thanks to developing information and communication technologies, and to propose legislation in this regard.<\/p>\n\n\n\n<p>Dr. Lecturer Hande Heper and Dr. Lecturer Bur\u00e7ak Bal Yal\u00e7\u0131n are participating in the project as Researchers, and Assoc. Prof. Ahmet Ayar is participating as Consultant.<\/p>\n\n\n\n<p>We congratulate Kemal Hoca and wish him success in his research.<\/p>\n\n\n\n<p><\/p>\n","protected":false},"excerpt":{"rendered":"<p>Our Law Faculty academician Dr. Lecturer Kemal Atasoy\u2019s project titled \u201cCompatibility of Turkish Law with Current Information and Communication Technologies in Terms of Protection of Children\u2019s Properties and Children\u2019s Economic Rights\u201d has been awarded support within the scope of TUBITAK 3005 \u2013 Innovative Solutions in Social and Human Sciences Program. This project aims to research [&hellip;]<\/p>\n","protected":false},"author":2,"featured_media":8967,"parent":0,"menu_order":0,"comment_status":"closed","ping_status":"closed","template":"","meta":{"slim_seo":{"title":"TUBITAK ARDEB 3005 Project Support to Dr. Lecturer Kemal Atasoy - Kadir Has University","description":"Our Law Faculty academician Dr. Lecturer Kemal Atasoy\u2019s project titled \u201cCompatibility of Turkish Law with Current Information and Communication Technologies in"},"footnotes":""},"birimler":[62],"class_list":["post-9370","page","type-page","status-publish","has-post-thumbnail","hentry","birimler-law"],"_links":{"self":[{"href":"https:\/\/www.khas.edu.tr\/en\/wp-json\/wp\/v2\/pages\/9370","targetHints":{"allow":["GET"]}}],"collection":[{"href":"https:\/\/www.khas.edu.tr\/en\/wp-json\/wp\/v2\/pages"}],"about":[{"href":"https:\/\/www.khas.edu.tr\/en\/wp-json\/wp\/v2\/types\/page"}],"author":[{"embeddable":true,"href":"https:\/\/www.khas.edu.tr\/en\/wp-json\/wp\/v2\/users\/2"}],"replies":[{"embeddable":true,"href":"https:\/\/www.khas.edu.tr\/en\/wp-json\/wp\/v2\/comments?post=9370"}],"version-history":[{"count":1,"href":"https:\/\/www.khas.edu.tr\/en\/wp-json\/wp\/v2\/pages\/9370\/revisions"}],"predecessor-version":[{"id":9371,"href":"https:\/\/www.khas.edu.tr\/en\/wp-json\/wp\/v2\/pages\/9370\/revisions\/9371"}],"wp:featuredmedia":[{"embeddable":true,"href":"https:\/\/www.khas.edu.tr\/en\/wp-json\/wp\/v2\/media\/8967"}],"wp:attachment":[{"href":"https:\/\/www.khas.edu.tr\/en\/wp-json\/wp\/v2\/media?parent=9370"}],"wp:term":[{"taxonomy":"birimler","embeddable":true,"href":"https:\/\/www.khas.edu.tr\/en\/wp-json\/wp\/v2\/birimler?post=9370"}],"curies":[{"name":"wp","href":"https:\/\/api.w.org\/{rel}","templated":true}]}}