{"id":8877,"date":"2025-01-28T13:36:24","date_gmt":"2025-01-28T10:36:24","guid":{"rendered":"https:\/\/www.khas.edu.tr\/?page_id=8877"},"modified":"2025-01-28T13:37:40","modified_gmt":"2025-01-28T10:37:40","slug":"tiyatro-stage-khas","status":"publish","type":"page","link":"https:\/\/www.khas.edu.tr\/en\/tiyatro-stage-khas\/","title":{"rendered":"Tiyatro &#8211; STAGE KHAS"},"content":{"rendered":"\t\t<div data-elementor-type=\"wp-page\" data-elementor-id=\"8877\" class=\"elementor elementor-8877 elementor-8869\">\n\t\t\t\t<div class=\"elementor-element elementor-element-672d922 e-flex e-con-boxed e-con e-parent\" data-id=\"672d922\" data-element_type=\"container\" data-e-type=\"container\">\n\t\t\t\t\t<div class=\"e-con-inner\">\n\t\t\t\t<div class=\"elementor-element elementor-element-301cc33 elementor-widget elementor-widget-text-editor\" data-id=\"301cc33\" data-element_type=\"widget\" data-e-type=\"widget\" data-widget_type=\"text-editor.default\">\n\t\t\t\t<div class=\"elementor-widget-container\">\n\t\t\t\t\t\t\t\t\t<p>SAHNE KHAS, 2012 y\u0131l\u0131nda Tiyatro B\u00f6l\u00fcm\u00fc\u2019n\u00fcn sanat y\u00f6netiminde a\u00e7\u0131lm\u0131\u015f alternatif bir sahne olarak, \u00f6ncelikle \u0130stanbul\u2019da g\u00f6steri sanatlar\u0131 alan\u0131nda var olan mek\u00e2n s\u0131k\u0131nt\u0131s\u0131na bir \u00e7\u00f6z\u00fcm \u00f6nermeyi hedeflemektedir.<\/p>\n<p><\/p>\n<p>SAHNE KHAS, \u00fcniversite \u00f6\u011frencilerinin \u00fcretti\u011fi projelerin sahnelenece\u011fi yenilik\u00e7i bir g\u00f6sterim mekan\u0131d\u0131r. \u00d6te yandan \u00fcniversite b\u00fcnyesinde a\u00e7\u0131lm\u0131\u015f bir mek\u00e2n olarak, g\u00f6steri sanatlar\u0131 alan\u0131nda \u00fclkemizde ve yurtd\u0131\u015f\u0131nda \u00fcretilen ara\u015ft\u0131rmac\u0131 ve deneysel \u00e7al\u0131\u015fmalar\u0131n seyirci ile bulu\u015fmas\u0131nda \u00f6nemli bir rol \u00fcstlenmeyi hedefler.<\/p>\n<p><\/p>\n<p>SAHNE KHAS, g\u00f6sterimler d\u0131\u015f\u0131nda se\u00e7ilen at\u00f6lye \u00e7al\u0131\u015fmalar\u0131, yuvarlak masa sunumlar\u0131 ve g\u00f6steri sanatlar\u0131 alan\u0131ndaki her t\u00fcrl\u00fc \u00e7al\u0131\u015fmaya ev sahipli\u011fi yapabilecek bir platform i\u015flevindedir.<\/p>\n<p><\/p>\n<p>Sahnemiz, Kadir Has \u00dcniversitesi Sanat ve Tasar\u0131m Fak\u00fcltesi Tiyatro B\u00f6l\u00fcm\u00fcn\u00fcn sanat y\u00f6netiminde ve \u00fcniversite d\u0131\u015f\u0131ndan davet edilen bir dan\u0131\u015fma kurulunun kararlar\u0131 do\u011frultusunda se\u00e7ilen \u00e7al\u0131\u015fmalar\u0131n sahnelendi\u011fi, g\u00f6sterimin ihtiya\u00e7lar\u0131 do\u011frultusunda tamam\u0131 mod\u00fcler olarak de\u011fi\u015febilen bir seyir ve ara\u015ft\u0131rma mekan\u0131d\u0131r.<\/p>\n<p><\/p>\n<p>SAHNE KHAS, kara kutu mant\u0131\u011f\u0131 ile tasarlanm\u0131\u015ft\u0131r ve teknik \u00f6zellikleri a\u015fa\u011f\u0131daki gibidir:<\/p>\n<p><\/p>\n<ul class=\"wp-block-list\">\n<li>SAHNE\u2019nin sabit bir oturma d\u00fczeni yoktur.&nbsp;Topluluklar, mod\u00fcler yerle\u015fim olana\u011f\u0131 sayesinde g\u00f6sterilerini, istedikleri oturma plan\u0131yla sergileyebilmektedirler. Sandalyeli oturma d\u00fczeni maksimum 130 ki\u015filiktir.<\/li>\n<li>Mek\u00e2n\u0131n toplam alan\u0131 14.5 metre geni\u015fli\u011fe, 10 metre boya ve 4.9 metre tavan y\u00fcksekli\u011fine sahiptir. Zemini ah\u015fap kaplama, d\u00fcz ve siyaht\u0131r.<\/li>\n<li>SAHNE\u2019nin 38 par\u00e7a \u0131\u015f\u0131k ekipman\u0131 bulunmaktad\u0131r (16 Adet 650W PC \/ 16 Adet 800W Profil\/ 6 Adet LED-PAR).<\/li>\n<li>Ses d\u00fczeni olarak, 24 kanall\u0131 mixer\u2019iyle 4 hoparl\u00f6rden seslenebilmektedir.&nbsp;&nbsp;<\/li>\n<\/ul>\t\t\t\t\t\t\t\t<\/div>\n\t\t\t\t<\/div>\n\t\t\t\t\t<\/div>\n\t\t\t\t<\/div>\n\t\t\t\t<\/div>\n\t\t","protected":false},"excerpt":{"rendered":"","protected":false},"author":2,"featured_media":0,"parent":0,"menu_order":0,"comment_status":"closed","ping_status":"closed","template":"","meta":{"slim_seo":{"title":"Tiyatro - STAGE KHAS - Kadir Has University","description":""},"footnotes":""},"birimler":[63],"class_list":["post-8877","page","type-page","status-publish","hentry","birimler-theatre"],"_links":{"self":[{"href":"https:\/\/www.khas.edu.tr\/en\/wp-json\/wp\/v2\/pages\/8877","targetHints":{"allow":["GET"]}}],"collection":[{"href":"https:\/\/www.khas.edu.tr\/en\/wp-json\/wp\/v2\/pages"}],"about":[{"href":"https:\/\/www.khas.edu.tr\/en\/wp-json\/wp\/v2\/types\/page"}],"author":[{"embeddable":true,"href":"https:\/\/www.khas.edu.tr\/en\/wp-json\/wp\/v2\/users\/2"}],"replies":[{"embeddable":true,"href":"https:\/\/www.khas.edu.tr\/en\/wp-json\/wp\/v2\/comments?post=8877"}],"version-history":[{"count":1,"href":"https:\/\/www.khas.edu.tr\/en\/wp-json\/wp\/v2\/pages\/8877\/revisions"}],"predecessor-version":[{"id":8878,"href":"https:\/\/www.khas.edu.tr\/en\/wp-json\/wp\/v2\/pages\/8877\/revisions\/8878"}],"wp:attachment":[{"href":"https:\/\/www.khas.edu.tr\/en\/wp-json\/wp\/v2\/media?parent=8877"}],"wp:term":[{"taxonomy":"birimler","embeddable":true,"href":"https:\/\/www.khas.edu.tr\/en\/wp-json\/wp\/v2\/birimler?post=8877"}],"curies":[{"name":"wp","href":"https:\/\/api.w.org\/{rel}","templated":true}]}}