{"id":8819,"date":"2025-01-27T17:12:26","date_gmt":"2025-01-27T14:12:26","guid":{"rendered":"https:\/\/www.khas.edu.tr\/?page_id=8819"},"modified":"2026-04-01T15:52:29","modified_gmt":"2026-04-01T12:52:29","slug":"about-coursera","status":"publish","type":"page","link":"https:\/\/www.khas.edu.tr\/en\/about-coursera\/","title":{"rendered":"About Coursera"},"content":{"rendered":"\t\t<div data-elementor-type=\"wp-page\" data-elementor-id=\"8819\" class=\"elementor elementor-8819 elementor-8793\">\n\t\t\t\t<div class=\"elementor-element elementor-element-e753efb e-flex e-con-boxed e-con e-parent\" data-id=\"e753efb\" data-element_type=\"container\" data-e-type=\"container\">\n\t\t\t\t\t<div class=\"e-con-inner\">\n\t\t<div class=\"elementor-element elementor-element-9fde4a7 e-con-full e-flex e-con e-child\" data-id=\"9fde4a7\" data-element_type=\"container\" data-e-type=\"container\">\n\t\t\t\t<div class=\"elementor-element elementor-element-6b24d85 elementor-widget elementor-widget-text-editor\" data-id=\"6b24d85\" data-element_type=\"widget\" data-e-type=\"widget\" data-widget_type=\"text-editor.default\">\n\t\t\t\t<div class=\"elementor-widget-container\">\n\t\t\t\t\t\t\t\t\t<h3>Coursera Learning Platform Application and Course Substitution Principles\u00a0<\/h3><p>It is aimed that students enrolled in the undergraduate programs of our university will benefit from the globally popular <strong>COURSERA<\/strong> platform, have a personalized learning experience, contribute to their academic development, and take advantage of the educational opportunities of the modern era.<br \/>In order to ensure the effective use of the Coursera platform and enable students to benefit in maximum from this application, the following principles have been accepted by unanimous vote.<\/p><p><strong>1.<\/strong> Priority in taking courses on the Coursera platform will be given to final-year students. However, within the quota, all undergraduate students will be able to benefit from this opportunity.<\/p><p><strong>2.<\/strong> Students will be able to transfer the courses offered on the Coursera platform and listed below under the category of &#8220;Free Elective Courses.&#8221;<\/p><p><strong>3.<\/strong> Each Coursera course will carry a value of 1 ECTS credit for a workload of 25 hours. Students can transfer a maximum of 6 ECTS (150 hours of workload) worth of courses. Students&#8217; success will be evaluated based on the certificates they receive from the courses they complete.<\/p><p><strong>4.<\/strong> Students&#8217; success will be evaluated based on the certificates they receive for the courses completed on the Coursera platform. Courses that do not provide certificates will not be graded or credited.<\/p><p><strong>5.<\/strong> These courses will be displayed on the student&#8217;s transcript as &#8220;KH-COURSERA Coursera Free Elective Course&#8221; with the ECTS value corresponding to the hours of the course completed on the Coursera platform. These courses will be recorded with a &#8220;Pass&#8221; grade and will not affect the student&#8217;s Grade Point Average (GPA) but will be included in the credit count.<\/p><p><strong>6.<\/strong> The course transfer process will be carried out by the Directorate of Student Affairs, based on the opinion of the Library Directorate and the decision of the Faculty Administrative Board.<\/p><p><a href=\"https:\/\/www.khas.edu.tr\/wp-content\/uploads\/2026\/01\/2025-2026-Akademik-Yili-Bahar-Yariyili-Coursera-Ders-Listesi.xlsx\" target=\"_blank\" rel=\"noopener\" data-wplink-edit=\"true\"><span style=\"text-decoration: underline;\"><strong>Click here for the list of Coursera courses for the Spring semester of the 2025-2026 academic year.<\/strong><\/span><\/a><\/p><p class=\"x_x_MsoNormal\"><span lang=\"TR\" data-olk-copy-source=\"MessageBody\">For all detailed information about Coursera, please visit: <a title=\"\u00d6zg\u00fcn URL: https:\/\/bilgimerkezi.khas.edu.tr\/en\/coursera. Bu ba\u011flant\u0131ya g\u00fcveniyorsan\u0131z t\u0131klay\u0131n veya dokunun.\" href=\"https:\/\/eur03.safelinks.protection.outlook.com\/?url=https%3A%2F%2Fbilgimerkezi.khas.edu.tr%2Fen%2Fcoursera&amp;data=05%7C02%7Ccagri.cetinkaya%40khas.edu.tr%7Cfc931814da1d416b1a4508dd406c0ab3%7Cf2ea0fb27d344ebf9e5364ec41288dbb%7C0%7C0%7C638737554980800153%7CUnknown%7CTWFpbGZsb3d8eyJFbXB0eU1hcGkiOnRydWUsIlYiOiIwLjAuMDAwMCIsIlAiOiJXaW4zMiIsIkFOIjoiTWFpbCIsIldUIjoyfQ%3D%3D%7C0%7C%7C%7C&amp;sdata=THhGeJx31KPLlczOXTJQnkF1qJzxUEnF17N8j5sJhMs%3D&amp;reserved=0\" target=\"_blank\" rel=\"noopener\" data-auth=\"Verified\" data-linkindex=\"4\">https:\/\/bilgimerkezi.khas.edu.tr\/en\/coursera<\/a><\/span><\/p><p><strong><span style=\"text-decoration: underline;\"><a href=\"https:\/\/www.khas.edu.tr\/wp-content\/uploads\/2026\/01\/2025-2026-Akademik-Yili-Bahar-Yariyili-Coursera-Lisans-Akademik-Takvimi_EN.pdf\" target=\"_blank\" rel=\"noopener\">Click here for the 2025-2026 Academic Year Spring Semester Coursera Undergraduate Academic Calendar.<\/a><\/span><\/strong><\/p><p class=\"x_x_MsoNormal\"><span lang=\"TR\">You can submit your applications between <strong>January 19-23, 2026<\/strong> at: <\/span><span lang=\"TR\"><a title=\"\u00d6zg\u00fcn URL: https:\/\/stu-my.khas.edu.tr\/forms\/basvuru\/coursera. Bu ba\u011flant\u0131ya g\u00fcveniyorsan\u0131z t\u0131klay\u0131n veya dokunun.\" href=\"https:\/\/eur03.safelinks.protection.outlook.com\/?url=https%3A%2F%2Fstu-my.khas.edu.tr%2Fforms%2Fbasvuru%2Fcoursera&amp;data=05%7C02%7Ccagri.cetinkaya%40khas.edu.tr%7Cfc931814da1d416b1a4508dd406c0ab3%7Cf2ea0fb27d344ebf9e5364ec41288dbb%7C0%7C0%7C638737554980839494%7CUnknown%7CTWFpbGZsb3d8eyJFbXB0eU1hcGkiOnRydWUsIlYiOiIwLjAuMDAwMCIsIlAiOiJXaW4zMiIsIkFOIjoiTWFpbCIsIldUIjoyfQ%3D%3D%7C0%7C%7C%7C&amp;sdata=QMvfeHqFFlHWXseUlJhSmvbNQ4czNb%2B1h3JWPo888kM%3D&amp;reserved=0\" target=\"_blank\" rel=\"noopener\" data-auth=\"Verified\" data-linkindex=\"6\">https:\/\/stu-my.khas.edu.tr\/forms\/basvuru\/coursera<\/a><\/span><\/p><p class=\"x_x_MsoNormal\"><span lang=\"TR\">You can send all your questions to\u00a0<a title=\"mailto:coursera@khas.edu.tr\" href=\"mailto:coursera@khas.edu.tr\" target=\"_blank\" rel=\"noopener\" data-linkindex=\"7\">coursera@khas.edu.tr<\/a><\/span><\/p>\t\t\t\t\t\t\t\t<\/div>\n\t\t\t\t<\/div>\n\t\t\t\t<\/div>\n\t\t<div class=\"elementor-element elementor-element-984931c e-con-full e-flex e-con e-child\" data-id=\"984931c\" data-element_type=\"container\" data-e-type=\"container\">\n\t\t\t\t<div class=\"elementor-element elementor-element-1d6a611 elementor-widget elementor-widget-shortcode\" data-id=\"1d6a611\" data-element_type=\"widget\" data-e-type=\"widget\" data-widget_type=\"shortcode.default\">\n\t\t\t\t<div class=\"elementor-widget-container\">\n\t\t\t\t\t\t\t<div class=\"elementor-shortcode\"><ul class=\"navbar-nav px-4 py-2\" style=\"border-left:1px solid #3d3d3d20;\"><li class=\"nav-item my-0\"><a class=\"nav-link d-flex align-items-center rounded-pill \" href=\"https:\/\/www.khas.edu.tr\/ogrenci-isleri-direktorlugu\/\" ><span class=\"fw-bold\">\u00d6\u011frenci \u0130\u015fleri Direkt\u00f6rl\u00fc\u011f\u00fc<\/span><\/a><\/li><li class=\"nav-item my-0\"><a class=\"nav-link d-flex align-items-center rounded-pill \" href=\"https:\/\/akademiktakvim.khas.edu.tr\/\" ><span class=\"fw-bold\">Akademik Takvim<\/span><\/a><\/li><li class=\"nav-item my-0\"><a class=\"nav-link d-flex align-items-center rounded-pill \" href=\"https:\/\/www.khas.edu.tr\/azami-sure\/\" ><span class=\"fw-bold\">Azami S\u00fcre<\/span><\/a><\/li><li class=\"nav-item my-0\"><a class=\"nav-link d-flex align-items-center rounded-pill collapsed\" href=\"#sidebar-menu-item-12904\" data-bs-toggle=\"collapse\" role=\"button\" aria-expanded=\"false\" aria-controls=\"sidebar-menu-item-12904\"><span class=\"fw-bold\">Coursera<\/span><i class=\"bi bi-chevron-down ms-auto dropdown-icon\"><\/i><\/a><div class=\"collapse\" id=\"sidebar-menu-item-12904\" style=\"\"><ul class=\"nav nav-sm flex-column mt-1 mb-2 ps-1\"><li class=\"nav-item\"><a href=\"https:\/\/www.khas.edu.tr\/coursera-hakkinda\/\" class=\" my-0 py-0 nav-link\"><i class=\"bi bi-dash\"><\/i> Coursera Hakk\u0131nda<\/a><\/li><li class=\"nav-item\"><a href=\"https:\/\/www.khas.edu.tr\/coursera-sikca-sorulan-sorular\/\" class=\" my-0 py-0 nav-link\"><i class=\"bi bi-dash\"><\/i> Coursera\u00a0S\u0131k\u00e7a Sorulan Sorular<\/a><\/li><li class=\"nav-item\"><a href=\"https:\/\/www.khas.edu.tr\/coursera-sunum\/\" class=\" my-0 py-0 nav-link\"><i class=\"bi bi-dash\"><\/i> Coursera Sunum<\/a><\/li><\/ul><\/div><\/li><li class=\"nav-item my-0\"><a class=\"nav-link d-flex align-items-center rounded-pill collapsed\" href=\"#sidebar-menu-item-12903\" data-bs-toggle=\"collapse\" role=\"button\" aria-expanded=\"false\" aria-controls=\"sidebar-menu-item-12903\"><span class=\"fw-bold\">\u00c7ift Anadal \u2013 Yandal<\/span><i class=\"bi bi-chevron-down ms-auto dropdown-icon\"><\/i><\/a><div class=\"collapse\" id=\"sidebar-menu-item-12903\" style=\"\"><ul class=\"nav nav-sm flex-column mt-1 mb-2 ps-1\"><li class=\"nav-item\"><a href=\"https:\/\/www.khas.edu.tr\/basvuru\/\" class=\" my-0 py-0 nav-link\"><i class=\"bi bi-dash\"><\/i> Ba\u015fvuru<\/a><\/li><li class=\"nav-item\"><a href=\"https:\/\/www.khas.edu.tr\/cift-anadal-yandal\/\" class=\" my-0 py-0 nav-link\"><i class=\"bi bi-dash\"><\/i> \u00c7ap \u2013 Yandal Hakk\u0131nda<\/a><\/li><li class=\"nav-item\"><a href=\"https:\/\/www.khas.edu.tr\/cap-yandal-sikca-sorulan-sorular\/\" class=\" my-0 py-0 nav-link\"><i class=\"bi bi-dash\"><\/i> \u00c7ap \u2013 Yandal S\u0131k\u00e7a Sorulan Sorular<\/a><\/li><li class=\"nav-item\"><a href=\"https:\/\/www.khas.edu.tr\/cap-yandal-sunum\/\" class=\" my-0 py-0 nav-link\"><i class=\"bi bi-dash\"><\/i> \u00c7ap \u2013 Yandal Sunum<\/a><\/li><li class=\"nav-item\"><a href=\"https:\/\/www.khas.edu.tr\/iletisim-ve-program-koordinatorleri\/\" class=\" my-0 py-0 nav-link\"><i class=\"bi bi-dash\"><\/i> \u0130leti\u015fim ve Program Koordinat\u00f6rleri<\/a><\/li><li class=\"nav-item\"><a href=\"https:\/\/www.khas.edu.tr\/kontenjanlar\/\" class=\" my-0 py-0 nav-link\"><i class=\"bi bi-dash\"><\/i> Kontenjanlar<\/a><\/li><li class=\"nav-item\"><a href=\"https:\/\/www.khas.edu.tr\/muafiyet-islemleri\/\" class=\" my-0 py-0 nav-link\"><i class=\"bi bi-dash\"><\/i> Muafiyet \u0130\u015flemleri<\/a><\/li><li class=\"nav-item\"><a href=\"https:\/\/www.khas.edu.tr\/programlar-ve-mufredatlar\/\" class=\" my-0 py-0 nav-link\"><i class=\"bi bi-dash\"><\/i> Programlar ve M\u00fcfredatlar<\/a><\/li><\/ul><\/div><\/li><li class=\"nav-item my-0\"><a class=\"nav-link d-flex align-items-center rounded-pill \" href=\"https:\/\/www.khas.edu.tr\/ogrenci-isleri-direktorlugu\/ders-kayit\/\" ><span class=\"fw-bold\">Ders Kay\u0131t<\/span><\/a><\/li><li class=\"nav-item my-0\"><a class=\"nav-link d-flex align-items-center rounded-pill \" href=\"https:\/\/www.khas.edu.tr\/dersten-cekilme\/\" ><span class=\"fw-bold\">Dersten \u00c7ekilme<\/span><\/a><\/li><li class=\"nav-item my-0\"><a class=\"nav-link d-flex align-items-center rounded-pill \" href=\"https:\/\/www.khas.edu.tr\/wp-content\/uploads\/2026\/02\/Disiplin-Surecleri-1.pdf\" ><span class=\"fw-bold\">Disiplin S\u00fcre\u00e7leri<\/span><\/a><\/li><li class=\"nav-item my-0\"><a class=\"nav-link d-flex align-items-center rounded-pill \" href=\"https:\/\/www.khas.edu.tr\/ogrenci-isleri-direktorlugu-iletisim\/\" ><span class=\"fw-bold\">Ekibimiz<\/span><\/a><\/li><li class=\"nav-item my-0\"><a class=\"nav-link d-flex align-items-center rounded-pill collapsed\" href=\"#sidebar-menu-item-14330\" data-bs-toggle=\"collapse\" role=\"button\" aria-expanded=\"false\" aria-controls=\"sidebar-menu-item-14330\"><span class=\"fw-bold\">Erasmus \u2013 Exchange<\/span><i class=\"bi bi-chevron-down ms-auto dropdown-icon\"><\/i><\/a><div class=\"collapse\" id=\"sidebar-menu-item-14330\" style=\"\"><ul class=\"nav nav-sm flex-column mt-1 mb-2 ps-1\"><li class=\"nav-item\"><a href=\"https:\/\/www.khas.edu.tr\/gelen-ogrenci-surecleri\/\" class=\" my-0 py-0 nav-link\"><i class=\"bi bi-dash\"><\/i> Gelen \u00d6\u011frenci S\u00fcre\u00e7leri<\/a><\/li><li class=\"nav-item\"><a href=\"https:\/\/www.khas.edu.tr\/gelen-ogrenci-sunumu\/\" class=\" my-0 py-0 nav-link\"><i class=\"bi bi-dash\"><\/i> Gelen \u00d6\u011frenci Sunumu<\/a><\/li><li class=\"nav-item\"><a href=\"https:\/\/www.khas.edu.tr\/giden-ogrenci-surecleri\/\" class=\" my-0 py-0 nav-link\"><i class=\"bi bi-dash\"><\/i> Giden \u00d6\u011frenci S\u00fcre\u00e7leri<\/a><\/li><\/ul><\/div><\/li><li class=\"nav-item my-0\"><a class=\"nav-link d-flex align-items-center rounded-pill \" href=\"https:\/\/www.khas.edu.tr\/intibak-ders-listesi\/\" ><span class=\"fw-bold\">\u0130ntibak Ders Listesi<\/span><\/a><\/li><li class=\"nav-item my-0\"><a class=\"nav-link d-flex align-items-center rounded-pill \" href=\"https:\/\/www.khas.edu.tr\/kayit-dondurma\/\" ><span class=\"fw-bold\">Kay\u0131t Dondurma<\/span><\/a><\/li><li class=\"nav-item my-0\"><a class=\"nav-link d-flex align-items-center rounded-pill collapsed\" href=\"#sidebar-menu-item-38452\" data-bs-toggle=\"collapse\" role=\"button\" aria-expanded=\"false\" aria-controls=\"sidebar-menu-item-38452\"><span class=\"fw-bold\">Kay\u0131t \u0130\u015flemleri<\/span><i class=\"bi bi-chevron-down ms-auto dropdown-icon\"><\/i><\/a><div class=\"collapse\" id=\"sidebar-menu-item-38452\" style=\"\"><ul class=\"nav nav-sm flex-column mt-1 mb-2 ps-1\"><li class=\"nav-item\"><a href=\"https:\/\/www.khas.edu.tr\/yks-kayit\/\" class=\" my-0 py-0 nav-link\"><i class=\"bi bi-dash\"><\/i> YKS Kay\u0131t<\/a><\/li><li class=\"nav-item\"><a href=\"https:\/\/www.khas.edu.tr\/ozel-yetenek-kayit\/\" class=\" my-0 py-0 nav-link\"><i class=\"bi bi-dash\"><\/i> \u00d6zel Yetenek Kay\u0131t<\/a><\/li><li class=\"nav-item\"><a href=\"https:\/\/www.khas.edu.tr\/uluslararasi-ogrenci-kayit\/\" class=\" my-0 py-0 nav-link\"><i class=\"bi bi-dash\"><\/i> Uluslararas\u0131 \u00d6\u011frenci Kay\u0131t<\/a><\/li><\/ul><\/div><\/li><li class=\"nav-item my-0\"><a class=\"nav-link d-flex align-items-center rounded-pill \" href=\"https:\/\/www.khas.edu.tr\/kayit-yenileme\/\" ><span class=\"fw-bold\">Kay\u0131t Yenileme<\/span><\/a><\/li><li class=\"nav-item my-0\"><a class=\"nav-link d-flex align-items-center rounded-pill \" href=\"https:\/\/www.khas.edu.tr\/mezuniyet-sureci\/\" ><span class=\"fw-bold\">Mezuniyet S\u00fcreci<\/span><\/a><\/li><li class=\"nav-item my-0\"><a class=\"nav-link d-flex align-items-center rounded-pill \" href=\"https:\/\/www.khas.edu.tr\/online-islemler-ve-basvuru-formlari\/\" ><span class=\"fw-bold\">Online \u0130\u015flemler ve Ba\u015fvuru Formlar\u0131<\/span><\/a><\/li><li class=\"nav-item my-0\"><a class=\"nav-link d-flex align-items-center rounded-pill \" href=\"https:\/\/www.khas.edu.tr\/ozel-ogrenci\/\" ><span class=\"fw-bold\">\u00d6zel \u00d6\u011frenci<\/span><\/a><\/li><li class=\"nav-item my-0\"><a class=\"nav-link d-flex align-items-center rounded-pill \" href=\"https:\/\/www.khas.edu.tr\/sikca-sorulan-sorular\/\" ><span class=\"fw-bold\">S\u0131k\u00e7a Sorulan Sorular<\/span><\/a><\/li><li class=\"nav-item my-0\"><a class=\"nav-link d-flex align-items-center rounded-pill \" href=\"https:\/\/www.khas.edu.tr\/wp-content\/uploads\/2024\/12\/Tek-Ders-ve-Not-Yukseltme-Infografi.pdf\" ><span class=\"fw-bold\">Tek Ders ve Not Y\u00fckseltme S\u0131navlar\u0131<\/span><\/a><\/li><li class=\"nav-item my-0\"><a class=\"nav-link d-flex align-items-center rounded-pill \" href=\"https:\/\/www.khas.edu.tr\/yardim-dokumanlari\/\" ><span class=\"fw-bold\">Yard\u0131m Dok\u00fcmanlar\u0131<\/span><\/a><\/li><li class=\"nav-item my-0\"><a class=\"nav-link d-flex align-items-center rounded-pill \" href=\"https:\/\/www.khas.edu.tr\/yatay-gecis\/\" ><span class=\"fw-bold\">Yatay Ge\u00e7i\u015f<\/span><\/a><\/li><li class=\"nav-item my-0\"><a class=\"nav-link d-flex align-items-center rounded-pill \" href=\"https:\/\/www.khas.edu.tr\/yaz-ogretimi\/\" ><span class=\"fw-bold\">Yaz \u00d6\u011fretimi<\/span><\/a><\/li><li class=\"nav-item my-0\"><a class=\"nav-link d-flex align-items-center rounded-pill \" href=\"https:\/\/www.khas.edu.tr\/yonetmelikler-ve-yonergeler\/\" ><span class=\"fw-bold\">Y\u00f6netmelikler ve Y\u00f6nergeler<\/span><\/a><\/li><\/ul>\n<\/div>\n\t\t\t\t\t\t<\/div>\n\t\t\t\t<\/div>\n\t\t\t\t<\/div>\n\t\t\t\t\t<\/div>\n\t\t\t\t<\/div>\n\t\t\t\t<\/div>\n\t\t","protected":false},"excerpt":{"rendered":"<p>Coursera Learning Platform Application and Course Substitution Principles\u00a0 It is aimed that students enrolled in the undergraduate programs of our university will benefit from the globally popular COURSERA platform, have a personalized learning experience, contribute to their academic development, and take advantage of the educational opportunities of the modern era.In order to ensure the effective [&hellip;]<\/p>\n","protected":false},"author":2,"featured_media":0,"parent":0,"menu_order":0,"comment_status":"closed","ping_status":"closed","template":"","meta":{"slim_seo":{"title":"About Coursera - Kadir Has University","description":"Coursera Learning Platform Application and Course Substitution Principles\u00a0 It is aimed that students enrolled in the undergraduate programs of our university wi"},"footnotes":""},"birimler":[38],"class_list":["post-8819","page","type-page","status-publish","hentry","birimler-khas-homepage"],"_links":{"self":[{"href":"https:\/\/www.khas.edu.tr\/en\/wp-json\/wp\/v2\/pages\/8819","targetHints":{"allow":["GET"]}}],"collection":[{"href":"https:\/\/www.khas.edu.tr\/en\/wp-json\/wp\/v2\/pages"}],"about":[{"href":"https:\/\/www.khas.edu.tr\/en\/wp-json\/wp\/v2\/types\/page"}],"author":[{"embeddable":true,"href":"https:\/\/www.khas.edu.tr\/en\/wp-json\/wp\/v2\/users\/2"}],"replies":[{"embeddable":true,"href":"https:\/\/www.khas.edu.tr\/en\/wp-json\/wp\/v2\/comments?post=8819"}],"version-history":[{"count":65,"href":"https:\/\/www.khas.edu.tr\/en\/wp-json\/wp\/v2\/pages\/8819\/revisions"}],"predecessor-version":[{"id":38626,"href":"https:\/\/www.khas.edu.tr\/en\/wp-json\/wp\/v2\/pages\/8819\/revisions\/38626"}],"wp:attachment":[{"href":"https:\/\/www.khas.edu.tr\/en\/wp-json\/wp\/v2\/media?parent=8819"}],"wp:term":[{"taxonomy":"birimler","embeddable":true,"href":"https:\/\/www.khas.edu.tr\/en\/wp-json\/wp\/v2\/birimler?post=8819"}],"curies":[{"name":"wp","href":"https:\/\/api.w.org\/{rel}","templated":true}]}}