{"id":8753,"date":"2024-12-26T15:53:27","date_gmt":"2024-12-26T12:53:27","guid":{"rendered":"https:\/\/www.khas.edu.tr\/?page_id=8753"},"modified":"2025-01-23T14:16:23","modified_gmt":"2025-01-23T11:16:23","slug":"law-civil-law","status":"publish","type":"page","link":"https:\/\/www.khas.edu.tr\/en\/law-civil-law\/","title":{"rendered":"Law &#8211; Civil Law"},"content":{"rendered":"\t\t<div data-elementor-type=\"wp-page\" data-elementor-id=\"8753\" class=\"elementor elementor-8753 elementor-7508\">\n\t\t\t\t<div class=\"elementor-element elementor-element-4c6babb e-flex e-con-boxed e-con e-parent\" data-id=\"4c6babb\" data-element_type=\"container\" data-e-type=\"container\">\n\t\t\t\t\t<div class=\"e-con-inner\">\n\t\t\t\t<div class=\"elementor-element elementor-element-a83bcfe elementor-widget elementor-widget-text-editor\" data-id=\"a83bcfe\" data-element_type=\"widget\" data-e-type=\"widget\" data-widget_type=\"text-editor.default\">\n\t\t\t\t<div class=\"elementor-widget-container\">\n\t\t\t\t\t\t\t\t\t<p>Civil Law is the branch of law covering a person\u2019s primary private law relations from before birth to after the end of their personality. Civil Law deals with legal problems that a fetus may encounter, as well as the acquisition of natural personality by birth or legal personality by incorporation, formation of family and its effects, entrance into obligation relations by persons, acquisition of movable and immovable properties, possession over such properties, holding land registry records and distribution of legacies to the relatives. Law of obligations, a branch of Civil Law, regulates relations between persons.<\/p>\t\t\t\t\t\t\t\t<\/div>\n\t\t\t\t<\/div>\n\t\t\t\t\t<\/div>\n\t\t\t\t<\/div>\n\t\t<div class=\"elementor-element elementor-element-8bccfa6 e-flex e-con-boxed e-con e-parent\" data-id=\"8bccfa6\" data-element_type=\"container\" data-e-type=\"container\">\n\t\t\t\t\t<div class=\"e-con-inner\">\n\t\t\t\t<div class=\"elementor-element elementor-element-6bb2c8c elementor-widget elementor-widget-heading\" data-id=\"6bb2c8c\" data-element_type=\"widget\" data-e-type=\"widget\" data-widget_type=\"heading.default\">\n\t\t\t\t<div class=\"elementor-widget-container\">\n\t\t\t\t\t<h4 class=\"elementor-heading-title elementor-size-default\">Courses<\/h4>\t\t\t\t<\/div>\n\t\t\t\t<\/div>\n\t\t\t\t\t<\/div>\n\t\t\t\t<\/div>\n\t\t<div class=\"elementor-element elementor-element-e896700 e-flex e-con-boxed e-con e-parent\" data-id=\"e896700\" data-element_type=\"container\" data-e-type=\"container\">\n\t\t\t\t\t<div class=\"e-con-inner\">\n\t\t\t\t<div class=\"elementor-element elementor-element-cb8b060 elementor-widget-divider--view-line elementor-widget elementor-widget-divider\" data-id=\"cb8b060\" data-element_type=\"widget\" data-e-type=\"widget\" data-widget_type=\"divider.default\">\n\t\t\t\t<div class=\"elementor-widget-container\">\n\t\t\t\t\t\t\t<div class=\"elementor-divider\">\n\t\t\t<span class=\"elementor-divider-separator\">\n\t\t\t\t\t\t<\/span>\n\t\t<\/div>\n\t\t\t\t\t\t<\/div>\n\t\t\t\t<\/div>\n\t\t\t\t<div class=\"elementor-element elementor-element-cf0ccff elementor-widget elementor-widget-text-editor\" data-id=\"cf0ccff\" data-element_type=\"widget\" data-e-type=\"widget\" data-widget_type=\"text-editor.default\">\n\t\t\t\t<div class=\"elementor-widget-container\">\n\t\t\t\t\t\t\t\t\t<ul><li><a href=\"https:\/\/bologna.khas.edu.tr\/ders\/30001353\/program\/50000736\">LW 121\u00a0 Medeni Hukukun Temel Kavramlar\u0131 ve Ki\u015filer Hukuku<\/a><\/li><li><a href=\"https:\/\/bologna.khas.edu.tr\/ders\/50002142\/program\/50000736\">LW 124\u00a0 Aile Hukuku<\/a><\/li><li><a href=\"https:\/\/bologna.khas.edu.tr\/ders\/30000897\/program\/50000736\">LW 247 \u00a0Bor\u00e7lar Genel H\u00fck\u00fcmler I<\/a><\/li><li><a href=\"https:\/\/bologna.khas.edu.tr\/ders\/30001358\/program\/50000736\">LW 248 \u00a0Bor\u00e7lar Genel H\u00fck\u00fcmler II<\/a><\/li><li><a href=\"https:\/\/bologna.khas.edu.tr\/ders\/50002201\/program\/50000736\">LW 301 \u00a0E\u015fya Hukuku I<\/a><\/li><li><a href=\"https:\/\/bologna.khas.edu.tr\/ders\/50002202\/program\/50000736\">LW 302 \u00a0E\u015fya Hukuku II<\/a><\/li><li><a href=\"https:\/\/bologna.khas.edu.tr\/ders\/30000909\/program\/50000736\">LW 339 \u00a0Bor\u00e7lar Hukuku \u00d6zel H\u00fck\u00fcmler<\/a><\/li><li><a href=\"https:\/\/bologna.khas.edu.tr\/ders\/30000913\/program\/50000736\">LW 353 \u00a0Spor Hukuku<\/a><\/li><li><a href=\"https:\/\/bologna.khas.edu.tr\/ders\/30000920\/program\/50000736\">LW 358 \u00a0T\u00fcketici Hukuku<\/a><\/li><li><a href=\"https:\/\/bologna.khas.edu.tr\/ders\/30000929\/program\/50000736\">LW 432 \u00c7ocuk Hukuku<\/a><\/li><li><a href=\"https:\/\/bologna.khas.edu.tr\/ders\/50002281\/program\/50000736\">LW 442\u00a0 Miras Hukuku<\/a><\/li><li>LW 449 \u00a0Hukuk Klini\u011fi (T\u00fcketici Hukuku)<\/li><\/ul>\t\t\t\t\t\t\t\t<\/div>\n\t\t\t\t<\/div>\n\t\t\t\t\t<\/div>\n\t\t\t\t<\/div>\n\t\t\t\t<\/div>\n\t\t","protected":false},"excerpt":{"rendered":"<p>Civil Law is the branch of law covering a person\u2019s primary private law relations from before birth to after the end of their personality. Civil Law deals with legal problems that a fetus may encounter, as well as the acquisition of natural personality by birth or legal personality by incorporation, formation of family and its [&hellip;]<\/p>\n","protected":false},"author":2,"featured_media":0,"parent":0,"menu_order":0,"comment_status":"closed","ping_status":"closed","template":"","meta":{"slim_seo":{"title":"Law - Civil Law - Kadir Has University","description":"Civil Law is the branch of law covering a person\u2019s primary private law relations from before birth to after the end of their personality. Civil Law deals with l"},"footnotes":""},"birimler":[62],"class_list":["post-8753","page","type-page","status-publish","hentry","birimler-law"],"_links":{"self":[{"href":"https:\/\/www.khas.edu.tr\/en\/wp-json\/wp\/v2\/pages\/8753","targetHints":{"allow":["GET"]}}],"collection":[{"href":"https:\/\/www.khas.edu.tr\/en\/wp-json\/wp\/v2\/pages"}],"about":[{"href":"https:\/\/www.khas.edu.tr\/en\/wp-json\/wp\/v2\/types\/page"}],"author":[{"embeddable":true,"href":"https:\/\/www.khas.edu.tr\/en\/wp-json\/wp\/v2\/users\/2"}],"replies":[{"embeddable":true,"href":"https:\/\/www.khas.edu.tr\/en\/wp-json\/wp\/v2\/comments?post=8753"}],"version-history":[{"count":4,"href":"https:\/\/www.khas.edu.tr\/en\/wp-json\/wp\/v2\/pages\/8753\/revisions"}],"predecessor-version":[{"id":8757,"href":"https:\/\/www.khas.edu.tr\/en\/wp-json\/wp\/v2\/pages\/8753\/revisions\/8757"}],"wp:attachment":[{"href":"https:\/\/www.khas.edu.tr\/en\/wp-json\/wp\/v2\/media?parent=8753"}],"wp:term":[{"taxonomy":"birimler","embeddable":true,"href":"https:\/\/www.khas.edu.tr\/en\/wp-json\/wp\/v2\/birimler?post=8753"}],"curies":[{"name":"wp","href":"https:\/\/api.w.org\/{rel}","templated":true}]}}