{"id":8747,"date":"2024-12-26T15:47:14","date_gmt":"2024-12-26T12:47:14","guid":{"rendered":"https:\/\/www.khas.edu.tr\/?page_id=8747"},"modified":"2025-01-23T14:13:48","modified_gmt":"2025-01-23T11:13:48","slug":"law-financial-law","status":"publish","type":"page","link":"https:\/\/www.khas.edu.tr\/en\/law-financial-law\/","title":{"rendered":"Law &#8211; Financial Law"},"content":{"rendered":"\t\t<div data-elementor-type=\"wp-page\" data-elementor-id=\"8747\" class=\"elementor elementor-8747 elementor-7497\">\n\t\t\t\t<div class=\"elementor-element elementor-element-f643436 e-flex e-con-boxed e-con e-parent\" data-id=\"f643436\" data-element_type=\"container\" data-e-type=\"container\">\n\t\t\t\t\t<div class=\"e-con-inner\">\n\t\t\t\t<div class=\"elementor-element elementor-element-ec8cd4c elementor-widget elementor-widget-text-editor\" data-id=\"ec8cd4c\" data-element_type=\"widget\" data-e-type=\"widget\" data-widget_type=\"text-editor.default\">\n\t\t\t\t<div class=\"elementor-widget-container\">\n\t\t\t\t\t\t\t\t\t<p>The Financial Law Department includes the disciplines of Public Finance, Economics for Lawyers, and Tax Law. Economics for Lawyers and Public Finance courses are being taught in English. Courses of Public Finance and Economics are taught in the second grade, which forms a background for the practice of Fiscal Law to be taught in the third grade. In the Economics and Public Finance courses, the concepts of \u2018justice\u2019 and \u2018equality\u2019 are evaluated concerning the principles of Private Economics and given in an approach supporting other law courses.<\/p>\t\t\t\t\t\t\t\t<\/div>\n\t\t\t\t<\/div>\n\t\t\t\t<div class=\"elementor-element elementor-element-f45d8c2 elementor-widget elementor-widget-heading\" data-id=\"f45d8c2\" data-element_type=\"widget\" data-e-type=\"widget\" data-widget_type=\"heading.default\">\n\t\t\t\t<div class=\"elementor-widget-container\">\n\t\t\t\t\t<h3 class=\"elementor-heading-title elementor-size-default\">Courses<\/h3>\t\t\t\t<\/div>\n\t\t\t\t<\/div>\n\t\t\t\t<div class=\"elementor-element elementor-element-aac91a9 elementor-widget-divider--view-line elementor-widget elementor-widget-divider\" data-id=\"aac91a9\" data-element_type=\"widget\" data-e-type=\"widget\" data-widget_type=\"divider.default\">\n\t\t\t\t<div class=\"elementor-widget-container\">\n\t\t\t\t\t\t\t<div class=\"elementor-divider\">\n\t\t\t<span class=\"elementor-divider-separator\">\n\t\t\t\t\t\t<\/span>\n\t\t<\/div>\n\t\t\t\t\t\t<\/div>\n\t\t\t\t<\/div>\n\t\t\t\t<div class=\"elementor-element elementor-element-cabb837 elementor-widget elementor-widget-text-editor\" data-id=\"cabb837\" data-element_type=\"widget\" data-e-type=\"widget\" data-widget_type=\"text-editor.default\">\n\t\t\t\t<div class=\"elementor-widget-container\">\n\t\t\t\t\t\t\t\t\t<ul><li><a href=\"https:\/\/bologna.khas.edu.tr\/ders\/30001360\/program\/50000736\" target=\"_blank\" rel=\"noopener\">LAW 307 Vergi Hukuku<\/a><\/li><li><a href=\"https:\/\/bologna.khas.edu.tr\/ders\/30001442\/program\/50000736\">LAW 452 International Tax Law (Lisans)<\/a><\/li><li><a href=\"https:\/\/bologna.khas.edu.tr\/ders\/50002187\/program\/50000736\">LAW 403 Economics for Lawyers<\/a><\/li><li><a href=\"https:\/\/bologna.khas.edu.tr\/ders\/30002294\/program\/50258237\" target=\"_blank\" rel=\"noopener\">KH 542 Uluslararas\u0131 Vergi Hukukunun G\u00fcncel Sorunlar\u0131<\/a><\/li><\/ul>\t\t\t\t\t\t\t\t<\/div>\n\t\t\t\t<\/div>\n\t\t\t\t\t<\/div>\n\t\t\t\t<\/div>\n\t\t\t\t<\/div>\n\t\t","protected":false},"excerpt":{"rendered":"<p>The Financial Law Department includes the disciplines of Public Finance, Economics for Lawyers, and Tax Law. Economics for Lawyers and Public Finance courses are being taught in English. Courses of Public Finance and Economics are taught in the second grade, which forms a background for the practice of Fiscal Law to be taught in the [&hellip;]<\/p>\n","protected":false},"author":2,"featured_media":0,"parent":0,"menu_order":0,"comment_status":"closed","ping_status":"closed","template":"","meta":{"slim_seo":{"title":"Law - Financial Law - Kadir Has University","description":"The Financial Law Department includes the disciplines of Public Finance, Economics for Lawyers, and Tax Law. Economics for Lawyers and Public Finance courses ar"},"footnotes":""},"birimler":[62],"class_list":["post-8747","page","type-page","status-publish","hentry","birimler-law"],"_links":{"self":[{"href":"https:\/\/www.khas.edu.tr\/en\/wp-json\/wp\/v2\/pages\/8747","targetHints":{"allow":["GET"]}}],"collection":[{"href":"https:\/\/www.khas.edu.tr\/en\/wp-json\/wp\/v2\/pages"}],"about":[{"href":"https:\/\/www.khas.edu.tr\/en\/wp-json\/wp\/v2\/types\/page"}],"author":[{"embeddable":true,"href":"https:\/\/www.khas.edu.tr\/en\/wp-json\/wp\/v2\/users\/2"}],"replies":[{"embeddable":true,"href":"https:\/\/www.khas.edu.tr\/en\/wp-json\/wp\/v2\/comments?post=8747"}],"version-history":[{"count":4,"href":"https:\/\/www.khas.edu.tr\/en\/wp-json\/wp\/v2\/pages\/8747\/revisions"}],"predecessor-version":[{"id":8751,"href":"https:\/\/www.khas.edu.tr\/en\/wp-json\/wp\/v2\/pages\/8747\/revisions\/8751"}],"wp:attachment":[{"href":"https:\/\/www.khas.edu.tr\/en\/wp-json\/wp\/v2\/media?parent=8747"}],"wp:term":[{"taxonomy":"birimler","embeddable":true,"href":"https:\/\/www.khas.edu.tr\/en\/wp-json\/wp\/v2\/birimler?post=8747"}],"curies":[{"name":"wp","href":"https:\/\/api.w.org\/{rel}","templated":true}]}}