{"id":8732,"date":"2025-01-20T14:11:52","date_gmt":"2025-01-20T11:11:52","guid":{"rendered":"https:\/\/www.khas.edu.tr\/?page_id=8732"},"modified":"2025-01-23T13:35:00","modified_gmt":"2025-01-23T10:35:00","slug":"law-laboratories","status":"publish","type":"page","link":"https:\/\/www.khas.edu.tr\/en\/law-laboratories\/","title":{"rendered":"Law &#8211; Laboratories"},"content":{"rendered":"\t\t<div data-elementor-type=\"wp-page\" data-elementor-id=\"8732\" class=\"elementor elementor-8732 elementor-8566\">\n\t\t\t\t<div class=\"elementor-element elementor-element-5afca36 e-flex e-con-boxed e-con e-parent\" data-id=\"5afca36\" data-element_type=\"container\" data-e-type=\"container\">\n\t\t\t\t\t<div class=\"e-con-inner\">\n\t\t<div class=\"elementor-element elementor-element-84e3947 e-con-full e-flex e-con e-child\" data-id=\"84e3947\" data-element_type=\"container\" data-e-type=\"container\">\n\t\t\t\t<div class=\"elementor-element elementor-element-aa9312a elementor-widget elementor-widget-image\" data-id=\"aa9312a\" data-element_type=\"widget\" data-e-type=\"widget\" data-widget_type=\"image.default\">\n\t\t\t\t<div class=\"elementor-widget-container\">\n\t\t\t\t\t\t\t\t\t\t\t\t\t\t\t<img fetchpriority=\"high\" decoding=\"async\" width=\"600\" height=\"400\" src=\"https:\/\/www.khas.edu.tr\/wp-content\/uploads\/2025\/01\/LITLAB-LOGO2.png\" class=\"attachment-large size-large wp-image-8572\" alt=\"\" srcset=\"https:\/\/www.khas.edu.tr\/wp-content\/uploads\/2025\/01\/LITLAB-LOGO2.png 1020w, https:\/\/www.khas.edu.tr\/wp-content\/uploads\/2025\/01\/LITLAB-LOGO2-300x200.png 300w, https:\/\/www.khas.edu.tr\/wp-content\/uploads\/2025\/01\/LITLAB-LOGO2-768x512.png 768w\" sizes=\"(max-width: 600px) 100vw, 600px\" \/>\t\t\t\t\t\t\t\t\t\t\t\t\t\t\t<\/div>\n\t\t\t\t<\/div>\n\t\t\t\t<\/div>\n\t\t<div class=\"elementor-element elementor-element-b484f8d e-con-full e-flex e-con e-child\" data-id=\"b484f8d\" data-element_type=\"container\" data-e-type=\"container\">\n\t\t\t\t<div class=\"elementor-element elementor-element-7f274b4 elementor-widget elementor-widget-image\" data-id=\"7f274b4\" data-element_type=\"widget\" data-e-type=\"widget\" data-widget_type=\"image.default\">\n\t\t\t\t<div class=\"elementor-widget-container\">\n\t\t\t\t\t\t\t\t\t\t\t\t\t\t\t<img decoding=\"async\" width=\"600\" height=\"333\" src=\"https:\/\/www.khas.edu.tr\/wp-content\/uploads\/2025\/01\/CCLLAB-LOGO.png\" class=\"attachment-large size-large wp-image-8570\" alt=\"\" srcset=\"https:\/\/www.khas.edu.tr\/wp-content\/uploads\/2025\/01\/CCLLAB-LOGO.png 907w, https:\/\/www.khas.edu.tr\/wp-content\/uploads\/2025\/01\/CCLLAB-LOGO-300x166.png 300w, https:\/\/www.khas.edu.tr\/wp-content\/uploads\/2025\/01\/CCLLAB-LOGO-768x426.png 768w\" sizes=\"(max-width: 600px) 100vw, 600px\" \/>\t\t\t\t\t\t\t\t\t\t\t\t\t\t\t<\/div>\n\t\t\t\t<\/div>\n\t\t\t\t<\/div>\n\t\t\t\t\t<\/div>\n\t\t\t\t<\/div>\n\t\t<div class=\"elementor-element elementor-element-9845495 e-flex e-con-boxed e-con e-parent\" data-id=\"9845495\" data-element_type=\"container\" data-e-type=\"container\">\n\t\t\t\t\t<div class=\"e-con-inner\">\n\t\t<div class=\"elementor-element elementor-element-aef1630 e-con-full e-flex e-con e-child\" data-id=\"aef1630\" data-element_type=\"container\" data-e-type=\"container\">\n\t\t\t\t<div class=\"elementor-element elementor-element-4fa208a elementor-widget elementor-widget-heading\" data-id=\"4fa208a\" data-element_type=\"widget\" data-e-type=\"widget\" data-widget_type=\"heading.default\">\n\t\t\t\t<div class=\"elementor-widget-container\">\n\t\t\t\t\t<h2 class=\"elementor-heading-title elementor-size-default\">Law and Information Technologies Laboratory (LITLAB)\n<\/h2>\t\t\t\t<\/div>\n\t\t\t\t<\/div>\n\t\t\t\t<\/div>\n\t\t<div class=\"elementor-element elementor-element-b705ad0 e-con-full e-flex e-con e-child\" data-id=\"b705ad0\" data-element_type=\"container\" data-e-type=\"container\">\n\t\t\t\t<div class=\"elementor-element elementor-element-24b8306 elementor-widget elementor-widget-heading\" data-id=\"24b8306\" data-element_type=\"widget\" data-e-type=\"widget\" data-widget_type=\"heading.default\">\n\t\t\t\t<div class=\"elementor-widget-container\">\n\t\t\t\t\t<h2 class=\"elementor-heading-title elementor-size-default\">Climate Change and Law Laboratory (CCLLAB)<\/h2>\t\t\t\t<\/div>\n\t\t\t\t<\/div>\n\t\t\t\t<\/div>\n\t\t\t\t\t<\/div>\n\t\t\t\t<\/div>\n\t\t<div class=\"elementor-element elementor-element-45d8386 e-flex e-con-boxed e-con e-parent\" data-id=\"45d8386\" data-element_type=\"container\" data-e-type=\"container\">\n\t\t\t\t\t<div class=\"e-con-inner\">\n\t\t<div class=\"elementor-element elementor-element-3af5eb7 e-con-full e-flex e-con e-child\" data-id=\"3af5eb7\" data-element_type=\"container\" data-e-type=\"container\">\n\t\t\t\t<div class=\"elementor-element elementor-element-a641425 elementor-widget elementor-widget-text-editor\" data-id=\"a641425\" data-element_type=\"widget\" data-e-type=\"widget\" data-widget_type=\"text-editor.default\">\n\t\t\t\t<div class=\"elementor-widget-container\">\n\t\t\t\t\t\t\t\t\t<p><a class=\"editor-rtfLink\" href=\"https:\/\/litlab.khas.edu.tr\/\" target=\"_blank\" rel=\"noopener\"><strong><span data-preserver-spaces=\"true\">Law and Information Technologies Laboratory<\/span><\/strong><\/a><strong><span data-preserver-spaces=\"true\">\u00a0(LITLAB)<\/span><\/strong><span data-preserver-spaces=\"true\">\u00a0was founded in 2020 with the collaboration of our university&#8217;s Law, Management, Engineering, and Natural Sciences Faculties. Recent developments in the fields of law and technology require a multidisciplinary perspective. The LITLAB conducts research and organizes training programs in law and information technologies and legal design by following an interdisciplinary approach with the contributions of academic staff and students from different faculties.<\/span><\/p><p><strong>Coordinator: <\/strong>Asst. Prof. Alara Efsun Yaz\u0131c\u0131o\u011flu<\/p><p><strong>Academic Team:<\/strong><br \/>\u2022 Asst. Prof. Esra Hamamc\u0131o\u011flu\u00a0<br \/>\u2022 Asst. Prof. Argun Karamanl\u0131o\u011flu<br \/>\u2022 Lecturer Dr. Davut G\u00fcrses\u00a0<br \/>\u2022 Res. Asst. \u00c7a\u011fr\u0131 Mardin\u00a0<br \/>\u2022 Res. Asst. Kaan Can Y\u0131ld\u0131r\u0131m\u00a0<br \/>\u2022 Res. Asst. S\u0131la Adak<\/p><p><strong>Asistants:<\/strong><br \/>\u2022 Hande Nazan Abatay (Faculty of Law Senior Student)<br \/>\u2022 Sena Bakay (Faculty of Art and Design Senior Student)<br \/>\u2022 M\u00fcge Y\u0131ld\u0131r\u0131m (Faculty of Law Junior Student)<br \/>\u2022 \u0130layda Y\u0131lmaz (Faculty of Art and Design Junior Student)<\/p><p><strong>Website: <\/strong><a href=\"https:\/\/litlab.khas.edu.tr\/\">https:\/\/litlab.khas.edu.tr\/<\/a><\/p><p><strong>Follow LITLAB on social media:<\/strong><br \/><a href=\"https:\/\/twitter.com\/khaslitlab\">https:\/\/twitter.com\/khaslitlab<\/a> <br \/><a href=\"https:\/\/www.linkedin.com\/company\/khaslitlab\/\">https:\/\/www.linkedin.com\/company\/khaslitlab\/<\/a> <br \/><a href=\"https:\/\/www.instagram.com\/khaslitlab\/\">https:\/\/www.instagram.com\/khaslitlab\/<\/a><\/p><p><strong>View the case studies:<\/strong><\/p><ul><li><a href=\"https:\/\/litlab.khas.edu.tr\/yayinlar\">https:\/\/litlab.khas.edu.tr\/yayinlar<\/a><\/li><li><a href=\"https:\/\/litlab.khas.edu.tr\/bilisim-hukuku-yarismasi\">https:\/\/litlab.khas.edu.tr\/bilisim-hukuku-yarismasi<\/a><\/li><li><a href=\"https:\/\/youtu.be\/22bgO8AYAi4\">https:\/\/youtu.be\/22bgO8AYAi4<\/a><\/li><li><a href=\"https:\/\/youtu.be\/3LpewvMIMwQ\">https:\/\/youtu.be\/3LpewvMIMwQ<\/a><\/li><li><a href=\"https:\/\/youtu.be\/vuXOFbagIxs\">https:\/\/youtu.be\/vuXOFbagIxs<\/a><\/li><li><a href=\"https:\/\/youtu.be\/EiJj5M3UeC4\">https:\/\/youtu.be\/EiJj5M3UeC4<\/a><\/li><li><a href=\"https:\/\/youtu.be\/mjxB8nOBERU\">https:\/\/youtu.be\/mjxB8nOBERU<\/a><\/li><li><a href=\"https:\/\/youtu.be\/nEoMlVkX_-U\">https:\/\/youtu.be\/nEoMlVkX_-U<\/a><\/li><li><a href=\"https:\/\/youtu.be\/vNxy5ck2eCs\">https:\/\/youtu.be\/vNxy5ck2eCs<\/a><\/li><li><a href=\"https:\/\/youtu.be\/msPuYyp0wv0\">https:\/\/youtu.be\/msPuYyp0wv0<\/a><\/li><li><a href=\"https:\/\/youtu.be\/0pXUhnZRsWk\">https:\/\/youtu.be\/0pXUhnZRsWk<\/a><\/li><li><a href=\"https:\/\/youtu.be\/T6KlMRZx0C8\">https:\/\/youtu.be\/T6KlMRZx0C8<\/a><\/li><li><a href=\"https:\/\/open.spotify.com\/episode\/3e2FqvGOaMMZvnmKRHvsZb?si=d12a3c0da3d94730\">https:\/\/open.spotify.com\/episode\/3e2FqvGOaMMZvnmKRHvsZb?si=d12a3c0da3d94730<\/a><\/li><li><a href=\"https:\/\/open.spotify.com\/episode\/6noWIJruejXH4BvErZUzbZ?si=417a6660f0814b78\">https:\/\/open.spotify.com\/episode\/6noWIJruejXH4BvErZUzbZ?si=417a6660f0814b78<\/a><\/li><li><a href=\"https:\/\/open.spotify.com\/episode\/2bSuXveVorSZNxgQzsdtZE?si=4d517a58cbf34c7d\">https:\/\/open.spotify.com\/episode\/2bSuXveVorSZNxgQzsdtZE?si=4d517a58cbf34c7d<\/a><\/li><li><a href=\"https:\/\/open.spotify.com\/episode\/1ESqPatt3UM7II1IyFHvE7?si=e5209e9b10584cf9\">https:\/\/open.spotify.com\/episode\/1ESqPatt3UM7II1IyFHvE7?si=e5209e9b10584cf9<\/a><\/li><\/ul>\t\t\t\t\t\t\t\t<\/div>\n\t\t\t\t<\/div>\n\t\t\t\t<\/div>\n\t\t<div class=\"elementor-element elementor-element-60758e3 e-con-full e-flex e-con e-child\" data-id=\"60758e3\" data-element_type=\"container\" data-e-type=\"container\">\n\t\t\t\t<div class=\"elementor-element elementor-element-971ceac elementor-widget elementor-widget-text-editor\" data-id=\"971ceac\" data-element_type=\"widget\" data-e-type=\"widget\" data-widget_type=\"text-editor.default\">\n\t\t\t\t<div class=\"elementor-widget-container\">\n\t\t\t\t\t\t\t\t\t<p>With a sense of responsibility toward our planet and the right to a healthy environment, Kadir Has University Faculty of Law founded the <strong><a href=\"https:\/\/ccllab.khas.edu.tr\/\">Climate Change and Law Laboratory<\/a> (CCLLAB)<\/strong>.<\/p><p>We will further commit our legal research to highlight different problems posed by climate change and look into other law systems to see what solutions have been found already and how the law and court decisions have reacted to prevent, mitigate and manage the climate crisis. With these initial motivations and goals in mind, we have established CCLLAB to create a long-term platform for legal education and research on the legal side of struggling with climate change. In this sense, CCLLAB will create an opportunity to get together with world-known experts, legal scholars, and practitioners on legal aspects of climate change by organizing monthly seminars, namely \u201cClimate Change and Law Seminars.\u201d<\/p><p><strong>Coordinator:<\/strong> Asst. Prof. Asl\u0131han Erba\u015f A\u00e7\u0131kel<\/p><p><strong>Vice Coordinator:<\/strong> Res. Asst. Ece Uyan\u0131k<\/p><p><strong>Members:<\/strong><br \/>\u2022 Zeynep Ertu\u011fral, Undergrad Student<br \/>\u2022 Ay\u015fenur Akta\u015f, Undergrad Student<br \/>\u2022 B\u00fc\u015fra Ece Sayg\u0131lar, Undergrad Student<br \/>\u2022 Ay\u00e7a Sezer Sezer, Undergrad Student<br \/>\u2022 Gizem Dursun, Undergrad Student<\/p><p><strong>Website: <\/strong><a href=\"http:\/\/ccllab.khas.edu.tr\">http:\/\/ccllab.khas.edu.tr<\/a><\/p><p><strong>Follow CCLLAB on social media:<\/strong><br \/><a href=\"https:\/\/twitter.com\/khasccllab\">https:\/\/twitter.com\/khasccllab<\/a><br \/><a href=\"https:\/\/www.instagram.com\/khasccllab\/\">https:\/\/www.instagram.com\/khasccllab\/<\/a><br \/><a href=\"https:\/\/www.linkedin.com\/company\/76572817\/admin\/\">https:\/\/www.linkedin.com\/company\/76572817\/admin\/<\/a>\u00a0<\/p>\t\t\t\t\t\t\t\t<\/div>\n\t\t\t\t<\/div>\n\t\t\t\t<\/div>\n\t\t\t\t\t<\/div>\n\t\t\t\t<\/div>\n\t\t\t\t<\/div>\n\t\t","protected":false},"excerpt":{"rendered":"","protected":false},"author":2,"featured_media":0,"parent":0,"menu_order":0,"comment_status":"closed","ping_status":"closed","template":"","meta":{"slim_seo":{"title":"Law - Laboratories - Kadir Has University","description":""},"footnotes":""},"birimler":[62],"class_list":["post-8732","page","type-page","status-publish","hentry","birimler-law"],"_links":{"self":[{"href":"https:\/\/www.khas.edu.tr\/en\/wp-json\/wp\/v2\/pages\/8732","targetHints":{"allow":["GET"]}}],"collection":[{"href":"https:\/\/www.khas.edu.tr\/en\/wp-json\/wp\/v2\/pages"}],"about":[{"href":"https:\/\/www.khas.edu.tr\/en\/wp-json\/wp\/v2\/types\/page"}],"author":[{"embeddable":true,"href":"https:\/\/www.khas.edu.tr\/en\/wp-json\/wp\/v2\/users\/2"}],"replies":[{"embeddable":true,"href":"https:\/\/www.khas.edu.tr\/en\/wp-json\/wp\/v2\/comments?post=8732"}],"version-history":[{"count":1,"href":"https:\/\/www.khas.edu.tr\/en\/wp-json\/wp\/v2\/pages\/8732\/revisions"}],"predecessor-version":[{"id":8733,"href":"https:\/\/www.khas.edu.tr\/en\/wp-json\/wp\/v2\/pages\/8732\/revisions\/8733"}],"wp:attachment":[{"href":"https:\/\/www.khas.edu.tr\/en\/wp-json\/wp\/v2\/media?parent=8732"}],"wp:term":[{"taxonomy":"birimler","embeddable":true,"href":"https:\/\/www.khas.edu.tr\/en\/wp-json\/wp\/v2\/birimler?post=8732"}],"curies":[{"name":"wp","href":"https:\/\/api.w.org\/{rel}","templated":true}]}}