{"id":8644,"date":"2025-01-21T10:03:17","date_gmt":"2025-01-21T07:03:17","guid":{"rendered":"https:\/\/www.khas.edu.tr\/?page_id=8644"},"modified":"2025-01-21T10:17:40","modified_gmt":"2025-01-21T07:17:40","slug":"law-student-achievement","status":"publish","type":"page","link":"https:\/\/www.khas.edu.tr\/en\/law-student-achievement\/","title":{"rendered":"Law  &#8211; Student Achievement"},"content":{"rendered":"\t\t<div data-elementor-type=\"wp-page\" data-elementor-id=\"8644\" class=\"elementor elementor-8644 elementor-8613\">\n\t\t\t\t<div class=\"elementor-element elementor-element-ea3b88f e-flex e-con-boxed e-con e-parent\" data-id=\"ea3b88f\" data-element_type=\"container\" data-e-type=\"container\">\n\t\t\t\t\t<div class=\"e-con-inner\">\n\t\t\t\t<div class=\"elementor-element elementor-element-f650273 elementor-widget elementor-widget-text-editor\" data-id=\"f650273\" data-element_type=\"widget\" data-e-type=\"widget\" data-widget_type=\"text-editor.default\">\n\t\t\t\t<div class=\"elementor-widget-container\">\n\t\t\t\t\t\t\t\t\t<p>Our students, Ali Haydar Aksu, Ay\u015fenur Akta\u015f, Melike Hazal Ulu, Sarper \u00d6dev, Sudenur Elmas, and Zeynep Suba\u015f\u0131 participated in the 28th Willem C. Vis International Commercial Arbitration Moot Competition. Our students faced the teams of the National University of Jodhpur, Wuhan University, Singapore Management University, and the University of Friborg in the verbal stage of the competition, which was held online this year due to the pandemic and participated by 385 teams, successfully represented our university.<\/p>\t\t\t\t\t\t\t\t<\/div>\n\t\t\t\t<\/div>\n\t\t\t\t<div class=\"elementor-element elementor-element-24caadb elementor-arrows-position-inside elementor-pagination-position-outside elementor-widget elementor-widget-image-carousel\" data-id=\"24caadb\" data-element_type=\"widget\" data-e-type=\"widget\" data-settings=\"{&quot;slides_to_show&quot;:&quot;4&quot;,&quot;slides_to_scroll&quot;:&quot;1&quot;,&quot;navigation&quot;:&quot;both&quot;,&quot;autoplay&quot;:&quot;yes&quot;,&quot;pause_on_hover&quot;:&quot;yes&quot;,&quot;pause_on_interaction&quot;:&quot;yes&quot;,&quot;autoplay_speed&quot;:5000,&quot;infinite&quot;:&quot;yes&quot;,&quot;speed&quot;:500}\" data-widget_type=\"image-carousel.default\">\n\t\t\t\t<div class=\"elementor-widget-container\">\n\t\t\t\t\t\t\t<div class=\"elementor-image-carousel-wrapper swiper\" role=\"region\" aria-roledescription=\"carousel\" aria-label=\"Resim D\u00f6ng\u00fcs\u00fc\" dir=\"ltr\">\n\t\t\t<div class=\"elementor-image-carousel swiper-wrapper swiper-image-stretch\" aria-live=\"off\">\n\t\t\t\t\t\t\t\t<div class=\"swiper-slide\" role=\"group\" aria-roledescription=\"slide\" aria-label=\"1 of 4\"><figure class=\"swiper-slide-inner\"><img decoding=\"async\" class=\"swiper-slide-image\" src=\"https:\/\/www.khas.edu.tr\/wp-content\/uploads\/2025\/01\/Ekran-Resmi-2021-03-30-17.21.25.png\" alt=\"Ekran-Resmi-2021-03-30-17.21.25\" \/><\/figure><\/div><div class=\"swiper-slide\" role=\"group\" aria-roledescription=\"slide\" aria-label=\"2 of 4\"><figure class=\"swiper-slide-inner\"><img decoding=\"async\" class=\"swiper-slide-image\" src=\"https:\/\/www.khas.edu.tr\/wp-content\/uploads\/2025\/01\/Ekran-Resmi-2021-03-29-10.28.58.png\" alt=\"Ekran-Resmi-2021-03-29-10.28.58\" \/><\/figure><\/div><div class=\"swiper-slide\" role=\"group\" aria-roledescription=\"slide\" aria-label=\"3 of 4\"><figure class=\"swiper-slide-inner\"><img decoding=\"async\" class=\"swiper-slide-image\" src=\"https:\/\/www.khas.edu.tr\/wp-content\/uploads\/2025\/01\/Ekran-Resmi-2021-03-27-12.44.12.png\" alt=\"Ekran-Resmi-2021-03-27-12.44.12\" \/><\/figure><\/div><div class=\"swiper-slide\" role=\"group\" aria-roledescription=\"slide\" aria-label=\"4 of 4\"><figure class=\"swiper-slide-inner\"><img decoding=\"async\" class=\"swiper-slide-image\" src=\"https:\/\/www.khas.edu.tr\/wp-content\/uploads\/2025\/01\/Ekran-Resmi-2021-03-28-13.40.25.png\" alt=\"Ekran-Resmi-2021-03-28-13.40.25\" \/><\/figure><\/div>\t\t\t<\/div>\n\t\t\t\t\t\t\t\t\t\t\t\t<div class=\"elementor-swiper-button elementor-swiper-button-prev\" role=\"button\" tabindex=\"0\">\n\t\t\t\t\t\t<svg aria-hidden=\"true\" class=\"e-font-icon-svg e-eicon-chevron-left\" viewBox=\"0 0 1000 1000\" xmlns=\"http:\/\/www.w3.org\/2000\/svg\"><path d=\"M646 125C629 125 613 133 604 142L308 442C296 454 292 471 292 487 292 504 296 521 308 533L604 854C617 867 629 875 646 875 663 875 679 871 692 858 704 846 713 829 713 812 713 796 708 779 692 767L438 487 692 225C700 217 708 204 708 187 708 171 704 154 692 142 675 129 663 125 646 125Z\"><\/path><\/svg>\t\t\t\t\t<\/div>\n\t\t\t\t\t<div class=\"elementor-swiper-button elementor-swiper-button-next\" role=\"button\" tabindex=\"0\">\n\t\t\t\t\t\t<svg aria-hidden=\"true\" class=\"e-font-icon-svg e-eicon-chevron-right\" viewBox=\"0 0 1000 1000\" xmlns=\"http:\/\/www.w3.org\/2000\/svg\"><path d=\"M696 533C708 521 713 504 713 487 713 471 708 454 696 446L400 146C388 133 375 125 354 125 338 125 325 129 313 142 300 154 292 171 292 187 292 204 296 221 308 233L563 492 304 771C292 783 288 800 288 817 288 833 296 850 308 863 321 871 338 875 354 875 371 875 388 867 400 854L696 533Z\"><\/path><\/svg>\t\t\t\t\t<\/div>\n\t\t\t\t\n\t\t\t\t\t\t\t\t\t<div class=\"swiper-pagination\"><\/div>\n\t\t\t\t\t\t\t\t\t<\/div>\n\t\t\t\t\t\t<\/div>\n\t\t\t\t<\/div>\n\t\t\t\t\t<\/div>\n\t\t\t\t<\/div>\n\t\t<div class=\"elementor-element elementor-element-8fad161 e-flex e-con-boxed e-con e-parent\" data-id=\"8fad161\" data-element_type=\"container\" data-e-type=\"container\">\n\t\t\t\t\t<div class=\"e-con-inner\">\n\t\t<div class=\"elementor-element elementor-element-0e28e7e e-con-full e-flex e-con e-child\" data-id=\"0e28e7e\" data-element_type=\"container\" data-e-type=\"container\">\n\t\t\t\t<div class=\"elementor-element elementor-element-7b22f37 elementor-widget elementor-widget-image\" data-id=\"7b22f37\" data-element_type=\"widget\" data-e-type=\"widget\" data-widget_type=\"image.default\">\n\t\t\t\t<div class=\"elementor-widget-container\">\n\t\t\t\t\t\t\t\t\t\t\t\t\t\t\t<img fetchpriority=\"high\" decoding=\"async\" width=\"600\" height=\"400\" src=\"https:\/\/www.khas.edu.tr\/wp-content\/uploads\/2025\/01\/Fotog\u0306raf-Ek-1.jpeg\" class=\"attachment-large size-large wp-image-8625\" alt=\"\" srcset=\"https:\/\/www.khas.edu.tr\/wp-content\/uploads\/2025\/01\/Fotog\u0306raf-Ek-1.jpeg 999w, https:\/\/www.khas.edu.tr\/wp-content\/uploads\/2025\/01\/Fotog\u0306raf-Ek-1-300x200.jpeg 300w, https:\/\/www.khas.edu.tr\/wp-content\/uploads\/2025\/01\/Fotog\u0306raf-Ek-1-768x512.jpeg 768w\" sizes=\"(max-width: 600px) 100vw, 600px\" \/>\t\t\t\t\t\t\t\t\t\t\t\t\t\t\t<\/div>\n\t\t\t\t<\/div>\n\t\t\t\t<\/div>\n\t\t<div class=\"elementor-element elementor-element-4b66579 e-con-full e-flex e-con e-child\" data-id=\"4b66579\" data-element_type=\"container\" data-e-type=\"container\">\n\t\t\t\t<div class=\"elementor-element elementor-element-ee541d8 elementor-widget elementor-widget-text-editor\" data-id=\"ee541d8\" data-element_type=\"widget\" data-e-type=\"widget\" data-widget_type=\"text-editor.default\">\n\t\t\t\t<div class=\"elementor-widget-container\">\n\t\t\t\t\t\t\t\t\t<p>Our graduates, Trainee Lawyer Ezgi Hazal \u00d6zhan and Trainee Lawyer G\u00fcnce Yurdakul, won the first prize with their joint work in the article competition themed &#8220;Legal Security in the Focus of Human Rights&#8221; organized by the Istanbul Bar Association in memory of Atty. Kaz\u0131m Kolcuo\u011flu.<\/p><p>Faculty of Law students Fehmi Levent \u00d6zkan, Ezgi Hazal \u00d6zhan, Nisa Nur Y\u0131ld\u0131r\u0131m, and M\u00fccahit G\u00fcven successfully represented our university by participating in the 26th Willem C. Vis International Commercial Arbitration Moot Competition 2019 held in Vienna.<\/p>\t\t\t\t\t\t\t\t<\/div>\n\t\t\t\t<\/div>\n\t\t\t\t<\/div>\n\t\t\t\t\t<\/div>\n\t\t\t\t<\/div>\n\t\t<div class=\"elementor-element elementor-element-cc18b66 e-flex e-con-boxed e-con e-parent\" data-id=\"cc18b66\" data-element_type=\"container\" data-e-type=\"container\">\n\t\t\t\t\t<div class=\"e-con-inner\">\n\t\t<div class=\"elementor-element elementor-element-4170253 e-con-full e-flex e-con e-child\" data-id=\"4170253\" data-element_type=\"container\" data-e-type=\"container\">\n\t\t\t\t<div class=\"elementor-element elementor-element-8ad4174 elementor-widget elementor-widget-text-editor\" data-id=\"8ad4174\" data-element_type=\"widget\" data-e-type=\"widget\" data-widget_type=\"text-editor.default\">\n\t\t\t\t<div class=\"elementor-widget-container\">\n\t\t\t\t\t\t\t\t\t<p>Kadir Has University Faculty of Law students Polat Yamaner, Merve Nur Kurt, Burak Emre \u00c7etin, \u0130brahim Enes Altan, and Sinan G\u00fcrb\u00fcz qualified for the International Criminal Court Moot Court Competition held in The Hague, Netherlands, leaving many universities behind in the national qualifying rounds. In this process, research assistants Murat Ceyhan and Duru Yavan were beside the students as academic coaches in their written and oral preparations. Between 14-19 May, our students personally participated in the case competition organized by Leiden University and the International Criminal Court every year, in which more than 38 countries participated in The Hague.<\/p><p>Our students made their oral defenses in front of other foreign university students and successfully answered the questions posed by the judges. Our students, who have undertaken the duties of defense, prosecution, and victim&#8217;s attorney with high success, reached the quarter-finals in front of the International Criminal Court. We congratulate all of our students and wish them success.<\/p>\t\t\t\t\t\t\t\t<\/div>\n\t\t\t\t<\/div>\n\t\t\t\t<\/div>\n\t\t<div class=\"elementor-element elementor-element-b6e5417 e-con-full e-flex e-con e-child\" data-id=\"b6e5417\" data-element_type=\"container\" data-e-type=\"container\">\n\t\t\t\t<div class=\"elementor-element elementor-element-6d5ce42 elementor-widget elementor-widget-image\" data-id=\"6d5ce42\" data-element_type=\"widget\" data-e-type=\"widget\" data-widget_type=\"image.default\">\n\t\t\t\t<div class=\"elementor-widget-container\">\n\t\t\t\t\t\t\t\t\t\t\t\t\t\t\t<img decoding=\"async\" width=\"600\" height=\"450\" src=\"https:\/\/www.khas.edu.tr\/wp-content\/uploads\/2025\/01\/Takim-Foto1.jpg\" class=\"attachment-large size-large wp-image-8627\" alt=\"\" srcset=\"https:\/\/www.khas.edu.tr\/wp-content\/uploads\/2025\/01\/Takim-Foto1.jpg 1000w, https:\/\/www.khas.edu.tr\/wp-content\/uploads\/2025\/01\/Takim-Foto1-300x225.jpg 300w, https:\/\/www.khas.edu.tr\/wp-content\/uploads\/2025\/01\/Takim-Foto1-768x576.jpg 768w\" sizes=\"(max-width: 600px) 100vw, 600px\" \/>\t\t\t\t\t\t\t\t\t\t\t\t\t\t\t<\/div>\n\t\t\t\t<\/div>\n\t\t\t\t<\/div>\n\t\t\t\t\t<\/div>\n\t\t\t\t<\/div>\n\t\t<div class=\"elementor-element elementor-element-114dcc3 e-flex e-con-boxed e-con e-parent\" data-id=\"114dcc3\" data-element_type=\"container\" data-e-type=\"container\">\n\t\t\t\t\t<div class=\"e-con-inner\">\n\t\t<div class=\"elementor-element elementor-element-e07a6c3 e-con-full e-flex e-con e-child\" data-id=\"e07a6c3\" data-element_type=\"container\" data-e-type=\"container\">\n\t\t\t\t<div class=\"elementor-element elementor-element-c32d5ab elementor-widget elementor-widget-image\" data-id=\"c32d5ab\" data-element_type=\"widget\" data-e-type=\"widget\" data-widget_type=\"image.default\">\n\t\t\t\t<div class=\"elementor-widget-container\">\n\t\t\t\t\t\t\t\t\t\t\t\t\t\t\t<img decoding=\"async\" width=\"600\" height=\"450\" src=\"https:\/\/www.khas.edu.tr\/wp-content\/uploads\/2025\/01\/bilis\u0327im-1024x768.jpeg\" class=\"attachment-large size-large wp-image-8629\" alt=\"\" srcset=\"https:\/\/www.khas.edu.tr\/wp-content\/uploads\/2025\/01\/bilis\u0327im-1024x768.jpeg 1024w, https:\/\/www.khas.edu.tr\/wp-content\/uploads\/2025\/01\/bilis\u0327im-300x225.jpeg 300w, https:\/\/www.khas.edu.tr\/wp-content\/uploads\/2025\/01\/bilis\u0327im-768x576.jpeg 768w, https:\/\/www.khas.edu.tr\/wp-content\/uploads\/2025\/01\/bilis\u0327im.jpeg 1280w\" sizes=\"(max-width: 600px) 100vw, 600px\" \/>\t\t\t\t\t\t\t\t\t\t\t\t\t\t\t<\/div>\n\t\t\t\t<\/div>\n\t\t\t\t<\/div>\n\t\t<div class=\"elementor-element elementor-element-83d4c86 e-con-full e-flex e-con e-child\" data-id=\"83d4c86\" data-element_type=\"container\" data-e-type=\"container\">\n\t\t\t\t<div class=\"elementor-element elementor-element-798cabd elementor-widget elementor-widget-text-editor\" data-id=\"798cabd\" data-element_type=\"widget\" data-e-type=\"widget\" data-widget_type=\"text-editor.default\">\n\t\t\t\t<div class=\"elementor-widget-container\">\n\t\t\t\t\t\t\t\t\t<p>Kadir Has University Faculty of Law organized a symposium titled &#8220;Internet and Personal Data Protection Law&#8221; on 6 December 2016, with the contributions of Faculty students Deniz Nalbant, Deniz \u00c7elikkaya, Aylin \u0130rem Oral, Mertcan Y\u0131lmaz, and Berkay Akba\u015f.<\/p>\t\t\t\t\t\t\t\t<\/div>\n\t\t\t\t<\/div>\n\t\t\t\t<\/div>\n\t\t\t\t\t<\/div>\n\t\t\t\t<\/div>\n\t\t<div class=\"elementor-element elementor-element-addf80b e-flex e-con-boxed e-con e-parent\" data-id=\"addf80b\" data-element_type=\"container\" data-e-type=\"container\">\n\t\t\t\t\t<div class=\"e-con-inner\">\n\t\t<div class=\"elementor-element elementor-element-3bb31d2 e-con-full e-flex e-con e-child\" data-id=\"3bb31d2\" data-element_type=\"container\" data-e-type=\"container\">\n\t\t\t\t<div class=\"elementor-element elementor-element-bcc3c79 elementor-widget elementor-widget-text-editor\" data-id=\"bcc3c79\" data-element_type=\"widget\" data-e-type=\"widget\" data-widget_type=\"text-editor.default\">\n\t\t\t\t<div class=\"elementor-widget-container\">\n\t\t\t\t\t\t\t\t\t<p>G\u00f6khan Demirel, a 2016 graduate, was awarded the first prize by the competition jury with the article he sent to the 5th Hasan \u00d6zderin Article Contest on &#8220;Deceptive Advertisements in terms of Unfair Competition&#8221; organized nationally by Akdeniz University Faculty of Law. We wish our student success throughout his career.<\/p>\t\t\t\t\t\t\t\t<\/div>\n\t\t\t\t<\/div>\n\t\t\t\t<\/div>\n\t\t<div class=\"elementor-element elementor-element-e30c624 e-con-full e-flex e-con e-child\" data-id=\"e30c624\" data-element_type=\"container\" data-e-type=\"container\">\n\t\t\t\t<div class=\"elementor-element elementor-element-49bbe60 elementor-widget elementor-widget-image\" data-id=\"49bbe60\" data-element_type=\"widget\" data-e-type=\"widget\" data-widget_type=\"image.default\">\n\t\t\t\t<div class=\"elementor-widget-container\">\n\t\t\t\t\t\t\t\t\t\t\t\t\t\t\t<img loading=\"lazy\" decoding=\"async\" width=\"176\" height=\"300\" src=\"https:\/\/www.khas.edu.tr\/wp-content\/uploads\/2025\/01\/makale-yarismasi-176x300.jpeg\" class=\"attachment-medium size-medium wp-image-8631\" alt=\"\" srcset=\"https:\/\/www.khas.edu.tr\/wp-content\/uploads\/2025\/01\/makale-yarismasi-176x300.jpeg 176w, https:\/\/www.khas.edu.tr\/wp-content\/uploads\/2025\/01\/makale-yarismasi.jpeg 564w\" sizes=\"(max-width: 176px) 100vw, 176px\" \/>\t\t\t\t\t\t\t\t\t\t\t\t\t\t\t<\/div>\n\t\t\t\t<\/div>\n\t\t\t\t<\/div>\n\t\t\t\t\t<\/div>\n\t\t\t\t<\/div>\n\t\t<div class=\"elementor-element elementor-element-78ced65 e-flex e-con-boxed e-con e-parent\" data-id=\"78ced65\" data-element_type=\"container\" data-e-type=\"container\">\n\t\t\t\t\t<div class=\"e-con-inner\">\n\t\t<div class=\"elementor-element elementor-element-f8d3186 e-con-full e-flex e-con e-child\" data-id=\"f8d3186\" data-element_type=\"container\" data-e-type=\"container\">\n\t\t\t\t<div class=\"elementor-element elementor-element-1abd609 elementor-widget elementor-widget-image\" data-id=\"1abd609\" data-element_type=\"widget\" data-e-type=\"widget\" data-widget_type=\"image.default\">\n\t\t\t\t<div class=\"elementor-widget-container\">\n\t\t\t\t\t\t\t\t\t\t\t\t\t\t\t<img loading=\"lazy\" decoding=\"async\" width=\"447\" height=\"447\" src=\"https:\/\/www.khas.edu.tr\/wp-content\/uploads\/2025\/01\/hukuk1-1.jpeg\" class=\"attachment-large size-large wp-image-8633\" alt=\"\" srcset=\"https:\/\/www.khas.edu.tr\/wp-content\/uploads\/2025\/01\/hukuk1-1.jpeg 447w, https:\/\/www.khas.edu.tr\/wp-content\/uploads\/2025\/01\/hukuk1-1-300x300.jpeg 300w, https:\/\/www.khas.edu.tr\/wp-content\/uploads\/2025\/01\/hukuk1-1-150x150.jpeg 150w\" sizes=\"(max-width: 447px) 100vw, 447px\" \/>\t\t\t\t\t\t\t\t\t\t\t\t\t\t\t<\/div>\n\t\t\t\t<\/div>\n\t\t\t\t<\/div>\n\t\t<div class=\"elementor-element elementor-element-66aea0c e-con-full e-flex e-con e-child\" data-id=\"66aea0c\" data-element_type=\"container\" data-e-type=\"container\">\n\t\t\t\t<div class=\"elementor-element elementor-element-ab5a6b6 elementor-widget elementor-widget-text-editor\" data-id=\"ab5a6b6\" data-element_type=\"widget\" data-e-type=\"widget\" data-widget_type=\"text-editor.default\">\n\t\t\t\t<div class=\"elementor-widget-container\">\n\t\t\t\t\t\t\t\t\t<p>Kadir Has University Law School 2nd year students Polat Yamaner, G\u00f6khun Boztepe, Yi\u011fit Baran and Ali Ku\u015f represented our university successfully at \u201cJustinianus Moot Courts 2016\u201d, a moot court competition held at Yeditepe University on 15-17 April 2016. At this competition, our students Polat Yamaner won the prize of \u201cOutstanding Judge\u201d and G\u00f6khun Boztepe won the prize of \u201cOutstanding Arbitrator\u201d.<\/p><p><strong>Presented papers:<\/strong><\/p><p>&#8220;International Criminal Tribunal for Rwanda &#8211; Judge &#8211; Case: The Prosecutor v is. Jean-Paul Akayesu&#8221; by Polat Yamaner \/ &#8220;The International Court of Artbitration &#8211; Artbitrator &#8211; Case: Empire Entertainment v. livia Pope (Fictional Case)&#8221; by G\u00f6khun Boztepe \/ &#8220;International Court of Artbitration &#8211; Artbitrator &#8211; Case: Empire Entertainment v. livia Pope (Fictional Case)&#8221; by Yi\u011fit Baran \/ &#8220;The United Nations Commission on International Trade Law &#8211; Delegate of Turkey &#8211; Topic: Drafting a Model Law on The Carriage of Goods by Air&#8221; by Ali Ku\u015f<\/p>\t\t\t\t\t\t\t\t<\/div>\n\t\t\t\t<\/div>\n\t\t\t\t<\/div>\n\t\t\t\t\t<\/div>\n\t\t\t\t<\/div>\n\t\t<div class=\"elementor-element elementor-element-2dd65ae e-flex e-con-boxed e-con e-parent\" data-id=\"2dd65ae\" data-element_type=\"container\" data-e-type=\"container\">\n\t\t\t\t\t<div class=\"e-con-inner\">\n\t\t<div class=\"elementor-element elementor-element-00320ee e-con-full e-flex e-con e-child\" data-id=\"00320ee\" data-element_type=\"container\" data-e-type=\"container\">\n\t\t\t\t<div class=\"elementor-element elementor-element-684ce79 elementor-widget elementor-widget-text-editor\" data-id=\"684ce79\" data-element_type=\"widget\" data-e-type=\"widget\" data-widget_type=\"text-editor.default\">\n\t\t\t\t<div class=\"elementor-widget-container\">\n\t\t\t\t\t\t\t\t\t<p>The KHAS Moot Court Team consisting of our 3rd-year students: Sinem Do\u011fan, Baran Can Kaya, O\u011fuzhan Kundak, Z\u00fcbeyde Ye\u015fim G\u00fcler, and Merve Balaban, was placed 4th among 22 teams from 15 different universities at the written stage of the 3rd National Moot Court Competition organized by Fatih University and Witness Law Society. We are proud of all four students who successfully represented our university at the semi-final held on April 21, 2015. Special recognition goes to Merve Balaban, who was selected as the best speaker in Private Law at the competition&#8217;s oral stage.<\/p>\t\t\t\t\t\t\t\t<\/div>\n\t\t\t\t<\/div>\n\t\t\t\t<\/div>\n\t\t<div class=\"elementor-element elementor-element-d133bbe e-con-full e-flex e-con e-child\" data-id=\"d133bbe\" data-element_type=\"container\" data-e-type=\"container\">\n\t\t\t\t<div class=\"elementor-element elementor-element-a77254b elementor-widget elementor-widget-image\" data-id=\"a77254b\" data-element_type=\"widget\" data-e-type=\"widget\" data-widget_type=\"image.default\">\n\t\t\t\t<div class=\"elementor-widget-container\">\n\t\t\t\t\t\t\t\t\t\t\t\t\t\t\t<img loading=\"lazy\" decoding=\"async\" width=\"600\" height=\"711\" src=\"https:\/\/www.khas.edu.tr\/wp-content\/uploads\/2025\/01\/foto2.jpeg\" class=\"attachment-large size-large wp-image-8635\" alt=\"\" srcset=\"https:\/\/www.khas.edu.tr\/wp-content\/uploads\/2025\/01\/foto2.jpeg 685w, https:\/\/www.khas.edu.tr\/wp-content\/uploads\/2025\/01\/foto2-253x300.jpeg 253w\" sizes=\"(max-width: 600px) 100vw, 600px\" \/>\t\t\t\t\t\t\t\t\t\t\t\t\t\t\t<\/div>\n\t\t\t\t<\/div>\n\t\t\t\t<\/div>\n\t\t\t\t\t<\/div>\n\t\t\t\t<\/div>\n\t\t<div class=\"elementor-element elementor-element-612ca36 e-flex e-con-boxed e-con e-parent\" data-id=\"612ca36\" data-element_type=\"container\" data-e-type=\"container\">\n\t\t\t\t\t<div class=\"e-con-inner\">\n\t\t<div class=\"elementor-element elementor-element-c78c1dc e-con-full e-flex e-con e-child\" data-id=\"c78c1dc\" data-element_type=\"container\" data-e-type=\"container\">\n\t\t\t\t<div class=\"elementor-element elementor-element-d4a282b elementor-widget elementor-widget-image\" data-id=\"d4a282b\" data-element_type=\"widget\" data-e-type=\"widget\" data-widget_type=\"image.default\">\n\t\t\t\t<div class=\"elementor-widget-container\">\n\t\t\t\t\t\t\t\t\t\t\t\t\t\t\t<img loading=\"lazy\" decoding=\"async\" width=\"449\" height=\"449\" src=\"https:\/\/www.khas.edu.tr\/wp-content\/uploads\/2025\/01\/eniyikonusmaci1.jpeg\" class=\"attachment-large size-large wp-image-8637\" alt=\"\" srcset=\"https:\/\/www.khas.edu.tr\/wp-content\/uploads\/2025\/01\/eniyikonusmaci1.jpeg 449w, https:\/\/www.khas.edu.tr\/wp-content\/uploads\/2025\/01\/eniyikonusmaci1-300x300.jpeg 300w, https:\/\/www.khas.edu.tr\/wp-content\/uploads\/2025\/01\/eniyikonusmaci1-150x150.jpeg 150w\" sizes=\"(max-width: 449px) 100vw, 449px\" \/>\t\t\t\t\t\t\t\t\t\t\t\t\t\t\t<\/div>\n\t\t\t\t<\/div>\n\t\t\t\t<\/div>\n\t\t<div class=\"elementor-element elementor-element-6949b84 e-con-full e-flex e-con e-child\" data-id=\"6949b84\" data-element_type=\"container\" data-e-type=\"container\">\n\t\t\t\t<div class=\"elementor-element elementor-element-4f992c8 elementor-widget elementor-widget-text-editor\" data-id=\"4f992c8\" data-element_type=\"widget\" data-e-type=\"widget\" data-widget_type=\"text-editor.default\">\n\t\t\t\t<div class=\"elementor-widget-container\">\n\t\t\t\t\t\t\t\t\t<p>Merve Balaban, a 3rd year student at our faculty, was selected as the &#8220;Best Speaker&#8221; in the field of private law at the oral stage of the 3rd National Moot Court Competition held on 21-22 April 2015 by Fatih University and Witness Law Society.<\/p>\t\t\t\t\t\t\t\t<\/div>\n\t\t\t\t<\/div>\n\t\t\t\t<\/div>\n\t\t\t\t\t<\/div>\n\t\t\t\t<\/div>\n\t\t<div class=\"elementor-element elementor-element-69b32ce e-flex e-con-boxed e-con e-parent\" data-id=\"69b32ce\" data-element_type=\"container\" data-e-type=\"container\">\n\t\t\t\t\t<div class=\"e-con-inner\">\n\t\t<div class=\"elementor-element elementor-element-d04f2c4 e-con-full e-flex e-con e-child\" data-id=\"d04f2c4\" data-element_type=\"container\" data-e-type=\"container\">\n\t\t\t\t<div class=\"elementor-element elementor-element-4b35d56 elementor-widget elementor-widget-text-editor\" data-id=\"4b35d56\" data-element_type=\"widget\" data-e-type=\"widget\" data-widget_type=\"text-editor.default\">\n\t\t\t\t<div class=\"elementor-widget-container\">\n\t\t\t\t\t\t\t\t\t<p>Our 3rd grade student Merve Balaban was placed 1st at the Intercollegiate Consumer Law Project Competition.<\/p>\t\t\t\t\t\t\t\t<\/div>\n\t\t\t\t<\/div>\n\t\t\t\t<\/div>\n\t\t<div class=\"elementor-element elementor-element-db2d83b e-con-full e-flex e-con e-child\" data-id=\"db2d83b\" data-element_type=\"container\" data-e-type=\"container\">\n\t\t\t\t<div class=\"elementor-element elementor-element-29dea33 elementor-widget elementor-widget-image\" data-id=\"29dea33\" data-element_type=\"widget\" data-e-type=\"widget\" data-widget_type=\"image.default\">\n\t\t\t\t<div class=\"elementor-widget-container\">\n\t\t\t\t\t\t\t\t\t\t\t\t\t\t\t<img loading=\"lazy\" decoding=\"async\" width=\"449\" height=\"449\" src=\"https:\/\/www.khas.edu.tr\/wp-content\/uploads\/2025\/01\/tuketici_foto_1.jpeg\" class=\"attachment-large size-large wp-image-8639\" alt=\"\" srcset=\"https:\/\/www.khas.edu.tr\/wp-content\/uploads\/2025\/01\/tuketici_foto_1.jpeg 449w, https:\/\/www.khas.edu.tr\/wp-content\/uploads\/2025\/01\/tuketici_foto_1-300x300.jpeg 300w, https:\/\/www.khas.edu.tr\/wp-content\/uploads\/2025\/01\/tuketici_foto_1-150x150.jpeg 150w\" sizes=\"(max-width: 449px) 100vw, 449px\" \/>\t\t\t\t\t\t\t\t\t\t\t\t\t\t\t<\/div>\n\t\t\t\t<\/div>\n\t\t\t\t<\/div>\n\t\t\t\t\t<\/div>\n\t\t\t\t<\/div>\n\t\t\t\t<\/div>\n\t\t","protected":false},"excerpt":{"rendered":"<p>Our students, Ali Haydar Aksu, Ay\u015fenur Akta\u015f, Melike Hazal Ulu, Sarper \u00d6dev, Sudenur Elmas, and Zeynep Suba\u015f\u0131 participated in the 28th Willem C. Vis International Commercial Arbitration Moot Competition. Our students faced the teams of the National University of Jodhpur, Wuhan University, Singapore Management University, and the University of Friborg in the verbal stage of [&hellip;]<\/p>\n","protected":false},"author":2,"featured_media":0,"parent":0,"menu_order":0,"comment_status":"closed","ping_status":"closed","template":"","meta":{"slim_seo":{"title":"Law - Student Achievement - Kadir Has University","description":"Our students, Ali Haydar Aksu, Ay\u015fenur Akta\u015f, Melike Hazal Ulu, Sarper \u00d6dev, Sudenur Elmas, and Zeynep Suba\u015f\u0131 participated in the 28th Willem C. Vis Internation"},"footnotes":""},"birimler":[62],"class_list":["post-8644","page","type-page","status-publish","hentry","birimler-law"],"_links":{"self":[{"href":"https:\/\/www.khas.edu.tr\/en\/wp-json\/wp\/v2\/pages\/8644","targetHints":{"allow":["GET"]}}],"collection":[{"href":"https:\/\/www.khas.edu.tr\/en\/wp-json\/wp\/v2\/pages"}],"about":[{"href":"https:\/\/www.khas.edu.tr\/en\/wp-json\/wp\/v2\/types\/page"}],"author":[{"embeddable":true,"href":"https:\/\/www.khas.edu.tr\/en\/wp-json\/wp\/v2\/users\/2"}],"replies":[{"embeddable":true,"href":"https:\/\/www.khas.edu.tr\/en\/wp-json\/wp\/v2\/comments?post=8644"}],"version-history":[{"count":4,"href":"https:\/\/www.khas.edu.tr\/en\/wp-json\/wp\/v2\/pages\/8644\/revisions"}],"predecessor-version":[{"id":8648,"href":"https:\/\/www.khas.edu.tr\/en\/wp-json\/wp\/v2\/pages\/8644\/revisions\/8648"}],"wp:attachment":[{"href":"https:\/\/www.khas.edu.tr\/en\/wp-json\/wp\/v2\/media?parent=8644"}],"wp:term":[{"taxonomy":"birimler","embeddable":true,"href":"https:\/\/www.khas.edu.tr\/en\/wp-json\/wp\/v2\/birimler?post=8644"}],"curies":[{"name":"wp","href":"https:\/\/api.w.org\/{rel}","templated":true}]}}