{"id":8520,"date":"2025-01-20T09:57:20","date_gmt":"2025-01-20T06:57:20","guid":{"rendered":"https:\/\/www.khas.edu.tr\/?page_id=8520"},"modified":"2025-01-20T09:58:25","modified_gmt":"2025-01-20T06:58:25","slug":"articles-and-book-chapters","status":"publish","type":"page","link":"https:\/\/www.khas.edu.tr\/en\/articles-and-book-chapters\/","title":{"rendered":"Articles and Book Chapters"},"content":{"rendered":"\n<p>Topaler, Ba\u015fak; Kayaba\u015f, Ak\u0131n (2023), &#8220;Universities between revenue and status: A typology oforganizational responses&#8221;, European Management Review.2023;1\u201315, DOI: 10.1111\/emre.12612<\/p>\n\n\n\n<p>\u0130yig\u00fcn, \u0130smail; G\u00f6r\u00e7\u00fcn, \u00d6mer Faruk&nbsp;(2023),&nbsp;&#8220;Introduction&#8221;, Accounting, Finance, Sustainability, Governance and Fraud, Springer<\/p>\n\n\n\n<p>G\u00f6r\u00e7\u00fcn, \u00d6mer Faruk; Do\u011fan, G\u00fcrkan&nbsp;(2023),&nbsp;&#8220;Mobile crane selection in project logistics operations using Best and Worst Method (BWM) and fuzzy Measurement of Alternatives and Ranking according to COmpromise Solution (MARCOS)&#8221;,&nbsp;Automation in Construction, Vol.147, DOI: 10.1016\/j.autcon.2022.104729<\/p>\n\n\n\n<p>Saha, Abhijit; Pamucar, Dragan; Gorcun, Omer F.; Raj Mishra, Arunodaya&nbsp;(2023),&nbsp;&#8220;Warehouse site selection for the automotive industry using a fermatean fuzzy-based decision-making approach&#8221;,&nbsp;Expert Systems with Applications, Vol.211, DOI: 10.1016\/j.eswa.2022.118497<\/p>\n\n\n\n<p>Prakash Garg, Chandra; G\u00f6r\u00e7\u00fcn, \u00d6mer F.; Kundu, Pradip; K\u00fc\u00e7\u00fck\u00f6nder, Hande&nbsp;(2023),&nbsp;&#8220;An integrated fuzzy MCDM approach based on Bonferroni functions for selection and evaluation of industrial robots for the automobile manufacturing industry&#8221;,&nbsp;Expert Systems with Applications, Vol.213, DOI: 10.1016\/j.eswa.2022.118863<\/p>\n\n\n\n<p>G\u00f6r\u00e7\u00fcn, \u00d6mer Faruk; Pamucar, Dragan; Krishankumar, Raghunathan; K\u00fc\u00e7\u00fck\u00f6nder, Hande&nbsp;(2023),&nbsp;&#8220;The selection of appropriate Ro-Ro Vessel in the second-hand market using the WASPAS\u2019 Bonferroni approach in type 2 neutrosophic fuzzy environment&#8221;,&nbsp;Engineering Applications of Artificial Intelligence, Vol.117, DOI: 10.1016\/j.engappai.2022.105531<\/p>\n\n\n\n<p>Hashemkhani Zolfani, Sarfaraz; G\u00f6r\u00e7\u00fcn, \u00d6mer Faruk; K\u00fc\u00e7\u00fck\u00f6nder, Hande&nbsp;(2023),&nbsp;&#8220;Evaluation of the Special Warehouse Handling Equipment (Turret Trucks) Using Integrated FUCOM and WASPAS Techniques Based on Intuitionistic Fuzzy Dombi Aggregation Operators&#8221;,&nbsp;Arabian Journal for Science and Engineering, DOI: 10.1007\/s13369-023-07615-0<\/p>\n\n\n\n<p>Kaya, Sema Kayapinar; Kundu, Pradip; G\u00f6r\u00e7\u00fcn, \u00d6mer Faruk&nbsp;(2023),&nbsp;&#8220;Evaluation of container port sustainability using WASPAS technique using on type-2 neutrosophic fuzzy numbers&#8221;,&nbsp;Marine Pollution Bulletin, Vol.190, DOI: 10.1016\/j.marpolbul.2023.114849<\/p>\n\n\n\n<p>G\u00f6r\u00e7\u00fcn, \u00d6mer Faruk; Pamucar, Dragan; Biswas, Sanjib&nbsp;(2023),&nbsp;&#8220;The blockchain technology selection in the logistics industry using a novel MCDM framework based on Fermatean fuzzy sets and Dombi aggregation&#8221;,&nbsp;Information Sciences, Vol.635, 345-374 DOI: 10.1016\/j.ins.2023.03.113<\/p>\n\n\n\n<p>G\u00f6r\u00e7\u00fcn, \u00d6mer Faruk; Aytekin, Ahmet; Sel\u00e7uk Korucuk, ; Tirkolaee, Erfan Babaee&nbsp;(2023),&nbsp;&#8220;Evaluating and selecting sustainable logistics service providers for medical waste disposal treatment in the healthcare industry&#8221;,&nbsp;Journal of Cleaner Production, Vol.408, DOI: 10.1016\/j.jclepro.2023.137194<\/p>\n\n\n\n<p>K\u00fc\u00e7\u00fck\u00f6nder, Hande; G\u00f6r\u00e7\u00fcn, \u00d6mer Faruk&nbsp;(2023),&nbsp;&#8220;Healthcare 4.0 and Decision-Making Techniques in the Health Industry: A Systematic Literature Review&#8221;, Accounting, Finance, Sustainability, Governance and Fraud, Springer<\/p>\n\n\n\n<p>Merdin-Uygur, E., Sar\u0131al-Abi, G., &amp; G\u00fcrhan-Canl\u0131, Z. (2023). Advertising Inauthentic Experiences Based on Attitude Functions. In&nbsp;Advances in Advertising Research (Vol. XII) Communicating, Designing and Consuming Authenticity and Narrative&nbsp;(pp. 289-300). Wiesbaden: Springer Fachmedien Wiesbaden.<\/p>\n\n\n\n<p>Merdin-Uygur, E., &amp; Ozturkcan, S. (2023). Consumers and service robots: Power relationships amid COVID-19 pandemic.&nbsp;Journal of Retailing and Consumer Services,&nbsp;70, 103174.<\/p>\n\n\n\n<p>Merdin-Uygur, E., &amp; Ozturkcan, S. (2023). The Effect of Human Interference in Robotic Service Failures on Customer Comfort and Customer Aggression. In&nbsp;Frontiers in Service.<\/p>\n\n\n\n<p>Dincer, Banu; Keskin, Ay\u015fe \u0130rem; Dincer, Caner&nbsp;(2023),&nbsp;&#8220;Nexus between Sustainability Reporting and Firm Performance: Considering Industry Groups, Accounting, and Market Measures&#8221;,&nbsp;<em>Sustainability (Switzerland)<\/em>, Vol.15, No.7, DOI: 10.3390\/su15075849<\/p>\n\n\n\n<p>Tosun, Petek; K\u00f6yl\u00fco\u011flu, A. Sel\u00e7uk&nbsp;(2023),&nbsp;&#8220;The impact of brand origin and CSR actions on consumer perceptions in&nbsp;retail banking during a crisis&#8221;,&nbsp;International Journal of Bank Marketing, DOI: 10.1108\/IJBM-03-2022-0137<\/p>\n\n\n\n<p>Tosun, Petek; Tav\u015fan, Nihat&nbsp;(2023),&nbsp;&#8220;The impact of perceived corporate social responsibility on consumer happiness and brand admiration&#8221;,&nbsp;Management Decision, DOI: 10.1108\/MD-10-2022-1441<\/p>\n\n\n\n<p>Topaler, Ba\u015fak, &amp; Adar, G\u00fclcan (2023), &#8220;The role of signals in new venture financing in the context of an emerging market: a configurational approach&#8221;, International Journal of Emerging Markets, DOI: 10.1108\/IJOEM-08-2022-1234<\/p>\n\n\n\n<p>Topaler, Ba\u015fak (2023) \u201cInternationalization at the semi-periphery: Alternative forms of practice and the determinants of adoption\u201d, in The Internationalization of Higher Education: Concepts, Cases, and Challenges, Contemporary Issues in Higher Education, edited by Apaydin M., Branch J., Dent M., and Regalado-Pez\u00faa O., Information Age Publishing (IAP), NC.<\/p>\n\n\n\n<p>Durmusoglu, S. S., &amp; Calantone, R. J. (2023). New product development team performance: A historical meta-analytic review of its nomological network.&nbsp;Journal of Business &amp; Industrial Marketing,&nbsp;38(1), 12-35.<\/p>\n\n\n\n<p>Uray, N., Ulengin, F., Ulengin, B., Beyhan, H., Sirkeci, K., &amp; Ayd\u0131n, G. K.(2022) Marketing Effectiveness in Economic Contraction: An Analysis on Passenger Car Market.<\/p>\n\n\n\n<p>Demirba\u015f, E., G\u00fcltekin Salman, G., &amp; Uray, N. (2022). From E-Satisfaction to E-Repurchase Intention: How Is E-Repurchase Intention Mediated by E-Satisfaction and Moderated by Traditional Shopping Attitudes?. In&nbsp;New Perspectives in Operations Research and Management Science: Essays in Honor of Fusun Ulengin&nbsp;(pp. 261-292). Cham: Springer International Publishing.<\/p>\n\n\n\n<p>\u00c7a\u011fl\u0131yor, S., Tosun, P., &amp; Uray, N. (2022). Communicating value in healthcare marketing from a social media perspective. In&nbsp;New Perspectives in Operations Research and Management Science: Essays in Honor of Fusun Ulengin&nbsp;(pp. 143-170). Cham: Springer International Publishing.<\/p>\n\n\n\n<p>Tosun, P., Sezgin, S., &amp; Uray, N. (2022). Consumer complaining behavior in hospitality management.&nbsp;Journal of Hospitality Marketing &amp; Management,&nbsp;31(2), 247-264.<\/p>\n\n\n\n<p>Pamucar, Dragan; G\u00f6r\u00e7\u00fcn, \u00d6mer Faruk; K\u00fc\u00e7\u00fck\u00f6nder, Hande&nbsp;(2022),&nbsp;&#8220;Evaluation of the route selection in international freight transportation by using the CODAS technique based on interval-valued Atanassov intuitionistic sets&#8221;,&nbsp;Soft Computing, DOI: 10.1007\/s00500-022-07707-3<\/p>\n\n\n\n<p>G\u00f6r\u00e7\u00fcn, \u00d6mer Faruk&nbsp;(2022),&nbsp;&#8220;A novel integrated MCDM framework based on Type-2 neutrosophic fuzzy sets (T2NN) for the selection of proper Second-Hand chemical tankers&#8221;,&nbsp;Transportation Research Part E: Logistics and Transportation Review, Vol.163, DOI: 10.1016\/j.tre.2022.102765<\/p>\n\n\n\n<p>Aytekin, Ahmet; G\u00f6r\u00e7\u00fcn, \u00d6mer Faruk; Ecer, Fatih; Pamucar, Dragan; Karama\u015fa, \u00c7a\u011flar&nbsp;(2022),&nbsp;&#8220;Evaluation of the pharmaceutical distribution and warehousing companies through an integrated Fermatean fuzzy entropy-WASPAS approach&#8221;,&nbsp;Kybernetes, DOI: 10.1108\/K-04-2022-0508<\/p>\n\n\n\n<p>Yadav, Narottam; Kaliyan, Mathiyazhagan; Saikouk, Tarik; Goswami, Susobhan; G\u00f6r\u00e7\u00fcn, \u00d6mer Faruk&nbsp;(2022),&nbsp;&#8220;Framework for zero-defect manufacturing in Indian industries&nbsp;\u2013 Voice of the customer&#8221;,&nbsp;Benchmarking, DOI: 10.1108\/BIJ-01-2022-0001<\/p>\n\n\n\n<p>G\u00f6r\u00e7\u00fcn, \u00d6mer Faruk; Zolfani, Sarfaraz Hashemkhani; \u00c7anak\u00e7\u0131o\u011flu, Mustafa&nbsp;(2022),&nbsp;&#8220;Analysis of efficiency and performance of global retail supply chains using integrated fuzzy SWARA and fuzzy EATWOS methods&#8221;,&nbsp;Operations Management Research, DOI: 10.1007\/s12063-022-00261-z<\/p>\n\n\n\n<p>G\u00f6r\u00e7\u00fcn, \u00d6mer Faruk&nbsp;(2022),&nbsp;&#8220;Autonomous Robots and Utilization in Logistics Process&#8221;, Accounting, Finance, Sustainability, Governance and Fraud, Springer<\/p>\n\n\n\n<p>\u0130yig\u00fcn, \u0130smail; G\u00f6r\u00e7\u00fcn, \u00d6mer Faruk&nbsp;(2022),&nbsp;&#8220;Introduction&#8221;, Accounting, Finance, Sustainability, Governance and Fraud, Springer<\/p>\n\n\n\n<p>Karada\u011f, Hande; Tosun, Petek; Ayan, B\u00fc\u015fra&nbsp;(2022),&nbsp;&#8220;User-generated and brand-generated content as indicators of university brand personality and business strategy&#8221;,&nbsp;Journal of Marketing for Higher Education, DOI: 10.1080\/08841241.2022.2056281<\/p>\n\n\n\n<p>Tosun, Petek; Sezgin, Selime; Uray, Nimet&nbsp;(2022),&nbsp;&#8220;Consumer complaining behavior in hospitality management&#8221;,&nbsp;Journal of Hospitality Marketing and Management, Vol.31, No.2, 247-264 DOI: 10.1080\/19368623.2021.1941474<\/p>\n\n\n\n<p>Tosun, Petek; Yanar G\u00fcrce, Merve&nbsp;(2022),&nbsp;&#8220;Consumer complaining behavior in banking: the influence of brand image on brand forgiveness and negative word-of-mouth&#8221;,&nbsp;Journal of Financial Services Marketing, DOI: 10.1057\/s41264-022-00194-5<\/p>\n\n\n\n<p>Ozturkcan, S., &amp; Merdin-Uygur, E. (2022). Humanoid service robots: The future of healthcare?.&nbsp;Journal of Information Technology Teaching Cases,&nbsp;12(2), 163-169.<\/p>\n\n\n\n<p>Merdin-Uygur, E., &amp; Ozturkcan, S. (2022). Robots falling flat on the marketers\u2019 faces. In&nbsp;Unanticipated and Unintended Consequences of Service Robots in the Frontline.<\/p>\n\n\n\n<p>Ko\u00e7ak, \u00d6zgecan, &amp; Topaler, Ba\u015fak (2022) &#8220;Shared Identity Schemas Shape Incumbent Responses to New Entrants&#8221;, Strategy Science, https:\/\/doi.org\/10.1287\/stsc.2022.0179<\/p>\n\n\n\n<p>Topaler, Ba\u015fak, &amp; Ayvaz-\u00c7avdaro\u011flu, Nur&nbsp;(2022),&nbsp;&#8220;Understanding the relationship between university characteristics and prestige&#8221;,&nbsp;International Journal of Organizational Analysis, DOI: 10.1108\/IJOA-05-2020-2166<\/p>\n\n\n\n<p>Topaler, Ba\u015fak, and \u00c7avdaro\u011flu, Nur (2022). The Status Granted to Organizational Identity Characteristics: An Application of the Best-Worst Method and Regression Analysis. In: Topcu, Y.I., \u00d6nsel Ekici, \u015e., Kabak, \u00d6., Aktas, E., \u00d6zayd\u0131n, \u00d6. (eds) New Perspectives in Operations Research and Management Science. <em>International Series in Operations Research &amp; Management Science<\/em>, vol 326. Springer, Cham.<\/p>\n\n\n\n<p>Durmusoglu, S. S., Atuahene-Gima, K., &amp; Calantone, R. J. (2022). Marketing strategy decision making in new product development: direct effects and moderation by market information time sensitivity and analyzability.&nbsp;European Journal of Innovation Management, (ahead-of-print).<\/p>\n\n\n\n<p>Durmusoglu, S. S., McNally, R. C., &amp; Chen, J. (2022). Emerging research questions for new journey development in industrial markets.&nbsp;Industrial Marketing Management,&nbsp;106, 351-362.<\/p>\n\n\n\n<p>Felekoglu, B., Durmusoglu, S. S., Maier, A. M., &amp; Moultrie, J. (2022). Walking the managerial tightrope: top management involvement in product innovation projects.&nbsp;European Journal of Innovation Management, (ahead-of-print).<\/p>\n\n\n\n<p>Kiygi-Calli, M., Weverbergh, M., &amp; Franses, P. H. (2021). Forecasting time-varying arrivals: Impact of direct response advertising on call center performance.&nbsp;Journal of Business Research,&nbsp;131, 227-240.<\/p>\n\n\n\n<p>Hashemkhani Zolfani, Sarfaraz; G\u00f6r\u00e7\u00fcn, \u00d6mer Faruk; K\u00fc\u00e7\u00fck\u00f6nder, Hande&nbsp;(2021),&nbsp;&#8220;Evaluating logistics villages in turkey using hybrid improved fuzzy swara (Imf swara) and fuzzy mabac techniques&#8221;,&nbsp;Technological and Economic Development of Economy, Vol.27, No.6, 1582-1612 DOI: 10.3846\/tede.2021.16004<\/p>\n\n\n\n<p>G\u00f6r\u00e7\u00fcn, Omer Faruk; Senthil, S.; K\u00fc\u00e7\u00fck\u00f6nder, Hande&nbsp;(2021),&nbsp;&#8220;Evaluation of tanker vehicle selection using a novel hybrid fuzzy MCDM technique&#8221;,&nbsp;Decision Making: Applications in Management and Engineering, Vol.4, No.2, 140-162 DOI: 10.31181\/DMAME210402140G<\/p>\n\n\n\n<p>Kundu, Pradip; G\u00f6r\u00e7\u00fcn, \u00d6mer Faruk; K\u00fc\u00e7\u00fck\u00f6nder, Hande&nbsp;(2021),&nbsp;&#8220;Medical device selection in private hospitals by integrated fuzzy MCGDM methods: A case study in choosing MRI (Magnetic Resonance Imaging) system&#8221;,&nbsp;Journal of the Operational Research Society, DOI: 10.1080\/01605682.2021.1960910<\/p>\n\n\n\n<p>G\u00f6r\u00e7\u00fcn, \u00d6mer Faruk; K\u00fc\u00e7\u00fck\u00f6nder, Hande&nbsp;(2021),&nbsp;&#8220;A novel performance evaluation technique based on integrated weighting approach: A case study in the field of sport management&#8221;,&nbsp;Decision Science Letters, Vol.10, No.4, 511-524 DOI: 10.5267\/j.dsl.2021.5.004<\/p>\n\n\n\n<p>G\u00f6r\u00e7\u00fcn, \u00d6mer Faruk; K\u00fc\u00e7\u00fck\u00f6nder, Hande&nbsp;(2021),&nbsp;&#8220;An integrated MCDM approach for evaluating the Ro-Ro marine port selection process: a case study in black Sea region&#8221;,&nbsp;Australian Journal of Maritime and Ocean Affairs, Vol.13, No.3, 203-223 DOI: 10.1080\/18366503.2021.1878872<\/p>\n\n\n\n<p>G\u00f6r\u00e7\u00fcn, \u00d6mer Faruk&nbsp;(2021),&nbsp;&#8220;Evaluation of the selection of proper metro and tram vehicle for urban transportation by using a novel integrated MCDM approach&#8221;,&nbsp;Science Progress, Vol.104, No.1, DOI: 10.1177\/0036850420950120<\/p>\n\n\n\n<p>G\u00fcnsoy, C., Cross, S. E., Castillo, V. A., Uskul, A. K., Wasti, S. A., Salter, P. S., &#8230; &amp; Perez, M. J. (2023). Goal derailment and goal persistence in response to honor threats.&nbsp;Journal of Cross-Cultural Psychology,&nbsp;54(3), 365-384.<\/p>\n\n\n\n<p>Aydin, G., Uray, N., &amp; Silahtaroglu, G.&nbsp;(2021).&nbsp;How to Engage Consumers through Effective Social Media Use\u2014Guidelines for Consumer Goods Companies from an Emerging Market.&nbsp;<em>Journal of Theoretical and Applied Electronic Commerce Research<\/em>,&nbsp;<em>16<\/em>(4),&nbsp;768-790.<\/p>\n\n\n\n<p>Durmusoglu, S. S., &amp; Kawakami, T. (2021). Information technology tool use frequency in new product development: The effect of stage-specific use frequency on performance.&nbsp;Industrial Marketing Management,&nbsp;93, 250-258.<\/p>\n\n\n\n<p>Merdin Uygur, E., &amp; Ozturkcan, S. (2021, July). Consumer Attitudes towards Low vs. High Power Robotic Services and the COVID Pandemic. In&nbsp;Merdin-Uygur, E., and Ozturkcan, S.,&#8221; Consumer Attitudes towards Low vs. High Power Robotic Services and the Covid Pandemic,&#8221; Annual Conference of the Academy of Marketing: Reframing Marketing Priorities&nbsp;(pp. 5-7).<\/p>\n\n\n\n<p>Merdin Uygur, E., &amp; Sarial-Abi, G. (2021). Psychological Ownership and Control in Virtual Retail Experiences.&nbsp;ACR North American Advances.<\/p>\n\n\n\n<p>Topaler, Ba\u015fak, &amp; \u00dcsdiken, Behl\u00fcl&nbsp;(2021),&nbsp;&#8220;Diffusion of Pure and Hybrid Forms of a Practice: Language of Instruction in Turkish Universities, 1983\u20132014&#8221;,&nbsp;European Management Review, Vol.18, No.2, 173-185 DOI: 10.1111\/emre.12439<\/p>\n\n\n\n<p>Topaler, Ba\u015fak, Ko\u00e7ak, \u00d6zgecan, &amp; \u00dcsdiken, Behl\u00fcl&nbsp;(2021),&nbsp;&#8220;Positioning new identities for appeal: Configurations of optimal distinctiveness amid ancestral identities&#8221;,&nbsp;Strategic Organization, DOI: 10.1177\/1476127021999966<\/p>\n\n\n\n<p>Keskin, Ay\u015fe Irem; Dincer, Banu; Dincer, Caner&nbsp;(2020),&nbsp;&#8220;Exploring the impact of sustainability on corporate financial performance using discriminant analysis&#8221;,&nbsp;<em>Sustainability (Switzerland)<\/em>, Vol.12, No.6, DOI: 10.3390\/su12062346<\/p>\n\n\n\n<p>G\u00fcnsoy, C., Joo, M., Cross, S. E., Uskul, A. K., Gul, P., Wasti, S. A., &#8230; &amp; Yegin, A. (2020). The influence of honor threats on goal delay and goal derailment: A comparison of Turkey, Southern US, and Northern US. <em>Journal of Experimental Social Psychology<\/em>, <em>88<\/em>, 103974.<\/p>\n\n\n\n<p>G\u00fcnsoy, C., Cross, S. E., Castillo, V. A., Uskul, A. K., Wasti, S. A., Salter, P. S., &#8230; &amp; Perez, M. J. (2023). Goal derailment and goal persistence in response to honor threats. <em>Journal of Cross-Cultural Psychology<\/em>, <em>54<\/em>(3), 365-384.&nbsp;<\/p>\n\n\n\n<h4 class=\"wp-block-heading\"><a href=\"\/?page_id=12094\">Please click for other works of our faculty members.<\/a><\/h4>\n","protected":false},"excerpt":{"rendered":"<p>Topaler, Ba\u015fak; Kayaba\u015f, Ak\u0131n (2023), &#8220;Universities between revenue and status: A typology oforganizational responses&#8221;, European Management Review.2023;1\u201315, DOI: 10.1111\/emre.12612 \u0130yig\u00fcn, \u0130smail; G\u00f6r\u00e7\u00fcn, \u00d6mer Faruk&nbsp;(2023),&nbsp;&#8220;Introduction&#8221;, Accounting, Finance, Sustainability, Governance and Fraud, Springer G\u00f6r\u00e7\u00fcn, \u00d6mer Faruk; Do\u011fan, G\u00fcrkan&nbsp;(2023),&nbsp;&#8220;Mobile crane selection in project logistics operations using Best and Worst Method (BWM) and fuzzy Measurement of Alternatives and Ranking [&hellip;]<\/p>\n","protected":false},"author":2,"featured_media":0,"parent":0,"menu_order":0,"comment_status":"closed","ping_status":"closed","template":"","meta":{"slim_seo":{"title":"Articles and Book Chapters - Kadir Has University","description":"Topaler, Ba\u015fak; Kayaba\u015f, Ak\u0131n (2023), \"Universities between revenue and status: A typology oforganizational responses\", European Management Review.2023;1\u201315, DO"},"footnotes":""},"birimler":[85],"class_list":["post-8520","page","type-page","status-publish","hentry","birimler-mgmt"],"_links":{"self":[{"href":"https:\/\/www.khas.edu.tr\/en\/wp-json\/wp\/v2\/pages\/8520","targetHints":{"allow":["GET"]}}],"collection":[{"href":"https:\/\/www.khas.edu.tr\/en\/wp-json\/wp\/v2\/pages"}],"about":[{"href":"https:\/\/www.khas.edu.tr\/en\/wp-json\/wp\/v2\/types\/page"}],"author":[{"embeddable":true,"href":"https:\/\/www.khas.edu.tr\/en\/wp-json\/wp\/v2\/users\/2"}],"replies":[{"embeddable":true,"href":"https:\/\/www.khas.edu.tr\/en\/wp-json\/wp\/v2\/comments?post=8520"}],"version-history":[{"count":1,"href":"https:\/\/www.khas.edu.tr\/en\/wp-json\/wp\/v2\/pages\/8520\/revisions"}],"predecessor-version":[{"id":8521,"href":"https:\/\/www.khas.edu.tr\/en\/wp-json\/wp\/v2\/pages\/8520\/revisions\/8521"}],"wp:attachment":[{"href":"https:\/\/www.khas.edu.tr\/en\/wp-json\/wp\/v2\/media?parent=8520"}],"wp:term":[{"taxonomy":"birimler","embeddable":true,"href":"https:\/\/www.khas.edu.tr\/en\/wp-json\/wp\/v2\/birimler?post=8520"}],"curies":[{"name":"wp","href":"https:\/\/api.w.org\/{rel}","templated":true}]}}