{"id":8504,"date":"2025-01-30T11:29:49","date_gmt":"2025-01-30T08:29:49","guid":{"rendered":"https:\/\/www.khas.edu.tr\/?page_id=8504"},"modified":"2025-01-30T11:29:49","modified_gmt":"2025-01-30T08:29:49","slug":"ee-power-electronics-and-electric-machines-research-lab","status":"publish","type":"page","link":"https:\/\/www.khas.edu.tr\/en\/ee-power-electronics-and-electric-machines-research-lab\/","title":{"rendered":"Ee &#8211; Power Electronics and Electric Machines Research Lab"},"content":{"rendered":"\t\t<div data-elementor-type=\"wp-page\" data-elementor-id=\"8504\" class=\"elementor elementor-8504 elementor-8496\">\n\t\t\t\t<div class=\"elementor-element elementor-element-5a80257 e-flex e-con-boxed e-con e-parent\" data-id=\"5a80257\" data-element_type=\"container\" data-e-type=\"container\">\n\t\t\t\t\t<div class=\"e-con-inner\">\n\t\t\t\t<div class=\"elementor-element elementor-element-97f0181 elementor-widget elementor-widget-heading\" data-id=\"97f0181\" data-element_type=\"widget\" data-e-type=\"widget\" data-widget_type=\"heading.default\">\n\t\t\t\t<div class=\"elementor-widget-container\">\n\t\t\t\t\t<h2 class=\"elementor-heading-title elementor-size-default\">Coordinator<\/h2>\t\t\t\t<\/div>\n\t\t\t\t<\/div>\n\t\t\t\t<div class=\"elementor-element elementor-element-c455f4a elementor-widget-divider--view-line elementor-widget elementor-widget-divider\" data-id=\"c455f4a\" data-element_type=\"widget\" data-e-type=\"widget\" data-widget_type=\"divider.default\">\n\t\t\t\t<div class=\"elementor-widget-container\">\n\t\t\t\t\t\t\t<div class=\"elementor-divider\">\n\t\t\t<span class=\"elementor-divider-separator\">\n\t\t\t\t\t\t<\/span>\n\t\t<\/div>\n\t\t\t\t\t\t<\/div>\n\t\t\t\t<\/div>\n\t\t\t\t<div class=\"elementor-element elementor-element-89f97ef elementor-widget elementor-widget-text-editor\" data-id=\"89f97ef\" data-element_type=\"widget\" data-e-type=\"widget\" data-widget_type=\"text-editor.default\">\n\t\t\t\t<div class=\"elementor-widget-container\">\n\t\t\t\t\t\t\t\t\t<p>Prof. Dr. M. Timur Aydemir<\/p>\t\t\t\t\t\t\t\t<\/div>\n\t\t\t\t<\/div>\n\t\t\t\t<div class=\"elementor-element elementor-element-8e5e7bb elementor-widget elementor-widget-heading\" data-id=\"8e5e7bb\" data-element_type=\"widget\" data-e-type=\"widget\" data-widget_type=\"heading.default\">\n\t\t\t\t<div class=\"elementor-widget-container\">\n\t\t\t\t\t<h2 class=\"elementor-heading-title elementor-size-default\">Project Team<\/h2>\t\t\t\t<\/div>\n\t\t\t\t<\/div>\n\t\t\t\t<div class=\"elementor-element elementor-element-a4d0eac elementor-widget-divider--view-line elementor-widget elementor-widget-divider\" data-id=\"a4d0eac\" data-element_type=\"widget\" data-e-type=\"widget\" data-widget_type=\"divider.default\">\n\t\t\t\t<div class=\"elementor-widget-container\">\n\t\t\t\t\t\t\t<div class=\"elementor-divider\">\n\t\t\t<span class=\"elementor-divider-separator\">\n\t\t\t\t\t\t<\/span>\n\t\t<\/div>\n\t\t\t\t\t\t<\/div>\n\t\t\t\t<\/div>\n\t\t\t\t<div class=\"elementor-element elementor-element-f83db00 elementor-widget elementor-widget-text-editor\" data-id=\"f83db00\" data-element_type=\"widget\" data-e-type=\"widget\" data-widget_type=\"text-editor.default\">\n\t\t\t\t<div class=\"elementor-widget-container\">\n\t\t\t\t\t\t\t\t\t<ul><li>Ali Shan, PhD Candidate<\/li><li>Muhammad Zohaib, PhD Candidate<\/li><li>Usman Han, Graduate Student<\/li><li>\u015e\u00fckr\u00fc Furkan Kayaalp, Undergrad Student<\/li><\/ul><p>\u00a0<\/p>\t\t\t\t\t\t\t\t<\/div>\n\t\t\t\t<\/div>\n\t\t\t\t<div class=\"elementor-element elementor-element-57b476b elementor-widget elementor-widget-heading\" data-id=\"57b476b\" data-element_type=\"widget\" data-e-type=\"widget\" data-widget_type=\"heading.default\">\n\t\t\t\t<div class=\"elementor-widget-container\">\n\t\t\t\t\t<h2 class=\"elementor-heading-title elementor-size-default\">Area of Research<\/h2>\t\t\t\t<\/div>\n\t\t\t\t<\/div>\n\t\t\t\t<div class=\"elementor-element elementor-element-09d3504 elementor-widget-divider--view-line elementor-widget elementor-widget-divider\" data-id=\"09d3504\" data-element_type=\"widget\" data-e-type=\"widget\" data-widget_type=\"divider.default\">\n\t\t\t\t<div class=\"elementor-widget-container\">\n\t\t\t\t\t\t\t<div class=\"elementor-divider\">\n\t\t\t<span class=\"elementor-divider-separator\">\n\t\t\t\t\t\t<\/span>\n\t\t<\/div>\n\t\t\t\t\t\t<\/div>\n\t\t\t\t<\/div>\n\t\t\t\t<div class=\"elementor-element elementor-element-b62adbe elementor-widget elementor-widget-text-editor\" data-id=\"b62adbe\" data-element_type=\"widget\" data-e-type=\"widget\" data-widget_type=\"text-editor.default\">\n\t\t\t\t<div class=\"elementor-widget-container\">\n\t\t\t\t\t\t\t\t\t<p>The research group is currently working on a novel high-frequency switching power converter topology that could be used in a high voltage DC power supply. Design and analysis of high-frequency transformers are also conducted within this research. The research group is in the process of research preparations in other modern applications of power electronics, such as wireless power transfer for electric vehicle battery charging.<\/p><p>The group started its work in 2021 and is currently carrying out a T\u00dcB\u0130TAK 1001 project. Joint project preparations with industrial organizations continue.<\/p>\t\t\t\t\t\t\t\t<\/div>\n\t\t\t\t<\/div>\n\t\t\t\t<div class=\"elementor-element elementor-element-ef58847 elementor-widget elementor-widget-heading\" data-id=\"ef58847\" data-element_type=\"widget\" data-e-type=\"widget\" data-widget_type=\"heading.default\">\n\t\t\t\t<div class=\"elementor-widget-container\">\n\t\t\t\t\t<h2 class=\"elementor-heading-title elementor-size-default\"><a href=\"https:\/\/www.researchgate.net\/profile\/Mehmet-Aydemir-3\">Please click for detailed information about the research group<\/a><\/h2>\t\t\t\t<\/div>\n\t\t\t\t<\/div>\n\t\t\t\t\t<\/div>\n\t\t\t\t<\/div>\n\t\t\t\t<\/div>\n\t\t","protected":false},"excerpt":{"rendered":"<p>Coordinator Prof. Dr. M. Timur Aydemir Project Team Ali Shan, PhD Candidate Muhammad Zohaib, PhD Candidate Usman Han, Graduate Student \u015e\u00fckr\u00fc Furkan Kayaalp, Undergrad Student \u00a0 Area of Research The research group is currently working on a novel high-frequency switching power converter topology that could be used in a high voltage DC power supply. Design [&hellip;]<\/p>\n","protected":false},"author":2,"featured_media":0,"parent":0,"menu_order":0,"comment_status":"closed","ping_status":"closed","template":"","meta":{"slim_seo":{"title":"Ee - Power Electronics and Electric Machines Research Lab - Kadir Has University","description":"Coordinator Prof. Dr. M. Timur Aydemir Project Team Ali Shan, PhD Candidate Muhammad Zohaib, PhD Candidate Usman Han, Graduate Student \u015e\u00fckr\u00fc Furkan Kayaalp, Und"},"footnotes":""},"birimler":[72],"class_list":["post-8504","page","type-page","status-publish","hentry","birimler-ee"],"_links":{"self":[{"href":"https:\/\/www.khas.edu.tr\/en\/wp-json\/wp\/v2\/pages\/8504","targetHints":{"allow":["GET"]}}],"collection":[{"href":"https:\/\/www.khas.edu.tr\/en\/wp-json\/wp\/v2\/pages"}],"about":[{"href":"https:\/\/www.khas.edu.tr\/en\/wp-json\/wp\/v2\/types\/page"}],"author":[{"embeddable":true,"href":"https:\/\/www.khas.edu.tr\/en\/wp-json\/wp\/v2\/users\/2"}],"replies":[{"embeddable":true,"href":"https:\/\/www.khas.edu.tr\/en\/wp-json\/wp\/v2\/comments?post=8504"}],"version-history":[{"count":2,"href":"https:\/\/www.khas.edu.tr\/en\/wp-json\/wp\/v2\/pages\/8504\/revisions"}],"predecessor-version":[{"id":9086,"href":"https:\/\/www.khas.edu.tr\/en\/wp-json\/wp\/v2\/pages\/8504\/revisions\/9086"}],"wp:attachment":[{"href":"https:\/\/www.khas.edu.tr\/en\/wp-json\/wp\/v2\/media?parent=8504"}],"wp:term":[{"taxonomy":"birimler","embeddable":true,"href":"https:\/\/www.khas.edu.tr\/en\/wp-json\/wp\/v2\/birimler?post=8504"}],"curies":[{"name":"wp","href":"https:\/\/api.w.org\/{rel}","templated":true}]}}