{"id":8491,"date":"2025-01-30T11:29:53","date_gmt":"2025-01-30T08:29:53","guid":{"rendered":"https:\/\/www.khas.edu.tr\/?page_id=8491"},"modified":"2025-07-25T10:51:21","modified_gmt":"2025-07-25T07:51:21","slug":"ee-quality-improvement-and-accreditation","status":"publish","type":"page","link":"https:\/\/www.khas.edu.tr\/en\/ee-quality-improvement-and-accreditation\/","title":{"rendered":"Quality Improvement and Accreditation"},"content":{"rendered":"\t\t<div data-elementor-type=\"wp-page\" data-elementor-id=\"8491\" class=\"elementor elementor-8491 elementor-8486\">\n\t\t\t\t<div class=\"elementor-element elementor-element-211f0db e-flex e-con-boxed e-con e-parent\" data-id=\"211f0db\" data-element_type=\"container\" data-e-type=\"container\">\n\t\t\t\t\t<div class=\"e-con-inner\">\n\t\t\t\t<div class=\"elementor-element elementor-element-0043631 elementor-widget elementor-widget-heading\" data-id=\"0043631\" data-element_type=\"widget\" data-e-type=\"widget\" data-widget_type=\"heading.default\">\n\t\t\t\t<div class=\"elementor-widget-container\">\n\t\t\t\t\t<h2 class=\"elementor-heading-title elementor-size-default\">Kadir Has University Electrical-Electronics Engineering Department is accredited by M\u00dcDEK (Association for Evaluation and Accreditation of Engineering Programs).\n<\/h2>\t\t\t\t<\/div>\n\t\t\t\t<\/div>\n\t\t\t\t<div class=\"elementor-element elementor-element-1ad6156 elementor-widget-divider--view-line elementor-widget elementor-widget-divider\" data-id=\"1ad6156\" data-element_type=\"widget\" data-e-type=\"widget\" data-widget_type=\"divider.default\">\n\t\t\t\t<div class=\"elementor-widget-container\">\n\t\t\t\t\t\t\t<div class=\"elementor-divider\">\n\t\t\t<span class=\"elementor-divider-separator\">\n\t\t\t\t\t\t<\/span>\n\t\t<\/div>\n\t\t\t\t\t\t<\/div>\n\t\t\t\t<\/div>\n\t\t\t\t\t<\/div>\n\t\t\t\t<\/div>\n\t\t<div class=\"elementor-element elementor-element-cfb7980 e-flex e-con-boxed e-con e-parent\" data-id=\"cfb7980\" data-element_type=\"container\" data-e-type=\"container\">\n\t\t\t\t\t<div class=\"e-con-inner\">\n\t\t\t\t<div class=\"elementor-element elementor-element-6941620 elementor-widget elementor-widget-text-editor\" data-id=\"6941620\" data-element_type=\"widget\" data-e-type=\"widget\" data-widget_type=\"text-editor.default\">\n\t\t\t\t<div class=\"elementor-widget-container\">\n\t\t\t\t\t\t\t\t\t<h3><span style=\"color: #07956e;\"><strong>Vision<\/strong><\/span><\/h3><p>Our vision is to be a reputable department in research and project-based education worldwide.<\/p><h3><span style=\"color: #07956e;\"><strong>Mission<\/strong><\/span><\/h3><p>Our mission is to contribute to scientific and technological developments in Electrical-Electronics Engineering with original research outputs and to train qualified engineers with project-based engineering education.<\/p><h3><span style=\"color: #07956e;\"><strong>Educational Objectives\u00a0<\/strong><\/span><\/h3><h4><span style=\"color: #07956e;\"><strong>Kadir Has University, Department of Electrical-Electronics graduates can<\/strong><\/span><\/h4><ol><li><span data-preserver-spaces=\"true\">Undertake engineering, research &amp; development and management duties in national and international companies,<\/span><\/li><li><span data-preserver-spaces=\"true\">Complete master&#8217;s and doctoral programs in Turkey or abroad and work as academics in higher education institutions,<\/span><\/li><li><span data-preserver-spaces=\"true\">Develop products containing new technologies in related fields and participate in the establishment of new companies.<\/span><\/li><\/ol><h3><span style=\"color: #07956e;\"><strong>Program <span style=\"color: #008000;\">Outcomes<\/span><\/strong><\/span><\/h3><ol><li><span data-preserver-spaces=\"true\">Adequate knowledge in mathematics, science, and electrical-electronics engineering discipline subjects; ability to use theoretical and applied knowledge in these areas in complex electrical-electronics engineering problems,<\/span><\/li><li><span data-preserver-spaces=\"true\">Ability to determine, identify, formulate, and solve complex electrical-electronics engineering problems; ability to select and apply proper analysis and modeling methods for this purpose,<\/span><\/li><li><span data-preserver-spaces=\"true\">Ability to design a complex electrical-electronics engineering system under realistic constraints and conditions in such a way as to meet the desired result considering the standards, quality, ethical and environmental conditions; ability to apply modern design methods for this purpose,<\/span><\/li><li><span data-preserver-spaces=\"true\">Ability to devise, select, and use modern techniques and tools needed to analyze and solve complex problems encountered in electrical-electronics engineering practice; ability to effectively employ information technologies,<\/span><\/li><li><span data-preserver-spaces=\"true\">Ability to design and conduct experiments, gather data, analyze, and interpret results for investigating complex electrical-electronics engineering problems or discipline-specific research questions,<\/span><\/li><li><span data-preserver-spaces=\"true\">Ability to work efficiently in intra-disciplinary and multi-disciplinary teams, especially in projects; ability to work individually,<\/span><\/li><li><span data-preserver-spaces=\"true\">Ability to communicate effectively in Turkish and English, orally, in writing, and visually; ability to write effective reports and comprehend written reports, prepare design and production reports, make effective presentations, and give and receive clear and intelligible instructions,<\/span><\/li><li><span data-preserver-spaces=\"true\">Awareness of the need for lifelong learning; ability to access information, follow developments in science and technology, and continue to educate themselves,<\/span><\/li><li><span data-preserver-spaces=\"true\">Consciousness to behave according to ethical principles and professional and ethical responsibility; knowledge of standards used in electrical-electronics engineering practice,<\/span><\/li><li><span data-preserver-spaces=\"true\">Knowledge about business life practices such as project management, risk management, and change management; awareness of entrepreneurship and innovation; knowledge about sustainable development,<\/span><\/li><li><span data-preserver-spaces=\"true\">Knowledge about the global and social effects of electrical-electronics engineering practices on health, environment, safety, and the contemporary issues of the century reflected in the field of engineering and awareness of the legal consequences of engineering solutions.<\/span><\/li><\/ol><h3><span style=\"color: #008000;\"><strong>Commission for Design Experience<\/strong><\/span><\/h3><ul><li>Prof. Dr. Erdal Panay\u0131rc\u0131<\/li><li>Prof. Dr. Mehmet Timur Aydemir<\/li><li>Prof. Dr. Aydo\u011fan \u00d6zdemir<\/li><li>Dr. \u00d6\u011fr. \u00dcyesi Yal\u00e7\u0131n \u015eadi<\/li><li>Dr. \u00d6\u011fr. \u00dcyesi Arif Sel\u00e7uk \u00d6\u011frenci<\/li><\/ul>\t\t\t\t\t\t\t\t<\/div>\n\t\t\t\t<\/div>\n\t\t\t\t\t<\/div>\n\t\t\t\t<\/div>\n\t\t\t\t<\/div>\n\t\t","protected":false},"excerpt":{"rendered":"<p>Kadir Has University Electrical-Electronics Engineering Department is accredited by M\u00dcDEK (Association for Evaluation and Accreditation of Engineering Programs). Vision Our vision is to be a reputable department in research and project-based education worldwide. Mission Our mission is to contribute to scientific and technological developments in Electrical-Electronics Engineering with original research outputs and to train qualified [&hellip;]<\/p>\n","protected":false},"author":2,"featured_media":0,"parent":0,"menu_order":0,"comment_status":"closed","ping_status":"closed","template":"","meta":{"slim_seo":{"title":"Quality Improvement and Accreditation - Kadir Has University","description":"Kadir Has University Electrical-Electronics Engineering Department is accredited by M\u00dcDEK (Association for Evaluation and Accreditation of Engineering Programs)"},"footnotes":""},"birimler":[72],"class_list":["post-8491","page","type-page","status-publish","hentry","birimler-ee"],"_links":{"self":[{"href":"https:\/\/www.khas.edu.tr\/en\/wp-json\/wp\/v2\/pages\/8491","targetHints":{"allow":["GET"]}}],"collection":[{"href":"https:\/\/www.khas.edu.tr\/en\/wp-json\/wp\/v2\/pages"}],"about":[{"href":"https:\/\/www.khas.edu.tr\/en\/wp-json\/wp\/v2\/types\/page"}],"author":[{"embeddable":true,"href":"https:\/\/www.khas.edu.tr\/en\/wp-json\/wp\/v2\/users\/2"}],"replies":[{"embeddable":true,"href":"https:\/\/www.khas.edu.tr\/en\/wp-json\/wp\/v2\/comments?post=8491"}],"version-history":[{"count":8,"href":"https:\/\/www.khas.edu.tr\/en\/wp-json\/wp\/v2\/pages\/8491\/revisions"}],"predecessor-version":[{"id":25733,"href":"https:\/\/www.khas.edu.tr\/en\/wp-json\/wp\/v2\/pages\/8491\/revisions\/25733"}],"wp:attachment":[{"href":"https:\/\/www.khas.edu.tr\/en\/wp-json\/wp\/v2\/media?parent=8491"}],"wp:term":[{"taxonomy":"birimler","embeddable":true,"href":"https:\/\/www.khas.edu.tr\/en\/wp-json\/wp\/v2\/birimler?post=8491"}],"curies":[{"name":"wp","href":"https:\/\/api.w.org\/{rel}","templated":true}]}}