{"id":8476,"date":"2025-01-30T11:30:02","date_gmt":"2025-01-30T08:30:02","guid":{"rendered":"https:\/\/www.khas.edu.tr\/?page_id=8476"},"modified":"2025-01-30T11:30:02","modified_gmt":"2025-01-30T08:30:02","slug":"ee-wireless-communications-research-group-wcrg","status":"publish","type":"page","link":"https:\/\/www.khas.edu.tr\/en\/ee-wireless-communications-research-group-wcrg\/","title":{"rendered":"Ee &#8211; Wireless Communications Research Group (WCRG)"},"content":{"rendered":"\t\t<div data-elementor-type=\"wp-page\" data-elementor-id=\"8476\" class=\"elementor elementor-8476 elementor-8463\">\n\t\t\t\t<div class=\"elementor-element elementor-element-32cfa4c e-flex e-con-boxed e-con e-parent\" data-id=\"32cfa4c\" data-element_type=\"container\" data-e-type=\"container\">\n\t\t\t\t\t<div class=\"e-con-inner\">\n\t\t\t\t<div class=\"elementor-element elementor-element-9aba750 elementor-widget elementor-widget-heading\" data-id=\"9aba750\" data-element_type=\"widget\" data-e-type=\"widget\" data-widget_type=\"heading.default\">\n\t\t\t\t<div class=\"elementor-widget-container\">\n\t\t\t\t\t<h2 class=\"elementor-heading-title elementor-size-default\">Coordinator<\/h2>\t\t\t\t<\/div>\n\t\t\t\t<\/div>\n\t\t\t\t<div class=\"elementor-element elementor-element-4e038dc elementor-widget-divider--view-line elementor-widget elementor-widget-divider\" data-id=\"4e038dc\" data-element_type=\"widget\" data-e-type=\"widget\" data-widget_type=\"divider.default\">\n\t\t\t\t<div class=\"elementor-widget-container\">\n\t\t\t\t\t\t\t<div class=\"elementor-divider\">\n\t\t\t<span class=\"elementor-divider-separator\">\n\t\t\t\t\t\t<\/span>\n\t\t<\/div>\n\t\t\t\t\t\t<\/div>\n\t\t\t\t<\/div>\n\t\t\t\t<div class=\"elementor-element elementor-element-256e85f elementor-widget elementor-widget-text-editor\" data-id=\"256e85f\" data-element_type=\"widget\" data-e-type=\"widget\" data-widget_type=\"text-editor.default\">\n\t\t\t\t<div class=\"elementor-widget-container\">\n\t\t\t\t\t\t\t\t\t<p>Prof. Dr. Erdal Panay\u0131rc\u0131<\/p>\t\t\t\t\t\t\t\t<\/div>\n\t\t\t\t<\/div>\n\t\t\t\t<div class=\"elementor-element elementor-element-9a03d1e elementor-widget-divider--view-line elementor-widget elementor-widget-divider\" data-id=\"9a03d1e\" data-element_type=\"widget\" data-e-type=\"widget\" data-widget_type=\"divider.default\">\n\t\t\t\t<div class=\"elementor-widget-container\">\n\t\t\t\t\t\t\t<div class=\"elementor-divider\">\n\t\t\t<span class=\"elementor-divider-separator\">\n\t\t\t\t\t\t<\/span>\n\t\t<\/div>\n\t\t\t\t\t\t<\/div>\n\t\t\t\t<\/div>\n\t\t\t\t<div class=\"elementor-element elementor-element-0dc0acb elementor-widget elementor-widget-heading\" data-id=\"0dc0acb\" data-element_type=\"widget\" data-e-type=\"widget\" data-widget_type=\"heading.default\">\n\t\t\t\t<div class=\"elementor-widget-container\">\n\t\t\t\t\t<h2 class=\"elementor-heading-title elementor-size-default\">Project Team<\/h2>\t\t\t\t<\/div>\n\t\t\t\t<\/div>\n\t\t\t\t<div class=\"elementor-element elementor-element-281f4c7 elementor-widget elementor-widget-text-editor\" data-id=\"281f4c7\" data-element_type=\"widget\" data-e-type=\"widget\" data-widget_type=\"text-editor.default\">\n\t\t\t\t<div class=\"elementor-widget-container\">\n\t\t\t\t\t\t\t\t\t<ul><li>Prof. Dr. Serhat Erk\u00fc\u00e7\u00fck<\/li><li>Assoc. Prof. Tun\u00e7er Bayka\u015f<\/li><li>Asst. Prof. Yal\u00e7\u0131n \u015eadi<\/li><li>O\u011fuz \u00dclgen, PhD Candidate<\/li><li>S\u00fcmeyra Aldemir, PhD Candidate<\/li><li>Ali Seymen Alkara, PhD Candidate<\/li><li>Ya\u011f\u0131z Can \u00c7a\u011fan, PhD Candidate<\/li><li>Tolga Ka\u011fan T\u00fcfek\u00e7i, MSc Candidate<\/li><li>Ahmet G\u00f6ktekin, Undergrad Student<\/li><li>\u0130rem \u00d6zg\u00fcr Bayman, Undergrad Student<\/li><li>\u00dcmit \u015een, Undergrad Student<\/li><li>Yal\u0131n Evrim Ye\u015fil\u0131rmak, Undegrad Student<\/li><\/ul>\t\t\t\t\t\t\t\t<\/div>\n\t\t\t\t<\/div>\n\t\t\t\t<div class=\"elementor-element elementor-element-2a41653 elementor-widget elementor-widget-heading\" data-id=\"2a41653\" data-element_type=\"widget\" data-e-type=\"widget\" data-widget_type=\"heading.default\">\n\t\t\t\t<div class=\"elementor-widget-container\">\n\t\t\t\t\t<h2 class=\"elementor-heading-title elementor-size-default\">Area of Research<\/h2>\t\t\t\t<\/div>\n\t\t\t\t<\/div>\n\t\t\t\t<div class=\"elementor-element elementor-element-19c4b7a elementor-widget-divider--view-line elementor-widget elementor-widget-divider\" data-id=\"19c4b7a\" data-element_type=\"widget\" data-e-type=\"widget\" data-widget_type=\"divider.default\">\n\t\t\t\t<div class=\"elementor-widget-container\">\n\t\t\t\t\t\t\t<div class=\"elementor-divider\">\n\t\t\t<span class=\"elementor-divider-separator\">\n\t\t\t\t\t\t<\/span>\n\t\t<\/div>\n\t\t\t\t\t\t<\/div>\n\t\t\t\t<\/div>\n\t\t\t\t<div class=\"elementor-element elementor-element-7e476e0 elementor-widget elementor-widget-text-editor\" data-id=\"7e476e0\" data-element_type=\"widget\" data-e-type=\"widget\" data-widget_type=\"text-editor.default\">\n\t\t\t\t<div class=\"elementor-widget-container\">\n\t\t\t\t\t\t\t\t\t<p>The group&#8217;s vision is to perform cutting-edge research and innovation to go beyond the envisioned next-generation mobile communications capabilities and become a leading institution in 6G studies using our expertise in wireless communications design. The main strategic objectives are participating in the flagship EU projects and contributing to the standardization efforts towards 6G.<\/p>\t\t\t\t\t\t\t\t<\/div>\n\t\t\t\t<\/div>\n\t\t\t\t<div class=\"elementor-element elementor-element-ad0fd1c elementor-widget elementor-widget-heading\" data-id=\"ad0fd1c\" data-element_type=\"widget\" data-e-type=\"widget\" data-widget_type=\"heading.default\">\n\t\t\t\t<div class=\"elementor-widget-container\">\n\t\t\t\t\t<h2 class=\"elementor-heading-title elementor-size-default\"><a href=\"https:\/\/www.khas.edu.tr\/wp-content\/uploads\/2025\/01\/KadirHasStandards_Wireless-Communications-Research-Group.pdf\">Please click for detailed information about the research group<\/a><\/h2>\t\t\t\t<\/div>\n\t\t\t\t<\/div>\n\t\t\t\t\t<\/div>\n\t\t\t\t<\/div>\n\t\t\t\t<\/div>\n\t\t","protected":false},"excerpt":{"rendered":"<p>Coordinator Prof. Dr. Erdal Panay\u0131rc\u0131 Project Team Prof. Dr. Serhat Erk\u00fc\u00e7\u00fck Assoc. Prof. Tun\u00e7er Bayka\u015f Asst. Prof. Yal\u00e7\u0131n \u015eadi O\u011fuz \u00dclgen, PhD Candidate S\u00fcmeyra Aldemir, PhD Candidate Ali Seymen Alkara, PhD Candidate Ya\u011f\u0131z Can \u00c7a\u011fan, PhD Candidate Tolga Ka\u011fan T\u00fcfek\u00e7i, MSc Candidate Ahmet G\u00f6ktekin, Undergrad Student \u0130rem \u00d6zg\u00fcr Bayman, Undergrad Student \u00dcmit \u015een, Undergrad Student [&hellip;]<\/p>\n","protected":false},"author":2,"featured_media":0,"parent":0,"menu_order":0,"comment_status":"closed","ping_status":"closed","template":"","meta":{"slim_seo":{"title":"Ee - Wireless Communications Research Group (WCRG) - Kadir Has University","description":"Coordinator Prof. Dr. Erdal Panay\u0131rc\u0131 Project Team Prof. Dr. Serhat Erk\u00fc\u00e7\u00fck Assoc. Prof. Tun\u00e7er Bayka\u015f Asst. Prof. Yal\u00e7\u0131n \u015eadi O\u011fuz \u00dclgen, PhD Candidate S\u00fcmeyra"},"footnotes":""},"birimler":[72],"class_list":["post-8476","page","type-page","status-publish","hentry","birimler-ee"],"_links":{"self":[{"href":"https:\/\/www.khas.edu.tr\/en\/wp-json\/wp\/v2\/pages\/8476","targetHints":{"allow":["GET"]}}],"collection":[{"href":"https:\/\/www.khas.edu.tr\/en\/wp-json\/wp\/v2\/pages"}],"about":[{"href":"https:\/\/www.khas.edu.tr\/en\/wp-json\/wp\/v2\/types\/page"}],"author":[{"embeddable":true,"href":"https:\/\/www.khas.edu.tr\/en\/wp-json\/wp\/v2\/users\/2"}],"replies":[{"embeddable":true,"href":"https:\/\/www.khas.edu.tr\/en\/wp-json\/wp\/v2\/comments?post=8476"}],"version-history":[{"count":4,"href":"https:\/\/www.khas.edu.tr\/en\/wp-json\/wp\/v2\/pages\/8476\/revisions"}],"predecessor-version":[{"id":8480,"href":"https:\/\/www.khas.edu.tr\/en\/wp-json\/wp\/v2\/pages\/8476\/revisions\/8480"}],"wp:attachment":[{"href":"https:\/\/www.khas.edu.tr\/en\/wp-json\/wp\/v2\/media?parent=8476"}],"wp:term":[{"taxonomy":"birimler","embeddable":true,"href":"https:\/\/www.khas.edu.tr\/en\/wp-json\/wp\/v2\/birimler?post=8476"}],"curies":[{"name":"wp","href":"https:\/\/api.w.org\/{rel}","templated":true}]}}