{"id":8430,"date":"2025-01-18T13:39:46","date_gmt":"2025-01-18T10:39:46","guid":{"rendered":"https:\/\/www.khas.edu.tr\/?page_id=8430"},"modified":"2026-04-01T14:01:07","modified_gmt":"2026-04-01T11:01:07","slug":"cpe-deep-learning-and-data-science-research-lab-dlds-lab","status":"publish","type":"page","link":"https:\/\/www.khas.edu.tr\/en\/cpe-deep-learning-and-data-science-research-lab-dlds-lab\/","title":{"rendered":"Cpe &#8211; Deep Learning and Data Science Research Lab (DLDS-LAB)"},"content":{"rendered":"\t\t<div data-elementor-type=\"wp-page\" data-elementor-id=\"8430\" class=\"elementor elementor-8430 elementor-8425\">\n\t\t\t\t<div class=\"elementor-element elementor-element-d1f5398 e-flex e-con-boxed e-con e-parent\" data-id=\"d1f5398\" data-element_type=\"container\" data-e-type=\"container\">\n\t\t\t\t\t<div class=\"e-con-inner\">\n\t\t\t\t<div class=\"elementor-element elementor-element-2cce45d elementor-widget elementor-widget-heading\" data-id=\"2cce45d\" data-element_type=\"widget\" data-e-type=\"widget\" data-widget_type=\"heading.default\">\n\t\t\t\t<div class=\"elementor-widget-container\">\n\t\t\t\t\t<h2 class=\"elementor-heading-title elementor-size-default\">Koordinat\u00f6r<\/h2>\t\t\t\t<\/div>\n\t\t\t\t<\/div>\n\t\t\t\t<div class=\"elementor-element elementor-element-051c19b elementor-widget-divider--view-line elementor-widget elementor-widget-divider\" data-id=\"051c19b\" data-element_type=\"widget\" data-e-type=\"widget\" data-widget_type=\"divider.default\">\n\t\t\t\t<div class=\"elementor-widget-container\">\n\t\t\t\t\t\t\t<div class=\"elementor-divider\">\n\t\t\t<span class=\"elementor-divider-separator\">\n\t\t\t\t\t\t<\/span>\n\t\t<\/div>\n\t\t\t\t\t\t<\/div>\n\t\t\t\t<\/div>\n\t\t\t\t<div class=\"elementor-element elementor-element-a1a43d2 elementor-widget elementor-widget-text-editor\" data-id=\"a1a43d2\" data-element_type=\"widget\" data-e-type=\"widget\" data-widget_type=\"text-editor.default\">\n\t\t\t\t<div class=\"elementor-widget-container\">\n\t\t\t\t\t\t\t\t\t<p>Do\u00e7. Dr. Taner Arsan<\/p>\n\t\t\t\t\t\t\t\t<\/div>\n\t\t\t\t<\/div>\n\t\t\t\t<div class=\"elementor-element elementor-element-18d9b1c elementor-widget elementor-widget-heading\" data-id=\"18d9b1c\" data-element_type=\"widget\" data-e-type=\"widget\" data-widget_type=\"heading.default\">\n\t\t\t\t<div class=\"elementor-widget-container\">\n\t\t\t\t\t<h2 class=\"elementor-heading-title elementor-size-default\">Proje Ekibi<\/h2>\t\t\t\t<\/div>\n\t\t\t\t<\/div>\n\t\t\t\t<div class=\"elementor-element elementor-element-6c4bc2e elementor-widget-divider--view-line elementor-widget elementor-widget-divider\" data-id=\"6c4bc2e\" data-element_type=\"widget\" data-e-type=\"widget\" data-widget_type=\"divider.default\">\n\t\t\t\t<div class=\"elementor-widget-container\">\n\t\t\t\t\t\t\t<div class=\"elementor-divider\">\n\t\t\t<span class=\"elementor-divider-separator\">\n\t\t\t\t\t\t<\/span>\n\t\t<\/div>\n\t\t\t\t\t\t<\/div>\n\t\t\t\t<\/div>\n\t\t\t\t<div class=\"elementor-element elementor-element-3c6c86e elementor-widget elementor-widget-text-editor\" data-id=\"3c6c86e\" data-element_type=\"widget\" data-e-type=\"widget\" data-widget_type=\"text-editor.default\">\n\t\t\t\t<div class=\"elementor-widget-container\">\n\t\t\t\t\t\t\t\t\t<ul><li>\u0130lktan Ar, PhD<\/li><li>H\u00fcseyin Fuat Alsan, PhD Candidate<\/li><li>Ali Kerem G\u00fcler, Graduate Student<\/li><li>Dima Alnahas, Graduate Student<\/li><li>Selin S\u00fcnnet\u00e7io\u011flu, Graduate Student<\/li><li>\u00dcmit \u015een, Undergrad Student<\/li><li>Yal\u0131n Evrim Ye\u015fil\u0131rmak, Undergrad Student<\/li><li>\u0130rem \u00d6zg\u00fcr Bayman, Undergrad Student<\/li><li>Nizamettin Taha Tana\u00e7ar, Undergrad Student<\/li><li>Batuhan Yaman, Undergrad Student<\/li><li>Sena K\u0131l\u0131n\u00e7, Undergrad Student<\/li><li>Aleyna S\u00f6ylemez, Undergrad Student<\/li><li>Melissa Kaya, Undergrad Student<\/li><\/ul>\t\t\t\t\t\t\t\t<\/div>\n\t\t\t\t<\/div>\n\t\t\t\t<div class=\"elementor-element elementor-element-e5f4536 elementor-widget elementor-widget-heading\" data-id=\"e5f4536\" data-element_type=\"widget\" data-e-type=\"widget\" data-widget_type=\"heading.default\">\n\t\t\t\t<div class=\"elementor-widget-container\">\n\t\t\t\t\t<h2 class=\"elementor-heading-title elementor-size-default\">Ara\u015ft\u0131rma Konusu <\/h2>\t\t\t\t<\/div>\n\t\t\t\t<\/div>\n\t\t\t\t<div class=\"elementor-element elementor-element-db6196f elementor-widget-divider--view-line elementor-widget elementor-widget-divider\" data-id=\"db6196f\" data-element_type=\"widget\" data-e-type=\"widget\" data-widget_type=\"divider.default\">\n\t\t\t\t<div class=\"elementor-widget-container\">\n\t\t\t\t\t\t\t<div class=\"elementor-divider\">\n\t\t\t<span class=\"elementor-divider-separator\">\n\t\t\t\t\t\t<\/span>\n\t\t<\/div>\n\t\t\t\t\t\t<\/div>\n\t\t\t\t<\/div>\n\t\t\t\t<div class=\"elementor-element elementor-element-c9b4cd9 elementor-widget elementor-widget-text-editor\" data-id=\"c9b4cd9\" data-element_type=\"widget\" data-e-type=\"widget\" data-widget_type=\"text-editor.default\">\n\t\t\t\t<div class=\"elementor-widget-container\">\n\t\t\t\t\t\t\t\t\t<p><b>Derin \u00d6\u011frenme ve Veri Bilimi Ara\u015ft\u0131rma Laboratuvar\u0131 <\/b><strong>(DLDS Lab)<\/strong>, nesne belirleme, insan poz tahmini, aktivite tan\u0131ma ve spor aktivitesi izleme, drone ve uydu g\u00f6r\u00fcnt\u00fc nesnesi belirleme, anomali belirleme ve kestirimci bak\u0131m dahil olmak \u00fczere derin \u00f6\u011frenme ve veri bilimi projelerinin geli\u015ftirilmesini ama\u00e7lamaktad\u0131r. DLDS Lab ayn\u0131 zamanda, Drone Nesne Belirleme Projesinin y\u00fcr\u00fct\u00fcc\u00fcs\u00fcd\u00fcr.<\/p>\n<p>\u015eehir M\u00fchendisli\u011fi Laboratuvar\u0131, ayn\u0131 zamanda DLDS Lab olarak kullan\u0131lmaktad\u0131r.<\/p>\n\t\t\t\t\t\t\t\t<\/div>\n\t\t\t\t<\/div>\n\t\t\t\t<div class=\"elementor-element elementor-element-01043f7 elementor-widget-divider--view-line elementor-widget elementor-widget-divider\" data-id=\"01043f7\" data-element_type=\"widget\" data-e-type=\"widget\" data-widget_type=\"divider.default\">\n\t\t\t\t<div class=\"elementor-widget-container\">\n\t\t\t\t\t\t\t<div class=\"elementor-divider\">\n\t\t\t<span class=\"elementor-divider-separator\">\n\t\t\t\t\t\t<\/span>\n\t\t<\/div>\n\t\t\t\t\t\t<\/div>\n\t\t\t\t<\/div>\n\t\t\t\t\t<\/div>\n\t\t\t\t<\/div>\n\t\t\t\t<\/div>\n\t\t","protected":false},"excerpt":{"rendered":"<p>Koordinat\u00f6r Do\u00e7. Dr. Taner Arsan Proje Ekibi \u0130lktan Ar, PhD H\u00fcseyin Fuat Alsan, PhD Candidate Ali Kerem G\u00fcler, Graduate Student Dima Alnahas, Graduate Student Selin S\u00fcnnet\u00e7io\u011flu, Graduate Student \u00dcmit \u015een, Undergrad Student Yal\u0131n Evrim Ye\u015fil\u0131rmak, Undergrad Student \u0130rem \u00d6zg\u00fcr Bayman, Undergrad Student Nizamettin Taha Tana\u00e7ar, Undergrad Student Batuhan Yaman, Undergrad Student Sena K\u0131l\u0131n\u00e7, Undergrad Student [&hellip;]<\/p>\n","protected":false},"author":2,"featured_media":0,"parent":0,"menu_order":0,"comment_status":"closed","ping_status":"closed","template":"","meta":{"slim_seo":{"title":"Cpe - Deep Learning and Data Science Research Lab (DLDS-LAB) - Kadir Has University","description":"Koordinat\u00f6r Do\u00e7. Dr. Taner Arsan Proje Ekibi \u0130lktan Ar, PhD H\u00fcseyin Fuat Alsan, PhD Candidate Ali Kerem G\u00fcler, Graduate Student Dima Alnahas, Graduate Student S"},"footnotes":""},"birimler":[73],"class_list":["post-8430","page","type-page","status-publish","hentry","birimler-cpe"],"_links":{"self":[{"href":"https:\/\/www.khas.edu.tr\/en\/wp-json\/wp\/v2\/pages\/8430","targetHints":{"allow":["GET"]}}],"collection":[{"href":"https:\/\/www.khas.edu.tr\/en\/wp-json\/wp\/v2\/pages"}],"about":[{"href":"https:\/\/www.khas.edu.tr\/en\/wp-json\/wp\/v2\/types\/page"}],"author":[{"embeddable":true,"href":"https:\/\/www.khas.edu.tr\/en\/wp-json\/wp\/v2\/users\/2"}],"replies":[{"embeddable":true,"href":"https:\/\/www.khas.edu.tr\/en\/wp-json\/wp\/v2\/comments?post=8430"}],"version-history":[{"count":8,"href":"https:\/\/www.khas.edu.tr\/en\/wp-json\/wp\/v2\/pages\/8430\/revisions"}],"predecessor-version":[{"id":38601,"href":"https:\/\/www.khas.edu.tr\/en\/wp-json\/wp\/v2\/pages\/8430\/revisions\/38601"}],"wp:attachment":[{"href":"https:\/\/www.khas.edu.tr\/en\/wp-json\/wp\/v2\/media?parent=8430"}],"wp:term":[{"taxonomy":"birimler","embeddable":true,"href":"https:\/\/www.khas.edu.tr\/en\/wp-json\/wp\/v2\/birimler?post=8430"}],"curies":[{"name":"wp","href":"https:\/\/api.w.org\/{rel}","templated":true}]}}