{"id":8386,"date":"2025-01-18T13:40:51","date_gmt":"2025-01-18T10:40:51","guid":{"rendered":"https:\/\/www.khas.edu.tr\/?page_id=8386"},"modified":"2025-01-18T13:40:52","modified_gmt":"2025-01-18T10:40:52","slug":"econ-swarm-coordination-research-group","status":"publish","type":"page","link":"https:\/\/www.khas.edu.tr\/en\/econ-swarm-coordination-research-group\/","title":{"rendered":"Econ &#8211; Swarm Coordination Research Group"},"content":{"rendered":"\t\t<div data-elementor-type=\"wp-page\" data-elementor-id=\"8386\" class=\"elementor elementor-8386 elementor-8381\">\n\t\t\t\t<div class=\"elementor-element elementor-element-77a58b1 e-flex e-con-boxed e-con e-parent\" data-id=\"77a58b1\" data-element_type=\"container\" data-e-type=\"container\">\n\t\t\t\t\t<div class=\"e-con-inner\">\n\t\t\t\t<div class=\"elementor-element elementor-element-f5f345a elementor-widget elementor-widget-heading\" data-id=\"f5f345a\" data-element_type=\"widget\" data-e-type=\"widget\" data-widget_type=\"heading.default\">\n\t\t\t\t<div class=\"elementor-widget-container\">\n\t\t\t\t\t<h2 class=\"elementor-heading-title elementor-size-default\">Koordinat\u00f6r<\/h2>\t\t\t\t<\/div>\n\t\t\t\t<\/div>\n\t\t\t\t<div class=\"elementor-element elementor-element-72a2a86 elementor-widget-divider--view-line elementor-widget elementor-widget-divider\" data-id=\"72a2a86\" data-element_type=\"widget\" data-e-type=\"widget\" data-widget_type=\"divider.default\">\n\t\t\t\t<div class=\"elementor-widget-container\">\n\t\t\t\t\t\t\t<div class=\"elementor-divider\">\n\t\t\t<span class=\"elementor-divider-separator\">\n\t\t\t\t\t\t<\/span>\n\t\t<\/div>\n\t\t\t\t\t\t<\/div>\n\t\t\t\t<\/div>\n\t\t\t\t<div class=\"elementor-element elementor-element-125aeb2 elementor-widget elementor-widget-text-editor\" data-id=\"125aeb2\" data-element_type=\"widget\" data-e-type=\"widget\" data-widget_type=\"text-editor.default\">\n\t\t\t\t<div class=\"elementor-widget-container\">\n\t\t\t\t\t\t\t\t\t<p>Prof. Dr. Feza Kerestecio\u011flu<\/p>\n\t\t\t\t\t\t\t\t<\/div>\n\t\t\t\t<\/div>\n\t\t\t\t<div class=\"elementor-element elementor-element-c52d7df elementor-widget elementor-widget-heading\" data-id=\"c52d7df\" data-element_type=\"widget\" data-e-type=\"widget\" data-widget_type=\"heading.default\">\n\t\t\t\t<div class=\"elementor-widget-container\">\n\t\t\t\t\t<h2 class=\"elementor-heading-title elementor-size-default\">Proje Ekibi<\/h2>\t\t\t\t<\/div>\n\t\t\t\t<\/div>\n\t\t\t\t<div class=\"elementor-element elementor-element-f4e856e elementor-widget-divider--view-line elementor-widget elementor-widget-divider\" data-id=\"f4e856e\" data-element_type=\"widget\" data-e-type=\"widget\" data-widget_type=\"divider.default\">\n\t\t\t\t<div class=\"elementor-widget-container\">\n\t\t\t\t\t\t\t<div class=\"elementor-divider\">\n\t\t\t<span class=\"elementor-divider-separator\">\n\t\t\t\t\t\t<\/span>\n\t\t<\/div>\n\t\t\t\t\t\t<\/div>\n\t\t\t\t<\/div>\n\t\t\t\t<div class=\"elementor-element elementor-element-9e71000 elementor-widget elementor-widget-text-editor\" data-id=\"9e71000\" data-element_type=\"widget\" data-e-type=\"widget\" data-widget_type=\"text-editor.default\">\n\t\t\t\t<div class=\"elementor-widget-container\">\n\t\t\t\t\t\t\t\t\t<ul>\n<li>\u00dcmit \u015een, lisans \u00f6\u011frencisi<\/li>\n<li>Ahmet G\u00f6ktekin, lisans \u00f6\u011frencisi<\/li>\n<li>\u00c7a\u011fr\u0131 I\u015f\u0131kver, lisans \u00f6\u011frencisi<\/li>\n<\/ul>\n\t\t\t\t\t\t\t\t<\/div>\n\t\t\t\t<\/div>\n\t\t\t\t<div class=\"elementor-element elementor-element-4735bfd elementor-widget elementor-widget-heading\" data-id=\"4735bfd\" data-element_type=\"widget\" data-e-type=\"widget\" data-widget_type=\"heading.default\">\n\t\t\t\t<div class=\"elementor-widget-container\">\n\t\t\t\t\t<h2 class=\"elementor-heading-title elementor-size-default\">Ara\u015ft\u0131rma Konusu <\/h2>\t\t\t\t<\/div>\n\t\t\t\t<\/div>\n\t\t\t\t<div class=\"elementor-element elementor-element-6be563b elementor-widget-divider--view-line elementor-widget elementor-widget-divider\" data-id=\"6be563b\" data-element_type=\"widget\" data-e-type=\"widget\" data-widget_type=\"divider.default\">\n\t\t\t\t<div class=\"elementor-widget-container\">\n\t\t\t\t\t\t\t<div class=\"elementor-divider\">\n\t\t\t<span class=\"elementor-divider-separator\">\n\t\t\t\t\t\t<\/span>\n\t\t<\/div>\n\t\t\t\t\t\t<\/div>\n\t\t\t\t<\/div>\n\t\t\t\t<div class=\"elementor-element elementor-element-598d74b elementor-widget elementor-widget-text-editor\" data-id=\"598d74b\" data-element_type=\"widget\" data-e-type=\"widget\" data-widget_type=\"text-editor.default\">\n\t\t\t\t<div class=\"elementor-widget-container\">\n\t\t\t\t\t\t\t\t\t<p>Grubun ara\u015ft\u0131rma konusu haberle\u015fmesiz robot s\u00fcr\u00fclerinde de\u011fi\u015fik formasyonlar\u0131n olu\u015fumunu ve denetimini sa\u011flayacak yerel stratejiler geli\u015ftirmektir. \u00d6zellikle yay ve daire formasyonlar\u0131 \u00fczerinde \u00e7al\u0131\u015f\u0131lmaktad\u0131r.<\/p>\n\t\t\t\t\t\t\t\t<\/div>\n\t\t\t\t<\/div>\n\t\t\t\t\t<\/div>\n\t\t\t\t<\/div>\n\t\t\t\t<\/div>\n\t\t","protected":false},"excerpt":{"rendered":"<p>Koordinat\u00f6r Prof. Dr. Feza Kerestecio\u011flu Proje Ekibi \u00dcmit \u015een, lisans \u00f6\u011frencisi Ahmet G\u00f6ktekin, lisans \u00f6\u011frencisi \u00c7a\u011fr\u0131 I\u015f\u0131kver, lisans \u00f6\u011frencisi Ara\u015ft\u0131rma Konusu Grubun ara\u015ft\u0131rma konusu haberle\u015fmesiz robot s\u00fcr\u00fclerinde de\u011fi\u015fik formasyonlar\u0131n olu\u015fumunu ve denetimini sa\u011flayacak yerel stratejiler geli\u015ftirmektir. \u00d6zellikle yay ve daire formasyonlar\u0131 \u00fczerinde \u00e7al\u0131\u015f\u0131lmaktad\u0131r.<\/p>\n","protected":false},"author":2,"featured_media":0,"parent":0,"menu_order":0,"comment_status":"closed","ping_status":"closed","template":"","meta":{"slim_seo":{"title":"Econ - Swarm Coordination Research Group - Kadir Has University","description":"Koordinat\u00f6r Prof. Dr. Feza Kerestecio\u011flu Proje Ekibi \u00dcmit \u015een, lisans \u00f6\u011frencisi Ahmet G\u00f6ktekin, lisans \u00f6\u011frencisi \u00c7a\u011fr\u0131 I\u015f\u0131kver, lisans \u00f6\u011frencisi Ara\u015ft\u0131rma Konus"},"footnotes":""},"birimler":[73],"class_list":["post-8386","page","type-page","status-publish","hentry","birimler-cpe"],"_links":{"self":[{"href":"https:\/\/www.khas.edu.tr\/en\/wp-json\/wp\/v2\/pages\/8386","targetHints":{"allow":["GET"]}}],"collection":[{"href":"https:\/\/www.khas.edu.tr\/en\/wp-json\/wp\/v2\/pages"}],"about":[{"href":"https:\/\/www.khas.edu.tr\/en\/wp-json\/wp\/v2\/types\/page"}],"author":[{"embeddable":true,"href":"https:\/\/www.khas.edu.tr\/en\/wp-json\/wp\/v2\/users\/2"}],"replies":[{"embeddable":true,"href":"https:\/\/www.khas.edu.tr\/en\/wp-json\/wp\/v2\/comments?post=8386"}],"version-history":[{"count":5,"href":"https:\/\/www.khas.edu.tr\/en\/wp-json\/wp\/v2\/pages\/8386\/revisions"}],"predecessor-version":[{"id":8438,"href":"https:\/\/www.khas.edu.tr\/en\/wp-json\/wp\/v2\/pages\/8386\/revisions\/8438"}],"wp:attachment":[{"href":"https:\/\/www.khas.edu.tr\/en\/wp-json\/wp\/v2\/media?parent=8386"}],"wp:term":[{"taxonomy":"birimler","embeddable":true,"href":"https:\/\/www.khas.edu.tr\/en\/wp-json\/wp\/v2\/birimler?post=8386"}],"curies":[{"name":"wp","href":"https:\/\/api.w.org\/{rel}","templated":true}]}}