{"id":8374,"date":"2025-01-30T11:30:43","date_gmt":"2025-01-30T08:30:43","guid":{"rendered":"https:\/\/www.khas.edu.tr\/?page_id=8374"},"modified":"2025-01-30T11:30:43","modified_gmt":"2025-01-30T08:30:43","slug":"psych-moral-intuitions-lab-the-mint-lab","status":"publish","type":"page","link":"https:\/\/www.khas.edu.tr\/en\/psych-moral-intuitions-lab-the-mint-lab\/","title":{"rendered":"Psych &#8211; Moral Intuitions Lab (the MINT Lab)"},"content":{"rendered":"\t\t<div data-elementor-type=\"wp-page\" data-elementor-id=\"8374\" class=\"elementor elementor-8374 elementor-8364\">\n\t\t\t\t<div class=\"elementor-element elementor-element-ebe176f e-flex e-con-boxed e-con e-parent\" data-id=\"ebe176f\" data-element_type=\"container\" data-e-type=\"container\">\n\t\t\t\t\t<div class=\"e-con-inner\">\n\t\t\t\t<div class=\"elementor-element elementor-element-b9244a7 elementor-widget elementor-widget-heading\" data-id=\"b9244a7\" data-element_type=\"widget\" data-e-type=\"widget\" data-widget_type=\"heading.default\">\n\t\t\t\t<div class=\"elementor-widget-container\">\n\t\t\t\t\t<h3 class=\"elementor-heading-title elementor-size-default\">Coordinator<\/h3>\t\t\t\t<\/div>\n\t\t\t\t<\/div>\n\t\t\t\t<div class=\"elementor-element elementor-element-d903abc elementor-widget-divider--view-line elementor-widget elementor-widget-divider\" data-id=\"d903abc\" data-element_type=\"widget\" data-e-type=\"widget\" data-widget_type=\"divider.default\">\n\t\t\t\t<div class=\"elementor-widget-container\">\n\t\t\t\t\t\t\t<div class=\"elementor-divider\">\n\t\t\t<span class=\"elementor-divider-separator\">\n\t\t\t\t\t\t<\/span>\n\t\t<\/div>\n\t\t\t\t\t\t<\/div>\n\t\t\t\t<\/div>\n\t\t\t\t<div class=\"elementor-element elementor-element-0b7f92b elementor-widget elementor-widget-text-editor\" data-id=\"0b7f92b\" data-element_type=\"widget\" data-e-type=\"widget\" data-widget_type=\"text-editor.default\">\n\t\t\t\t<div class=\"elementor-widget-container\">\n\t\t\t\t\t\t\t\t\t<p>Do\u00e7. Dr. Onurcan Y\u0131lmaz<\/p>\t\t\t\t\t\t\t\t<\/div>\n\t\t\t\t<\/div>\n\t\t\t\t<div class=\"elementor-element elementor-element-ff12088 elementor-widget elementor-widget-heading\" data-id=\"ff12088\" data-element_type=\"widget\" data-e-type=\"widget\" data-widget_type=\"heading.default\">\n\t\t\t\t<div class=\"elementor-widget-container\">\n\t\t\t\t\t<h3 class=\"elementor-heading-title elementor-size-default\">Project Team<\/h3>\t\t\t\t<\/div>\n\t\t\t\t<\/div>\n\t\t\t\t<div class=\"elementor-element elementor-element-bb957f9 elementor-widget-divider--view-line elementor-widget elementor-widget-divider\" data-id=\"bb957f9\" data-element_type=\"widget\" data-e-type=\"widget\" data-widget_type=\"divider.default\">\n\t\t\t\t<div class=\"elementor-widget-container\">\n\t\t\t\t\t\t\t<div class=\"elementor-divider\">\n\t\t\t<span class=\"elementor-divider-separator\">\n\t\t\t\t\t\t<\/span>\n\t\t<\/div>\n\t\t\t\t\t\t<\/div>\n\t\t\t\t<\/div>\n\t\t\t\t<div class=\"elementor-element elementor-element-321a507 elementor-widget elementor-widget-text-editor\" data-id=\"321a507\" data-element_type=\"widget\" data-e-type=\"widget\" data-widget_type=\"text-editor.default\">\n\t\t\t\t<div class=\"elementor-widget-container\">\n\t\t\t\t\t\t\t\t\t<p><strong>Asistanlar<\/strong><\/p><ul><li>Fatih Bayrak, PhD Candidate, Lab Manager<\/li><li>Bengi Aktar, Graduate Research Assistant<\/li><li>Berke Ayda\u015f, Phd Candidate, Project Coordinator<\/li><li>S. Bengisu Akkurt, Graduate Research Assistant<\/li><li>Do\u011fukan Demircio\u011flu, Graduate Reseach Assistant<\/li><li>Ensar Acem, Graduate Reseach Assistant<\/li><li>\u0130layda Velio\u011flu, Graduate Reseach Assistant<\/li><li>Melike Hocao\u011flu, Graduate Reseach Assistant<\/li><li>Vahdet S\u00fcmer, Graduate Reseach Assistant<\/li><li>F\u0131rat \u015eeker, Graduate Reseach Assistant<\/li><li>G\u00fclce G\u00fcnayd\u0131n, Graduate Reseach Assistant<\/li><li>Melih Varol, Graduate Reseach Assistant<\/li><\/ul><p><strong>\u00dcyeler<\/strong><\/p><ul><li>Hasan G. Bah\u00e7ekap\u0131l\u0131, PhD, Lab Member<\/li><li>Adil Sar\u0131bay, PhD, Lab Member<\/li><li>Sevim Cesur, PhD, Lab Member<\/li><li>Ozan \u0130\u015fler, PhD, Lab Member<\/li><li>Burak Do\u011fruyol, PhD, Lab Member<\/li><\/ul><p><strong>D\u0131\u015f \u00dcyeler<\/strong><\/p><ul><li>Diane Sunar, PhD, Affiliated Researcher<\/li><li>Mehmet Harma, PhD, Affiliated Researcher<\/li><li>Sinan Alpler, PhD, Affiliated Researcher<\/li><li>Beyza Tepe, PhD, Affiliated Researcher<\/li><li>P\u0131nar U\u011fuldar, PhD, Affiliated Researcher<\/li><li>Bar\u0131\u015f Sevi, PhD, Affiliated Researcher<\/li><\/ul>\t\t\t\t\t\t\t\t<\/div>\n\t\t\t\t<\/div>\n\t\t\t\t<div class=\"elementor-element elementor-element-5ec3d72 elementor-widget elementor-widget-heading\" data-id=\"5ec3d72\" data-element_type=\"widget\" data-e-type=\"widget\" data-widget_type=\"heading.default\">\n\t\t\t\t<div class=\"elementor-widget-container\">\n\t\t\t\t\t<h3 class=\"elementor-heading-title elementor-size-default\">Area of Research <\/h3>\t\t\t\t<\/div>\n\t\t\t\t<\/div>\n\t\t\t\t<div class=\"elementor-element elementor-element-558994c elementor-widget-divider--view-line elementor-widget elementor-widget-divider\" data-id=\"558994c\" data-element_type=\"widget\" data-e-type=\"widget\" data-widget_type=\"divider.default\">\n\t\t\t\t<div class=\"elementor-widget-container\">\n\t\t\t\t\t\t\t<div class=\"elementor-divider\">\n\t\t\t<span class=\"elementor-divider-separator\">\n\t\t\t\t\t\t<\/span>\n\t\t<\/div>\n\t\t\t\t\t\t<\/div>\n\t\t\t\t<\/div>\n\t\t\t\t<div class=\"elementor-element elementor-element-980a29e elementor-widget elementor-widget-text-editor\" data-id=\"980a29e\" data-element_type=\"widget\" data-e-type=\"widget\" data-widget_type=\"text-editor.default\">\n\t\t\t\t<div class=\"elementor-widget-container\">\n\t\t\t\t\t\t\t\t\t<p>MINT Lab, genel olarak ahlak, siyaset, din ve karar verme aras\u0131ndaki kesi\u015fimi incelemektedir. Daha spesifik olarak ise, bili\u015fsel bilim perspektifi kullanarak, sezgisel ve analitik karar verme s\u00fcre\u00e7lerinin \u00e7e\u015fitli inan\u00e7 sistemleri \u00fczerindeki etkileri hakk\u0131nda \u00e7al\u0131\u015fmaktad\u0131r. Ara\u015ft\u0131rma konular\u0131m\u0131z salt bunlarla s\u0131n\u0131rl\u0131 olmamak \u00fczere \u015fu konular\u0131 i\u00e7erir: ahlak\u0131n i\u00e7eri\u011fi, ahlaki yarg\u0131 ve davran\u0131\u015f\u0131n bili\u015fsel k\u00f6kenleri, kaynak k\u0131tl\u0131\u011f\u0131n\u0131n sonu\u00e7lar\u0131, ahlaki sezgilerin sonu\u00e7lar\u0131 ve ahlak ve din ili\u015fkisi&#8230;<\/p>\t\t\t\t\t\t\t\t<\/div>\n\t\t\t\t<\/div>\n\t\t\t\t<div class=\"elementor-element elementor-element-4fefcb6 elementor-widget elementor-widget-button\" data-id=\"4fefcb6\" data-element_type=\"widget\" data-e-type=\"widget\" data-widget_type=\"button.default\">\n\t\t\t\t<div class=\"elementor-widget-container\">\n\t\t\t\t\t\t\t\t\t<div class=\"elementor-button-wrapper\">\n\t\t\t\t\t<a class=\"elementor-button elementor-button-link elementor-size-sm\" href=\"https:\/\/www.moralintuitionslab.com\/\">\n\t\t\t\t\t\t<span class=\"elementor-button-content-wrapper\">\n\t\t\t\t\t\t\t\t\t<span class=\"elementor-button-text\">Visit Website<\/span>\n\t\t\t\t\t<\/span>\n\t\t\t\t\t<\/a>\n\t\t\t\t<\/div>\n\t\t\t\t\t\t\t\t<\/div>\n\t\t\t\t<\/div>\n\t\t\t\t<div class=\"elementor-element elementor-element-445bb56 e-grid-align-left elementor-shape-rounded elementor-grid-0 elementor-widget elementor-widget-social-icons\" data-id=\"445bb56\" data-element_type=\"widget\" data-e-type=\"widget\" data-widget_type=\"social-icons.default\">\n\t\t\t\t<div class=\"elementor-widget-container\">\n\t\t\t\t\t\t\t<div class=\"elementor-social-icons-wrapper elementor-grid\" role=\"list\">\n\t\t\t\t\t\t\t<span class=\"elementor-grid-item\" role=\"listitem\">\n\t\t\t\t\t<a class=\"elementor-icon elementor-social-icon elementor-social-icon-link elementor-repeater-item-2ced6cd\" href=\"https:\/\/www.psychologytoday.com\/intl\/blog\/moral-intuitions%20\" target=\"_blank\">\n\t\t\t\t\t\t<span class=\"elementor-screen-only\">Link<\/span>\n\t\t\t\t\t\t<svg aria-hidden=\"true\" class=\"e-font-icon-svg e-fas-link\" viewBox=\"0 0 512 512\" xmlns=\"http:\/\/www.w3.org\/2000\/svg\"><path d=\"M326.612 185.391c59.747 59.809 58.927 155.698.36 214.59-.11.12-.24.25-.36.37l-67.2 67.2c-59.27 59.27-155.699 59.262-214.96 0-59.27-59.26-59.27-155.7 0-214.96l37.106-37.106c9.84-9.84 26.786-3.3 27.294 10.606.648 17.722 3.826 35.527 9.69 52.721 1.986 5.822.567 12.262-3.783 16.612l-13.087 13.087c-28.026 28.026-28.905 73.66-1.155 101.96 28.024 28.579 74.086 28.749 102.325.51l67.2-67.19c28.191-28.191 28.073-73.757 0-101.83-3.701-3.694-7.429-6.564-10.341-8.569a16.037 16.037 0 0 1-6.947-12.606c-.396-10.567 3.348-21.456 11.698-29.806l21.054-21.055c5.521-5.521 14.182-6.199 20.584-1.731a152.482 152.482 0 0 1 20.522 17.197zM467.547 44.449c-59.261-59.262-155.69-59.27-214.96 0l-67.2 67.2c-.12.12-.25.25-.36.37-58.566 58.892-59.387 154.781.36 214.59a152.454 152.454 0 0 0 20.521 17.196c6.402 4.468 15.064 3.789 20.584-1.731l21.054-21.055c8.35-8.35 12.094-19.239 11.698-29.806a16.037 16.037 0 0 0-6.947-12.606c-2.912-2.005-6.64-4.875-10.341-8.569-28.073-28.073-28.191-73.639 0-101.83l67.2-67.19c28.239-28.239 74.3-28.069 102.325.51 27.75 28.3 26.872 73.934-1.155 101.96l-13.087 13.087c-4.35 4.35-5.769 10.79-3.783 16.612 5.864 17.194 9.042 34.999 9.69 52.721.509 13.906 17.454 20.446 27.294 10.606l37.106-37.106c59.271-59.259 59.271-155.699.001-214.959z\"><\/path><\/svg>\t\t\t\t\t<\/a>\n\t\t\t\t<\/span>\n\t\t\t\t\t\t\t<span class=\"elementor-grid-item\" role=\"listitem\">\n\t\t\t\t\t<a class=\"elementor-icon elementor-social-icon elementor-social-icon-twitter elementor-repeater-item-6cd6140\" href=\"https:\/\/twitter.com\/mint_lab\" target=\"_blank\">\n\t\t\t\t\t\t<span class=\"elementor-screen-only\">Twitter<\/span>\n\t\t\t\t\t\t<svg aria-hidden=\"true\" class=\"e-font-icon-svg e-fab-twitter\" viewBox=\"0 0 512 512\" xmlns=\"http:\/\/www.w3.org\/2000\/svg\"><path d=\"M459.37 151.716c.325 4.548.325 9.097.325 13.645 0 138.72-105.583 298.558-298.558 298.558-59.452 0-114.68-17.219-161.137-47.106 8.447.974 16.568 1.299 25.34 1.299 49.055 0 94.213-16.568 130.274-44.832-46.132-.975-84.792-31.188-98.112-72.772 6.498.974 12.995 1.624 19.818 1.624 9.421 0 18.843-1.3 27.614-3.573-48.081-9.747-84.143-51.98-84.143-102.985v-1.299c13.969 7.797 30.214 12.67 47.431 13.319-28.264-18.843-46.781-51.005-46.781-87.391 0-19.492 5.197-37.36 14.294-52.954 51.655 63.675 129.3 105.258 216.365 109.807-1.624-7.797-2.599-15.918-2.599-24.04 0-57.828 46.782-104.934 104.934-104.934 30.213 0 57.502 12.67 76.67 33.137 23.715-4.548 46.456-13.32 66.599-25.34-7.798 24.366-24.366 44.833-46.132 57.827 21.117-2.273 41.584-8.122 60.426-16.243-14.292 20.791-32.161 39.308-52.628 54.253z\"><\/path><\/svg>\t\t\t\t\t<\/a>\n\t\t\t\t<\/span>\n\t\t\t\t\t\t\t<span class=\"elementor-grid-item\" role=\"listitem\">\n\t\t\t\t\t<a class=\"elementor-icon elementor-social-icon elementor-social-icon-youtube elementor-repeater-item-2c3670d\" href=\"https:\/\/www.youtube.com\/channel\/UC4M8WKmd0MNmixb4vIQsIYw\" target=\"_blank\">\n\t\t\t\t\t\t<span class=\"elementor-screen-only\">Youtube<\/span>\n\t\t\t\t\t\t<svg aria-hidden=\"true\" class=\"e-font-icon-svg e-fab-youtube\" viewBox=\"0 0 576 512\" xmlns=\"http:\/\/www.w3.org\/2000\/svg\"><path d=\"M549.655 124.083c-6.281-23.65-24.787-42.276-48.284-48.597C458.781 64 288 64 288 64S117.22 64 74.629 75.486c-23.497 6.322-42.003 24.947-48.284 48.597-11.412 42.867-11.412 132.305-11.412 132.305s0 89.438 11.412 132.305c6.281 23.65 24.787 41.5 48.284 47.821C117.22 448 288 448 288 448s170.78 0 213.371-11.486c23.497-6.321 42.003-24.171 48.284-47.821 11.412-42.867 11.412-132.305 11.412-132.305s0-89.438-11.412-132.305zm-317.51 213.508V175.185l142.739 81.205-142.739 81.201z\"><\/path><\/svg>\t\t\t\t\t<\/a>\n\t\t\t\t<\/span>\n\t\t\t\t\t<\/div>\n\t\t\t\t\t\t<\/div>\n\t\t\t\t<\/div>\n\t\t\t\t<div class=\"elementor-element elementor-element-453e5ca elementor-widget elementor-widget-image\" data-id=\"453e5ca\" data-element_type=\"widget\" data-e-type=\"widget\" data-widget_type=\"image.default\">\n\t\t\t\t<div class=\"elementor-widget-container\">\n\t\t\t\t\t\t\t\t\t\t\t\t\t\t\t<img decoding=\"async\" width=\"100\" height=\"114\" src=\"https:\/\/www.khas.edu.tr\/wp-content\/uploads\/2025\/01\/logo-1.webp\" class=\"attachment-large size-large wp-image-8367\" alt=\"\" \/>\t\t\t\t\t\t\t\t\t\t\t\t\t\t\t<\/div>\n\t\t\t\t<\/div>\n\t\t\t\t\t<\/div>\n\t\t\t\t<\/div>\n\t\t\t\t<\/div>\n\t\t","protected":false},"excerpt":{"rendered":"<p>Coordinator Do\u00e7. Dr. Onurcan Y\u0131lmaz Project Team Asistanlar Fatih Bayrak, PhD Candidate, Lab Manager Bengi Aktar, Graduate Research Assistant Berke Ayda\u015f, Phd Candidate, Project Coordinator S. Bengisu Akkurt, Graduate Research Assistant Do\u011fukan Demircio\u011flu, Graduate Reseach Assistant Ensar Acem, Graduate Reseach Assistant \u0130layda Velio\u011flu, Graduate Reseach Assistant Melike Hocao\u011flu, Graduate Reseach Assistant Vahdet S\u00fcmer, Graduate Reseach [&hellip;]<\/p>\n","protected":false},"author":2,"featured_media":0,"parent":0,"menu_order":0,"comment_status":"closed","ping_status":"closed","template":"","meta":{"slim_seo":{"title":"Psych - Moral Intuitions Lab (the MINT Lab) - Kadir Has University","description":"Coordinator Do\u00e7. Dr. Onurcan Y\u0131lmaz Project Team Asistanlar Fatih Bayrak, PhD Candidate, Lab Manager Bengi Aktar, Graduate Research Assistant Berke Ayda\u015f, Phd C"},"footnotes":""},"birimler":[84],"class_list":["post-8374","page","type-page","status-publish","hentry","birimler-psych"],"_links":{"self":[{"href":"https:\/\/www.khas.edu.tr\/en\/wp-json\/wp\/v2\/pages\/8374","targetHints":{"allow":["GET"]}}],"collection":[{"href":"https:\/\/www.khas.edu.tr\/en\/wp-json\/wp\/v2\/pages"}],"about":[{"href":"https:\/\/www.khas.edu.tr\/en\/wp-json\/wp\/v2\/types\/page"}],"author":[{"embeddable":true,"href":"https:\/\/www.khas.edu.tr\/en\/wp-json\/wp\/v2\/users\/2"}],"replies":[{"embeddable":true,"href":"https:\/\/www.khas.edu.tr\/en\/wp-json\/wp\/v2\/comments?post=8374"}],"version-history":[{"count":4,"href":"https:\/\/www.khas.edu.tr\/en\/wp-json\/wp\/v2\/pages\/8374\/revisions"}],"predecessor-version":[{"id":8378,"href":"https:\/\/www.khas.edu.tr\/en\/wp-json\/wp\/v2\/pages\/8374\/revisions\/8378"}],"wp:attachment":[{"href":"https:\/\/www.khas.edu.tr\/en\/wp-json\/wp\/v2\/media?parent=8374"}],"wp:term":[{"taxonomy":"birimler","embeddable":true,"href":"https:\/\/www.khas.edu.tr\/en\/wp-json\/wp\/v2\/birimler?post=8374"}],"curies":[{"name":"wp","href":"https:\/\/api.w.org\/{rel}","templated":true}]}}