{"id":8354,"date":"2025-01-30T11:30:49","date_gmt":"2025-01-30T08:30:49","guid":{"rendered":"https:\/\/www.khas.edu.tr\/?page_id=8354"},"modified":"2025-01-30T11:30:49","modified_gmt":"2025-01-30T08:30:49","slug":"yesil_iz-climate-crises-and-european-green-deal-monitoring-center","status":"publish","type":"page","link":"https:\/\/www.khas.edu.tr\/en\/yesil_iz-climate-crises-and-european-green-deal-monitoring-center\/","title":{"rendered":"Ye\u015fil_\u0130z Climate Crises and European Green Deal Monitoring Center"},"content":{"rendered":"\t\t<div data-elementor-type=\"wp-page\" data-elementor-id=\"8354\" class=\"elementor elementor-8354 elementor-8326\">\n\t\t\t\t<div class=\"elementor-element elementor-element-5817c0e e-flex e-con-boxed e-con e-parent\" data-id=\"5817c0e\" data-element_type=\"container\" data-e-type=\"container\">\n\t\t\t\t\t<div class=\"e-con-inner\">\n\t\t\t\t<div class=\"elementor-element elementor-element-29afa67 elementor-widget elementor-widget-heading\" data-id=\"29afa67\" data-element_type=\"widget\" data-e-type=\"widget\" data-widget_type=\"heading.default\">\n\t\t\t\t<div class=\"elementor-widget-container\">\n\t\t\t\t\t<h3 class=\"elementor-heading-title elementor-size-default\">Coordinator<\/h3>\t\t\t\t<\/div>\n\t\t\t\t<\/div>\n\t\t\t\t<div class=\"elementor-element elementor-element-165e72a elementor-widget-divider--view-line elementor-widget elementor-widget-divider\" data-id=\"165e72a\" data-element_type=\"widget\" data-e-type=\"widget\" data-widget_type=\"divider.default\">\n\t\t\t\t<div class=\"elementor-widget-container\">\n\t\t\t\t\t\t\t<div class=\"elementor-divider\">\n\t\t\t<span class=\"elementor-divider-separator\">\n\t\t\t\t\t\t<\/span>\n\t\t<\/div>\n\t\t\t\t\t\t<\/div>\n\t\t\t\t<\/div>\n\t\t\t\t<div class=\"elementor-element elementor-element-fc40a3f elementor-widget elementor-widget-text-editor\" data-id=\"fc40a3f\" data-element_type=\"widget\" data-e-type=\"widget\" data-widget_type=\"text-editor.default\">\n\t\t\t\t<div class=\"elementor-widget-container\">\n\t\t\t\t\t\t\t\t\t<p>Prof. Dr. A. Erin\u00e7 Yeldan<\/p>\t\t\t\t\t\t\t\t<\/div>\n\t\t\t\t<\/div>\n\t\t\t\t<div class=\"elementor-element elementor-element-a84c4c4 elementor-widget elementor-widget-heading\" data-id=\"a84c4c4\" data-element_type=\"widget\" data-e-type=\"widget\" data-widget_type=\"heading.default\">\n\t\t\t\t<div class=\"elementor-widget-container\">\n\t\t\t\t\t<h3 class=\"elementor-heading-title elementor-size-default\">Project Team<\/h3>\t\t\t\t<\/div>\n\t\t\t\t<\/div>\n\t\t\t\t<div class=\"elementor-element elementor-element-d836c7f elementor-widget-divider--view-line elementor-widget elementor-widget-divider\" data-id=\"d836c7f\" data-element_type=\"widget\" data-e-type=\"widget\" data-widget_type=\"divider.default\">\n\t\t\t\t<div class=\"elementor-widget-container\">\n\t\t\t\t\t\t\t<div class=\"elementor-divider\">\n\t\t\t<span class=\"elementor-divider-separator\">\n\t\t\t\t\t\t<\/span>\n\t\t<\/div>\n\t\t\t\t\t\t<\/div>\n\t\t\t\t<\/div>\n\t\t\t\t<div class=\"elementor-element elementor-element-b0b7b42 elementor-widget elementor-widget-text-editor\" data-id=\"b0b7b42\" data-element_type=\"widget\" data-e-type=\"widget\" data-widget_type=\"text-editor.default\">\n\t\t\t\t<div class=\"elementor-widget-container\">\n\t\t\t\t\t\t\t\t\t<ul><li>Prof. Dr Ebru Voyvoda, Researcher<\/li><li>Assoc. Prof. Sevil Acar, Researcher<\/li><li>Assoc. Prof. Ahmet A. A\u015f\u0131c\u0131, Researcher<\/li><li>Dr. Ezgi \u00dcnsal, Researcher<\/li><li>Dr. Asl\u0131 Ayd\u0131n, KHAS Post-doc Researcher<\/li><li>Bahar \u00d6zay, Bo\u011fazi\u00e7i University PhD Student<\/li><li>S\u00fcmeyye Karabacak, KHAS MA Student<\/li><li>\u00c7a\u011fda\u015f Yal\u00e7\u0131nkaya, KHAS MA Student<\/li><li>Bing\u00fcl Sat\u0131o\u011flu, KHAS PhD Student<\/li><\/ul>\t\t\t\t\t\t\t\t<\/div>\n\t\t\t\t<\/div>\n\t\t\t\t<div class=\"elementor-element elementor-element-d0cc018 elementor-widget elementor-widget-heading\" data-id=\"d0cc018\" data-element_type=\"widget\" data-e-type=\"widget\" data-widget_type=\"heading.default\">\n\t\t\t\t<div class=\"elementor-widget-container\">\n\t\t\t\t\t<h3 class=\"elementor-heading-title elementor-size-default\">Ara\u015ft\u0131rma Konusu <\/h3>\t\t\t\t<\/div>\n\t\t\t\t<\/div>\n\t\t\t\t<div class=\"elementor-element elementor-element-92dd2ad elementor-widget-divider--view-line elementor-widget elementor-widget-divider\" data-id=\"92dd2ad\" data-element_type=\"widget\" data-e-type=\"widget\" data-widget_type=\"divider.default\">\n\t\t\t\t<div class=\"elementor-widget-container\">\n\t\t\t\t\t\t\t<div class=\"elementor-divider\">\n\t\t\t<span class=\"elementor-divider-separator\">\n\t\t\t\t\t\t<\/span>\n\t\t<\/div>\n\t\t\t\t\t\t<\/div>\n\t\t\t\t<\/div>\n\t\t\t\t<div class=\"elementor-element elementor-element-5fa5a0e elementor-widget elementor-widget-text-editor\" data-id=\"5fa5a0e\" data-element_type=\"widget\" data-e-type=\"widget\" data-widget_type=\"text-editor.default\">\n\t\t\t\t<div class=\"elementor-widget-container\">\n\t\t\t\t\t\t\t\t\t<p><span lang=\"EN-US\"><a href=\"https:\/\/yesiliz.khas.edu.tr\/\"><strong>Ye\u015fil_\u0130z Climate Crisis and European Green Deal Monitoring Center<\/strong><\/a> established under a T\u00dcB\u0130TAK project called \u201c<strong>European Green Deal: Threats and Opportunities for Turkey, Internationally Extensive and Dynamic General Balance Analysis<\/strong>\u201d coordinated by <strong>Prof. Dr. Alp Erin\u00e7 Yeldan<\/strong> from the Department of Economics.<\/span><\/p><p><span lang=\"EN-US\">This project supported by <strong>T\u00dcB\u0130TAK ARDEB 1001 Program<\/strong> will continue for three years. However, it is anticipated that the acceleration to be created by the project and, the findings planned to be obtained would bring the effects far beyond this schedule. Within the scope of this project, the <strong>Ye\u015fil_\u0130z Platform<\/strong> aims to:\u00a0<\/span><\/p><ul><li><span lang=\"EN-US\">Monitor the strategy of the European Green Deal (EGD) strategy and, the Carbon Border Adjustment Mechanism (CBAM) expected to be commissioned as the key element of this strategy within the historical development thereof;<\/span><\/li><li><span lang=\"EN-US\">Analyze the expected effects of the commodity chains to be created after the CBAM on the international job sharing of the EGD;<\/span><\/li><li><span lang=\"EN-US\">Examine the position of the Emerging Market Economies that are the competitors of Turkey in global economic competition and, carry out an analysis on the threats and opportunities that the Turkish industries may face during this global competition;<\/span><\/li><li><span lang=\"EN-US\">Monitor the medium-long term macroeconomic effects of the practices of the EGD and the CBAM on the whole of the Turkish economy;\u00a0<\/span><\/li><li><span lang=\"EN-US\">Discuss the possible adverse effects adaptation mechanisms to be created by the actions and policies of Turkey towards the EGD process on the growth and emission paths of the EU;<\/span><\/li><li><span lang=\"EN-US\">Study on the costs and potential benefits of the EGD on the Turkish financial businesses;<\/span><\/li><li><span lang=\"EN-US\">Highlight the urgency of the green transformation for the economy of Turkey with the engagement of all the respective stakeholders.<\/span><\/li><\/ul><p><span lang=\"EN-US\">The website of the <strong>Ye\u015fil_\u0130z Platform<\/strong>, which looks out for a future during which all the resources of our planet will be respected for a cleaner and more livable world aiming for reaching all individuals and corporations that wish to contribute in the light of science to a more fair fight against climate crisis, will be used as an open platform on which workshops and interviews with specialists at national and international level will be shared with public.<\/span><\/p>\t\t\t\t\t\t\t\t<\/div>\n\t\t\t\t<\/div>\n\t\t\t\t<div class=\"elementor-element elementor-element-48ce3c6 elementor-widget elementor-widget-button\" data-id=\"48ce3c6\" data-element_type=\"widget\" data-e-type=\"widget\" data-widget_type=\"button.default\">\n\t\t\t\t<div class=\"elementor-widget-container\">\n\t\t\t\t\t\t\t\t\t<div class=\"elementor-button-wrapper\">\n\t\t\t\t\t<a class=\"elementor-button elementor-button-link elementor-size-sm\" href=\"https:\/\/yesiliz.khas.edu.tr\">\n\t\t\t\t\t\t<span class=\"elementor-button-content-wrapper\">\n\t\t\t\t\t\t\t\t\t<span class=\"elementor-button-text\">Visit Website<\/span>\n\t\t\t\t\t<\/span>\n\t\t\t\t\t<\/a>\n\t\t\t\t<\/div>\n\t\t\t\t\t\t\t\t<\/div>\n\t\t\t\t<\/div>\n\t\t\t\t<div class=\"elementor-element elementor-element-f0a9824 e-grid-align-left elementor-shape-rounded elementor-grid-0 elementor-widget elementor-widget-social-icons\" data-id=\"f0a9824\" data-element_type=\"widget\" data-e-type=\"widget\" data-widget_type=\"social-icons.default\">\n\t\t\t\t<div class=\"elementor-widget-container\">\n\t\t\t\t\t\t\t<div class=\"elementor-social-icons-wrapper elementor-grid\">\n\t\t\t\t\t\t\t<span class=\"elementor-grid-item\">\n\t\t\t\t\t<a class=\"elementor-icon elementor-social-icon elementor-social-icon-twitter elementor-repeater-item-e70deda\" href=\"https:\/\/twitter.com\/iz_yesil%20\" target=\"_blank\">\n\t\t\t\t\t\t<span class=\"elementor-screen-only\">Twitter<\/span>\n\t\t\t\t\t\t<svg aria-hidden=\"true\" class=\"e-font-icon-svg e-fab-twitter\" viewBox=\"0 0 512 512\" xmlns=\"http:\/\/www.w3.org\/2000\/svg\"><path d=\"M459.37 151.716c.325 4.548.325 9.097.325 13.645 0 138.72-105.583 298.558-298.558 298.558-59.452 0-114.68-17.219-161.137-47.106 8.447.974 16.568 1.299 25.34 1.299 49.055 0 94.213-16.568 130.274-44.832-46.132-.975-84.792-31.188-98.112-72.772 6.498.974 12.995 1.624 19.818 1.624 9.421 0 18.843-1.3 27.614-3.573-48.081-9.747-84.143-51.98-84.143-102.985v-1.299c13.969 7.797 30.214 12.67 47.431 13.319-28.264-18.843-46.781-51.005-46.781-87.391 0-19.492 5.197-37.36 14.294-52.954 51.655 63.675 129.3 105.258 216.365 109.807-1.624-7.797-2.599-15.918-2.599-24.04 0-57.828 46.782-104.934 104.934-104.934 30.213 0 57.502 12.67 76.67 33.137 23.715-4.548 46.456-13.32 66.599-25.34-7.798 24.366-24.366 44.833-46.132 57.827 21.117-2.273 41.584-8.122 60.426-16.243-14.292 20.791-32.161 39.308-52.628 54.253z\"><\/path><\/svg>\t\t\t\t\t<\/a>\n\t\t\t\t<\/span>\n\t\t\t\t\t<\/div>\n\t\t\t\t\t\t<\/div>\n\t\t\t\t<\/div>\n\t\t\t\t<div class=\"elementor-element elementor-element-d397fae elementor-widget elementor-widget-image\" data-id=\"d397fae\" data-element_type=\"widget\" data-e-type=\"widget\" data-widget_type=\"image.default\">\n\t\t\t\t<div class=\"elementor-widget-container\">\n\t\t\t\t\t\t\t\t\t\t\t\t\t\t\t<img decoding=\"async\" width=\"300\" height=\"106\" src=\"https:\/\/www.khas.edu.tr\/wp-content\/uploads\/2025\/01\/yesiliz-logo-300x106.png\" class=\"attachment-medium size-medium wp-image-8329\" alt=\"\" srcset=\"https:\/\/www.khas.edu.tr\/wp-content\/uploads\/2025\/01\/yesiliz-logo-300x106.png 300w, https:\/\/www.khas.edu.tr\/wp-content\/uploads\/2025\/01\/yesiliz-logo.png 502w\" sizes=\"(max-width: 300px) 100vw, 300px\" \/>\t\t\t\t\t\t\t\t\t\t\t\t\t\t\t<\/div>\n\t\t\t\t<\/div>\n\t\t\t\t\t<\/div>\n\t\t\t\t<\/div>\n\t\t\t\t<\/div>\n\t\t","protected":false},"excerpt":{"rendered":"<p>Coordinator Prof. Dr. A. Erin\u00e7 Yeldan Project Team Prof. Dr Ebru Voyvoda, Researcher Assoc. Prof. Sevil Acar, Researcher Assoc. Prof. Ahmet A. A\u015f\u0131c\u0131, Researcher Dr. Ezgi \u00dcnsal, Researcher Dr. Asl\u0131 Ayd\u0131n, KHAS Post-doc Researcher Bahar \u00d6zay, Bo\u011fazi\u00e7i University PhD Student S\u00fcmeyye Karabacak, KHAS MA Student \u00c7a\u011fda\u015f Yal\u00e7\u0131nkaya, KHAS MA Student Bing\u00fcl Sat\u0131o\u011flu, KHAS PhD Student [&hellip;]<\/p>\n","protected":false},"author":2,"featured_media":0,"parent":0,"menu_order":0,"comment_status":"closed","ping_status":"closed","template":"","meta":{"slim_seo":{"title":"Ye\u015fil_\u0130z Climate Crises and European Green Deal Monitoring Center - Kadir Has University","description":"Coordinator Prof. Dr. A. Erin\u00e7 Yeldan Project Team Prof. Dr Ebru Voyvoda, Researcher Assoc. Prof. Sevil Acar, Researcher Assoc. Prof. Ahmet A. A\u015f\u0131c\u0131, Researcher"},"footnotes":""},"birimler":[86],"class_list":["post-8354","page","type-page","status-publish","hentry","birimler-econ"],"_links":{"self":[{"href":"https:\/\/www.khas.edu.tr\/en\/wp-json\/wp\/v2\/pages\/8354","targetHints":{"allow":["GET"]}}],"collection":[{"href":"https:\/\/www.khas.edu.tr\/en\/wp-json\/wp\/v2\/pages"}],"about":[{"href":"https:\/\/www.khas.edu.tr\/en\/wp-json\/wp\/v2\/types\/page"}],"author":[{"embeddable":true,"href":"https:\/\/www.khas.edu.tr\/en\/wp-json\/wp\/v2\/users\/2"}],"replies":[{"embeddable":true,"href":"https:\/\/www.khas.edu.tr\/en\/wp-json\/wp\/v2\/comments?post=8354"}],"version-history":[{"count":4,"href":"https:\/\/www.khas.edu.tr\/en\/wp-json\/wp\/v2\/pages\/8354\/revisions"}],"predecessor-version":[{"id":8358,"href":"https:\/\/www.khas.edu.tr\/en\/wp-json\/wp\/v2\/pages\/8354\/revisions\/8358"}],"wp:attachment":[{"href":"https:\/\/www.khas.edu.tr\/en\/wp-json\/wp\/v2\/media?parent=8354"}],"wp:term":[{"taxonomy":"birimler","embeddable":true,"href":"https:\/\/www.khas.edu.tr\/en\/wp-json\/wp\/v2\/birimler?post=8354"}],"curies":[{"name":"wp","href":"https:\/\/api.w.org\/{rel}","templated":true}]}}