{"id":8278,"date":"2025-01-30T11:32:38","date_gmt":"2025-01-30T08:32:38","guid":{"rendered":"https:\/\/www.khas.edu.tr\/?page_id=8278"},"modified":"2025-06-18T14:46:02","modified_gmt":"2025-06-18T11:46:02","slug":"psych-awards-and-achievements","status":"publish","type":"page","link":"https:\/\/www.khas.edu.tr\/en\/psych-awards-and-achievements\/","title":{"rendered":"Awards and Achievements"},"content":{"rendered":"\t\t<div data-elementor-type=\"wp-page\" data-elementor-id=\"8278\" class=\"elementor elementor-8278 elementor-7819\">\n\t\t\t\t<div class=\"elementor-element elementor-element-4d64fd8 e-flex e-con-boxed e-con e-parent\" data-id=\"4d64fd8\" data-element_type=\"container\" data-e-type=\"container\">\n\t\t\t\t\t<div class=\"e-con-inner\">\n\t\t\t\t<div class=\"elementor-element elementor-element-1cbf2f9 elementor-widget elementor-widget-text-editor\" data-id=\"1cbf2f9\" data-element_type=\"widget\" data-e-type=\"widget\" data-widget_type=\"text-editor.default\">\n\t\t\t\t<div class=\"elementor-widget-container\">\n\t\t\t\t\t\t\t\t\t<figure class=\"wp-block-table\">\n    <table style=\"width: 100%; border-collapse: collapse; border: 1px solid #d3d3d3;\">\n        <tbody>\n            <tr>\n                <td style=\"border: 1px solid #d3d3d3; padding: 8px; text-align: left;\">Onurcan Y\u0131lmaz<\/td>\n                <td style=\"border: 1px solid #d3d3d3; padding: 8px; text-align: left;\">En \u0130yi Gen\u00e7 Bilim \u0130nsan\u0131 \u00d6d\u00fcl\u00fc (BAGEP)<\/td>\n                <td style=\"border: 1px solid #d3d3d3; padding: 8px; text-align: left;\">2021-2023<\/td>\n            <\/tr>\n            <tr>\n                <td style=\"border: 1px solid #d3d3d3; padding: 8px; text-align: left;\">Onurcan Y\u0131lmaz<\/td>\n                <td style=\"border: 1px solid #d3d3d3; padding: 8px; text-align: left;\">T\u00dcB\u0130TAK 2211 Lisans\u00fcst\u00fc Doktora Bursu<\/td>\n                <td style=\"border: 1px solid #d3d3d3; padding: 8px; text-align: left;\">2017-2019<\/td>\n            <\/tr>\n            <tr>\n                <td style=\"border: 1px solid #d3d3d3; padding: 8px; text-align: left;\">Sezin \u00d6ner Yaman<\/td>\n                <td style=\"border: 1px solid #d3d3d3; padding: 8px; text-align: left;\">T\u00dcB\u0130TAK 2211 Doktora \u00d6\u011frencileri Ulusal Bursu<\/td>\n                <td style=\"border: 1px solid #d3d3d3; padding: 8px; text-align: left;\">2014-2016<\/td>\n            <\/tr>\n            <tr>\n                <td style=\"border: 1px solid #d3d3d3; padding: 8px; text-align: left;\">Berna Uzunda\u011f<\/td>\n                <td style=\"border: 1px solid #d3d3d3; padding: 8px; text-align: left;\">Outstanding Academic Achievement Scholarship, Ko\u00e7 University<\/td>\n                <td style=\"border: 1px solid #d3d3d3; padding: 8px; text-align: left;\">2013-2017<\/td>\n            <\/tr>\n            <tr>\n                <td style=\"border: 1px solid #d3d3d3; padding: 8px; text-align: left;\">Onurcan Y\u0131lmaz<\/td>\n                <td style=\"border: 1px solid #d3d3d3; padding: 8px; text-align: left;\">Sak\u0131p Sabanc\u0131 Uluslararas\u0131 Ara\u015ft\u0131rma \u00d6d\u00fcl\u00fc<\/td>\n                <td style=\"border: 1px solid #d3d3d3; padding: 8px; text-align: left;\">2021<\/td>\n            <\/tr>\n            <tr>\n                <td style=\"border: 1px solid #d3d3d3; padding: 8px; text-align: left;\">Onurcan Y\u0131lmaz<\/td>\n                <td style=\"border: 1px solid #d3d3d3; padding: 8px; text-align: left;\">Kadir Has \u00dcniversitesi \u00dcst\u00fcn Performans \u00d6d\u00fcl\u00fc<\/td>\n                <td style=\"border: 1px solid #d3d3d3; padding: 8px; text-align: left;\">2020<\/td>\n            <\/tr>\n            <tr>\n                <td style=\"border: 1px solid #d3d3d3; padding: 8px; text-align: left;\">Onurcan Y\u0131lmaz<\/td>\n                <td style=\"border: 1px solid #d3d3d3; padding: 8px; text-align: left;\">European Conference on Personality (ECP) Graduate Student Award<\/td>\n                <td style=\"border: 1px solid #d3d3d3; padding: 8px; text-align: left;\">2018<\/td>\n            <\/tr>\n            <tr>\n                <td style=\"border: 1px solid #d3d3d3; padding: 8px; text-align: left;\">Berna Uzunda\u011f<\/td>\n                <td style=\"border: 1px solid #d3d3d3; padding: 8px; text-align: left;\">The European Association for Developmental Psychology Travel Fellowship<\/td>\n                <td style=\"border: 1px solid #d3d3d3; padding: 8px; text-align: left;\">2017<\/td>\n            <\/tr>\n            <tr>\n                <td style=\"border: 1px solid #d3d3d3; padding: 8px; text-align: left;\">Sezin \u00d6ner Yaman<\/td>\n                <td style=\"border: 1px solid #d3d3d3; padding: 8px; text-align: left;\">T\u00dcB\u0130TAK 2214 Ara\u015ft\u0131rma De\u011fi\u015fim Burslar\u0131 (Duke \u00dcniversitesi)<\/td>\n                <td style=\"border: 1px solid #d3d3d3; padding: 8px; text-align: left;\">2015<\/td>\n            <\/tr>\n            <tr>\n                <td style=\"border: 1px solid #d3d3d3; padding: 8px; text-align: left;\">Onurcan Y\u0131lmaz<\/td>\n                <td style=\"border: 1px solid #d3d3d3; padding: 8px; text-align: left;\">En \u0130yi Sunum \u00d6d\u00fcl\u00fc (19. Ulusal Psikoloji \u00d6\u011frencileri Kongresi)<\/td>\n                <td style=\"border: 1px solid #d3d3d3; padding: 8px; text-align: left;\">2014<\/td>\n            <\/tr>\n            <tr>\n                <td style=\"border: 1px solid #d3d3d3; padding: 8px; text-align: left;\">Onurcan Y\u0131lmaz<\/td>\n                <td style=\"border: 1px solid #d3d3d3; padding: 8px; text-align: left;\">Muzaffer \u015eerif En \u0130yi S\u00f6zel Bildiri \u00d6d\u00fcl\u00fc (17. Ulusal Psikoloji \u00d6\u011frencileri Kongresi)<\/td>\n                <td style=\"border: 1px solid #d3d3d3; padding: 8px; text-align: left;\">2012<\/td>\n            <\/tr>\n            <tr>\n                <td style=\"border: 1px solid #d3d3d3; padding: 8px; text-align: left;\">Onurcan Y\u0131lmaz<\/td>\n                <td style=\"border: 1px solid #d3d3d3; padding: 8px; text-align: left;\">Psikoloji Lisans, Y\u00fcksek Onur Derecesi (magna cum laude)<\/td>\n                <td style=\"border: 1px solid #d3d3d3; padding: 8px; text-align: left;\">2012<\/td>\n            <\/tr>\n            <tr>\n                <td style=\"border: 1px solid #d3d3d3; padding: 8px; text-align: left;\">Asl\u0131 \u00c7arko\u011flu<\/td>\n                <td style=\"border: 1px solid #d3d3d3; padding: 8px; text-align: left;\">Johns Hopkins \u00dcniversitesi K\u00fcresel T\u00fct\u00fcn Kontrol Enstit\u00fcs\u00fc T\u00fct\u00fcn Kontrol Liderleri E\u011fitim Bursu<\/td>\n                <td style=\"border: 1px solid #d3d3d3; padding: 8px; text-align: left;\">2006<\/td>\n            <\/tr>\n            <tr>\n                <td style=\"border: 1px solid #d3d3d3; padding: 8px; text-align: left;\">Asl\u0131 \u00c7arko\u011flu<\/td>\n                <td style=\"border: 1px solid #d3d3d3; padding: 8px; text-align: left;\">Robert Wood Johnson Vakf\u0131 Doktora Sonras\u0131 Ara\u015ft\u0131rmac\u0131 Bursu<\/td>\n                <td style=\"border: 1px solid #d3d3d3; padding: 8px; text-align: left;\">2004<\/td>\n            <\/tr>\n        <\/tbody>\n    <\/table>\n<\/figure>\n\t\t\t\t\t\t\t\t<\/div>\n\t\t\t\t<\/div>\n\t\t\t\t\t<\/div>\n\t\t\t\t<\/div>\n\t\t\t\t<\/div>\n\t\t","protected":false},"excerpt":{"rendered":"","protected":false},"author":2,"featured_media":0,"parent":0,"menu_order":0,"comment_status":"closed","ping_status":"closed","template":"","meta":{"slim_seo":{"title":"Awards and Achievements - Kadir Has University","description":""},"footnotes":""},"birimler":[84],"class_list":["post-8278","page","type-page","status-publish","hentry","birimler-psych"],"_links":{"self":[{"href":"https:\/\/www.khas.edu.tr\/en\/wp-json\/wp\/v2\/pages\/8278","targetHints":{"allow":["GET"]}}],"collection":[{"href":"https:\/\/www.khas.edu.tr\/en\/wp-json\/wp\/v2\/pages"}],"about":[{"href":"https:\/\/www.khas.edu.tr\/en\/wp-json\/wp\/v2\/types\/page"}],"author":[{"embeddable":true,"href":"https:\/\/www.khas.edu.tr\/en\/wp-json\/wp\/v2\/users\/2"}],"replies":[{"embeddable":true,"href":"https:\/\/www.khas.edu.tr\/en\/wp-json\/wp\/v2\/comments?post=8278"}],"version-history":[{"count":2,"href":"https:\/\/www.khas.edu.tr\/en\/wp-json\/wp\/v2\/pages\/8278\/revisions"}],"predecessor-version":[{"id":23681,"href":"https:\/\/www.khas.edu.tr\/en\/wp-json\/wp\/v2\/pages\/8278\/revisions\/23681"}],"wp:attachment":[{"href":"https:\/\/www.khas.edu.tr\/en\/wp-json\/wp\/v2\/media?parent=8278"}],"wp:term":[{"taxonomy":"birimler","embeddable":true,"href":"https:\/\/www.khas.edu.tr\/en\/wp-json\/wp\/v2\/birimler?post=8278"}],"curies":[{"name":"wp","href":"https:\/\/api.w.org\/{rel}","templated":true}]}}