{"id":7781,"date":"2025-01-20T11:58:54","date_gmt":"2025-01-20T08:58:54","guid":{"rendered":"https:\/\/www.khas.edu.tr\/?page_id=7781"},"modified":"2025-01-30T13:50:06","modified_gmt":"2025-01-30T10:50:06","slug":"econ-our-graduates","status":"publish","type":"page","link":"https:\/\/www.khas.edu.tr\/en\/econ-our-graduates\/","title":{"rendered":"Econ &#8211; Our Graduates"},"content":{"rendered":"\t\t<div data-elementor-type=\"wp-page\" data-elementor-id=\"7781\" class=\"elementor elementor-7781 elementor-7776\">\n\t\t\t\t<div class=\"elementor-element elementor-element-1a90143 e-flex e-con-boxed e-con e-parent\" data-id=\"1a90143\" data-element_type=\"container\" data-e-type=\"container\">\n\t\t\t\t\t<div class=\"e-con-inner\">\n\t\t\t\t<div class=\"elementor-element elementor-element-dd1b381 elementor-widget elementor-widget-heading\" data-id=\"dd1b381\" data-element_type=\"widget\" data-e-type=\"widget\" data-widget_type=\"heading.default\">\n\t\t\t\t<div class=\"elementor-widget-container\">\n\t\t\t\t\t<h3 class=\"elementor-heading-title elementor-size-default\">Mezunlar\u0131m\u0131z\u0131n \u00c7al\u0131\u015ft\u0131\u011f\u0131 Kurumlardan Baz\u0131lar\u0131<\/h3>\t\t\t\t<\/div>\n\t\t\t\t<\/div>\n\t\t\t\t<div class=\"elementor-element elementor-element-cf79701 elementor-widget elementor-widget-text-editor\" data-id=\"cf79701\" data-element_type=\"widget\" data-e-type=\"widget\" data-widget_type=\"text-editor.default\">\n\t\t\t\t<div class=\"elementor-widget-container\">\n\t\t\t\t\t\t\t\t\t<p>\u0130\u015f Yat\u0131r\u0131m, Finansbank, Garanti Bankas\u0131, \u015eekerbank, Yap\u0131 Kredi, Akbank, Kuveyt T\u00fcrk, THY, Deloitte, UNDP, IDEMA, Nestle, PwC, Hilton, Efes Pilsen, Y\u0131ld\u0131z Holding, Huawei Technologies, Deutsche Securities Menkul De\u011ferler A.\u015e., EnerjiSa, Aksigorta, Anadolu Hayat Emeklilik, Ar\u00e7elik, G\u00fcne\u015f Sigorta, T\u00fcrk Telekom, DHL Express Turkey, UPS, \u015ei\u015fecam, Decathlon<\/p>\n\t\t\t\t\t\t\t\t<\/div>\n\t\t\t\t<\/div>\n\t\t\t\t<div class=\"elementor-element elementor-element-34c3e4f elementor-widget elementor-widget-heading\" data-id=\"34c3e4f\" data-element_type=\"widget\" data-e-type=\"widget\" data-widget_type=\"heading.default\">\n\t\t\t\t<div class=\"elementor-widget-container\">\n\t\t\t\t\t<h3 class=\"elementor-heading-title elementor-size-default\">Akademik Kariyerine Devam Eden Mezunlar\u0131m\u0131z\u0131n G\u00f6rev Yapt\u0131\u011f\u0131 Kurumlar<\/h3>\t\t\t\t<\/div>\n\t\t\t\t<\/div>\n\t\t\t\t<div class=\"elementor-element elementor-element-1f66691 elementor-widget elementor-widget-text-editor\" data-id=\"1f66691\" data-element_type=\"widget\" data-e-type=\"widget\" data-widget_type=\"text-editor.default\">\n\t\t\t\t<div class=\"elementor-widget-container\">\n\t\t\t\t\t\t\t\t\t<p><span style=\"color: #7a7a7a;\">Beykent \u00dcniversitesi, University of Arizona, \u0130stanbul \u00dcniversitesi \u0130ktisat Fak\u00fcltesi (Maliye)<\/span><\/p>\n\t\t\t\t\t\t\t\t<\/div>\n\t\t\t\t<\/div>\n\t\t\t\t<div class=\"elementor-element elementor-element-5ee13c6 elementor-widget elementor-widget-heading\" data-id=\"5ee13c6\" data-element_type=\"widget\" data-e-type=\"widget\" data-widget_type=\"heading.default\">\n\t\t\t\t<div class=\"elementor-widget-container\">\n\t\t\t\t\t<h3 class=\"elementor-heading-title elementor-size-default\">Y\u00fcksek Lisans ve Doktora E\u011fitimlerine Devam Eden Mezunlar\u0131m\u0131z\u0131n Okullar\u0131<\/h3>\t\t\t\t<\/div>\n\t\t\t\t<\/div>\n\t\t\t\t<div class=\"elementor-element elementor-element-32310cf elementor-widget elementor-widget-text-editor\" data-id=\"32310cf\" data-element_type=\"widget\" data-e-type=\"widget\" data-widget_type=\"text-editor.default\">\n\t\t\t\t<div class=\"elementor-widget-container\">\n\t\t\t\t\t\t\t\t\t<p>The George Washington University, Bah\u00e7e\u015fehir \u00dcniversitesi (MBA), London School of Economics, Marmara \u00dcniversitesi (MBA), University of Texas El Paso (PhD), Laboratoire d&#8217;Analyse et de Prospectives, \u00c9conomiques (PhD), \u0130bn Haldun \u00dcniversitesi (Ekonomi MA), Kadir Has \u00dcniversitesi (Ekonomi MA, Ekonomi PhD, \u0130\u015fletme MA)<\/p>\n\t\t\t\t\t\t\t\t<\/div>\n\t\t\t\t<\/div>\n\t\t\t\t\t<\/div>\n\t\t\t\t<\/div>\n\t\t<div class=\"elementor-element elementor-element-093ee97 e-flex e-con-boxed e-con e-parent\" data-id=\"093ee97\" data-element_type=\"container\" data-e-type=\"container\">\n\t\t\t\t\t<div class=\"e-con-inner\">\n\t\t\t\t<div class=\"elementor-element elementor-element-3acfe51 elementor-widget elementor-widget-video\" data-id=\"3acfe51\" data-element_type=\"widget\" data-e-type=\"widget\" data-settings=\"{&quot;youtube_url&quot;:&quot;https:\\\/\\\/youtu.be\\\/f09q3nI-3yE&quot;,&quot;video_type&quot;:&quot;youtube&quot;,&quot;controls&quot;:&quot;yes&quot;}\" data-widget_type=\"video.default\">\n\t\t\t\t<div class=\"elementor-widget-container\">\n\t\t\t\t\t\t\t<div class=\"elementor-wrapper elementor-open-inline\">\n\t\t\t<div class=\"elementor-video\"><\/div>\t\t<\/div>\n\t\t\t\t\t\t<\/div>\n\t\t\t\t<\/div>\n\t\t\t\t\t<\/div>\n\t\t\t\t<\/div>\n\t\t\t\t<\/div>\n\t\t","protected":false},"excerpt":{"rendered":"<p>Mezunlar\u0131m\u0131z\u0131n \u00c7al\u0131\u015ft\u0131\u011f\u0131 Kurumlardan Baz\u0131lar\u0131 \u0130\u015f Yat\u0131r\u0131m, Finansbank, Garanti Bankas\u0131, \u015eekerbank, Yap\u0131 Kredi, Akbank, Kuveyt T\u00fcrk, THY, Deloitte, UNDP, IDEMA, Nestle, PwC, Hilton, Efes Pilsen, Y\u0131ld\u0131z Holding, Huawei Technologies, Deutsche Securities Menkul De\u011ferler A.\u015e., EnerjiSa, Aksigorta, Anadolu Hayat Emeklilik, Ar\u00e7elik, G\u00fcne\u015f Sigorta, T\u00fcrk Telekom, DHL Express Turkey, UPS, \u015ei\u015fecam, Decathlon Akademik Kariyerine Devam Eden Mezunlar\u0131m\u0131z\u0131n G\u00f6rev [&hellip;]<\/p>\n","protected":false},"author":2,"featured_media":0,"parent":0,"menu_order":0,"comment_status":"closed","ping_status":"closed","template":"","meta":{"slim_seo":{"title":"Econ - Our Graduates - Kadir Has University","description":"Mezunlar\u0131m\u0131z\u0131n \u00c7al\u0131\u015ft\u0131\u011f\u0131 Kurumlardan Baz\u0131lar\u0131 \u0130\u015f Yat\u0131r\u0131m, Finansbank, Garanti Bankas\u0131, \u015eekerbank, Yap\u0131 Kredi, Akbank, Kuveyt T\u00fcrk, THY, Deloitte, UNDP, IDEMA, N"},"footnotes":""},"birimler":[86,40],"class_list":["post-7781","page","type-page","status-publish","hentry","birimler-econ","birimler-ekonomi"],"_links":{"self":[{"href":"https:\/\/www.khas.edu.tr\/en\/wp-json\/wp\/v2\/pages\/7781","targetHints":{"allow":["GET"]}}],"collection":[{"href":"https:\/\/www.khas.edu.tr\/en\/wp-json\/wp\/v2\/pages"}],"about":[{"href":"https:\/\/www.khas.edu.tr\/en\/wp-json\/wp\/v2\/types\/page"}],"author":[{"embeddable":true,"href":"https:\/\/www.khas.edu.tr\/en\/wp-json\/wp\/v2\/users\/2"}],"replies":[{"embeddable":true,"href":"https:\/\/www.khas.edu.tr\/en\/wp-json\/wp\/v2\/comments?post=7781"}],"version-history":[{"count":5,"href":"https:\/\/www.khas.edu.tr\/en\/wp-json\/wp\/v2\/pages\/7781\/revisions"}],"predecessor-version":[{"id":9099,"href":"https:\/\/www.khas.edu.tr\/en\/wp-json\/wp\/v2\/pages\/7781\/revisions\/9099"}],"wp:attachment":[{"href":"https:\/\/www.khas.edu.tr\/en\/wp-json\/wp\/v2\/media?parent=7781"}],"wp:term":[{"taxonomy":"birimler","embeddable":true,"href":"https:\/\/www.khas.edu.tr\/en\/wp-json\/wp\/v2\/birimler?post=7781"}],"curies":[{"name":"wp","href":"https:\/\/api.w.org\/{rel}","templated":true}]}}