{"id":7694,"date":"2025-01-30T11:31:33","date_gmt":"2025-01-30T08:31:33","guid":{"rendered":"https:\/\/www.khas.edu.tr\/?page_id=7694"},"modified":"2025-06-18T14:53:51","modified_gmt":"2025-06-18T11:53:51","slug":"pols-publications","status":"publish","type":"page","link":"https:\/\/www.khas.edu.tr\/en\/pols-publications\/","title":{"rendered":"Publications"},"content":{"rendered":"\t\t<div data-elementor-type=\"wp-page\" data-elementor-id=\"7694\" class=\"elementor elementor-7694 elementor-7689\">\n\t\t\t\t<div class=\"elementor-element elementor-element-cd0bb24 e-flex e-con-boxed e-con e-parent\" data-id=\"cd0bb24\" data-element_type=\"container\" data-e-type=\"container\">\n\t\t\t\t\t<div class=\"e-con-inner\">\n\t\t\t\t<div class=\"elementor-element elementor-element-06f470b elementor-widget elementor-widget-text-editor\" data-id=\"06f470b\" data-element_type=\"widget\" data-e-type=\"widget\" data-widget_type=\"text-editor.default\">\n\t\t\t\t<div class=\"elementor-widget-container\">\n\t\t\t\t\t\t\t\t\t<h4><span style=\"color: #003366;\"><strong>Yay\u0131nlar<\/strong><\/span><\/h4><ul><li><strong>Prof. Dr. Dilek Cindo\u011flu<\/strong><br \/><a href=\"https:\/\/orcid.org\/0000-0002-2741-9181\">https:\/\/orcid.org\/0000-0002-2741-9181<\/a><\/li><li><strong>Prof. Dr. Murat G\u00fcven\u00e7<\/strong><br \/><a href=\"https:\/\/orcid.org\/0000-0002-0105-6327\">https:\/\/orcid.org\/0000-0002-0105-6327<\/a><\/li><li><strong>Prof. Dr. Mary Lou O\u2019Neil<\/strong><br \/><a href=\"https:\/\/orcid.org\/0000-0003-3681-9520\">https:\/\/orcid.org\/0000-0003-3681-9520<\/a><\/li><li><strong>Prof. Dr. Lerna K. Yan\u0131k<\/strong><br \/><a href=\"https:\/\/orcid.org\/0000-0002-5234-2067\">https:\/\/orcid.org\/0000-0002-5234-2067<\/a><\/li><li><strong>Dr. \u00d6\u011fr. \u00dcyesi Berkay Ayhan<\/strong><br \/><a href=\"https:\/\/orcid.org\/0000-0002-5929-829X\">https:\/\/orcid.org\/0000-0002-5929-829X<\/a><\/li><li><strong>Dr. \u00d6\u011fr. \u00dcyesi Kerem Y\u0131ld\u0131r\u0131m<\/strong><br \/><a href=\"https:\/\/orcid.org\/0000-0002-2421-9109\">https:\/\/orcid.org\/0000-0002-2421-9109<\/a><\/li><li><strong>Dr. \u00d6\u011fr. \u00dcyesi Sibel Karada\u011f<\/strong><br \/><a href=\"https:\/\/orcid.org\/0000-0003-1965-5675\">https:\/\/orcid.org\/0000-0003-1965-5675<\/a><\/li><li><strong>Dr. \u00d6\u011fr. \u00dcyesi Mehmet Kerem \u00c7oban<\/strong><br \/><a href=\" https:\/\/orcid.org\/0000-0003-3226-6340\">https:\/\/orcid.org\/0000-0003-3226-6340<\/a><\/li><li><strong>Ar\u015f. G\u00f6r. G\u00fclener K\u0131rnal\u0131<\/strong><br \/><a href=\"http:\/\/p2.khas.edu.tr\/cv_program\/cv\/2915.pdf\">http:\/\/p2.khas.edu.tr\/cv_program\/cv\/2915.pdf<\/a><\/li><\/ul><section class=\"content-area\"><div class=\"container site-content\"><div class=\"row\"><p>\u00a0<\/p><article id=\"post-13686\" class=\"post-13686 page type-page status-publish hentry\"><div class=\"entry-content\"><h4><span style=\"color: #003366;\"><strong>G\u00fcncel Yay\u0131nlar<\/strong><\/span><\/h4><p><strong>Ak\u00e7al\u0131, Emel<\/strong>. 2023. \u201cLittle Aleppo: The Neighbourhood Experiences of Syrian Refugees in Adana, Turkey, \u2018Poor to Poor, Peer to Peer.\u2019\u201d\u00a0<em>Environment and Planning C: Politics and Space<\/em>\u00a041 (2): 240-256.\u00a0<a href=\"https:\/\/doi.org\/10.1177\/23996544221125688\">https:\/\/doi.org\/10.1177\/23996544221125688<\/a>.<\/p><p>Balc\u0131, Ali, and\u00a0<strong>Emel Ak\u00e7al\u0131<\/strong>. 2023. \u201cEnjoy Your New Region! The US Strategy of Shifting Turkey\u2019s Caucus in the UN Security Council in 1953.\u201d\u00a0<em>Geopolitics<\/em>\u00a028 (2): 718-738.\u00a0<a href=\"https:\/\/doi.org\/10.1080\/14650045.2021.1969918\">https:\/\/doi.org\/10.1080\/14650045.2021.1969918<\/a>.<\/p><p>Ergun \u00d6zbolat, Ay\u00e7a,\u00a0<strong>Sinem Akg\u00fcl-A\u00e7\u0131kme\u015fe<\/strong>, and \u00c7i\u011fdem \u00dcst\u00fcn. 2023.\u00a0<em>T\u00fcrkiye\u2019de Uluslararas\u0131 \u0130li\u015fkiler \u00c7al\u0131\u015fmalar\u0131-Alt Alanlar B\u00f6lgesel Odaklar<\/em>. \u0130mge Kitabevi Yay\u0131nlar\u0131.<\/p><p><strong>Akg\u00fcl-A\u00e7\u0131kme\u015fe, Sinem<\/strong>, and Erman Ermihan. 2023. \u201cT\u00fcrkiye\u2019de G\u00fcvenlik \u00c7al\u0131\u015fmalar\u0131.\u201d In\u00a0<em>T\u00fcrkiye\u2019de Uluslararas\u0131 \u0130li\u015fkiler \u00c7al\u0131\u015fmalar\u0131-Alt Alanlar B\u00f6lgesel Odaklar,\u00a0<\/em>edited by Ay\u00e7a Ergun \u00d6zbolat, Sinem Akg\u00fcl-A\u00e7\u0131kme\u015fe and \u00c7i\u011fdem \u00dcst\u00fcn, 259-302, \u0130mge Kitabevi Yay\u0131nlar\u0131.<\/p><p><strong>Karao\u011fuz, H., Emrah<\/strong>, and Mustafa Kutlay. 2023. \u201cThe Ties That Don\u2019t Bind: Trading State Debates and Role of State Capacity in Turkish Foreign Policy.\u201d\u00a0<em>Southeast European and Black Sea Studies<\/em>\u00a023 (2): 409-429.\u00a0<a href=\"https:\/\/doi.org\/10.1080\/14683857.2022.2109828\">https:\/\/doi.org\/10.1080\/14683857.2022.2109828<\/a>.<\/p><p>Rock, Micheal T., and\u00a0<strong>Soli \u00d6zel<\/strong>. 2023.\u00a0<em>Elite Origins of Democracy and Development in the Muslim World<\/em>. Routledge.<\/p><p><strong>Akg\u00fcl-A\u00e7\u0131kme\u015fe, Sinem<\/strong>, and Kristina Kausch,\u00a0<strong>Soli \u00d6zel<\/strong>, Eduard Soleri Lecha. 2023.\u00a0<em>Stalled by Division: EU Internal Contestation over the Israeli-Palestinian Conflict<\/em>. Istituto Affari Internazionali.<\/p><p><strong>B\u0131\u00e7akc\u0131, Salih,\u00a0<\/strong>and Ayhan G\u00fcc\u00fcyener Evren. 2022. \u201cTurkey\u2019s Framework for Protecting Critical Infrastructure.\u201d In\u00a0<em>The External Dimension of the European Union\u2019s Critical Infrastructure Protection Programme,\u00a0<\/em>edited by Alessandro Lazari,and Robert Mikac. From Neighbouring Frameworks to Transatlantic Cooperation, (1st ed.). CRC Press.\u00a0<a href=\"https:\/\/doi.org\/10.4324\/9781003273769\">https:\/\/doi.org\/10.4324\/9781003273769<\/a><\/p><p><strong>B\u0131\u00e7akc\u0131, Salih<\/strong>, and Ayhan G\u00fcc\u00fcyener Evren. 2022. \u201cThinking Multiculturality in the Age of Hybrid Threats: Converging Cyber and Physical Security in Akkuyu Nuclear Power Plant.\u201d\u00a0<em>Nuclear Engineering and Technology<\/em>\u00a054 (7): 2467-2474.\u00a0<a href=\"https:\/\/doi.org\/10.1016\/j.net.2022.01.033\">https:\/\/doi.org\/10.1016\/j.net.2022.01.033<\/a>.<\/p><p><strong>B\u0131\u00e7akc\u0131, Salih<\/strong>, and Hazal Muslu El Berni. 2022. \u201cRapprochement in Israel-Saudi Foreign Policy: Moving on Tiptoes to a Normalization Process?\u201d\u00a0<em>Asian Journal of Middle Eastern and Islamic Studies<\/em>\u00a016 (3): 327-341.\u00a0<a href=\"https:\/\/doi.org\/10.1080\/25765949.2022.2147327\">https:\/\/doi.org\/10.1080\/25765949.2022.2147327<\/a>.<\/p><p>Uyar, Mesut, and\u00a0<strong>Serhat G\u00fcven\u00e7<\/strong>. 2022. \u201cA Tale of Two Military Missions: The Germans in the Ottoman Empire and the Americans in the Republic of Turkey.\u201d\u00a0<em>War &amp; Society<\/em>\u00a041 (2): 85-106.\u00a0<a href=\"https:\/\/doi.org\/10.1080\/07292473.2022.2046344\">https:\/\/doi.org\/10.1080\/07292473.2022.2046344<\/a>.<\/p><p><strong>G\u00fcven\u00e7, Serhat<\/strong>. 2022. \u201c\u2018B\u00fcy\u00fck Anlat\u0131s\u0131n\u0131\u2019 Arayan \u2018Sava\u015f\u2019: 1974 K\u0131br\u0131s Bar\u0131\u015f Harekat\u0131.\u201d\u00a0<em>T\u00fcrk Sava\u015f \u00c7al\u0131\u015fmalar\u0131 Dergisi<\/em>\u00a03 (1): 14-31.\u00a0<a href=\"https:\/\/doi.org\/10.52792\/tws.1097991\">https:\/\/doi.org\/10.52792\/tws.1097991<\/a>.<\/p><p><strong>G\u00fcven\u00e7, Serhat<\/strong>, and Mesut Uyar. 2022. \u201cLost in Translation or Transformation? The Impact of American Aid on the Turkish Military, 1947-60.\u201d\u00a0<em>Cold War History<\/em>\u00a022 (1): 59-77.\u00a0<a href=\"https:\/\/doi.org\/10.1080\/14682745.2020.1866551\">https:\/\/doi.org\/10.1080\/14682745.2020.1866551<\/a>.<\/p><p>Verkhovets, Stepan, and\u00a0<strong>H. Emrah Karao\u011fuz<\/strong>. 2022. \u201cInclusive Globalization or Old Wine in a New Bottle? China-Led Globalization in Sub-Saharan Africa.\u201d\u00a0<em>Globalizations<\/em>\u00a019 (8): 1195-1210.\u00a0<a href=\"https:\/\/doi.org\/10.1080\/14747731.2022.2035481\">https:\/\/doi.org\/10.1080\/14747731.2022.2035481<\/a>.<\/p><p><strong>\u00c7elikpala, Mitat<\/strong>. 2021. \u201cSituating \u2018New Turkey\u2019 in the Middle East Within a Competition-Cooperation Spiral of Turkish-Russian Relations.\u201d In\u00a0<em>Turkey, Russia and Iran in the Middle East<\/em>, edited by Bayram Balci and Nicolas Monceau, 15-32, Cham: Springer International Publishing.\u00a0<a href=\"https:\/\/doi.org\/10.1007\/978-3-030-80291-2_2\">https:\/\/doi.org\/10.1007\/978-3-030-80291-2_2<\/a>.<\/p><p><strong>Ayd\u0131n, Mustafa<\/strong>. 2021. \u201cTurkish Foreign Policy in the Chaos of War, 1939-1945.\u201d\u00a0<em>Journal of Balkan and Near Eastern Studies<\/em>\u00a023 (6): 854-871.\u00a0<a href=\"https:\/\/doi.org\/10.1080\/19448953.2021.1981687\">https:\/\/doi.org\/10.1080\/19448953.2021.1981687<\/a>.<\/p><p>\u015eenyuva, \u00d6zgehan, and\u00a0<strong>Mustafa Ayd\u0131n<\/strong>. 2021. \u201cTurkish Public Opinion and Transatlantic Relations.\u201d In\u00a0<em>Turkey\u2019s Changing Transatlantic Relations,<\/em>\u00a0edited by \u00c7i\u011fdem \u00dcst\u00fcn and Eda Ku\u015fku S\u00f6nmez, 265-283, Lexington Books.<\/p><\/div><\/article><p>\u00a0<\/p><\/div><\/div><\/section>\t\t\t\t\t\t\t\t<\/div>\n\t\t\t\t<\/div>\n\t\t\t\t\t<\/div>\n\t\t\t\t<\/div>\n\t\t\t\t<\/div>\n\t\t","protected":false},"excerpt":{"rendered":"<p>Yay\u0131nlar Prof. Dr. Dilek Cindo\u011fluhttps:\/\/orcid.org\/0000-0002-2741-9181 Prof. Dr. Murat G\u00fcven\u00e7https:\/\/orcid.org\/0000-0002-0105-6327 Prof. Dr. Mary Lou O\u2019Neilhttps:\/\/orcid.org\/0000-0003-3681-9520 Prof. Dr. Lerna K. Yan\u0131khttps:\/\/orcid.org\/0000-0002-5234-2067 Dr. \u00d6\u011fr. \u00dcyesi Berkay Ayhanhttps:\/\/orcid.org\/0000-0002-5929-829X Dr. \u00d6\u011fr. \u00dcyesi Kerem Y\u0131ld\u0131r\u0131mhttps:\/\/orcid.org\/0000-0002-2421-9109 Dr. \u00d6\u011fr. \u00dcyesi Sibel Karada\u011fhttps:\/\/orcid.org\/0000-0003-1965-5675 Dr. \u00d6\u011fr. \u00dcyesi Mehmet Kerem \u00c7obanhttps:\/\/orcid.org\/0000-0003-3226-6340 Ar\u015f. G\u00f6r. G\u00fclener K\u0131rnal\u0131http:\/\/p2.khas.edu.tr\/cv_program\/cv\/2915.pdf \u00a0 G\u00fcncel Yay\u0131nlar Ak\u00e7al\u0131, Emel. 2023. \u201cLittle Aleppo: The Neighbourhood Experiences [&hellip;]<\/p>\n","protected":false},"author":2,"featured_media":0,"parent":0,"menu_order":0,"comment_status":"closed","ping_status":"closed","template":"","meta":{"slim_seo":{"title":"Publications - Kadir Has University","description":"Yay\u0131nlar Prof. Dr. Dilek Cindo\u011flu https:\/\/orcid.org\/0000-0002-2741-9181 Prof. Dr. Murat G\u00fcven\u00e7 https:\/\/orcid.org\/0000-0002-0105-6327 Prof. Dr. Mary Lou O\u2019Neil h"},"footnotes":""},"birimler":[83,43],"class_list":["post-7694","page","type-page","status-publish","hentry","birimler-pols","birimler-sbui"],"_links":{"self":[{"href":"https:\/\/www.khas.edu.tr\/en\/wp-json\/wp\/v2\/pages\/7694","targetHints":{"allow":["GET"]}}],"collection":[{"href":"https:\/\/www.khas.edu.tr\/en\/wp-json\/wp\/v2\/pages"}],"about":[{"href":"https:\/\/www.khas.edu.tr\/en\/wp-json\/wp\/v2\/types\/page"}],"author":[{"embeddable":true,"href":"https:\/\/www.khas.edu.tr\/en\/wp-json\/wp\/v2\/users\/2"}],"replies":[{"embeddable":true,"href":"https:\/\/www.khas.edu.tr\/en\/wp-json\/wp\/v2\/comments?post=7694"}],"version-history":[{"count":5,"href":"https:\/\/www.khas.edu.tr\/en\/wp-json\/wp\/v2\/pages\/7694\/revisions"}],"predecessor-version":[{"id":23697,"href":"https:\/\/www.khas.edu.tr\/en\/wp-json\/wp\/v2\/pages\/7694\/revisions\/23697"}],"wp:attachment":[{"href":"https:\/\/www.khas.edu.tr\/en\/wp-json\/wp\/v2\/media?parent=7694"}],"wp:term":[{"taxonomy":"birimler","embeddable":true,"href":"https:\/\/www.khas.edu.tr\/en\/wp-json\/wp\/v2\/birimler?post=7694"}],"curies":[{"name":"wp","href":"https:\/\/api.w.org\/{rel}","templated":true}]}}