{"id":7651,"date":"2024-12-27T09:02:06","date_gmt":"2024-12-27T06:02:06","guid":{"rendered":"https:\/\/www.khas.edu.tr\/?page_id=7651"},"modified":"2025-03-13T14:16:07","modified_gmt":"2025-03-13T11:16:07","slug":"law-civil-procedure-execution-and-bankruptcy-law","status":"publish","type":"page","link":"https:\/\/www.khas.edu.tr\/en\/law-civil-procedure-execution-and-bankruptcy-law\/","title":{"rendered":"Law &#8211; Civil Procedure, Execution and Bankruptcy Law"},"content":{"rendered":"\t\t<div data-elementor-type=\"wp-page\" data-elementor-id=\"7651\" class=\"elementor elementor-7651 elementor-7521\">\n\t\t\t\t<div class=\"elementor-element elementor-element-67fc4e0 e-flex e-con-boxed e-con e-parent\" data-id=\"67fc4e0\" data-element_type=\"container\" data-e-type=\"container\">\n\t\t\t\t\t<div class=\"e-con-inner\">\n\t\t\t\t<div class=\"elementor-element elementor-element-16a2ddf elementor-widget elementor-widget-text-editor\" data-id=\"16a2ddf\" data-element_type=\"widget\" data-e-type=\"widget\" data-widget_type=\"text-editor.default\">\n\t\t\t\t<div class=\"elementor-widget-container\">\n\t\t\t\t\t\t\t\t\t<p>It is certain that a certain procedure must be followed in order to resolve disputes quickly, effectively and most importantly in accordance with justice. The Department of Civil Procedure and Bankruptcy Law basically examines and evaluates the establishment and functioning of courts operating in the field of private law, the methods of reaching decisions, their decisions, the execution of these decisions, the functioning and working procedures of enforcement and bankruptcy offices. As the name suggests, the Department of Civil Procedure and Enforcement and Bankruptcy Law covers two branches of science. Among these branches, Civil Procedural Law is the field in which the courts operating in the field of private law are investigated how the courts should follow a procedure to achieve justice; existing procedures are evaluated and criticized. Execution and Bankruptcy Law, on the other hand, deals with how to fulfill the decisions of the courts and how to collect receivables through legal means. At the basis of this branch of science, it is aimed that the assets of the debtor who does not fulfill his debt voluntarily are converted into money by state force and the creditor is entitled to his right.<\/p>\t\t\t\t\t\t\t\t<\/div>\n\t\t\t\t<\/div>\n\t\t\t\t<div class=\"elementor-element elementor-element-e0505f6 elementor-widget elementor-widget-heading\" data-id=\"e0505f6\" data-element_type=\"widget\" data-e-type=\"widget\" data-widget_type=\"heading.default\">\n\t\t\t\t<div class=\"elementor-widget-container\">\n\t\t\t\t\t<h2 class=\"elementor-heading-title elementor-size-default\">Undergraduate Courses Under the Responsibility of the Department<\/h2>\t\t\t\t<\/div>\n\t\t\t\t<\/div>\n\t\t\t\t<div class=\"elementor-element elementor-element-459206c elementor-widget-divider--view-line elementor-widget elementor-widget-divider\" data-id=\"459206c\" data-element_type=\"widget\" data-e-type=\"widget\" data-widget_type=\"divider.default\">\n\t\t\t\t<div class=\"elementor-widget-container\">\n\t\t\t\t\t\t\t<div class=\"elementor-divider\">\n\t\t\t<span class=\"elementor-divider-separator\">\n\t\t\t\t\t\t<\/span>\n\t\t<\/div>\n\t\t\t\t\t\t<\/div>\n\t\t\t\t<\/div>\n\t\t\t\t<div class=\"elementor-element elementor-element-e831eef elementor-widget elementor-widget-text-editor\" data-id=\"e831eef\" data-element_type=\"widget\" data-e-type=\"widget\" data-widget_type=\"text-editor.default\">\n\t\t\t\t<div class=\"elementor-widget-container\">\n\t\t\t\t\t\t\t\t\t<ul>\n<li><a href=\"http:\/\/bologna.khas.edu.tr\/ders\/50002212\/program\/50000736\">LW309 Medeni Usul Hukuku I<\/a><\/li>\n<li><a href=\"http:\/\/bologna.khas.edu.tr\/ders\/50002213\/program\/50000736\">LW310 Medeni Usul Hukuku II<\/a><\/li>\n<li><a href=\"https:\/\/bologna.khas.edu.tr\/ders\/30001314\/program\/50000736\">LW435 \u0130cra ve \u0130flas Hukuku<\/a><\/li>\n<li><a href=\"http:\/\/bologna.khas.edu.tr\/ders\/30000930\/program\/50000736\">LW436 Tebligat Hukuku<\/a><\/li>\n<\/ul>\n\t\t\t\t\t\t\t\t<\/div>\n\t\t\t\t<\/div>\n\t\t\t\t<div class=\"elementor-element elementor-element-3c98c24 elementor-widget elementor-widget-heading\" data-id=\"3c98c24\" data-element_type=\"widget\" data-e-type=\"widget\" data-widget_type=\"heading.default\">\n\t\t\t\t<div class=\"elementor-widget-container\">\n\t\t\t\t\t<h2 class=\"elementor-heading-title elementor-size-default\">Graduate Courses Under the Responsibility of the Department<\/h2>\t\t\t\t<\/div>\n\t\t\t\t<\/div>\n\t\t\t\t<div class=\"elementor-element elementor-element-24b4da9 elementor-widget-divider--view-line elementor-widget elementor-widget-divider\" data-id=\"24b4da9\" data-element_type=\"widget\" data-e-type=\"widget\" data-widget_type=\"divider.default\">\n\t\t\t\t<div class=\"elementor-widget-container\">\n\t\t\t\t\t\t\t<div class=\"elementor-divider\">\n\t\t\t<span class=\"elementor-divider-separator\">\n\t\t\t\t\t\t<\/span>\n\t\t<\/div>\n\t\t\t\t\t\t<\/div>\n\t\t\t\t<\/div>\n\t\t\t\t<div class=\"elementor-element elementor-element-9fbf221 elementor-widget elementor-widget-text-editor\" data-id=\"9fbf221\" data-element_type=\"widget\" data-e-type=\"widget\" data-widget_type=\"text-editor.default\">\n\t\t\t\t<div class=\"elementor-widget-container\">\n\t\t\t\t\t\t\t\t\t<ul>\n<li>LW 511 UYAP ve \u0130cra Uygulamalar\u0131<\/li>\n<li>LW 600 Medeni Usul ve \u0130cra \u0130flas Hukukunda Yarg\u0131lama Giderleri<\/li>\n<\/ul>\n\t\t\t\t\t\t\t\t<\/div>\n\t\t\t\t<\/div>\n\t\t\t\t\t<\/div>\n\t\t\t\t<\/div>\n\t\t\t\t<\/div>\n\t\t","protected":false},"excerpt":{"rendered":"<p>It is certain that a certain procedure must be followed in order to resolve disputes quickly, effectively and most importantly in accordance with justice. The Department of Civil Procedure and Bankruptcy Law basically examines and evaluates the establishment and functioning of courts operating in the field of private law, the methods of reaching decisions, their [&hellip;]<\/p>\n","protected":false},"author":2,"featured_media":0,"parent":0,"menu_order":0,"comment_status":"closed","ping_status":"closed","template":"","meta":{"slim_seo":{"title":"Law - Civil Procedure, Execution and Bankruptcy Law - Kadir Has University","description":"It is certain that a certain procedure must be followed in order to resolve disputes quickly, effectively and most importantly in accordance with justice. The D"},"footnotes":""},"birimler":[62],"class_list":["post-7651","page","type-page","status-publish","hentry","birimler-law"],"_links":{"self":[{"href":"https:\/\/www.khas.edu.tr\/en\/wp-json\/wp\/v2\/pages\/7651","targetHints":{"allow":["GET"]}}],"collection":[{"href":"https:\/\/www.khas.edu.tr\/en\/wp-json\/wp\/v2\/pages"}],"about":[{"href":"https:\/\/www.khas.edu.tr\/en\/wp-json\/wp\/v2\/types\/page"}],"author":[{"embeddable":true,"href":"https:\/\/www.khas.edu.tr\/en\/wp-json\/wp\/v2\/users\/2"}],"replies":[{"embeddable":true,"href":"https:\/\/www.khas.edu.tr\/en\/wp-json\/wp\/v2\/comments?post=7651"}],"version-history":[{"count":8,"href":"https:\/\/www.khas.edu.tr\/en\/wp-json\/wp\/v2\/pages\/7651\/revisions"}],"predecessor-version":[{"id":12792,"href":"https:\/\/www.khas.edu.tr\/en\/wp-json\/wp\/v2\/pages\/7651\/revisions\/12792"}],"wp:attachment":[{"href":"https:\/\/www.khas.edu.tr\/en\/wp-json\/wp\/v2\/media?parent=7651"}],"wp:term":[{"taxonomy":"birimler","embeddable":true,"href":"https:\/\/www.khas.edu.tr\/en\/wp-json\/wp\/v2\/birimler?post=7651"}],"curies":[{"name":"wp","href":"https:\/\/api.w.org\/{rel}","templated":true}]}}