{"id":7640,"date":"2024-12-26T15:15:05","date_gmt":"2024-12-26T12:15:05","guid":{"rendered":"https:\/\/www.khas.edu.tr\/?page_id=7640"},"modified":"2025-03-13T10:35:11","modified_gmt":"2025-03-13T07:35:11","slug":"law-administrative-law","status":"publish","type":"page","link":"https:\/\/www.khas.edu.tr\/en\/law-administrative-law\/","title":{"rendered":"Law &#8211; Administrative Law"},"content":{"rendered":"\t\t<div data-elementor-type=\"wp-page\" data-elementor-id=\"7640\" class=\"elementor elementor-7640 elementor-7488\">\n\t\t\t\t<div class=\"elementor-element elementor-element-291edce e-flex e-con-boxed e-con e-parent\" data-id=\"291edce\" data-element_type=\"container\" data-e-type=\"container\">\n\t\t\t\t\t<div class=\"e-con-inner\">\n\t\t\t\t<div class=\"elementor-element elementor-element-b5bb2dc elementor-widget elementor-widget-text-editor\" data-id=\"b5bb2dc\" data-element_type=\"widget\" data-e-type=\"widget\" data-widget_type=\"text-editor.default\">\n\t\t\t\t<div class=\"elementor-widget-container\">\n\t\t\t\t\t\t\t\t\t<p>\u0130dare hukuku idarenin yap\u0131s\u0131, faaliyetleri ve kamu g\u00fcc\u00fcne ili\u015fkin kural ve ilkelerden olu\u015fur. Temel amac\u0131m\u0131z idare hukuku kurumlar\u0131n\u0131 hukuk devleti ve insan haklar\u0131 \u0131\u015f\u0131\u011f\u0131nda tan\u0131tmakt\u0131r. Ba\u015fl\u0131ca \u00e7al\u0131\u015fma alanlar\u0131m\u0131z belirtilen kavramlar dahilinde T\u00fcrk idare te\u015fkilat\u0131, kamu hizmeti ve kolluk faaliyetlerinin hukuki \u00e7er\u00e7evesi ve idarenin hukuki denetimidir.<\/p>\n\t\t\t\t\t\t\t\t<\/div>\n\t\t\t\t<\/div>\n\t\t\t\t<div class=\"elementor-element elementor-element-63ffe2a elementor-widget elementor-widget-heading\" data-id=\"63ffe2a\" data-element_type=\"widget\" data-e-type=\"widget\" data-widget_type=\"heading.default\">\n\t\t\t\t<div class=\"elementor-widget-container\">\n\t\t\t\t\t<h4 class=\"elementor-heading-title elementor-size-default\">Anabilim Dal\u0131n\u0131n Sorumlulu\u011fundaki Lisans Dersleri<\/h4>\t\t\t\t<\/div>\n\t\t\t\t<\/div>\n\t\t\t\t<div class=\"elementor-element elementor-element-04d9bf9 elementor-widget-divider--view-line elementor-widget elementor-widget-divider\" data-id=\"04d9bf9\" data-element_type=\"widget\" data-e-type=\"widget\" data-widget_type=\"divider.default\">\n\t\t\t\t<div class=\"elementor-widget-container\">\n\t\t\t\t\t\t\t<div class=\"elementor-divider\">\n\t\t\t<span class=\"elementor-divider-separator\">\n\t\t\t\t\t\t<\/span>\n\t\t<\/div>\n\t\t\t\t\t\t<\/div>\n\t\t\t\t<\/div>\n\t\t\t\t<div class=\"elementor-element elementor-element-85bab88 elementor-widget elementor-widget-text-editor\" data-id=\"85bab88\" data-element_type=\"widget\" data-e-type=\"widget\" data-widget_type=\"text-editor.default\">\n\t\t\t\t<div class=\"elementor-widget-container\">\n\t\t\t\t\t\t\t\t\t<ul>\n<li><a href=\"https:\/\/bologna.khas.edu.tr\/ders\/50002162\/program\/50000736\">LW\u00a0205 \u0130dare Hukuku I<\/a><\/li>\n<li><a href=\"https:\/\/bologna.khas.edu.tr\/ders\/50002165\/program\/50000736\">LW 206 \u0130dare Hukuku II<\/a><\/li>\n<li><a href=\"https:\/\/bologna.khas.edu.tr\/ders\/30001363\/program\/50000736\">LW 313 \u0130dari Yarg\u0131<\/a><\/li>\n<li><a href=\"https:\/\/bologna.khas.edu.tr\/ders\/50002227\/program\/50000736\">LW 321 \u0130mar Hukuku<\/a><\/li>\n<\/ul>\n\t\t\t\t\t\t\t\t<\/div>\n\t\t\t\t<\/div>\n\t\t\t\t<div class=\"elementor-element elementor-element-925e1c9 elementor-widget elementor-widget-heading\" data-id=\"925e1c9\" data-element_type=\"widget\" data-e-type=\"widget\" data-widget_type=\"heading.default\">\n\t\t\t\t<div class=\"elementor-widget-container\">\n\t\t\t\t\t<h4 class=\"elementor-heading-title elementor-size-default\">Anabilim Dal\u0131n\u0131n Sorumlulu\u011fundaki Lisans\u00fcst\u00fc Dersleri<\/h4>\t\t\t\t<\/div>\n\t\t\t\t<\/div>\n\t\t\t\t<div class=\"elementor-element elementor-element-97af759 elementor-widget-divider--view-line elementor-widget elementor-widget-divider\" data-id=\"97af759\" data-element_type=\"widget\" data-e-type=\"widget\" data-widget_type=\"divider.default\">\n\t\t\t\t<div class=\"elementor-widget-container\">\n\t\t\t\t\t\t\t<div class=\"elementor-divider\">\n\t\t\t<span class=\"elementor-divider-separator\">\n\t\t\t\t\t\t<\/span>\n\t\t<\/div>\n\t\t\t\t\t\t<\/div>\n\t\t\t\t<\/div>\n\t\t\t\t<div class=\"elementor-element elementor-element-e231416 elementor-widget elementor-widget-text-editor\" data-id=\"e231416\" data-element_type=\"widget\" data-e-type=\"widget\" data-widget_type=\"text-editor.default\">\n\t\t\t\t<div class=\"elementor-widget-container\">\n\t\t\t\t\t\t\t\t\t<ul>\n<li>A\u0130HM Kararlar\u0131nda M\u00fclkiyet Hakk\u0131 ve Kamula\u015ft\u0131rma<\/li>\n<li>A\u0130HM Kararlar\u0131n\u0131n \u0130dari Yarg\u0131 Hukuku&#8217;na Etkisi<\/li>\n<li>\u00d6H 601 Sa\u011fl\u0131k Kurum ve Kurulu\u015flar\u0131n\u0131n Sorumlulu\u011fu I<\/li>\n<\/ul>\n\t\t\t\t\t\t\t\t<\/div>\n\t\t\t\t<\/div>\n\t\t\t\t\t<\/div>\n\t\t\t\t<\/div>\n\t\t\t\t<\/div>\n\t\t","protected":false},"excerpt":{"rendered":"<p>\u0130dare hukuku idarenin yap\u0131s\u0131, faaliyetleri ve kamu g\u00fcc\u00fcne ili\u015fkin kural ve ilkelerden olu\u015fur. Temel amac\u0131m\u0131z idare hukuku kurumlar\u0131n\u0131 hukuk devleti ve insan haklar\u0131 \u0131\u015f\u0131\u011f\u0131nda tan\u0131tmakt\u0131r. Ba\u015fl\u0131ca \u00e7al\u0131\u015fma alanlar\u0131m\u0131z belirtilen kavramlar dahilinde T\u00fcrk idare te\u015fkilat\u0131, kamu hizmeti ve kolluk faaliyetlerinin hukuki \u00e7er\u00e7evesi ve idarenin hukuki denetimidir. Anabilim Dal\u0131n\u0131n Sorumlulu\u011fundaki Lisans Dersleri LW\u00a0205 \u0130dare Hukuku I LW [&hellip;]<\/p>\n","protected":false},"author":2,"featured_media":0,"parent":0,"menu_order":0,"comment_status":"closed","ping_status":"closed","template":"","meta":{"slim_seo":{"title":"Law - Administrative Law - Kadir Has University","description":"\u0130dare hukuku idarenin yap\u0131s\u0131, faaliyetleri ve kamu g\u00fcc\u00fcne ili\u015fkin kural ve ilkelerden olu\u015fur. Temel amac\u0131m\u0131z idare hukuku kurumlar\u0131n\u0131 hukuk devleti ve insan hak"},"footnotes":""},"birimler":[62],"class_list":["post-7640","page","type-page","status-publish","hentry","birimler-law"],"_links":{"self":[{"href":"https:\/\/www.khas.edu.tr\/en\/wp-json\/wp\/v2\/pages\/7640","targetHints":{"allow":["GET"]}}],"collection":[{"href":"https:\/\/www.khas.edu.tr\/en\/wp-json\/wp\/v2\/pages"}],"about":[{"href":"https:\/\/www.khas.edu.tr\/en\/wp-json\/wp\/v2\/types\/page"}],"author":[{"embeddable":true,"href":"https:\/\/www.khas.edu.tr\/en\/wp-json\/wp\/v2\/users\/2"}],"replies":[{"embeddable":true,"href":"https:\/\/www.khas.edu.tr\/en\/wp-json\/wp\/v2\/comments?post=7640"}],"version-history":[{"count":5,"href":"https:\/\/www.khas.edu.tr\/en\/wp-json\/wp\/v2\/pages\/7640\/revisions"}],"predecessor-version":[{"id":12717,"href":"https:\/\/www.khas.edu.tr\/en\/wp-json\/wp\/v2\/pages\/7640\/revisions\/12717"}],"wp:attachment":[{"href":"https:\/\/www.khas.edu.tr\/en\/wp-json\/wp\/v2\/media?parent=7640"}],"wp:term":[{"taxonomy":"birimler","embeddable":true,"href":"https:\/\/www.khas.edu.tr\/en\/wp-json\/wp\/v2\/birimler?post=7640"}],"curies":[{"name":"wp","href":"https:\/\/api.w.org\/{rel}","templated":true}]}}