{"id":7623,"date":"2024-12-26T15:03:10","date_gmt":"2024-12-26T12:03:10","guid":{"rendered":"https:\/\/www.khas.edu.tr\/?page_id=7623"},"modified":"2025-03-13T10:34:14","modified_gmt":"2025-03-13T07:34:14","slug":"law-general-public-law","status":"publish","type":"page","link":"https:\/\/www.khas.edu.tr\/en\/law-general-public-law\/","title":{"rendered":"Law &#8211; General Public Law"},"content":{"rendered":"\t\t<div data-elementor-type=\"wp-page\" data-elementor-id=\"7623\" class=\"elementor elementor-7623 elementor-7469\">\n\t\t\t\t<div class=\"elementor-element elementor-element-4664e67 e-flex e-con-boxed e-con e-parent\" data-id=\"4664e67\" data-element_type=\"container\" data-e-type=\"container\">\n\t\t\t\t\t<div class=\"e-con-inner\">\n\t\t\t\t<div class=\"elementor-element elementor-element-916c147 elementor-widget elementor-widget-text-editor\" data-id=\"916c147\" data-element_type=\"widget\" data-e-type=\"widget\" data-widget_type=\"text-editor.default\">\n\t\t\t\t<div class=\"elementor-widget-container\">\n\t\t\t\t\t\t\t\t\t<p>Genel Kamu Hukuku Anabilim Dal\u0131&#8217;n\u0131n amac\u0131; devletin temellerini, birey-devlet ili\u015fkilerinin tarihsel geli\u015fimini ve modern zamanlarda bu ili\u015fkinin ula\u015ft\u0131\u011f\u0131 boyutu \u00f6\u011frencilere kavratmakt\u0131r. Genel Kamu Hukuku Anabilim Dal\u0131 taraf\u0131ndan y\u00fcr\u00fct\u00fclen derslerde; devlet kavram\u0131n\u0131n olu\u015fumu ve geli\u015fimine, toplum, devlet ve hukuk kavramlar\u0131 aras\u0131ndaki ili\u015fkilere yer verilmektedir.<\/p>\n\t\t\t\t\t\t\t\t<\/div>\n\t\t\t\t<\/div>\n\t\t\t\t<div class=\"elementor-element elementor-element-dd8a55f elementor-widget elementor-widget-heading\" data-id=\"dd8a55f\" data-element_type=\"widget\" data-e-type=\"widget\" data-widget_type=\"heading.default\">\n\t\t\t\t<div class=\"elementor-widget-container\">\n\t\t\t\t\t<h2 class=\"elementor-heading-title elementor-size-default\">Anabilim Dal\u0131n\u0131n Sorumlulu\u011fundaki Lisans Dersleri<\/h2>\t\t\t\t<\/div>\n\t\t\t\t<\/div>\n\t\t\t\t<div class=\"elementor-element elementor-element-e5ebe05 elementor-widget-divider--view-line elementor-widget elementor-widget-divider\" data-id=\"e5ebe05\" data-element_type=\"widget\" data-e-type=\"widget\" data-widget_type=\"divider.default\">\n\t\t\t\t<div class=\"elementor-widget-container\">\n\t\t\t\t\t\t\t<div class=\"elementor-divider\">\n\t\t\t<span class=\"elementor-divider-separator\">\n\t\t\t\t\t\t<\/span>\n\t\t<\/div>\n\t\t\t\t\t\t<\/div>\n\t\t\t\t<\/div>\n\t\t\t\t<div class=\"elementor-element elementor-element-8ad7d5b elementor-widget elementor-widget-text-editor\" data-id=\"8ad7d5b\" data-element_type=\"widget\" data-e-type=\"widget\" data-widget_type=\"text-editor.default\">\n\t\t\t\t<div class=\"elementor-widget-container\">\n\t\t\t\t\t\t\t\t\t<ul>\n<li>LAW 104 Genel Kamu Hukuku<\/li>\n<li><a href=\"https:\/\/bologna.khas.edu.tr\/ders\/30000888\/program\/50000736\" target=\"_blank\" rel=\"noopener\">LW 331 Siyaset ve Hukuk (Se\u00e7meli)<\/a><\/li>\n<\/ul>\n\t\t\t\t\t\t\t\t<\/div>\n\t\t\t\t<\/div>\n\t\t\t\t\t<\/div>\n\t\t\t\t<\/div>\n\t\t<div class=\"elementor-element elementor-element-6159ce1 e-flex e-con-boxed e-con e-parent\" data-id=\"6159ce1\" data-element_type=\"container\" data-e-type=\"container\">\n\t\t\t\t\t<div class=\"e-con-inner\">\n\t\t\t\t\t<\/div>\n\t\t\t\t<\/div>\n\t\t\t\t<\/div>\n\t\t","protected":false},"excerpt":{"rendered":"<p>Genel Kamu Hukuku Anabilim Dal\u0131&#8217;n\u0131n amac\u0131; devletin temellerini, birey-devlet ili\u015fkilerinin tarihsel geli\u015fimini ve modern zamanlarda bu ili\u015fkinin ula\u015ft\u0131\u011f\u0131 boyutu \u00f6\u011frencilere kavratmakt\u0131r. Genel Kamu Hukuku Anabilim Dal\u0131 taraf\u0131ndan y\u00fcr\u00fct\u00fclen derslerde; devlet kavram\u0131n\u0131n olu\u015fumu ve geli\u015fimine, toplum, devlet ve hukuk kavramlar\u0131 aras\u0131ndaki ili\u015fkilere yer verilmektedir. Anabilim Dal\u0131n\u0131n Sorumlulu\u011fundaki Lisans Dersleri LAW 104 Genel Kamu Hukuku LW 331 [&hellip;]<\/p>\n","protected":false},"author":2,"featured_media":0,"parent":0,"menu_order":0,"comment_status":"closed","ping_status":"closed","template":"","meta":{"slim_seo":{"title":"Law - General Public Law - Kadir Has University","description":"Genel Kamu Hukuku Anabilim Dal\u0131'n\u0131n amac\u0131; devletin temellerini, birey-devlet ili\u015fkilerinin tarihsel geli\u015fimini ve modern zamanlarda bu ili\u015fkinin ula\u015ft\u0131\u011f\u0131 boyut"},"footnotes":""},"birimler":[62,34],"class_list":["post-7623","page","type-page","status-publish","hentry","birimler-law","birimler-hf"],"_links":{"self":[{"href":"https:\/\/www.khas.edu.tr\/en\/wp-json\/wp\/v2\/pages\/7623","targetHints":{"allow":["GET"]}}],"collection":[{"href":"https:\/\/www.khas.edu.tr\/en\/wp-json\/wp\/v2\/pages"}],"about":[{"href":"https:\/\/www.khas.edu.tr\/en\/wp-json\/wp\/v2\/types\/page"}],"author":[{"embeddable":true,"href":"https:\/\/www.khas.edu.tr\/en\/wp-json\/wp\/v2\/users\/2"}],"replies":[{"embeddable":true,"href":"https:\/\/www.khas.edu.tr\/en\/wp-json\/wp\/v2\/comments?post=7623"}],"version-history":[{"count":5,"href":"https:\/\/www.khas.edu.tr\/en\/wp-json\/wp\/v2\/pages\/7623\/revisions"}],"predecessor-version":[{"id":12709,"href":"https:\/\/www.khas.edu.tr\/en\/wp-json\/wp\/v2\/pages\/7623\/revisions\/12709"}],"wp:attachment":[{"href":"https:\/\/www.khas.edu.tr\/en\/wp-json\/wp\/v2\/media?parent=7623"}],"wp:term":[{"taxonomy":"birimler","embeddable":true,"href":"https:\/\/www.khas.edu.tr\/en\/wp-json\/wp\/v2\/birimler?post=7623"}],"curies":[{"name":"wp","href":"https:\/\/api.w.org\/{rel}","templated":true}]}}