{"id":7614,"date":"2024-12-26T14:55:10","date_gmt":"2024-12-26T11:55:10","guid":{"rendered":"https:\/\/www.khas.edu.tr\/?page_id=7614"},"modified":"2025-03-20T10:47:35","modified_gmt":"2025-03-20T07:47:35","slug":"law-criminal-and-criminal-procedure-law","status":"publish","type":"page","link":"https:\/\/www.khas.edu.tr\/en\/law-criminal-and-criminal-procedure-law\/","title":{"rendered":"Law &#8211; Criminal and Criminal Procedure Law"},"content":{"rendered":"\t\t<div data-elementor-type=\"wp-page\" data-elementor-id=\"7614\" class=\"elementor elementor-7614 elementor-7463\">\n\t\t\t\t<div class=\"elementor-element elementor-element-b5ba26c e-flex e-con-boxed e-con e-parent\" data-id=\"b5ba26c\" data-element_type=\"container\" data-e-type=\"container\">\n\t\t\t\t\t<div class=\"e-con-inner\">\n\t\t\t\t<div class=\"elementor-element elementor-element-0d94aca elementor-widget elementor-widget-text-editor\" data-id=\"0d94aca\" data-element_type=\"widget\" data-e-type=\"widget\" data-widget_type=\"text-editor.default\">\n\t\t\t\t<div class=\"elementor-widget-container\">\n\t\t\t\t\t\t\t\t\t<p>As the Criminal and Criminal Procedure Law Department of Kadir Has University Faculty of Law, our goal is to provide students with theoretical information on criminal and criminal procedure law and guide them through the effective methods to use this information in practice. Different state practices adapt to the ever-changing social and economic environment and search for new criminal policies. Furthermore, the criminal procedure has evolved into a more human-centered approach, honoring human rights as a concept overseeing the international practice. Consequently, it is our utmost purpose in our department&#8217;s courses to let our students acknowledge different perspectives and adopt an open-minded approach in applying their theoretical knowledge to their future legal occupations.<\/p>\t\t\t\t\t\t\t\t<\/div>\n\t\t\t\t<\/div>\n\t\t\t\t<div class=\"elementor-element elementor-element-69693bb elementor-widget elementor-widget-heading\" data-id=\"69693bb\" data-element_type=\"widget\" data-e-type=\"widget\" data-widget_type=\"heading.default\">\n\t\t\t\t<div class=\"elementor-widget-container\">\n\t\t\t\t\t<h2 class=\"elementor-heading-title elementor-size-default\">Courses<\/h2>\t\t\t\t<\/div>\n\t\t\t\t<\/div>\n\t\t\t\t<div class=\"elementor-element elementor-element-a1c08b6 elementor-widget-divider--view-line elementor-widget elementor-widget-divider\" data-id=\"a1c08b6\" data-element_type=\"widget\" data-e-type=\"widget\" data-widget_type=\"divider.default\">\n\t\t\t\t<div class=\"elementor-widget-container\">\n\t\t\t\t\t\t\t<div class=\"elementor-divider\">\n\t\t\t<span class=\"elementor-divider-separator\">\n\t\t\t\t\t\t<\/span>\n\t\t<\/div>\n\t\t\t\t\t\t<\/div>\n\t\t\t\t<\/div>\n\t\t\t\t<div class=\"elementor-element elementor-element-a97cc5e elementor-widget elementor-widget-text-editor\" data-id=\"a97cc5e\" data-element_type=\"widget\" data-e-type=\"widget\" data-widget_type=\"text-editor.default\">\n\t\t\t\t<div class=\"elementor-widget-container\">\n\t\t\t\t\t\t\t\t\t<ul><li><a href=\"http:\/\/bologna.khas.edu.tr\/ders\/30000890\/program\/50000736\/en\">LW 143 Hukukta Ara\u015ft\u0131rma Y\u00f6ntemleri<\/a><\/li><li><a href=\"http:\/\/bologna.khas.edu.tr\/ders\/30000898\/program\/50000736\/en\">LW 249 Ceza Hukuku Genel H\u00fck\u00fcmler I<\/a><\/li><li><a href=\"http:\/\/bologna.khas.edu.tr\/ders\/30000904\/program\/50000736\/en\">LW 250 Ceza Hukuku Genel H\u00fck\u00fcmler II<\/a><\/li><li><a href=\"http:\/\/bologna.khas.edu.tr\/ders\/30000910\/program\/50000736\/en\">LW 347 Ceza Hukuku \u00d6zel H\u00fck\u00fcmler I<\/a><\/li><li><a href=\"http:\/\/bologna.khas.edu.tr\/ders\/30000917\/program\/50000736\/en\">LW 348 Ceza Hukuku \u00d6zel H\u00fck\u00fcmler II<\/a><\/li><li>LW 330 Bili\u015fim Hukuku<\/li><li><a href=\"http:\/\/bologna.khas.edu.tr\/ders\/50002252\/program\/50000736\/en\">LW 407 Ceza Usul Hukuku I<\/a><\/li><li><a href=\"http:\/\/bologna.khas.edu.tr\/ders\/50002255\/program\/50000736\/en\">LW 408 Ceza Usul Hukuku II<\/a><\/li><li><a href=\"http:\/\/bologna.khas.edu.tr\/ders\/30000929\/program\/50000736\/en\">LW 432 \u00c7ocuk Hukuku<\/a><\/li><li><a href=\"http:\/\/bologna.khas.edu.tr\/ders\/50002180\/program\/50000736\/en\">LW 216 Kriminoloji<\/a><\/li><li><a href=\"http:\/\/bologna.khas.edu.tr\/ders\/30000911\/program\/50000736\/en\">LW 343 Ekonomik Su\u00e7lar<\/a><\/li><li><a href=\"http:\/\/bologna.khas.edu.tr\/ders\/30000902\/program\/50000736\/en\">LW 241 Kamu Hukuku Boyutuyla Sa\u011fl\u0131k Hukuku<\/a><\/li><li><a href=\"http:\/\/bologna.khas.edu.tr\/ders\/30000924\/program\/50000736\/en\">LW 423 Adil Yarg\u0131lanma Hakk\u0131<\/a><\/li><li><a href=\"http:\/\/bologna.khas.edu.tr\/ders\/50002282\/program\/50000736\/en\">LW 444 Bitirme \u00c7al\u0131\u015fmas\u0131 (Kamu Hukuku)<\/a><\/li><\/ul>\t\t\t\t\t\t\t\t<\/div>\n\t\t\t\t<\/div>\n\t\t\t\t\t<\/div>\n\t\t\t\t<\/div>\n\t\t\t\t<\/div>\n\t\t","protected":false},"excerpt":{"rendered":"<p>As the Criminal and Criminal Procedure Law Department of Kadir Has University Faculty of Law, our goal is to provide students with theoretical information on criminal and criminal procedure law and guide them through the effective methods to use this information in practice. Different state practices adapt to the ever-changing social and economic environment and [&hellip;]<\/p>\n","protected":false},"author":2,"featured_media":0,"parent":0,"menu_order":0,"comment_status":"closed","ping_status":"closed","template":"","meta":{"slim_seo":{"title":"Law - Criminal and Criminal Procedure Law - Kadir Has University","description":"As the Criminal and Criminal Procedure Law Department of Kadir Has University Faculty of Law, our goal is to provide students with theoretical information on cr"},"footnotes":""},"birimler":[62],"class_list":["post-7614","page","type-page","status-publish","hentry","birimler-law"],"_links":{"self":[{"href":"https:\/\/www.khas.edu.tr\/en\/wp-json\/wp\/v2\/pages\/7614","targetHints":{"allow":["GET"]}}],"collection":[{"href":"https:\/\/www.khas.edu.tr\/en\/wp-json\/wp\/v2\/pages"}],"about":[{"href":"https:\/\/www.khas.edu.tr\/en\/wp-json\/wp\/v2\/types\/page"}],"author":[{"embeddable":true,"href":"https:\/\/www.khas.edu.tr\/en\/wp-json\/wp\/v2\/users\/2"}],"replies":[{"embeddable":true,"href":"https:\/\/www.khas.edu.tr\/en\/wp-json\/wp\/v2\/comments?post=7614"}],"version-history":[{"count":14,"href":"https:\/\/www.khas.edu.tr\/en\/wp-json\/wp\/v2\/pages\/7614\/revisions"}],"predecessor-version":[{"id":13464,"href":"https:\/\/www.khas.edu.tr\/en\/wp-json\/wp\/v2\/pages\/7614\/revisions\/13464"}],"wp:attachment":[{"href":"https:\/\/www.khas.edu.tr\/en\/wp-json\/wp\/v2\/media?parent=7614"}],"wp:term":[{"taxonomy":"birimler","embeddable":true,"href":"https:\/\/www.khas.edu.tr\/en\/wp-json\/wp\/v2\/birimler?post=7614"}],"curies":[{"name":"wp","href":"https:\/\/api.w.org\/{rel}","templated":true}]}}