{"id":7604,"date":"2024-12-23T15:39:11","date_gmt":"2024-12-23T12:39:11","guid":{"rendered":"https:\/\/www.khas.edu.tr\/?page_id=7604"},"modified":"2025-03-20T10:26:52","modified_gmt":"2025-03-20T07:26:52","slug":"law-our-graduates","status":"publish","type":"page","link":"https:\/\/www.khas.edu.tr\/en\/law-our-graduates\/","title":{"rendered":"Law &#8211; Our Graduates"},"content":{"rendered":"\t\t<div data-elementor-type=\"wp-page\" data-elementor-id=\"7604\" class=\"elementor elementor-7604 elementor-7180\">\n\t\t\t\t<div class=\"elementor-element elementor-element-d299963 e-flex e-con-boxed e-con e-parent\" data-id=\"d299963\" data-element_type=\"container\" data-e-type=\"container\">\n\t\t\t\t\t<div class=\"e-con-inner\">\n\t\t\t\t<div class=\"elementor-element elementor-element-e2a52e4 elementor-widget elementor-widget-heading\" data-id=\"e2a52e4\" data-element_type=\"widget\" data-e-type=\"widget\" data-widget_type=\"heading.default\">\n\t\t\t\t<div class=\"elementor-widget-container\">\n\t\t\t\t\t<h3 class=\"elementor-heading-title elementor-size-default\">Graduates who Started as Judges and Prosecutors<\/h3>\t\t\t\t<\/div>\n\t\t\t\t<\/div>\n\t\t\t\t<div class=\"elementor-element elementor-element-f80ced7 elementor-widget elementor-widget-text-editor\" data-id=\"f80ced7\" data-element_type=\"widget\" data-e-type=\"widget\" data-widget_type=\"text-editor.default\">\n\t\t\t\t<div class=\"elementor-widget-container\">\n\t\t\t\t\t\t\t\t\t<p>Serkan Ucuzcu\u00a0<em>(Public Prosecutor, Urfa)<\/em><\/p><p>Nazmi Dolay <em>(Public Prosecutor, <\/em><em>Kastamonu)<\/em><\/p><p>Bilge Ate\u015f\u00a0<em>(Judge, Zonguldak-Devrek)<\/em><\/p><p>Cemal Kurt <em>(Public Prosecutor, <\/em><em>Bursa)<\/em><\/p><p>Maksut \u00d6zdemir\u00a0<em>(Judge<\/em>)<\/p><p>Deniz Arslan\u00a0<em>(Judge)<\/em><\/p><p>Onurhan Demirci\u00a0<em>(Judge)<\/em><\/p><p>Sena Yal\u00e7\u0131n\u00a0<em>(Judge)<\/em><\/p><p>Sena Nur Sato\u011flu\u00a0<em>(Judge)<\/em><\/p><p>B\u00fc\u015fra Sar\u0131ta\u015f\u00a0<em>(Judge)<\/em><\/p><p>Metin Ertarman\u00a0<em>(Judge)<\/em><\/p><p>Kaan \u015e\u0131kta\u015f\u00a0<em>(Judge)<\/em><\/p><p>Hilal T\u00fcyl\u00fco\u011flu\u00a0<em>(Judge)<\/em><\/p><p>Do\u011fukan \u00c7etin\u00a0<em>(Judge)<\/em><\/p><p>Yasemin \u015eent\u00fcrk\u00a0<em>(Judge)<\/em><\/p><p>Burak \u00d6zer\u00a0<em>(Savc\u0131)<\/em><\/p><p>Meltem Yelda \u00c7aylak\u00a0<em>(Hakim)<\/em><\/p>\t\t\t\t\t\t\t\t<\/div>\n\t\t\t\t<\/div>\n\t\t\t\t<div class=\"elementor-element elementor-element-820e227 elementor-widget elementor-widget-heading\" data-id=\"820e227\" data-element_type=\"widget\" data-e-type=\"widget\" data-widget_type=\"heading.default\">\n\t\t\t\t<div class=\"elementor-widget-container\">\n\t\t\t\t\t<h3 class=\"elementor-heading-title elementor-size-default\">Graduates who Received Graduate Education Scholarship Abroad<\/h3>\t\t\t\t<\/div>\n\t\t\t\t<\/div>\n\t\t\t\t<div class=\"elementor-element elementor-element-1a18a64 elementor-widget elementor-widget-text-editor\" data-id=\"1a18a64\" data-element_type=\"widget\" data-e-type=\"widget\" data-widget_type=\"text-editor.default\">\n\t\t\t\t<div class=\"elementor-widget-container\">\n\t\t\t\t\t\t\t\t\t<p>Feyzanur Karak\u0131z,\u00a0<em>2010, Graduate Education Scholarship of the\u00a0Ministry\u00a0of\u00a0National Education &#8211; UK \u00a0Queen Mary University of London<\/em><\/p><p>\u0130lknur Kuru Ko\u00e7,\u00a0<em>2015, Jean Monnet 2015-2016 Academic Year Scholar \u2013 City University London<\/em><\/p><p>Do\u011fukan Bing\u00f6l,\u00a0<em>2015, Fulbright PhD Dissertation Research Scholaship<\/em><\/p><p>Fehmi Levent \u00d6zkan,\u00a0<em>2020, Jean Monnet 2020-2021 Academic Year Scholar\u2013 Maastricht University<\/em><\/p>\t\t\t\t\t\t\t\t<\/div>\n\t\t\t\t<\/div>\n\t\t\t\t<div class=\"elementor-element elementor-element-da1cac9 elementor-widget elementor-widget-heading\" data-id=\"da1cac9\" data-element_type=\"widget\" data-e-type=\"widget\" data-widget_type=\"heading.default\">\n\t\t\t\t<div class=\"elementor-widget-container\">\n\t\t\t\t\t<h3 class=\"elementor-heading-title elementor-size-default\">Graduates as Faculty Members and Research Assistants<\/h3>\t\t\t\t<\/div>\n\t\t\t\t<\/div>\n\t\t\t\t<div class=\"elementor-element elementor-element-514ac1f elementor-widget elementor-widget-text-editor\" data-id=\"514ac1f\" data-element_type=\"widget\" data-e-type=\"widget\" data-widget_type=\"text-editor.default\">\n\t\t\t\t<div class=\"elementor-widget-container\">\n\t\t\t\t\t\t\t\t\t<p>Argun Karamanl\u0131o\u011flu, Kadir Has University Faculty of Law Commercial Law Department<\/p><p>Murat Can Atakan, Alt\u0131nba\u015f University Faculty of Law Commercial Law Department<\/p><p>Muhammet T\u00fcrkalp Se\u00e7kin, \u0130stanbul Technical University Management Engineering Department<\/p><p>Burcu Filiz, Do\u011fu\u015f University Faculty of Law Public International Law Department<\/p><p>\u00d6mer U\u011fur, \u0130stanbul Yeni Y\u00fczy\u0131l University Faculty of Law Labor and Social Security Law Department<\/p><p>Do\u011fukan Bing\u00f6l, Kadir Has University Faculty of Law Philosophy and Sociology of Law Department<\/p><p>Merve Ece Uyan\u0131k, Kadir Has University Faculty of Law Public International Law Department<\/p>\t\t\t\t\t\t\t\t<\/div>\n\t\t\t\t<\/div>\n\t\t\t\t<div class=\"elementor-element elementor-element-f9ad8bd elementor-widget elementor-widget-heading\" data-id=\"f9ad8bd\" data-element_type=\"widget\" data-e-type=\"widget\" data-widget_type=\"heading.default\">\n\t\t\t\t<div class=\"elementor-widget-container\">\n\t\t\t\t\t<h3 class=\"elementor-heading-title elementor-size-default\">Hukuk Uygulamas\u0131n\u0131n Farkl\u0131 Sahalar\u0131nda Mezunlar\u0131m\u0131z<\/h3>\t\t\t\t<\/div>\n\t\t\t\t<\/div>\n\t\t\t\t<div class=\"elementor-element elementor-element-8a658d5 elementor-widget elementor-widget-text-editor\" data-id=\"8a658d5\" data-element_type=\"widget\" data-e-type=\"widget\" data-widget_type=\"text-editor.default\">\n\t\t\t\t<div class=\"elementor-widget-container\">\n\t\t\t\t\t\t\t\t\tAv. Fehmi \u00dcnsal \u00d6zmestik \u2013 \u0130stanbul Barosu Bili\u015fim Komisyonu S\u00f6zc\u00fcs\u00fc\n\nAv. \u00c7a\u011fr\u0131 \u015e\u00fckr\u00fc Uluslu \u2013 \u0130stanbul Barosu Sa\u011fl\u0131k Merkezi S\u00f6zc\u00fcs\u00fc\n\nAv. Dilara Tajik \u2013 beIN Media Group\n\nAv. Erdem Mu\u0308mtaz Hac\u0131pa\u015fao\u011flu\u00a0 \/ Vircon Group (Forbes 30\u2019un Alt\u0131nda 30 Listesi) \u2013 Ba\u015f Hukuk Mu\u0308\u015faviri &amp; Startup Hukuku Kurucusu\n\nAv. Cansu Kula\u00e7 \/ Kadir Has \u00dcniversitesi Lisans mezunu, Y\u00fcksek Lisans \u00d6\u011frencisi, Kadir Has \u00dcniversitesi Sorumluluk Hukuku ve Uygulama Merkezi Asistan\u0131, T\u00dcB\u0130TAK 3005 Proje Bursiyeri\n\nAv. Yi\u011fit Baran \/ Hergu\u0308ner Bilgen \u00d6zeke Avukatl\u0131k Ofisi\n\nAv. \u0130brahim Enes Altan\u00a0 \/ Moro\u011flu Arseven Avukatl\u0131k Ortakl\u0131\u011f\u0131\n\nAv. Ecem Erdem\u00a0 \/ Kadir Has \u00dcniversitesi lisans, y\u00fcksek lisans mezunu, doktora \u00f6\u011frencisi, \u0130stanbul Barosu \u00c7ocuk Haklar\u0131 Merkezi Y\u00fcr\u00fctme Kurulu \u00dcyesi, Kadir Has \u00dcniversitesi Sorumluluk Hukuku ve Uygulama Merkezi Asistan\u0131, T\u00dcB\u0130TAK 1001 Proje Bursiyeri\n\nAv. Burcu \u00d6ztoprak Alsulu \u2013 \u0130stanbul Barosu Genel Sekreteri\n\nAv. \u0130pek Zeybeko\u011flu \u2013 \u0130stanbul Barosu Hukuk M\u00fc\u015favirli\u011fi\u2019nde avukat\n\nSena Kibar \/ Stj. Avukat \u2013 Moro\u011flu Arseven Avukatl\u0131k Ortakl\u0131\u011f\u0131\t\t\t\t\t\t\t\t<\/div>\n\t\t\t\t<\/div>\n\t\t\t\t\t<\/div>\n\t\t\t\t<\/div>\n\t\t\t\t<\/div>\n\t\t","protected":false},"excerpt":{"rendered":"<p>Graduates who Started as Judges and Prosecutors Serkan Ucuzcu\u00a0(Public Prosecutor, Urfa) Nazmi Dolay (Public Prosecutor, Kastamonu) Bilge Ate\u015f\u00a0(Judge, Zonguldak-Devrek) Cemal Kurt (Public Prosecutor, Bursa) Maksut \u00d6zdemir\u00a0(Judge) Deniz Arslan\u00a0(Judge) Onurhan Demirci\u00a0(Judge) Sena Yal\u00e7\u0131n\u00a0(Judge) Sena Nur Sato\u011flu\u00a0(Judge) B\u00fc\u015fra Sar\u0131ta\u015f\u00a0(Judge) Metin Ertarman\u00a0(Judge) Kaan \u015e\u0131kta\u015f\u00a0(Judge) Hilal T\u00fcyl\u00fco\u011flu\u00a0(Judge) Do\u011fukan \u00c7etin\u00a0(Judge) Yasemin \u015eent\u00fcrk\u00a0(Judge) Burak \u00d6zer\u00a0(Savc\u0131) Meltem Yelda \u00c7aylak\u00a0(Hakim) Graduates who Received [&hellip;]<\/p>\n","protected":false},"author":2,"featured_media":0,"parent":0,"menu_order":0,"comment_status":"closed","ping_status":"closed","template":"","meta":{"slim_seo":{"title":"Law - Our Graduates - Kadir Has University","description":"Graduates who Started as Judges and Prosecutors Serkan Ucuzcu\u00a0 (Public Prosecutor, Urfa) Nazmi Dolay (Public Prosecutor, Kastamonu) Bilge Ate\u015f\u00a0 (Judge, Zongulda"},"footnotes":""},"birimler":[62],"class_list":["post-7604","page","type-page","status-publish","hentry","birimler-law"],"_links":{"self":[{"href":"https:\/\/www.khas.edu.tr\/en\/wp-json\/wp\/v2\/pages\/7604","targetHints":{"allow":["GET"]}}],"collection":[{"href":"https:\/\/www.khas.edu.tr\/en\/wp-json\/wp\/v2\/pages"}],"about":[{"href":"https:\/\/www.khas.edu.tr\/en\/wp-json\/wp\/v2\/types\/page"}],"author":[{"embeddable":true,"href":"https:\/\/www.khas.edu.tr\/en\/wp-json\/wp\/v2\/users\/2"}],"replies":[{"embeddable":true,"href":"https:\/\/www.khas.edu.tr\/en\/wp-json\/wp\/v2\/comments?post=7604"}],"version-history":[{"count":11,"href":"https:\/\/www.khas.edu.tr\/en\/wp-json\/wp\/v2\/pages\/7604\/revisions"}],"predecessor-version":[{"id":13430,"href":"https:\/\/www.khas.edu.tr\/en\/wp-json\/wp\/v2\/pages\/7604\/revisions\/13430"}],"wp:attachment":[{"href":"https:\/\/www.khas.edu.tr\/en\/wp-json\/wp\/v2\/media?parent=7604"}],"wp:term":[{"taxonomy":"birimler","embeddable":true,"href":"https:\/\/www.khas.edu.tr\/en\/wp-json\/wp\/v2\/birimler?post=7604"}],"curies":[{"name":"wp","href":"https:\/\/api.w.org\/{rel}","templated":true}]}}