{"id":7171,"date":"2024-12-23T14:43:47","date_gmt":"2024-12-23T11:43:47","guid":{"rendered":"https:\/\/www.khas.edu.tr\/?page_id=7171"},"modified":"2025-05-12T11:15:11","modified_gmt":"2025-05-12T08:15:11","slug":"law-history","status":"publish","type":"page","link":"https:\/\/www.khas.edu.tr\/en\/law-history\/","title":{"rendered":"Law-History"},"content":{"rendered":"\t\t<div data-elementor-type=\"wp-page\" data-elementor-id=\"7171\" class=\"elementor elementor-7171 elementor-7131\">\n\t\t\t\t<div class=\"elementor-element elementor-element-2f67966 e-flex e-con-boxed e-con e-parent\" data-id=\"2f67966\" data-element_type=\"container\" data-e-type=\"container\">\n\t\t\t\t\t<div class=\"e-con-inner\">\n\t\t\t\t<div class=\"elementor-element elementor-element-dd7aee1 elementor-widget elementor-widget-image\" data-id=\"dd7aee1\" data-element_type=\"widget\" data-e-type=\"widget\" data-widget_type=\"image.default\">\n\t\t\t\t<div class=\"elementor-widget-container\">\n\t\t\t\t\t\t\t\t\t\t\t\t\t\t\t<img fetchpriority=\"high\" decoding=\"async\" width=\"1920\" height=\"788\" src=\"https:\/\/www.khas.edu.tr\/wp-content\/uploads\/2025\/05\/hukuk-fakultesi.jpg\" class=\"attachment-full size-full wp-image-19614\" alt=\"Hukuk fakultesi\" srcset=\"https:\/\/www.khas.edu.tr\/wp-content\/uploads\/2025\/05\/hukuk-fakultesi.jpg 1920w, https:\/\/www.khas.edu.tr\/wp-content\/uploads\/2025\/05\/hukuk-fakultesi-300x123.jpg 300w, https:\/\/www.khas.edu.tr\/wp-content\/uploads\/2025\/05\/hukuk-fakultesi-1024x420.jpg 1024w, https:\/\/www.khas.edu.tr\/wp-content\/uploads\/2025\/05\/hukuk-fakultesi-768x315.jpg 768w, https:\/\/www.khas.edu.tr\/wp-content\/uploads\/2025\/05\/hukuk-fakultesi-1536x630.jpg 1536w\" sizes=\"(max-width: 1920px) 100vw, 1920px\" \/>\t\t\t\t\t\t\t\t\t\t\t\t\t\t\t<\/div>\n\t\t\t\t<\/div>\n\t\t\t\t<div class=\"elementor-element elementor-element-1d88461 elementor-widget elementor-widget-text-editor\" data-id=\"1d88461\" data-element_type=\"widget\" data-e-type=\"widget\" data-widget_type=\"text-editor.default\">\n\t\t\t\t<div class=\"elementor-widget-container\">\n\t\t\t\t\t\t\t\t\t<p>Kadir Has \u00dcniversitesi Hukuk Fak\u00fcltesi, 2003-2004 akademik y\u0131l\u0131nda e\u011fitim-\u00f6\u011fretim hayat\u0131na ba\u015flam\u0131\u015f, ilk mezunlar\u0131n\u0131 2006-2007 akademik y\u0131l\u0131nda vermi\u015ftir. Hukukun ve adaletin ger\u00e7ekle\u015ftirilmesinde g\u00f6rev alacak donan\u0131ml\u0131 hukuk\u00e7ular yeti\u015ftirmeyi ama\u00e7layan Kadir Has \u00dcniversitesi Hukuk Fak\u00fcltesi, kendi alan\u0131nda s\u00f6z sahibi olan akademik kadrosuyla, evrensel hukuk ilkeleri ile temel hukuk formasyonunu \u00f6\u011frencilere sunmaktad\u0131r.<\/p>\n<p>Fak\u00fclte; \u00f6\u011frencilerini, hem ulusal hem de uluslararas\u0131 hukuk dallar\u0131nda bilgili, analiz g\u00fcc\u00fc ve hukuku yorumlama yetene\u011fi ile derinlemesine bilgi sahibi, demokrasi ve hukukun \u00fcst\u00fcnl\u00fc\u011f\u00fcne inanan, insan haklar\u0131na sayg\u0131l\u0131, bilgili ve a\u00e7\u0131k fikirli, ara\u015ft\u0131ran ve sorgulayan, teorik ve pratik bilgiyle donanm\u0131\u015f hukuk\u00e7ular yeti\u015ftirmeyi hedeflemektedir.<\/p>\n<p>Kadir Has \u00dcniversitesi Hukuk Fak\u00fcltesi, gerek yurt i\u00e7i, gerekse yurt d\u0131\u015f\u0131 ba\u011flant\u0131lar ile \u00f6\u011frencilerin \u00fcniversite d\u0131\u015f\u0131 e\u011fitim olanaklar\u0131ndan da yararland\u0131r\u0131lmas\u0131n\u0131 ama\u00e7lamaktad\u0131r. Fak\u00fclte, Avrupa Birli\u011fi e\u011fitim faaliyetleri \u00e7er\u00e7evesinde y\u00fcr\u00fcrl\u00fckte bulunan Erasmus Program\u0131 ile Avrupa\u2019n\u0131n \u00f6nde gelen \u00fcniversiteleriyle \u00f6\u011frenci de\u011fi\u015fimi ger\u00e7ekle\u015ftirmektedir. Ayr\u0131ca bu kapsamda, ara\u015ft\u0131rma projeleri ve gezileri d\u00fczenlenmekte, yurt d\u0131\u015f\u0131 e\u011fitim ve \u00f6\u011frenci de\u011fi\u015fim programlar\u0131na, uluslararas\u0131 panellere, konferanslara kat\u0131l\u0131mda \u00f6\u011frencileri desteklemektedir. Fak\u00fcltede e\u011fitim-\u00f6\u011fretim dili, T\u00fcrk hukukuna ili\u015fkin zorunlu temel derslerde T\u00fcrk\u00e7e, yabanc\u0131 hukuk sistemleriyle ba\u011flant\u0131l\u0131 derslerde ise \u0130ngilizcedir.<\/p>\n\t\t\t\t\t\t\t\t<\/div>\n\t\t\t\t<\/div>\n\t\t\t\t\t<\/div>\n\t\t\t\t<\/div>\n\t\t\t\t<\/div>\n\t\t","protected":false},"excerpt":{"rendered":"<p>Kadir Has \u00dcniversitesi Hukuk Fak\u00fcltesi, 2003-2004 akademik y\u0131l\u0131nda e\u011fitim-\u00f6\u011fretim hayat\u0131na ba\u015flam\u0131\u015f, ilk mezunlar\u0131n\u0131 2006-2007 akademik y\u0131l\u0131nda vermi\u015ftir. Hukukun ve adaletin ger\u00e7ekle\u015ftirilmesinde g\u00f6rev alacak donan\u0131ml\u0131 hukuk\u00e7ular yeti\u015ftirmeyi ama\u00e7layan Kadir Has \u00dcniversitesi Hukuk Fak\u00fcltesi, kendi alan\u0131nda s\u00f6z sahibi olan akademik kadrosuyla, evrensel hukuk ilkeleri ile temel hukuk formasyonunu \u00f6\u011frencilere sunmaktad\u0131r. Fak\u00fclte; \u00f6\u011frencilerini, hem ulusal hem de uluslararas\u0131 [&hellip;]<\/p>\n","protected":false},"author":2,"featured_media":0,"parent":0,"menu_order":0,"comment_status":"closed","ping_status":"closed","template":"","meta":{"slim_seo":{"title":"Law-History - Kadir Has University","description":"Kadir Has \u00dcniversitesi Hukuk Fak\u00fcltesi, 2003-2004 akademik y\u0131l\u0131nda e\u011fitim-\u00f6\u011fretim hayat\u0131na ba\u015flam\u0131\u015f, ilk mezunlar\u0131n\u0131 2006-2007 akademik y\u0131l\u0131nda vermi\u015ftir. Hukuk"},"footnotes":""},"birimler":[62],"class_list":["post-7171","page","type-page","status-publish","hentry","birimler-law"],"_links":{"self":[{"href":"https:\/\/www.khas.edu.tr\/en\/wp-json\/wp\/v2\/pages\/7171","targetHints":{"allow":["GET"]}}],"collection":[{"href":"https:\/\/www.khas.edu.tr\/en\/wp-json\/wp\/v2\/pages"}],"about":[{"href":"https:\/\/www.khas.edu.tr\/en\/wp-json\/wp\/v2\/types\/page"}],"author":[{"embeddable":true,"href":"https:\/\/www.khas.edu.tr\/en\/wp-json\/wp\/v2\/users\/2"}],"replies":[{"embeddable":true,"href":"https:\/\/www.khas.edu.tr\/en\/wp-json\/wp\/v2\/comments?post=7171"}],"version-history":[{"count":8,"href":"https:\/\/www.khas.edu.tr\/en\/wp-json\/wp\/v2\/pages\/7171\/revisions"}],"predecessor-version":[{"id":19621,"href":"https:\/\/www.khas.edu.tr\/en\/wp-json\/wp\/v2\/pages\/7171\/revisions\/19621"}],"wp:attachment":[{"href":"https:\/\/www.khas.edu.tr\/en\/wp-json\/wp\/v2\/media?parent=7171"}],"wp:term":[{"taxonomy":"birimler","embeddable":true,"href":"https:\/\/www.khas.edu.tr\/en\/wp-json\/wp\/v2\/birimler?post=7171"}],"curies":[{"name":"wp","href":"https:\/\/api.w.org\/{rel}","templated":true}]}}