{"id":6774,"date":"2024-12-18T16:43:17","date_gmt":"2024-12-18T13:43:17","guid":{"rendered":"https:\/\/www.khas.edu.tr\/?page_id=6774"},"modified":"2025-08-28T14:47:11","modified_gmt":"2025-08-28T11:47:11","slug":"communicationand-program-coordinators","status":"publish","type":"page","link":"https:\/\/www.khas.edu.tr\/en\/communicationand-program-coordinators\/","title":{"rendered":"Communicationand Program Coordinators"},"content":{"rendered":"\t\t<div data-elementor-type=\"wp-page\" data-elementor-id=\"6774\" class=\"elementor elementor-6774 elementor-6677\">\n\t\t\t\t<div class=\"elementor-element elementor-element-ab86cc3 e-con-full e-flex e-con e-parent\" data-id=\"ab86cc3\" data-element_type=\"container\" data-e-type=\"container\">\n\t\t<div class=\"elementor-element elementor-element-88f757f e-con-full e-flex e-con e-child\" data-id=\"88f757f\" data-element_type=\"container\" data-e-type=\"container\">\n\t\t\t\t<div class=\"elementor-element elementor-element-93ec6ba elementor-widget elementor-widget-text-editor\" data-id=\"93ec6ba\" data-element_type=\"widget\" data-e-type=\"widget\" data-widget_type=\"text-editor.default\">\n\t\t\t\t<div class=\"elementor-widget-container\">\n\t\t\t\t\t\t\t\t\t<table border=\"1\" width=\"100%\"><tbody><tr><td style=\"border: 1px solid #D5D8DC;\" width=\"437\"><h4>Faculty<\/h4><\/td><td style=\"border: 1px solid #D5D8DC;\" colspan=\"2\" width=\"608\"><h4>Double Major\/Minor Program Coordinators<\/h4><\/td><\/tr><tr><td style=\"border: 1px solid #D5D8DC;\" width=\"437\"><h6><span style=\"color: #000000;\">Faculty of Law<\/span><\/h6><\/td><td style=\"border: 1px solid #D5D8DC;\"><h6><span style=\"color: #000000;\">Faculty of Law<\/span><\/h6><\/td><td style=\"border: 1px solid #D5D8DC;\"><h6><span style=\"color: #000000;\">Dr. <\/span><\/h6><h6><span style=\"color: #000000;\">Asl\u0131han Erba\u015f A\u00e7\u0131kel<\/span><\/h6><\/td><\/tr><tr><td style=\"border: 1px solid #D5D8DC;\" rowspan=\"5\" width=\"437\"><h6><span style=\"color: #000000;\">Faculty of Communication<\/span><\/h6><\/td><td style=\"border: 1px solid #D5D8DC;\"><h6><span style=\"color: #000000;\">Public Relations and Advertising<\/span><\/h6><\/td><td style=\"border: 1px solid #D5D8DC;\"><h6><span style=\"color: #000000;\">Prof. Dr.<\/span><\/h6><h6><span style=\"color: #000000;\"> Banu Baybars Hawks<\/span><\/h6><\/td><\/tr><tr><td style=\"border: 1px solid #D5D8DC;\"><h6><span style=\"color: #000000;\">Visual Communication Design<\/span><\/h6><\/td><td style=\"border: 1px solid #D5D8DC;\"><h6><span style=\"color: #000000;\">Lecturer<\/span><\/h6><h6><span style=\"color: #000000;\"> Doruk Kumkumo\u011flu<\/span><\/h6><\/td><\/tr><tr><td style=\"border: 1px solid #D5D8DC;\"><h6><span style=\"color: #000000;\">Radio, Television, and Cinema<\/span><\/h6><\/td><td style=\"border: 1px solid #D5D8DC;\"><h6><span style=\"color: #000000;\">Assoc. Prof. Dr. <\/span><\/h6><h6><span style=\"color: #000000;\">Melis Behlil<\/span><\/h6><\/td><\/tr><tr><td style=\"border: 1px solid #D5D8DC;\"><h6><span style=\"color: #000000;\">Advertising<\/span><\/h6><\/td><td style=\"border: 1px solid #D5D8DC;\"><h6><span style=\"color: #000000;\">Dr. <\/span><\/h6><h6><span style=\"color: #000000;\">Perrin \u00d6\u011f\u00fcn Emre<\/span><\/h6><\/td><\/tr><tr><td style=\"border: 1px solid #D5D8DC;\"><h6><span style=\"color: #000000;\">New Media<\/span><\/h6><\/td><td style=\"border: 1px solid #D5D8DC;\"><h6><span style=\"color: #000000;\">Dr. <\/span><\/h6><h6><span style=\"color: #000000;\">G\u00f6zde C\u00f6bek<\/span><\/h6><\/td><\/tr><tr><td style=\"border: 1px solid #D5D8DC;\" rowspan=\"11\" width=\"437\"><h6><span style=\"color: #000000;\">Faculty of Economics, Administrative and Social Sciences<\/span><\/h6><\/td><td style=\"border: 1px solid #D5D8DC;\"><h6><span style=\"color: #000000;\">Economics<\/span><\/h6><\/td><td style=\"border: 1px solid #D5D8DC;\"><h6><span style=\"color: #000000;\">Dr. <\/span><\/h6><h6><span style=\"color: #000000;\">Ula\u015f Karako\u00e7<\/span><\/h6><\/td><\/tr><tr><td style=\"border: 1px solid #D5D8DC;\"><h6><span style=\"color: #000000;\">Business Administration<\/span><\/h6><\/td><td style=\"border: 1px solid #D5D8DC;\"><h6><span style=\"color: #000000;\">Dr. <\/span><\/h6><h6><span style=\"color: #000000;\">Ay\u015fe \u0130rem Keskin<\/span><\/h6><\/td><\/tr><tr><td style=\"border: 1px solid #D5D8DC;\"><h6><span style=\"color: #000000;\">Psychology <\/span><\/h6><h6><span style=\"color: #000000;\">(Old Curriculum)<\/span><\/h6><\/td><td style=\"border: 1px solid #D5D8DC;\"><h6><span style=\"color: #000000;\">Dr. <\/span><\/h6><h6><span style=\"color: #000000;\">Asl\u0131 Erciyes<\/span><\/h6><\/td><\/tr><tr><td style=\"border: 1px solid #D5D8DC;\"><h6><span style=\"color: #000000;\">Psychology <\/span><\/h6><h6><span style=\"color: #000000;\">(New Curriculum)<\/span><\/h6><\/td><td style=\"border: 1px solid #D5D8DC;\"><h6><span style=\"color: #000000;\">Dr. <\/span><\/h6><h6><span style=\"color: #000000;\">Ay\u015fe Altan Atalay<\/span><\/h6><\/td><\/tr><tr><td style=\"border: 1px solid #D5D8DC;\"><h6><span style=\"color: #000000;\">Psychology <\/span><\/h6><h6><span style=\"color: #000000;\">(Minor Program)<\/span><\/h6><\/td><td style=\"border: 1px solid #D5D8DC;\"><h6><span style=\"color: #000000;\">Research Assistant<\/span><\/h6><h6><span style=\"color: #000000;\">Eylem \u0130rem Morko\u00e7<\/span><\/h6><\/td><\/tr><tr><td style=\"border: 1px solid #D5D8DC;\"><h6><span style=\"color: #000000;\">Political Science and International Relations<\/span><\/h6><\/td><td style=\"border: 1px solid #D5D8DC;\"><h6><span style=\"color: #000000;\">Dr. <\/span><\/h6><h6><span style=\"color: #000000;\">Co\u015fku \u00c7elik<\/span><\/h6><\/td><\/tr><tr><td style=\"border: 1px solid #D5D8DC;\"><h6><span style=\"color: #000000;\">Political Science and Public <\/span><\/h6><h6><span style=\"color: #000000;\">Administration<\/span><\/h6><\/td><td style=\"border: 1px solid #D5D8DC;\"><h6><span style=\"color: #000000;\">Dr. <\/span><\/h6><h6><span style=\"color: #000000;\">Co\u015fku \u00c7elik<\/span><\/h6><\/td><\/tr><tr><td style=\"border: 1px solid #D5D8DC;\"><h6><span style=\"color: #000000;\">International Relations<\/span><\/h6><\/td><td style=\"border: 1px solid #D5D8DC;\"><h6><span style=\"color: #000000;\">Prof. Dr. <\/span><\/h6><h6><span style=\"color: #000000;\">Sinem Akg\u00fcl A\u00e7\u0131kme\u015fe<\/span><\/h6><\/td><\/tr><tr><td style=\"border: 1px solid #D5D8DC;\"><h6><span style=\"color: #000000;\">International Trade and Finance<\/span><\/h6><\/td><td style=\"border: 1px solid #D5D8DC;\"><h6><span style=\"color: #000000;\">Assoc. Prof. Dr. <\/span><\/h6><h6><span style=\"color: #000000;\">O\u011fuz Ersan<\/span><\/h6><\/td><\/tr><tr><td style=\"border: 1px solid #D5D8DC;\"><h6><span style=\"color: #000000;\">Management Information Systems<\/span><\/h6><\/td><td style=\"border: 1px solid #D5D8DC;\"><h6><span style=\"color: #000000;\">Dr. <\/span><\/h6><h6><span style=\"color: #000000;\">Tu\u011f\u00e7e Ball\u0131<\/span><\/h6><\/td><\/tr><tr><td style=\"border: 1px solid #D5D8DC;\"><h6><span style=\"color: #000000;\">Management Information Systems <\/span><\/h6><h6><span style=\"color: #000000;\">(Minor Program)<\/span><\/h6><\/td><td style=\"border: 1px solid #D5D8DC;\"><h6><span style=\"color: #000000;\">Dr. <\/span><\/h6><h6><span style=\"color: #000000;\">Tu\u011f\u00e7e Ball\u0131<\/span><\/h6><\/td><\/tr><tr><td style=\"border: 1px solid #D5D8DC;\" rowspan=\"6\" width=\"437\"><h6><span style=\"color: #000000;\">Faculty of Engineering and Natural Sciences<\/span><\/h6><\/td><td style=\"border: 1px solid #D5D8DC;\"><h6><span style=\"color: #000000;\">Computer Engineering<\/span><\/h6><\/td><td style=\"border: 1px solid #D5D8DC;\"><h6><span style=\"color: #000000;\">Prof. Dr. <\/span><\/h6><h6><span style=\"color: #000000;\">Feza Kerestecio\u011flu<\/span><\/h6><\/td><\/tr><tr><td style=\"border: 1px solid #D5D8DC;\"><h6><span style=\"color: #000000;\">Electrical-Electronic Engineering<\/span><\/h6><\/td><td style=\"border: 1px solid #D5D8DC;\"><h6><span style=\"color: #000000;\">Dr. <\/span><\/h6><h6><span style=\"color: #000000;\">Yal\u00e7\u0131n \u015eadi<\/span><\/h6><\/td><\/tr><tr><td style=\"border: 1px solid #D5D8DC;\"><h6><span style=\"color: #000000;\">Industrial Engineering<\/span><\/h6><\/td><td style=\"border: 1px solid #D5D8DC;\"><h6><span style=\"color: #000000;\">Prof. Dr. <\/span><\/h6><h6><span style=\"color: #000000;\">Ahmet Y\u00fccekaya<\/span><\/h6><\/td><\/tr><tr><td style=\"border: 1px solid #D5D8DC;\"><h6><span style=\"color: #000000;\">Civil Engineering<\/span><\/h6><\/td><td style=\"border: 1px solid #D5D8DC;\"><h6><span style=\"color: #000000;\">Assoc. Prof. Dr. <\/span><\/h6><h6><span style=\"color: #000000;\">G\u00f6khan Kirkil<\/span><\/h6><\/td><\/tr><tr><td style=\"border: 1px solid #D5D8DC;\"><h6><span style=\"color: #000000;\">Mechatronics Engineering<\/span><\/h6><\/td><td style=\"border: 1px solid #D5D8DC;\"><h6><span style=\"color: #000000;\">Assoc. Prof. Dr. <\/span><\/h6><h6><span style=\"color: #000000;\">\u00d6zkan Karabacak<\/span><\/h6><\/td><\/tr><tr><td style=\"border: 1px solid #D5D8DC;\"><h6><span style=\"color: #000000;\">Molecular Biology and Genetics<\/span><\/h6><\/td><td style=\"border: 1px solid #D5D8DC;\"><h6><span style=\"color: #000000;\">Prof. Dr. <\/span><\/h6><h6><span style=\"color: #000000;\">Kemal Yelek\u00e7i<\/span><\/h6><\/td><\/tr><tr><td style=\"border: 1px solid #D5D8DC;\" rowspan=\"5\" width=\"437\"><h6><span style=\"color: #000000;\">Faculty of Arts and Design<\/span><\/h6><\/td><td style=\"border: 1px solid #D5D8DC;\"><h6><span style=\"color: #000000;\">Faculty Minor Coordinator<\/span><\/h6><\/td><td style=\"border: 1px solid #D5D8DC;\"><h6><span style=\"color: #000000;\">Dr. <\/span><\/h6><h6><span style=\"color: #000000;\">Ali Dur<\/span><\/h6><\/td><\/tr><tr><td style=\"border: 1px solid #D5D8DC;\"><h6><span style=\"color: #000000;\">Industrial Design<\/span><\/h6><\/td><td style=\"border: 1px solid #D5D8DC;\"><h6><span style=\"color: #000000;\">Assoc. Prof. Dr.<\/span><\/h6><h6><span style=\"color: #000000;\">Ay\u015fe Nur Erek<\/span><\/h6><\/td><\/tr><tr><td style=\"border: 1px solid #D5D8DC;\"><h6><span style=\"color: #000000;\">Interior Architecture and <\/span><\/h6><h6><span style=\"color: #000000;\">Environmental Design<\/span><\/h6><\/td><td style=\"border: 1px solid #D5D8DC;\"><h6><span style=\"color: #000000;\">Lecturer Dr. <\/span><\/h6><h6><span style=\"color: #000000;\">Solmaz Khoshkholghi<\/span><\/h6><\/td><\/tr><tr><td style=\"border: 1px solid #D5D8DC;\"><h6><span style=\"color: #000000;\">Architecture<\/span><\/h6><\/td><td style=\"border: 1px solid #D5D8DC;\"><h6><span style=\"color: #000000;\">Dr. <\/span><\/h6><h6><span style=\"color: #000000;\">Ali Dur<\/span><\/h6><\/td><\/tr><tr><td style=\"border: 1px solid #D5D8DC;\"><h6><span style=\"color: #000000;\">Theatre<\/span><\/h6><\/td><td style=\"border: 1px solid #D5D8DC;\"><h6><span style=\"color: #000000;\">Dr. <\/span><\/h6><h6><span style=\"color: #000000;\">\u00d6zlem Hemi\u015f<\/span><\/h6><\/td><\/tr><tr><td style=\"border: 1px solid #D5D8DC;\" width=\"437\">\u00a0<\/td><td style=\"border: 1px solid #D5D8DC;\">\u00a0<\/td><td style=\"border: 1px solid #D5D8DC;\">\u00a0<\/td><\/tr><tr><td style=\"border: 1px solid #D5D8DC;\" width=\"437\"><h4>Faculty<\/h4><\/td><td style=\"border: 1px solid #D5D8DC;\"><h4>Faculty Secretariat<\/h4><\/td><td style=\"border: 1px solid #D5D8DC;\"><h4>Phone<\/h4><\/td><\/tr><tr><td style=\"border: 1px solid #D5D8DC;\" width=\"437\"><h6><span style=\"color: #000000;\">Faculty of Law<\/span><\/h6><\/td><td style=\"border: 1px solid #D5D8DC;\"><h6><span style=\"color: #000000;\">Sevtap \u00dcst\u00fcn and <\/span><\/h6><h6><span style=\"color: #000000;\">Hande Kahraman<\/span><\/h6><\/td><td style=\"border: 1px solid #D5D8DC;\"><h6><span style=\"color: #000000;\">+90 (212) 533 65 32 <\/span><\/h6><h6><span style=\"color: #000000;\">\u2013 1451 \/ 1475<\/span><\/h6><\/td><\/tr><tr><td style=\"border: 1px solid #D5D8DC;\" width=\"437\"><h6><span style=\"color: #000000;\">Faculty of Communication<\/span><\/h6><\/td><td style=\"border: 1px solid #D5D8DC;\"><h6><span style=\"color: #000000;\">Ayfer Vatansever<\/span><\/h6><\/td><td style=\"border: 1px solid #D5D8DC;\"><h6><span style=\"color: #000000;\">+90 (212) 533 65 32 <\/span><\/h6><h6><span style=\"color: #000000;\">\u2013 1501 \/ 1512<\/span><\/h6><\/td><\/tr><tr><td style=\"border: 1px solid #D5D8DC;\" width=\"437\"><h6><span style=\"color: #000000;\">Faculty of Economics, Administrative and Social Sciences<\/span><\/h6><\/td><td style=\"border: 1px solid #D5D8DC;\"><h6><span style=\"color: #000000;\">Asl\u0131 Yazg\u0131\u00e7 Sat\u0131\u015f and <\/span><\/h6><h6><span style=\"color: #000000;\">Ye\u015fim G\u00fcltekin<\/span><\/h6><\/td><td style=\"border: 1px solid #D5D8DC;\"><h6><span style=\"color: #000000;\">+90 (212) 533 65 32 <\/span><\/h6><h6><span style=\"color: #000000;\">\u2013 1602 \/ 1655<\/span><\/h6><\/td><\/tr><tr><td style=\"border: 1px solid #D5D8DC;\" width=\"437\"><h6><span style=\"color: #000000;\">Faculty of Engineering and Natural Sciences<\/span><\/h6><\/td><td style=\"border: 1px solid #D5D8DC;\"><h6><span style=\"color: #000000;\">Emre \u00d6zdo\u011fan<\/span><\/h6><\/td><td style=\"border: 1px solid #D5D8DC;\"><h6><span style=\"color: #000000;\">90 (212) 533 65 32 <\/span><\/h6><h6><span style=\"color: #000000;\">\u2013 1401<\/span><\/h6><\/td><\/tr><tr><td style=\"border: 1px solid #D5D8DC;\" width=\"437\"><h6><span style=\"color: #000000;\">Faculty of Art and Design<\/span><\/h6><\/td><td style=\"border: 1px solid #D5D8DC;\"><h6><span style=\"color: #000000;\">Meral Karasu<\/span><\/h6><\/td><td style=\"border: 1px solid #D5D8DC;\"><h6><span style=\"color: #000000;\">90 (212) 533 65 32 <\/span><\/h6><h6><span style=\"color: #000000;\">\u2013 1301 \/ 1315<\/span><\/h6><\/td><\/tr><\/tbody><\/table>\t\t\t\t\t\t\t\t<\/div>\n\t\t\t\t<\/div>\n\t\t\t\t<\/div>\n\t\t<div class=\"elementor-element elementor-element-cdf7f9d e-con-full e-flex e-con e-child\" data-id=\"cdf7f9d\" data-element_type=\"container\" data-e-type=\"container\">\n\t\t\t\t<div class=\"elementor-element elementor-element-ad808f0 elementor-widget elementor-widget-shortcode\" data-id=\"ad808f0\" data-element_type=\"widget\" data-e-type=\"widget\" data-widget_type=\"shortcode.default\">\n\t\t\t\t<div class=\"elementor-widget-container\">\n\t\t\t\t\t\t\t<div class=\"elementor-shortcode\"><ul class=\"navbar-nav px-4 py-2\" style=\"border-left:1px solid #3d3d3d20;\"><li class=\"nav-item my-0\"><a class=\"nav-link d-flex align-items-center rounded-pill \" href=\"https:\/\/www.khas.edu.tr\/ogrenci-isleri-direktorlugu\/\" ><span class=\"fw-bold\">\u00d6\u011frenci \u0130\u015fleri Direkt\u00f6rl\u00fc\u011f\u00fc<\/span><\/a><\/li><li class=\"nav-item my-0\"><a class=\"nav-link d-flex align-items-center rounded-pill \" href=\"https:\/\/akademiktakvim.khas.edu.tr\/\" ><span class=\"fw-bold\">Akademik Takvim<\/span><\/a><\/li><li class=\"nav-item my-0\"><a class=\"nav-link d-flex align-items-center rounded-pill \" href=\"https:\/\/www.khas.edu.tr\/azami-sure\/\" ><span class=\"fw-bold\">Azami S\u00fcre<\/span><\/a><\/li><li class=\"nav-item my-0\"><a class=\"nav-link d-flex align-items-center rounded-pill collapsed\" href=\"#sidebar-menu-item-12904\" data-bs-toggle=\"collapse\" role=\"button\" aria-expanded=\"false\" aria-controls=\"sidebar-menu-item-12904\"><span class=\"fw-bold\">Coursera<\/span><i class=\"bi bi-chevron-down ms-auto dropdown-icon\"><\/i><\/a><div class=\"collapse\" id=\"sidebar-menu-item-12904\" style=\"\"><ul class=\"nav nav-sm flex-column mt-1 mb-2 ps-1\"><li class=\"nav-item\"><a href=\"https:\/\/www.khas.edu.tr\/coursera-hakkinda\/\" class=\" my-0 py-0 nav-link\"><i class=\"bi bi-dash\"><\/i> Coursera Hakk\u0131nda<\/a><\/li><li class=\"nav-item\"><a href=\"https:\/\/www.khas.edu.tr\/coursera-sikca-sorulan-sorular\/\" class=\" my-0 py-0 nav-link\"><i class=\"bi bi-dash\"><\/i> Coursera\u00a0S\u0131k\u00e7a Sorulan Sorular<\/a><\/li><li class=\"nav-item\"><a href=\"https:\/\/www.khas.edu.tr\/coursera-sunum\/\" class=\" my-0 py-0 nav-link\"><i class=\"bi bi-dash\"><\/i> Coursera Sunum<\/a><\/li><\/ul><\/div><\/li><li class=\"nav-item my-0\"><a class=\"nav-link d-flex align-items-center rounded-pill collapsed\" href=\"#sidebar-menu-item-12903\" data-bs-toggle=\"collapse\" role=\"button\" aria-expanded=\"false\" aria-controls=\"sidebar-menu-item-12903\"><span class=\"fw-bold\">\u00c7ift Anadal \u2013 Yandal<\/span><i class=\"bi bi-chevron-down ms-auto dropdown-icon\"><\/i><\/a><div class=\"collapse\" id=\"sidebar-menu-item-12903\" style=\"\"><ul class=\"nav nav-sm flex-column mt-1 mb-2 ps-1\"><li class=\"nav-item\"><a href=\"https:\/\/www.khas.edu.tr\/basvuru\/\" class=\" my-0 py-0 nav-link\"><i class=\"bi bi-dash\"><\/i> Ba\u015fvuru<\/a><\/li><li class=\"nav-item\"><a href=\"https:\/\/www.khas.edu.tr\/cift-anadal-yandal\/\" class=\" my-0 py-0 nav-link\"><i class=\"bi bi-dash\"><\/i> \u00c7ap \u2013 Yandal Hakk\u0131nda<\/a><\/li><li class=\"nav-item\"><a href=\"https:\/\/www.khas.edu.tr\/cap-yandal-sikca-sorulan-sorular\/\" class=\" my-0 py-0 nav-link\"><i class=\"bi bi-dash\"><\/i> \u00c7ap \u2013 Yandal S\u0131k\u00e7a Sorulan Sorular<\/a><\/li><li class=\"nav-item\"><a href=\"https:\/\/www.khas.edu.tr\/cap-yandal-sunum\/\" class=\" my-0 py-0 nav-link\"><i class=\"bi bi-dash\"><\/i> \u00c7ap \u2013 Yandal Sunum<\/a><\/li><li class=\"nav-item\"><a href=\"https:\/\/www.khas.edu.tr\/iletisim-ve-program-koordinatorleri\/\" class=\" my-0 py-0 nav-link\"><i class=\"bi bi-dash\"><\/i> \u0130leti\u015fim ve Program Koordinat\u00f6rleri<\/a><\/li><li class=\"nav-item\"><a href=\"https:\/\/www.khas.edu.tr\/kontenjanlar\/\" class=\" my-0 py-0 nav-link\"><i class=\"bi bi-dash\"><\/i> Kontenjanlar<\/a><\/li><li class=\"nav-item\"><a href=\"https:\/\/www.khas.edu.tr\/muafiyet-islemleri\/\" class=\" my-0 py-0 nav-link\"><i class=\"bi bi-dash\"><\/i> Muafiyet \u0130\u015flemleri<\/a><\/li><li class=\"nav-item\"><a href=\"https:\/\/www.khas.edu.tr\/programlar-ve-mufredatlar\/\" class=\" my-0 py-0 nav-link\"><i class=\"bi bi-dash\"><\/i> Programlar ve M\u00fcfredatlar<\/a><\/li><\/ul><\/div><\/li><li class=\"nav-item my-0\"><a class=\"nav-link d-flex align-items-center rounded-pill \" href=\"https:\/\/www.khas.edu.tr\/ogrenci-isleri-direktorlugu\/ders-kayit\/\" ><span class=\"fw-bold\">Ders Kay\u0131t<\/span><\/a><\/li><li class=\"nav-item my-0\"><a class=\"nav-link d-flex align-items-center rounded-pill \" href=\"https:\/\/www.khas.edu.tr\/dersten-cekilme\/\" ><span class=\"fw-bold\">Dersten \u00c7ekilme<\/span><\/a><\/li><li class=\"nav-item my-0\"><a class=\"nav-link d-flex align-items-center rounded-pill \" href=\"https:\/\/www.khas.edu.tr\/wp-content\/uploads\/2026\/02\/Disiplin-Surecleri-1.pdf\" ><span class=\"fw-bold\">Disiplin S\u00fcre\u00e7leri<\/span><\/a><\/li><li class=\"nav-item my-0\"><a class=\"nav-link d-flex align-items-center rounded-pill \" href=\"https:\/\/www.khas.edu.tr\/ogrenci-isleri-direktorlugu-iletisim\/\" ><span class=\"fw-bold\">Ekibimiz<\/span><\/a><\/li><li class=\"nav-item my-0\"><a class=\"nav-link d-flex align-items-center rounded-pill collapsed\" href=\"#sidebar-menu-item-14330\" data-bs-toggle=\"collapse\" role=\"button\" aria-expanded=\"false\" aria-controls=\"sidebar-menu-item-14330\"><span class=\"fw-bold\">Erasmus \u2013 Exchange<\/span><i class=\"bi bi-chevron-down ms-auto dropdown-icon\"><\/i><\/a><div class=\"collapse\" id=\"sidebar-menu-item-14330\" style=\"\"><ul class=\"nav nav-sm flex-column mt-1 mb-2 ps-1\"><li class=\"nav-item\"><a href=\"https:\/\/www.khas.edu.tr\/gelen-ogrenci-surecleri\/\" class=\" my-0 py-0 nav-link\"><i class=\"bi bi-dash\"><\/i> Gelen \u00d6\u011frenci S\u00fcre\u00e7leri<\/a><\/li><li class=\"nav-item\"><a href=\"https:\/\/www.khas.edu.tr\/gelen-ogrenci-sunumu\/\" class=\" my-0 py-0 nav-link\"><i class=\"bi bi-dash\"><\/i> Gelen \u00d6\u011frenci Sunumu<\/a><\/li><li class=\"nav-item\"><a href=\"https:\/\/www.khas.edu.tr\/giden-ogrenci-surecleri\/\" class=\" my-0 py-0 nav-link\"><i class=\"bi bi-dash\"><\/i> Giden \u00d6\u011frenci S\u00fcre\u00e7leri<\/a><\/li><\/ul><\/div><\/li><li class=\"nav-item my-0\"><a class=\"nav-link d-flex align-items-center rounded-pill \" href=\"https:\/\/www.khas.edu.tr\/intibak-ders-listesi\/\" ><span class=\"fw-bold\">\u0130ntibak Ders Listesi<\/span><\/a><\/li><li class=\"nav-item my-0\"><a class=\"nav-link d-flex align-items-center rounded-pill \" href=\"https:\/\/www.khas.edu.tr\/kayit-dondurma\/\" ><span class=\"fw-bold\">Kay\u0131t Dondurma<\/span><\/a><\/li><li class=\"nav-item my-0\"><a class=\"nav-link d-flex align-items-center rounded-pill collapsed\" href=\"#sidebar-menu-item-38452\" data-bs-toggle=\"collapse\" role=\"button\" aria-expanded=\"false\" aria-controls=\"sidebar-menu-item-38452\"><span class=\"fw-bold\">Kay\u0131t \u0130\u015flemleri<\/span><i class=\"bi bi-chevron-down ms-auto dropdown-icon\"><\/i><\/a><div class=\"collapse\" id=\"sidebar-menu-item-38452\" style=\"\"><ul class=\"nav nav-sm flex-column mt-1 mb-2 ps-1\"><li class=\"nav-item\"><a href=\"https:\/\/www.khas.edu.tr\/yks-kayit\/\" class=\" my-0 py-0 nav-link\"><i class=\"bi bi-dash\"><\/i> YKS Kay\u0131t<\/a><\/li><li class=\"nav-item\"><a href=\"https:\/\/www.khas.edu.tr\/ozel-yetenek-kayit\/\" class=\" my-0 py-0 nav-link\"><i class=\"bi bi-dash\"><\/i> \u00d6zel Yetenek Kay\u0131t<\/a><\/li><li class=\"nav-item\"><a href=\"https:\/\/www.khas.edu.tr\/uluslararasi-ogrenci-kayit\/\" class=\" my-0 py-0 nav-link\"><i class=\"bi bi-dash\"><\/i> Uluslararas\u0131 \u00d6\u011frenci Kay\u0131t<\/a><\/li><\/ul><\/div><\/li><li class=\"nav-item my-0\"><a class=\"nav-link d-flex align-items-center rounded-pill \" href=\"https:\/\/www.khas.edu.tr\/kayit-yenileme\/\" ><span class=\"fw-bold\">Kay\u0131t Yenileme<\/span><\/a><\/li><li class=\"nav-item my-0\"><a class=\"nav-link d-flex align-items-center rounded-pill \" href=\"https:\/\/www.khas.edu.tr\/mezuniyet-sureci\/\" ><span class=\"fw-bold\">Mezuniyet S\u00fcreci<\/span><\/a><\/li><li class=\"nav-item my-0\"><a class=\"nav-link d-flex align-items-center rounded-pill \" href=\"https:\/\/www.khas.edu.tr\/online-islemler-ve-basvuru-formlari\/\" ><span class=\"fw-bold\">Online \u0130\u015flemler ve Ba\u015fvuru Formlar\u0131<\/span><\/a><\/li><li class=\"nav-item my-0\"><a class=\"nav-link d-flex align-items-center rounded-pill \" href=\"https:\/\/www.khas.edu.tr\/ozel-ogrenci\/\" ><span class=\"fw-bold\">\u00d6zel \u00d6\u011frenci<\/span><\/a><\/li><li class=\"nav-item my-0\"><a class=\"nav-link d-flex align-items-center rounded-pill \" href=\"https:\/\/www.khas.edu.tr\/sikca-sorulan-sorular\/\" ><span class=\"fw-bold\">S\u0131k\u00e7a Sorulan Sorular<\/span><\/a><\/li><li class=\"nav-item my-0\"><a class=\"nav-link d-flex align-items-center rounded-pill \" href=\"https:\/\/www.khas.edu.tr\/wp-content\/uploads\/2024\/12\/Tek-Ders-ve-Not-Yukseltme-Infografi.pdf\" ><span class=\"fw-bold\">Tek Ders ve Not Y\u00fckseltme S\u0131navlar\u0131<\/span><\/a><\/li><li class=\"nav-item my-0\"><a class=\"nav-link d-flex align-items-center rounded-pill \" href=\"https:\/\/www.khas.edu.tr\/yardim-dokumanlari\/\" ><span class=\"fw-bold\">Yard\u0131m Dok\u00fcmanlar\u0131<\/span><\/a><\/li><li class=\"nav-item my-0\"><a class=\"nav-link d-flex align-items-center rounded-pill \" href=\"https:\/\/www.khas.edu.tr\/yatay-gecis\/\" ><span class=\"fw-bold\">Yatay Ge\u00e7i\u015f<\/span><\/a><\/li><li class=\"nav-item my-0\"><a class=\"nav-link d-flex align-items-center rounded-pill \" href=\"https:\/\/www.khas.edu.tr\/yaz-ogretimi\/\" ><span class=\"fw-bold\">Yaz \u00d6\u011fretimi<\/span><\/a><\/li><li class=\"nav-item my-0\"><a class=\"nav-link d-flex align-items-center rounded-pill \" href=\"https:\/\/www.khas.edu.tr\/yonetmelikler-ve-yonergeler\/\" ><span class=\"fw-bold\">Y\u00f6netmelikler ve Y\u00f6nergeler<\/span><\/a><\/li><\/ul>   \n <\/div>\n\t\t\t\t\t\t<\/div>\n\t\t\t\t<\/div>\n\t\t\t\t<\/div>\n\t\t\t\t<\/div>\n\t\t\t\t<\/div>\n\t\t","protected":false},"excerpt":{"rendered":"<p>Faculty Double Major\/Minor Program Coordinators Faculty of Law Faculty of Law Dr. Asl\u0131han Erba\u015f A\u00e7\u0131kel Faculty of Communication Public Relations and Advertising Prof. Dr. Banu Baybars Hawks Visual Communication Design Lecturer Doruk Kumkumo\u011flu Radio, Television, and Cinema Assoc. Prof. Dr. Melis Behlil Advertising Dr. Perrin \u00d6\u011f\u00fcn Emre New Media Dr. G\u00f6zde C\u00f6bek Faculty of Economics, [&hellip;]<\/p>\n","protected":false},"author":2,"featured_media":0,"parent":0,"menu_order":0,"comment_status":"closed","ping_status":"closed","template":"","meta":{"slim_seo":{"title":"Communicationand Program Coordinators - Kadir Has University","description":"Faculty Double Major\/Minor Program Coordinators Faculty of Law Faculty of Law Dr. Asl\u0131han Erba\u015f A\u00e7\u0131kel Faculty of Communication Public Relations and Advertising"},"footnotes":""},"birimler":[38],"class_list":["post-6774","page","type-page","status-publish","hentry","birimler-khas-homepage"],"_links":{"self":[{"href":"https:\/\/www.khas.edu.tr\/en\/wp-json\/wp\/v2\/pages\/6774","targetHints":{"allow":["GET"]}}],"collection":[{"href":"https:\/\/www.khas.edu.tr\/en\/wp-json\/wp\/v2\/pages"}],"about":[{"href":"https:\/\/www.khas.edu.tr\/en\/wp-json\/wp\/v2\/types\/page"}],"author":[{"embeddable":true,"href":"https:\/\/www.khas.edu.tr\/en\/wp-json\/wp\/v2\/users\/2"}],"replies":[{"embeddable":true,"href":"https:\/\/www.khas.edu.tr\/en\/wp-json\/wp\/v2\/comments?post=6774"}],"version-history":[{"count":53,"href":"https:\/\/www.khas.edu.tr\/en\/wp-json\/wp\/v2\/pages\/6774\/revisions"}],"predecessor-version":[{"id":27382,"href":"https:\/\/www.khas.edu.tr\/en\/wp-json\/wp\/v2\/pages\/6774\/revisions\/27382"}],"wp:attachment":[{"href":"https:\/\/www.khas.edu.tr\/en\/wp-json\/wp\/v2\/media?parent=6774"}],"wp:term":[{"taxonomy":"birimler","embeddable":true,"href":"https:\/\/www.khas.edu.tr\/en\/wp-json\/wp\/v2\/birimler?post=6774"}],"curies":[{"name":"wp","href":"https:\/\/api.w.org\/{rel}","templated":true}]}}