{"id":6216,"date":"2024-12-13T21:37:11","date_gmt":"2024-12-13T18:37:11","guid":{"rendered":"https:\/\/www.khas.edu.tr\/?page_id=6216"},"modified":"2024-12-13T21:37:32","modified_gmt":"2024-12-13T18:37:32","slug":"ders-kayit","status":"publish","type":"page","link":"https:\/\/www.khas.edu.tr\/en\/ders-kayit\/","title":{"rendered":"Ders Kay\u0131t"},"content":{"rendered":"\t\t<div data-elementor-type=\"wp-page\" data-elementor-id=\"6216\" class=\"elementor elementor-6216\">\n\t\t\t\t<div class=\"elementor-element elementor-element-e07076d e-flex e-con-boxed e-con e-parent\" data-id=\"e07076d\" data-element_type=\"container\" data-e-type=\"container\">\n\t\t\t\t\t<div class=\"e-con-inner\">\n\t\t\t\t<div class=\"elementor-element elementor-element-1af49c3 elementor-widget elementor-widget-text-editor\" data-id=\"1af49c3\" data-element_type=\"widget\" data-e-type=\"widget\" data-widget_type=\"text-editor.default\">\n\t\t\t\t<div class=\"elementor-widget-container\">\n\t\t\t\t\t\t\t\t\t<p>De\u011ferli \u00d6\u011frencilerimiz,<\/p><p>M\u00fcfredat de\u011fi\u015fiklikleri \u00e7er\u00e7evesinde,\u00a0<strong>ara s\u0131n\u0131flarda yer alan \u00f6\u011frencilerimizin<\/strong>\u00a0ders kay\u0131tlar\u0131nda, intibak yap\u0131lan derslerin durumuna \u00f6zellikle dikkat etmeleri gerekmektedir.<\/p><p>Ders kay\u0131tlar\u0131 \u00f6ncesinde mezuniyet sim\u00fclasyonlar\u0131n\u0131z\u0131 (SPARKS), MYKHAS kalan y\u00fck\u00fcml\u00fcl\u00fcklerinizi ve intibak i\u015flemi yap\u0131lan ders listelerini kontrol etmeniz, sorunsuz ders kay\u0131t s\u00fcreci ge\u00e7irmeniz a\u00e7\u0131s\u0131ndan \u00f6nemlidir.<\/p><p>Sizlerden giri\u015f y\u0131l\u0131na g\u00f6re m\u00fcfredat\u0131n\u0131z\u0131 takip etmeniz beklenmektedir. Kay\u0131tlar \u00f6ncesinde\u00a0<strong>zorunlu, se\u00e7meli ve intibak yap\u0131lan zorunlu ders listelerini\u00a0<\/strong>incelemenizi rica ediyoruz.\u00a0<strong>\u0130<\/strong><strong>ntibak yap\u0131lan zorunlu ders listelerine\u00a0<\/strong><a href=\"https:\/\/www.khas.edu.tr\/intibak-ders-listesi\/\"><strong>https:\/\/www.khas.edu.tr\/intibak-ders-listesi\/<\/strong><\/a>\u00a0ba\u011flant\u0131s\u0131ndan ula\u015fabilirsiniz. \u0130ntibak i\u015flemi sadece zorunlu dersler i\u00e7in yap\u0131lm\u0131\u015f olup\u00a0<strong>dan\u0131\u015fmanlar\u0131n\u0131za da gerekli bilgiler aktar\u0131lm\u0131\u015ft\u0131r.<\/strong><\/p><p>Sizlerin dikkat etmesi gereken husus; zorunlu ders listesinden kald\u0131r\u0131lan ve yerine intibak ettirilen dersin olmas\u0131 durumunda bu yeni dersi almakt\u0131r. Belirtilen intibak ders listesinde alman\u0131z gereken derslerin kod ve isimleri yer almaktad\u0131r.<\/p><p>\u00c7ekirdek se\u00e7meli ders havuzlar\u0131 kald\u0131r\u0131lm\u0131\u015ft\u0131r. \u00c7ekirdek se\u00e7meli dersler ile serbest se\u00e7meli dersler ayn\u0131 havuz i\u00e7erisinde yer almaktad\u0131r. \u0130ki havuz aras\u0131ndaki farkl\u0131l\u0131k kald\u0131r\u0131lm\u0131\u015f olup \u00e7ekirdek se\u00e7meli ders havuzunu tamamlamak isteyen \u00f6\u011frencilerimiz serbest se\u00e7meli ders alarak da bu eksiklerini tamamlayabilirler. Almak istedi\u011finiz se\u00e7meli dersi ders kay\u0131t ekran\u0131n\u0131zda g\u00f6rd\u00fc\u011f\u00fcn\u00fcz havuzdan se\u00e7ebilirsiniz. Sistemde gereken t\u00fcm d\u00fczenlemeler yap\u0131lm\u0131\u015ft\u0131r.<\/p><p>Daha \u00f6nce al\u0131n\u0131p tamamlanm\u0131\u015f olan \u00e7ekirdek se\u00e7meli dersleriniz mezuniyet simulasyonlar\u0131nda (SPARKS) ayn\u0131 \u015fekilde g\u00f6r\u00fcnecektir, bir de\u011fi\u015fiklik olmayacakt\u0131r.<\/p><p>\u0130ntibak yap\u0131lan dersleri se\u00e7meli ders olarak alamazs\u0131n\u0131z. Bu derslere intibak i\u015flemi yap\u0131ld\u0131\u011f\u0131ndan, dersi yeniden alman\u0131z durumunda ders sistem taraf\u0131ndan tekrar edilmi\u015f ders olarak say\u0131l\u0131r ve intibak edilen ders kodunun yerine ge\u00e7er. Bu durumda yeni al\u0131nan dersin notu, transkriptinize son not olarak yans\u0131r. Transkriptinizde ek AKTS kredisi olarak g\u00f6r\u00fclmez.<\/p><p>Alabilece\u011finiz se\u00e7meli ders listelerinizi, mezuniyet sim\u00fclasyonunda yer alan \u00f6nerilen dersler sekmesinden g\u00f6rebilirsiniz. Bu listede yer alan dersler, ilgili b\u00f6l\u00fcm taraf\u0131ndan a\u00e7\u0131lm\u0131\u015f ve derse kontenjan tan\u0131mlanm\u0131\u015f ise, ders kay\u0131t ekran\u0131nda kar\u015f\u0131n\u0131za gelecektir. Kontenjan artt\u0131r\u0131m talepleriniz i\u00e7in fak\u00fclte sekreterlikleri ile ileti\u015fime ge\u00e7ebilirsiniz.<\/p><p>Mezuniyet a\u015famas\u0131ndaki \u00f6\u011frencilerimizin \u00f6zellikle zorunlu derslerini ve 240 AKTS\u2019yi tamamlamalar\u0131 \u00f6nem arz etmektedir.<\/p><p>M\u00fcfredat de\u011fi\u015fiklikleri ve ders kay\u0131t s\u00fcreci ile ilgili t\u00fcm sorular\u0131n\u0131z i\u00e7in \u00f6ncelikle akademik dan\u0131\u015fman\u0131n\u0131z ile g\u00f6r\u00fc\u015fmeniz gerekmektedir. Ayn\u0131 \u015fekilde,\u00a0\u00c7AP ve Yandal \u00f6\u011frencilerimizin de, \u00c7AP ve Yandal programlar\u0131 i\u00e7in tan\u0131mlanan akademik dan\u0131\u015fman hocalar\u0131 ile g\u00f6r\u00fc\u015ferek ders kay\u0131tlar\u0131n\u0131 tamamlamalar\u0131 gerekmektedir.<strong><em>\u00a0<\/em><\/strong><\/p><p>Ba\u015far\u0131l\u0131 bir akademik d\u00f6nem ge\u00e7irmenizi dileriz.\u00a0<\/p>\t\t\t\t\t\t\t\t<\/div>\n\t\t\t\t<\/div>\n\t\t\t\t\t<\/div>\n\t\t\t\t<\/div>\n\t\t\t\t<\/div>\n\t\t","protected":false},"excerpt":{"rendered":"<p>De\u011ferli \u00d6\u011frencilerimiz, M\u00fcfredat de\u011fi\u015fiklikleri \u00e7er\u00e7evesinde,\u00a0ara s\u0131n\u0131flarda yer alan \u00f6\u011frencilerimizin\u00a0ders kay\u0131tlar\u0131nda, intibak yap\u0131lan derslerin durumuna \u00f6zellikle dikkat etmeleri gerekmektedir. Ders kay\u0131tlar\u0131 \u00f6ncesinde mezuniyet sim\u00fclasyonlar\u0131n\u0131z\u0131 (SPARKS), MYKHAS kalan y\u00fck\u00fcml\u00fcl\u00fcklerinizi ve intibak i\u015flemi yap\u0131lan ders listelerini kontrol etmeniz, sorunsuz ders kay\u0131t s\u00fcreci ge\u00e7irmeniz a\u00e7\u0131s\u0131ndan \u00f6nemlidir. Sizlerden giri\u015f y\u0131l\u0131na g\u00f6re m\u00fcfredat\u0131n\u0131z\u0131 takip etmeniz beklenmektedir. Kay\u0131tlar \u00f6ncesinde\u00a0zorunlu, se\u00e7meli ve intibak [&hellip;]<\/p>\n","protected":false},"author":2,"featured_media":0,"parent":0,"menu_order":0,"comment_status":"closed","ping_status":"closed","template":"","meta":{"slim_seo":{"title":"Ders Kay\u0131t - Kadir Has University","description":"De\u011ferli \u00d6\u011frencilerimiz, M\u00fcfredat de\u011fi\u015fiklikleri \u00e7er\u00e7evesinde,\u00a0 ara s\u0131n\u0131flarda yer alan \u00f6\u011frencilerimizin \u00a0ders kay\u0131tlar\u0131nda, intibak yap\u0131lan derslerin durumuna \u00f6"},"footnotes":""},"birimler":[],"class_list":["post-6216","page","type-page","status-publish","hentry"],"_links":{"self":[{"href":"https:\/\/www.khas.edu.tr\/en\/wp-json\/wp\/v2\/pages\/6216","targetHints":{"allow":["GET"]}}],"collection":[{"href":"https:\/\/www.khas.edu.tr\/en\/wp-json\/wp\/v2\/pages"}],"about":[{"href":"https:\/\/www.khas.edu.tr\/en\/wp-json\/wp\/v2\/types\/page"}],"author":[{"embeddable":true,"href":"https:\/\/www.khas.edu.tr\/en\/wp-json\/wp\/v2\/users\/2"}],"replies":[{"embeddable":true,"href":"https:\/\/www.khas.edu.tr\/en\/wp-json\/wp\/v2\/comments?post=6216"}],"version-history":[{"count":4,"href":"https:\/\/www.khas.edu.tr\/en\/wp-json\/wp\/v2\/pages\/6216\/revisions"}],"predecessor-version":[{"id":6220,"href":"https:\/\/www.khas.edu.tr\/en\/wp-json\/wp\/v2\/pages\/6216\/revisions\/6220"}],"wp:attachment":[{"href":"https:\/\/www.khas.edu.tr\/en\/wp-json\/wp\/v2\/media?parent=6216"}],"wp:term":[{"taxonomy":"birimler","embeddable":true,"href":"https:\/\/www.khas.edu.tr\/en\/wp-json\/wp\/v2\/birimler?post=6216"}],"curies":[{"name":"wp","href":"https:\/\/api.w.org\/{rel}","templated":true}]}}