{"id":6211,"date":"2024-12-13T21:34:43","date_gmt":"2024-12-13T18:34:43","guid":{"rendered":"https:\/\/www.khas.edu.tr\/?page_id=6211"},"modified":"2025-11-21T17:29:27","modified_gmt":"2025-11-21T14:29:27","slug":"ogrenci-isleri-direktorlugu-iletisim","status":"publish","type":"page","link":"https:\/\/www.khas.edu.tr\/en\/ogrenci-isleri-direktorlugu-iletisim\/","title":{"rendered":"Directorate of Student Affairs Contact"},"content":{"rendered":"\n<div class=\"wp-block-columns is-layout-flex wp-container-core-columns-is-layout-1 wp-block-columns-is-layout-flex\">\n<div class=\"wp-block-column is-layout-flow wp-block-column-is-layout-flow\" style=\"flex-basis:66.66%\">\n<style>\n.personnel-grid {\n  display: grid;\n  grid-template-columns: 1fr;\n  gap: 20px;\n  max-width: 1200px;\n  margin: 0 auto;\n}\n\n.person-card {\n  background: #fff;\n  border: 1px solid #ddd;\n  border-radius: 10px;\n  overflow: hidden;\n  text-align: center;\n  padding: 15px;\n  box-shadow: 0 2px 8px rgba(0,0,0,0.05);\n}\n\n.person-card img {\n  width: 100%;\n  aspect-ratio: 4 \/ 5;\n  height: auto;\n  object-fit: cover;\n  object-position: center;\n  border-radius: 8px;\n  margin-bottom: 10px;\n}\n\n\/* Merve \u00f6zel *\/\n.person-card img.merve-img {\n  object-position: center 30%;\n}\n\n.person-card h3 {\n  font-size: 1.1rem;\n  margin: 5px 0;\n  color: #222;\n}\n\n.person-card p {\n  margin: 2px 0;\n  font-size: 0.95rem;\n  color: #555;\n}\n\n@media (min-width: 600px) {\n  .personnel-grid {\n    grid-template-columns: repeat(2, 1fr);\n  }\n}\n\n@media (min-width: 900px) {\n  .personnel-grid {\n    grid-template-columns: repeat(3, 1fr);\n  }\n}\n<\/style>\n\n\n<div class=\"personnel-grid\">\n\n  <!-- MERVE -->\n  <div class=\"person-card\">\n    <img decoding=\"async\" class=\"merve-img\" src=\"https:\/\/www.khas.edu.tr\/wp-content\/uploads\/2025\/06\/Merve-TEKIN.jpg\" alt=\"Merve Tekin\" loading=\"lazy\">\n    <h3>Merve TEK\u0130N<\/h3>\n    <p>Director of Student Affairs<\/p>\n    <p>1295<\/p>\n    <p><a href=\"mailto:merve.tekin@khas.edu.tr\">merve.tekin@khas.edu.tr<\/a><\/p>\n  <\/div>\n\n  <!-- \u00c7A\u011eRI -->\n  <div class=\"person-card\">\n    <img decoding=\"async\" src=\"https:\/\/www.khas.edu.tr\/wp-content\/uploads\/2025\/06\/cagri.cetinkaya.jpg\" alt=\"\u00c7a\u011fr\u0131 \u00c7etinkaya\" loading=\"lazy\">\n    <h3>S\u00fcleyman \u00c7a\u011fr\u0131 \u00c7ET\u0130NKAYA<\/h3>\n    <p>Student Affairs Manager<\/p>\n    <p>1104<\/p>\n    <p><a href=\"mailto:cagri.cetinkaya@khas.edu.tr\">cagri.cetinkaya@khas.edu.tr<\/a><\/p>\n  <\/div>\n\n  <!-- L\u0130YANA -->\n  <div class=\"person-card\">\n    <img decoding=\"async\" src=\"https:\/\/www.khas.edu.tr\/wp-content\/uploads\/2025\/06\/liyana.erkan_.jpg\" alt=\"Liyana Erkan\" loading=\"lazy\">\n    <h3>Liyana ERKAN<\/h3>\n    <p>Student Affairs Specialist (International Student Services)<\/p>\n    <p>1156<\/p>\n    <p><a href=\"mailto:liyana.erkan@khas.edu.tr\">liyana.erkan@khas.edu.tr<\/a><\/p>\n  <\/div>\n\n  <!-- NURG\u00dcL \u2013 G\u00dcNCEL MET\u0130N -->\n  <div class=\"person-card\">\n    <img decoding=\"async\" src=\"https:\/\/www.khas.edu.tr\/wp-content\/uploads\/2025\/06\/nurgul.akyurek.jpg\" alt=\"Nurg\u00fcl Aky\u00fcrek\" loading=\"lazy\">\n    <h3>Nurg\u00fcl AKY\u00dcREK<\/h3>\n    <p>Student Affairs Specialist<\/p>\n    <p>(Faculty of Law &amp; Economics, Administrative and Social Sciences)<\/p>\n    <p>1164<\/p>\n    <p><a href=\"mailto:nurgul.akyurek@khas.edu.tr\">nurgul.akyurek@khas.edu.tr<\/a><\/p>\n  <\/div>\n\n  <!-- AY\u015eE \u2013 G\u00dcNCEL MET\u0130N -->\n  <div class=\"person-card\">\n    <img decoding=\"async\" src=\"https:\/\/www.khas.edu.tr\/wp-content\/uploads\/2025\/06\/ayse.simsek.jpg\" alt=\"Ay\u015fe \u015eim\u015fek\" loading=\"lazy\">\n    <h3>Ay\u015fe RE\u00c7BER<\/h3>\n    <p>Student Affairs Specialist<\/p>\n    <p>(Faculty of Communication &amp; Engineering and Natural Sciences &amp; Art and Design)<\/p>\n    <p>1154<\/p>\n    <p><a href=\"mailto:ayse.recber@khas.edu.tr\">ayse.recber@khas.edu.tr<\/a><\/p>\n  <\/div>\n\n  <!-- SULTAN -->\n  <div class=\"person-card\">\n    <img decoding=\"async\" src=\"https:\/\/www.khas.edu.tr\/wp-content\/uploads\/2025\/06\/sultan.turkoglu-e1750425542514.jpg\" alt=\"Sultan T\u00fcrko\u011flu\">\n    <h3>Sultan T\u00dcRKO\u011eLU MOLLAO\u011eLU<\/h3>\n    <p>Student Affairs Specialist (Reporting, Transfers, Y\u00d6KS\u0130S)<\/p>\n    <p>1153<\/p>\n    <p><a href=\"mailto:sultan.turkoglu@khas.edu.tr\">sultan.turkoglu@khas.edu.tr<\/a><\/p>\n  <\/div>\n\n  <!-- MISRA -->\n  <div class=\"person-card\">\n    <img decoding=\"async\" src=\"https:\/\/www.khas.edu.tr\/wp-content\/uploads\/PLACEHOLDER\/misra-oruc-sen.jpg\" alt=\"M\u0131sra Oru\u00e7 \u015een\" loading=\"lazy\">\n    <h3>M\u0131sra ORU\u00c7 \u015eEN<\/h3>\n    <p>Assistant Specialist, Student Affairs<\/p>\n    <p>(Correspondence &amp; Archives)<\/p>\n  <\/div>\n\n  <!-- ASLIHAN -->\n  <div class=\"person-card\">\n    <img decoding=\"async\" src=\"https:\/\/www.khas.edu.tr\/wp-content\/uploads\/2025\/06\/aslihan.ozel_.jpg\" alt=\"Asl\u0131han \u00d6zel\" loading=\"lazy\">\n    <h3>Asl\u0131han \u00d6ZEL<\/h3>\n    <p>Document Officer (Document Preparation)<\/p>\n    <p>1158<\/p>\n    <p><a href=\"mailto:aslihan.ozel@khas.edu.tr\">aslihan.ozel@khas.edu.tr<\/a><\/p>\n  <\/div>\n\n<\/div>\n<\/div>\n\n\n\n<div class=\"wp-block-column is-layout-flow wp-block-column-is-layout-flow\" style=\"flex-basis:33.33%\"><ul class=\"navbar-nav px-4 py-2\" style=\"border-left:1px solid #3d3d3d20;\"><li class=\"nav-item my-0\"><a class=\"nav-link d-flex align-items-center rounded-pill \" href=\"https:\/\/www.khas.edu.tr\/en\/directorate-of-student-affairs\/\" ><span class=\"fw-bold\">Directorate of Student Affairs<\/span><\/a><\/li><li class=\"nav-item my-0\"><a class=\"nav-link d-flex align-items-center rounded-pill \" href=\"https:\/\/akademiktakvim.khas.edu.tr\/\" ><span class=\"fw-bold\">Academic Calendar<\/span><\/a><\/li><li class=\"nav-item my-0\"><a class=\"nav-link d-flex align-items-center rounded-pill \" href=\"https:\/\/www.khas.edu.tr\/en\/adaptation-course-list\/\" ><span class=\"fw-bold\">Adaptation Course List<\/span><\/a><\/li><li class=\"nav-item my-0\"><a class=\"nav-link d-flex align-items-center rounded-pill collapsed\" href=\"#sidebar-menu-item-12828\" data-bs-toggle=\"collapse\" role=\"button\" aria-expanded=\"false\" aria-controls=\"sidebar-menu-item-12828\"><span class=\"fw-bold\">Coursera<\/span><i class=\"bi bi-chevron-down ms-auto dropdown-icon\"><\/i><\/a><div class=\"collapse\" id=\"sidebar-menu-item-12828\" style=\"\"><ul class=\"nav nav-sm flex-column mt-1 mb-2 ps-1\"><li class=\"nav-item\"><a href=\"https:\/\/www.khas.edu.tr\/en\/about-coursera\/\" class=\" my-0 py-0 nav-link\"><i class=\"bi bi-dash\"><\/i> About Coursera<\/a><\/li><li class=\"nav-item\"><a href=\"https:\/\/www.khas.edu.tr\/en\/coursera-frequently-asked-questions\/\" class=\" my-0 py-0 nav-link\"><i class=\"bi bi-dash\"><\/i> Coursera FAQ<\/a><\/li><li class=\"nav-item\"><a href=\"https:\/\/www.khas.edu.tr\/en\/coursera-presentation\/\" class=\" my-0 py-0 nav-link\"><i class=\"bi bi-dash\"><\/i> Coursera Presentation<\/a><\/li><\/ul><\/div><\/li><li class=\"nav-item my-0\"><a class=\"nav-link d-flex align-items-center rounded-pill \" href=\"https:\/\/www.khas.edu.tr\/en\/directorate-of-student-affairs\/course-registration\/\" ><span class=\"fw-bold\">Course Registration<\/span><\/a><\/li><li class=\"nav-item my-0\"><a class=\"nav-link d-flex align-items-center rounded-pill \" href=\"https:\/\/www.khas.edu.tr\/en\/course-withdrawal\/\" ><span class=\"fw-bold\">Course-Withdrawal<\/span><\/a><\/li><li class=\"nav-item my-0\"><a class=\"nav-link d-flex align-items-center rounded-pill collapsed\" href=\"#sidebar-menu-item-7759\" data-bs-toggle=\"collapse\" role=\"button\" aria-expanded=\"false\" aria-controls=\"sidebar-menu-item-7759\"><span class=\"fw-bold\">Double Major \u2013 Minor<\/span><i class=\"bi bi-chevron-down ms-auto dropdown-icon\"><\/i><\/a><div class=\"collapse\" id=\"sidebar-menu-item-7759\" style=\"\"><ul class=\"nav nav-sm flex-column mt-1 mb-2 ps-1\"><li class=\"nav-item\"><a href=\"https:\/\/www.khas.edu.tr\/en\/application\/\" class=\" my-0 py-0 nav-link\"><i class=\"bi bi-dash\"><\/i> Application<\/a><\/li><li class=\"nav-item\"><a href=\"https:\/\/www.khas.edu.tr\/en\/double-major-minor\/\" class=\" my-0 py-0 nav-link\"><i class=\"bi bi-dash\"><\/i> About Double Major - Minor<\/a><\/li><li class=\"nav-item\"><a href=\"https:\/\/www.khas.edu.tr\/en\/communicationand-program-coordinators\/\" class=\" my-0 py-0 nav-link\"><i class=\"bi bi-dash\"><\/i> Communication and Program Coordinators<\/a><\/li><li class=\"nav-item\"><a href=\"https:\/\/www.khas.edu.tr\/en\/double-major-minor-frequently-asked-questions\/\" class=\" my-0 py-0 nav-link\"><i class=\"bi bi-dash\"><\/i> Double Major \u2013 Minor FAQ<\/a><\/li><li class=\"nav-item\"><a href=\"https:\/\/www.khas.edu.tr\/en\/double-major-minor-presentation\/\" class=\" my-0 py-0 nav-link\"><i class=\"bi bi-dash\"><\/i> Double Major \u2013 Minor\u00a0Presentation<\/a><\/li><li class=\"nav-item\"><a href=\"https:\/\/www.khas.edu.tr\/en\/exemption-procedures\/\" class=\" my-0 py-0 nav-link\"><i class=\"bi bi-dash\"><\/i> Exemption Procedures<\/a><\/li><li class=\"nav-item\"><a href=\"https:\/\/www.khas.edu.tr\/en\/programs-and-curriculums\/\" class=\" my-0 py-0 nav-link\"><i class=\"bi bi-dash\"><\/i> Programs and Curriculums<\/a><\/li><li class=\"nav-item\"><a href=\"https:\/\/www.khas.edu.tr\/en\/quotas\/\" class=\" my-0 py-0 nav-link\"><i class=\"bi bi-dash\"><\/i> Quotas<\/a><\/li><\/ul><\/div><\/li><li class=\"nav-item my-0\"><a class=\"nav-link d-flex align-items-center rounded-pill collapsed\" href=\"#sidebar-menu-item-14349\" data-bs-toggle=\"collapse\" role=\"button\" aria-expanded=\"false\" aria-controls=\"sidebar-menu-item-14349\"><span class=\"fw-bold\">Erasmus \u2013 Exchange<\/span><i class=\"bi bi-chevron-down ms-auto dropdown-icon\"><\/i><\/a><div class=\"collapse\" id=\"sidebar-menu-item-14349\" style=\"\"><ul class=\"nav nav-sm flex-column mt-1 mb-2 ps-1\"><li class=\"nav-item\"><a href=\"https:\/\/www.khas.edu.tr\/en\/incoming-student-processes\/\" class=\" my-0 py-0 nav-link\"><i class=\"bi bi-dash\"><\/i> Incoming Student Processes<\/a><\/li><li class=\"nav-item\"><a href=\"https:\/\/www.khas.edu.tr\/en\/incoming-student-presentation\/\" class=\" my-0 py-0 nav-link\"><i class=\"bi bi-dash\"><\/i> Incoming Student Presentation<\/a><\/li><li class=\"nav-item\"><a href=\"https:\/\/www.khas.edu.tr\/en\/outgoing-student-processes\/\" class=\" my-0 py-0 nav-link\"><i class=\"bi bi-dash\"><\/i> Outgoing Student Processes<\/a><\/li><\/ul><\/div><\/li><li class=\"nav-item my-0\"><a class=\"nav-link d-flex align-items-center rounded-pill \" href=\"https:\/\/www.khas.edu.tr\/en\/freezing-registration\/\" ><span class=\"fw-bold\">Freezing Registration<\/span><\/a><\/li><li class=\"nav-item my-0\"><a class=\"nav-link d-flex align-items-center rounded-pill \" href=\"https:\/\/www.khas.edu.tr\/en\/frequently-asked-questions\/\" ><span class=\"fw-bold\">Frequently Asked Questions<\/span><\/a><\/li><li class=\"nav-item my-0\"><a class=\"nav-link d-flex align-items-center rounded-pill \" href=\"https:\/\/www.khas.edu.tr\/en\/graduation-process\/\" ><span class=\"fw-bold\">Graduation Process<\/span><\/a><\/li><li class=\"nav-item my-0\"><a class=\"nav-link d-flex align-items-center rounded-pill \" href=\"https:\/\/www.khas.edu.tr\/en\/help-documents\/\" ><span class=\"fw-bold\">Help Documents<\/span><\/a><\/li><li class=\"nav-item my-0\"><a class=\"nav-link d-flex align-items-center rounded-pill \" href=\"https:\/\/www.khas.edu.tr\/en\/maximum-period\/\" ><span class=\"fw-bold\">Maximum Period<\/span><\/a><\/li><li class=\"nav-item my-0\"><a class=\"nav-link d-flex align-items-center rounded-pill \" href=\"https:\/\/www.khas.edu.tr\/en\/online-processes-and-application-forms\/\" ><span class=\"fw-bold\">Online Processes and Application Forms<\/span><\/a><\/li><li class=\"nav-item my-0\"><a class=\"nav-link d-flex align-items-center rounded-pill \" href=\"https:\/\/www.khas.edu.tr\/en\/ogrenci-isleri-direktorlugu-iletisim\/\" ><span class=\"fw-bold\">Our Team<\/span><\/a><\/li><li class=\"nav-item my-0\"><a class=\"nav-link d-flex align-items-center rounded-pill collapsed\" href=\"#sidebar-menu-item-13986\" data-bs-toggle=\"collapse\" role=\"button\" aria-expanded=\"false\" aria-controls=\"sidebar-menu-item-13986\"><span class=\"fw-bold\">Registration Procedures<\/span><i class=\"bi bi-chevron-down ms-auto dropdown-icon\"><\/i><\/a><div class=\"collapse\" id=\"sidebar-menu-item-13986\" style=\"\"><ul class=\"nav nav-sm flex-column mt-1 mb-2 ps-1\"><li class=\"nav-item\"><a href=\"https:\/\/www.khas.edu.tr\/en\/international-student-registration\/\" class=\" my-0 py-0 nav-link\"><i class=\"bi bi-dash\"><\/i> International Student Registration<\/a><\/li><\/ul><\/div><\/li><li class=\"nav-item my-0\"><a class=\"nav-link d-flex align-items-center rounded-pill \" href=\"https:\/\/www.khas.edu.tr\/en\/registration-renewal\/\" ><span class=\"fw-bold\">Registration Renewal<\/span><\/a><\/li><li class=\"nav-item my-0\"><a class=\"nav-link d-flex align-items-center rounded-pill \" href=\"https:\/\/www.khas.edu.tr\/en\/regulations-and-directives\/\" ><span class=\"fw-bold\">Regulations And Directives<\/span><\/a><\/li><li class=\"nav-item my-0\"><a class=\"nav-link d-flex align-items-center rounded-pill \" href=\"https:\/\/www.khas.edu.tr\/wp-content\/uploads\/2024\/12\/Single-Course-and-Grade-Increasing-Exam_ceviri-1.pdf\" ><span class=\"fw-bold\">Single Course And Grade \u0130ncreasing Exams<\/span><\/a><\/li><li class=\"nav-item my-0\"><a class=\"nav-link d-flex align-items-center rounded-pill \" href=\"https:\/\/www.khas.edu.tr\/en\/special-student\/\" ><span class=\"fw-bold\">Special Student<\/span><\/a><\/li><li class=\"nav-item my-0\"><a class=\"nav-link d-flex align-items-center rounded-pill \" href=\"https:\/\/www.khas.edu.tr\/en\/summer-school\/\" ><span class=\"fw-bold\">Summer School<\/span><\/a><\/li><\/ul>\n<\/div>\n<\/div>\n\n\n\n<p><\/p>\n","protected":false},"excerpt":{"rendered":"<p>Merve TEK\u0130N Director of Student Affairs 1295 merve.tekin@khas.edu.tr S\u00fcleyman \u00c7a\u011fr\u0131 \u00c7ET\u0130NKAYA Student Affairs Manager 1104 cagri.cetinkaya@khas.edu.tr Liyana ERKAN Student Affairs Specialist (International Student Services) 1156 liyana.erkan@khas.edu.tr Nurg\u00fcl AKY\u00dcREK Student Affairs Specialist (Faculty of Law &amp; Economics, Administrative and Social Sciences) 1164 nurgul.akyurek@khas.edu.tr Ay\u015fe RE\u00c7BER Student Affairs Specialist (Faculty of Communication &amp; Engineering and Natural Sciences [&hellip;]<\/p>\n","protected":false},"author":5,"featured_media":0,"parent":0,"menu_order":0,"comment_status":"closed","ping_status":"closed","template":"","meta":{"slim_seo":{"title":"Directorate of Student Affairs Contact - Kadir Has University","description":"Merve TEK\u0130N Director of Student Affairs 1295 merve.tekin@khas.edu.tr S\u00fcleyman \u00c7a\u011fr\u0131 \u00c7ET\u0130NKAYA Student Affairs Manager 1104 cagri.cetinkaya@khas.edu.tr Liyana ER"},"footnotes":""},"birimler":[],"class_list":["post-6211","page","type-page","status-publish","hentry"],"_links":{"self":[{"href":"https:\/\/www.khas.edu.tr\/en\/wp-json\/wp\/v2\/pages\/6211","targetHints":{"allow":["GET"]}}],"collection":[{"href":"https:\/\/www.khas.edu.tr\/en\/wp-json\/wp\/v2\/pages"}],"about":[{"href":"https:\/\/www.khas.edu.tr\/en\/wp-json\/wp\/v2\/types\/page"}],"author":[{"embeddable":true,"href":"https:\/\/www.khas.edu.tr\/en\/wp-json\/wp\/v2\/users\/5"}],"replies":[{"embeddable":true,"href":"https:\/\/www.khas.edu.tr\/en\/wp-json\/wp\/v2\/comments?post=6211"}],"version-history":[{"count":67,"href":"https:\/\/www.khas.edu.tr\/en\/wp-json\/wp\/v2\/pages\/6211\/revisions"}],"predecessor-version":[{"id":32774,"href":"https:\/\/www.khas.edu.tr\/en\/wp-json\/wp\/v2\/pages\/6211\/revisions\/32774"}],"wp:attachment":[{"href":"https:\/\/www.khas.edu.tr\/en\/wp-json\/wp\/v2\/media?parent=6211"}],"wp:term":[{"taxonomy":"birimler","embeddable":true,"href":"https:\/\/www.khas.edu.tr\/en\/wp-json\/wp\/v2\/birimler?post=6211"}],"curies":[{"name":"wp","href":"https:\/\/api.w.org\/{rel}","templated":true}]}}