{"id":5053,"date":"2024-10-12T16:56:35","date_gmt":"2024-10-12T13:56:35","guid":{"rendered":"https:\/\/www.khas.edu.tr\/?page_id=5053"},"modified":"2024-11-22T11:42:01","modified_gmt":"2024-11-22T08:42:01","slug":"access-to-the-campus","status":"publish","type":"page","link":"https:\/\/www.khas.edu.tr\/en\/access-to-the-campus\/","title":{"rendered":"Access to the Campus"},"content":{"rendered":"\t\t<div data-elementor-type=\"wp-page\" data-elementor-id=\"5053\" class=\"elementor elementor-5053 elementor-2893\">\n\t\t\t\t<div class=\"elementor-element elementor-element-8c6e2c5 e-flex e-con-boxed e-con e-parent\" data-id=\"8c6e2c5\" data-element_type=\"container\" data-e-type=\"container\">\n\t\t\t\t\t<div class=\"e-con-inner\">\n\t\t\t\t<div class=\"elementor-element elementor-element-ce1708e elementor-widget elementor-widget-accordion\" data-id=\"ce1708e\" data-element_type=\"widget\" data-e-type=\"widget\" data-widget_type=\"accordion.default\">\n\t\t\t\t<div class=\"elementor-widget-container\">\n\t\t\t\t\t\t\t<div class=\"elementor-accordion\">\n\t\t\t\t\t\t\t<div class=\"elementor-accordion-item\">\n\t\t\t\t\t<div id=\"elementor-tab-title-2161\" class=\"elementor-tab-title\" data-tab=\"1\" role=\"button\" aria-controls=\"elementor-tab-content-2161\" aria-expanded=\"false\">\n\t\t\t\t\t\t\t\t\t\t\t\t\t<span class=\"elementor-accordion-icon elementor-accordion-icon-left\" aria-hidden=\"true\">\n\t\t\t\t\t\t\t\t\t\t\t\t\t\t\t<span class=\"elementor-accordion-icon-closed\"><svg class=\"e-font-icon-svg e-fas-plus\" viewBox=\"0 0 448 512\" xmlns=\"http:\/\/www.w3.org\/2000\/svg\"><path d=\"M416 208H272V64c0-17.67-14.33-32-32-32h-32c-17.67 0-32 14.33-32 32v144H32c-17.67 0-32 14.33-32 32v32c0 17.67 14.33 32 32 32h144v144c0 17.67 14.33 32 32 32h32c17.67 0 32-14.33 32-32V304h144c17.67 0 32-14.33 32-32v-32c0-17.67-14.33-32-32-32z\"><\/path><\/svg><\/span>\n\t\t\t\t\t\t\t\t<span class=\"elementor-accordion-icon-opened\"><svg class=\"e-font-icon-svg e-fas-minus\" viewBox=\"0 0 448 512\" xmlns=\"http:\/\/www.w3.org\/2000\/svg\"><path d=\"M416 208H32c-17.67 0-32 14.33-32 32v32c0 17.67 14.33 32 32 32h384c17.67 0 32-14.33 32-32v-32c0-17.67-14.33-32-32-32z\"><\/path><\/svg><\/span>\n\t\t\t\t\t\t\t\t\t\t\t\t\t\t<\/span>\n\t\t\t\t\t\t\t\t\t\t\t\t<a class=\"elementor-accordion-title\" tabindex=\"0\">By Metro<\/a>\n\t\t\t\t\t<\/div>\n\t\t\t\t\t<div id=\"elementor-tab-content-2161\" class=\"elementor-tab-content elementor-clearfix\" data-tab=\"1\" role=\"region\" aria-labelledby=\"elementor-tab-title-2161\"><p>You can take the <strong>M2 Yenikap\u0131-Hac\u0131osman<\/strong> line and get off at the <strong>Golden Horn (Hali\u00e7) stop<\/strong> to reach our campus in Cibali by metro. You can reach our campus in about 10 minutes by walking from the Golden Horn stop. It is possible to come to our campus using other rail systems and transfer stations.<\/p><p><em><strong>Please check the network maps: <a href=\"https:\/\/www.metro.istanbul\/en\/YolcuHizmetleri\/AgHaritalari\">https:\/\/www.metro.istanbul\/YolcuHizmetleri\/AgHaritalari<br \/><\/a><\/strong><\/em><\/p><p>\u00a0<\/p><p>\u00a0<\/p><\/div>\n\t\t\t\t<\/div>\n\t\t\t\t\t\t\t<div class=\"elementor-accordion-item\">\n\t\t\t\t\t<div id=\"elementor-tab-title-2162\" class=\"elementor-tab-title\" data-tab=\"2\" role=\"button\" aria-controls=\"elementor-tab-content-2162\" aria-expanded=\"false\">\n\t\t\t\t\t\t\t\t\t\t\t\t\t<span class=\"elementor-accordion-icon elementor-accordion-icon-left\" aria-hidden=\"true\">\n\t\t\t\t\t\t\t\t\t\t\t\t\t\t\t<span class=\"elementor-accordion-icon-closed\"><svg class=\"e-font-icon-svg e-fas-plus\" viewBox=\"0 0 448 512\" xmlns=\"http:\/\/www.w3.org\/2000\/svg\"><path d=\"M416 208H272V64c0-17.67-14.33-32-32-32h-32c-17.67 0-32 14.33-32 32v144H32c-17.67 0-32 14.33-32 32v32c0 17.67 14.33 32 32 32h144v144c0 17.67 14.33 32 32 32h32c17.67 0 32-14.33 32-32V304h144c17.67 0 32-14.33 32-32v-32c0-17.67-14.33-32-32-32z\"><\/path><\/svg><\/span>\n\t\t\t\t\t\t\t\t<span class=\"elementor-accordion-icon-opened\"><svg class=\"e-font-icon-svg e-fas-minus\" viewBox=\"0 0 448 512\" xmlns=\"http:\/\/www.w3.org\/2000\/svg\"><path d=\"M416 208H32c-17.67 0-32 14.33-32 32v32c0 17.67 14.33 32 32 32h384c17.67 0 32-14.33 32-32v-32c0-17.67-14.33-32-32-32z\"><\/path><\/svg><\/span>\n\t\t\t\t\t\t\t\t\t\t\t\t\t\t<\/span>\n\t\t\t\t\t\t\t\t\t\t\t\t<a class=\"elementor-accordion-title\" tabindex=\"0\">By Tram<\/a>\n\t\t\t\t\t<\/div>\n\t\t\t\t\t<div id=\"elementor-tab-content-2162\" class=\"elementor-tab-content elementor-clearfix\" data-tab=\"2\" role=\"region\" aria-labelledby=\"elementor-tab-title-2162\"><p>The <strong>Cibali<\/strong> stop of the <b>T5 Emin\u00f6n\u00fc\u2013Alibeyk\u00f6y Coach Station Tram Line<\/b> is located opposite the main entrance of our campus. You can easily reach our campus by using this line.<\/p><p><em><strong>Please check the network maps: <a href=\"https:\/\/www.metro.istanbul\/en\/YolcuHizmetleri\/AgHaritalari\">https:\/\/www.metro.istanbul\/YolcuHizmetleri\/AgHaritalari<br \/><\/a><\/strong><\/em><\/p><p>\u00a0<\/p><p>\u00a0<\/p><\/div>\n\t\t\t\t<\/div>\n\t\t\t\t\t\t\t<div class=\"elementor-accordion-item\">\n\t\t\t\t\t<div id=\"elementor-tab-title-2163\" class=\"elementor-tab-title\" data-tab=\"3\" role=\"button\" aria-controls=\"elementor-tab-content-2163\" aria-expanded=\"false\">\n\t\t\t\t\t\t\t\t\t\t\t\t\t<span class=\"elementor-accordion-icon elementor-accordion-icon-left\" aria-hidden=\"true\">\n\t\t\t\t\t\t\t\t\t\t\t\t\t\t\t<span class=\"elementor-accordion-icon-closed\"><svg class=\"e-font-icon-svg e-fas-plus\" viewBox=\"0 0 448 512\" xmlns=\"http:\/\/www.w3.org\/2000\/svg\"><path d=\"M416 208H272V64c0-17.67-14.33-32-32-32h-32c-17.67 0-32 14.33-32 32v144H32c-17.67 0-32 14.33-32 32v32c0 17.67 14.33 32 32 32h144v144c0 17.67 14.33 32 32 32h32c17.67 0 32-14.33 32-32V304h144c17.67 0 32-14.33 32-32v-32c0-17.67-14.33-32-32-32z\"><\/path><\/svg><\/span>\n\t\t\t\t\t\t\t\t<span class=\"elementor-accordion-icon-opened\"><svg class=\"e-font-icon-svg e-fas-minus\" viewBox=\"0 0 448 512\" xmlns=\"http:\/\/www.w3.org\/2000\/svg\"><path d=\"M416 208H32c-17.67 0-32 14.33-32 32v32c0 17.67 14.33 32 32 32h384c17.67 0 32-14.33 32-32v-32c0-17.67-14.33-32-32-32z\"><\/path><\/svg><\/span>\n\t\t\t\t\t\t\t\t\t\t\t\t\t\t<\/span>\n\t\t\t\t\t\t\t\t\t\t\t\t<a class=\"elementor-accordion-title\" tabindex=\"0\">By Metrobus<\/a>\n\t\t\t\t\t<\/div>\n\t\t\t\t\t<div id=\"elementor-tab-content-2163\" class=\"elementor-tab-content elementor-clearfix\" data-tab=\"3\" role=\"region\" aria-labelledby=\"elementor-tab-title-2163\"><p>To reach our campus, you can take the reciprocal metrobus lines between <strong>34<\/strong> Avc\u0131lar-Zincirlikuyu, <strong>34A<\/strong> Cevizliba\u011f-S\u00f6\u011f\u00fctl\u00fc\u00e7e\u015fme or <strong>34G<\/strong> G\u00fcrp\u0131nar (T\u00dcYAP)-S\u00f6\u011f\u00fctl\u00fc\u00e7e\u015fme and get off at the <strong>Ayvansaray<\/strong> stop. You can take <strong>bus 399C<\/strong> from the Ayvansaray stop and get off at the <strong>Unkapan\u0131-Kadir Has University stop<\/strong>, or <strong>bus 1453<\/strong> from the Feshane stop under the Hali\u00e7 Bridge and get off at the <strong>Hali\u00e7 (Golden Horn) Metro<\/strong> stop and walk to our campus.<\/p><p>\u00a0<\/p><p>\u00a0<\/p><\/div>\n\t\t\t\t<\/div>\n\t\t\t\t\t\t\t<div class=\"elementor-accordion-item\">\n\t\t\t\t\t<div id=\"elementor-tab-title-2164\" class=\"elementor-tab-title\" data-tab=\"4\" role=\"button\" aria-controls=\"elementor-tab-content-2164\" aria-expanded=\"false\">\n\t\t\t\t\t\t\t\t\t\t\t\t\t<span class=\"elementor-accordion-icon elementor-accordion-icon-left\" aria-hidden=\"true\">\n\t\t\t\t\t\t\t\t\t\t\t\t\t\t\t<span class=\"elementor-accordion-icon-closed\"><svg class=\"e-font-icon-svg e-fas-plus\" viewBox=\"0 0 448 512\" xmlns=\"http:\/\/www.w3.org\/2000\/svg\"><path d=\"M416 208H272V64c0-17.67-14.33-32-32-32h-32c-17.67 0-32 14.33-32 32v144H32c-17.67 0-32 14.33-32 32v32c0 17.67 14.33 32 32 32h144v144c0 17.67 14.33 32 32 32h32c17.67 0 32-14.33 32-32V304h144c17.67 0 32-14.33 32-32v-32c0-17.67-14.33-32-32-32z\"><\/path><\/svg><\/span>\n\t\t\t\t\t\t\t\t<span class=\"elementor-accordion-icon-opened\"><svg class=\"e-font-icon-svg e-fas-minus\" viewBox=\"0 0 448 512\" xmlns=\"http:\/\/www.w3.org\/2000\/svg\"><path d=\"M416 208H32c-17.67 0-32 14.33-32 32v32c0 17.67 14.33 32 32 32h384c17.67 0 32-14.33 32-32v-32c0-17.67-14.33-32-32-32z\"><\/path><\/svg><\/span>\n\t\t\t\t\t\t\t\t\t\t\t\t\t\t<\/span>\n\t\t\t\t\t\t\t\t\t\t\t\t<a class=\"elementor-accordion-title\" tabindex=\"0\">By Bus<\/a>\n\t\t\t\t\t<\/div>\n\t\t\t\t\t<div id=\"elementor-tab-content-2164\" class=\"elementor-tab-content elementor-clearfix\" data-tab=\"4\" role=\"region\" aria-labelledby=\"elementor-tab-title-2164\"><p>Please check this website: <strong><a style=\"font-family: var( --e-global-typography-text-font-family ), Sans-serif; font-weight: var( --e-global-typography-text-font-weight ); background-color: #ffffff;\" href=\"https:\/\/www.iett.istanbul\/en\/main\/hatlar\/\">Route &#8211; Timetable (iett.istanbul)<\/a><\/strong><\/p><p>The buses stopping at the <b>Unkapan\u0131-Kadir Has University bus stop<\/b> are as follows:<\/p><table style=\"color: var( --e-global-color-text ); font-family: var( --e-global-typography-text-font-family ), Sans-serif; font-weight: var( --e-global-typography-text-font-weight ); background-color: #ffffff;\" width=\"349\"><tbody><tr><td width=\"61\"><strong>Bus Number<\/strong><\/td><td width=\"288\"><strong>The Line<\/strong><\/td><\/tr><tr><td width=\"61\">33ES<\/td><td width=\"288\">Esenler Giyimkent &#8211; At\u0131\u015falan\u0131 &#8211; Emin\u00f6n\u00fc<\/td><\/tr><tr><td width=\"61\">36CE<\/td><td width=\"288\">Cebeci Mahallesi &#8211; Emin\u00f6n\u00fc<\/td><\/tr><tr><td width=\"61\">399B<\/td><td width=\"288\">G\u00fczeltepe &#8211; Emin\u00f6n\u00fc<\/td><\/tr><tr><td width=\"61\">399C<\/td><td width=\"288\">Esentepe Mahallesi &#8211; Emin\u00f6n\u00fc<\/td><\/tr><tr><td width=\"61\">41Y<\/td><td width=\"288\">Ayaza\u011fa &#8211; Ka\u011f\u0131thane &#8211; Yenikap\u0131<\/td><\/tr><tr><td width=\"61\">44B<\/td><td width=\"288\">Hamidiye Mahallesi &#8211; Emin\u00f6n\u00fc<\/td><\/tr><tr><td width=\"61\">48E<\/td><td width=\"288\">G\u00f6kt\u00fcrk &#8211; Emin\u00f6n\u00fc<\/td><\/tr><tr><td width=\"61\">55T<\/td><td width=\"288\">Gaziosmanpa\u015fa &#8211; Taksim<\/td><\/tr><tr><td width=\"61\">99<\/td><td width=\"288\">Ak\u015femsettin Mahallesi &#8211; Emin\u00f6n\u00fc<\/td><\/tr><tr><td width=\"61\">99A<\/td><td width=\"288\">Gaziosmanpa\u015fa &#8211; Emin\u00f6n\u00fc<\/td><\/tr><tr><td width=\"61\">99Y<\/td><td width=\"288\">Ye\u015filp\u0131nar &#8211; Emin\u00f6n\u00fc<\/td><\/tr><\/tbody><\/table><p>The bus lines that pass through the stops within a 10-minute walk of our campus are as follows:<\/p><table width=\"547\"><tbody><tr><td width=\"49\"><strong>Bus Number<\/strong><\/td><td width=\"205\"><strong>The Line<\/strong><\/td><td width=\"66\"><strong>Bus Number<\/strong><\/td><td width=\"227\"><strong>The Line<\/strong><\/td><\/tr><tr><td width=\"49\">146B<\/td><td width=\"205\">Ba\u015fak\u015fehir 4. Etap-Emin\u00f6n\u00fc<\/td><td width=\"66\">71AT<\/td><td width=\"227\">Atak\u00f6y-Taksim (coastwise)<\/td><\/tr><tr><td width=\"49\">28<\/td><td width=\"205\">Edirnekap\u0131-Be\u015fikta\u015f<\/td><td width=\"66\">78<\/td><td width=\"227\">Ba\u015fak\u015fehir 4. Etap-Emin\u00f6n\u00fc<\/td><\/tr><tr><td width=\"49\">28T<\/td><td width=\"205\">Topkap\u0131-Be\u015fikta\u015f<\/td><td width=\"66\">78H<\/td><td width=\"227\">Ba\u015fak\u015fehir Metrokent-Emin\u00f6n\u00fc<\/td><\/tr><tr><td width=\"49\">30D<\/td><td width=\"205\">Dereboyu-Yenikap\u0131<\/td><td width=\"66\">79E<\/td><td width=\"227\">Kayaba\u015f\u0131 Kipta\u015f-Emin\u00f6n\u00fc<\/td><\/tr><tr><td width=\"49\">31E<\/td><td width=\"205\">Yenibosna-Emin\u00f6n\u00fc<\/td><td width=\"66\">80<\/td><td width=\"227\">Yedikule-Emin\u00f6n\u00fc<\/td><\/tr><tr><td width=\"49\">32<\/td><td width=\"205\">Cevatpa\u015fa-Emin\u00f6n\u00fc<\/td><td width=\"66\">82<\/td><td width=\"227\">Yenibosna Metro-Emin\u00f6n\u00fc<\/td><\/tr><tr><td width=\"49\">33<\/td><td width=\"205\">Esenler Giyimkent-Emin\u00f6n\u00fc<\/td><td width=\"66\">85T<\/td><td width=\"227\">Esenler Metro-Taksim<\/td><\/tr><tr><td width=\"49\">336<\/td><td width=\"205\">Arnavutk\u00f6y-Emin\u00f6n\u00fc<\/td><td width=\"66\">90<\/td><td width=\"227\">Draman-Emin\u00f6n\u00fc<\/td><\/tr><tr><td width=\"49\">336E<\/td><td width=\"205\">Sultan\u00e7iftli\u011fi-Emin\u00f6n\u00fc<\/td><td width=\"66\">91O<\/td><td width=\"227\">Otogar-Emin\u00f6n\u00fc<\/td><\/tr><tr><td width=\"49\">33B<\/td><td width=\"205\">Esenler Giyimkent-Emin\u00f6n\u00fc<\/td><td width=\"66\">92<\/td><td width=\"227\">Yenimahalle Metro-Emin\u00f6n\u00fc<\/td><\/tr><tr><td width=\"49\">33TE<\/td><td width=\"205\">Esenler Turgutreis-Emin\u00f6n\u00fc<\/td><td width=\"66\">92A<\/td><td width=\"227\">Kirazl\u0131 Metro-Emin\u00f6n\u00fc<\/td><\/tr><tr><td width=\"49\">33Y<\/td><td width=\"205\">Esenler Giyimkent-Emin\u00f6n\u00fc<\/td><td width=\"66\">92T<\/td><td width=\"227\">Ba\u011fc\u0131lar Devlet Hastanesi-Taksim<\/td><\/tr><tr><td width=\"49\">35<\/td><td width=\"205\">Kocamustafapa\u015fa-Emin\u00f6n\u00fc<\/td><td width=\"66\">93<\/td><td width=\"227\">Zeytinburnu-Emin\u00f6n\u00fc<\/td><\/tr><tr><td width=\"49\">36KE<\/td><td width=\"205\">Karadeniz Mah.-Emin\u00f6n\u00fc<\/td><td width=\"66\">94<\/td><td width=\"227\">Osmaniye-Emin\u00f6n\u00fc<\/td><\/tr><tr><td width=\"49\">37E<\/td><td width=\"205\">Y\u0131ld\u0131ztabya-Emin\u00f6n\u00fc<\/td><td width=\"66\">97A<\/td><td width=\"227\">Bas\u0131n Sitesi-Emin\u00f6n\u00fc<\/td><\/tr><tr><td width=\"49\">38E<\/td><td width=\"205\">K\u00fc\u00e7\u00fckk\u00f6y-Emin\u00f6n\u00fc<\/td><td width=\"66\">97GE<\/td><td width=\"227\">G\u00fcne\u015fli-Emin\u00f6n\u00fc<\/td><\/tr><tr><td width=\"49\">41Y<\/td><td width=\"205\">Ayaza\u011fak\u00f6y\u00fc-Yenikap\u0131<\/td><td width=\"66\">78<\/td><td width=\"227\">Ba\u015fak\u015fehir 4. Etap-Emin\u00f6n\u00fc<\/td><\/tr><\/tbody><\/table><\/div>\n\t\t\t\t<\/div>\n\t\t\t\t\t\t\t<div class=\"elementor-accordion-item\">\n\t\t\t\t\t<div id=\"elementor-tab-title-2165\" class=\"elementor-tab-title\" data-tab=\"5\" role=\"button\" aria-controls=\"elementor-tab-content-2165\" aria-expanded=\"false\">\n\t\t\t\t\t\t\t\t\t\t\t\t\t<span class=\"elementor-accordion-icon elementor-accordion-icon-left\" aria-hidden=\"true\">\n\t\t\t\t\t\t\t\t\t\t\t\t\t\t\t<span class=\"elementor-accordion-icon-closed\"><svg class=\"e-font-icon-svg e-fas-plus\" viewBox=\"0 0 448 512\" xmlns=\"http:\/\/www.w3.org\/2000\/svg\"><path d=\"M416 208H272V64c0-17.67-14.33-32-32-32h-32c-17.67 0-32 14.33-32 32v144H32c-17.67 0-32 14.33-32 32v32c0 17.67 14.33 32 32 32h144v144c0 17.67 14.33 32 32 32h32c17.67 0 32-14.33 32-32V304h144c17.67 0 32-14.33 32-32v-32c0-17.67-14.33-32-32-32z\"><\/path><\/svg><\/span>\n\t\t\t\t\t\t\t\t<span class=\"elementor-accordion-icon-opened\"><svg class=\"e-font-icon-svg e-fas-minus\" viewBox=\"0 0 448 512\" xmlns=\"http:\/\/www.w3.org\/2000\/svg\"><path d=\"M416 208H32c-17.67 0-32 14.33-32 32v32c0 17.67 14.33 32 32 32h384c17.67 0 32-14.33 32-32v-32c0-17.67-14.33-32-32-32z\"><\/path><\/svg><\/span>\n\t\t\t\t\t\t\t\t\t\t\t\t\t\t<\/span>\n\t\t\t\t\t\t\t\t\t\t\t\t<a class=\"elementor-accordion-title\" tabindex=\"0\">By Ferry<\/a>\n\t\t\t\t\t<\/div>\n\t\t\t\t\t<div id=\"elementor-tab-content-2165\" class=\"elementor-tab-content elementor-clearfix\" data-tab=\"5\" role=\"region\" aria-labelledby=\"elementor-tab-title-2165\"><p>You can access our campus with all ferries and motorboats arriving at <strong>Emin\u00f6n\u00fc pier\/ferry port<\/strong>. The following lines, departing from Emin\u00f6n\u00fc bus stops, pass through the <strong>Unkapan\u0131-Kadir Has University stop<\/strong>.<\/p><table width=\"349\"><tbody><tr><td width=\"66\"><strong>Bus Number<\/strong><\/td><td width=\"283\"><b>The Line<\/b><\/td><\/tr><tr><td width=\"66\">33ES<\/td><td width=\"283\">Esenler Giyimkent &#8211; At\u0131\u015falan\u0131 &#8211; Emin\u00f6n\u00fc<\/td><\/tr><tr><td width=\"66\">36CE<\/td><td width=\"283\">Cebeci Mahallesi &#8211; Emin\u00f6n\u00fc<\/td><\/tr><tr><td width=\"66\">399B<\/td><td width=\"283\">G\u00fczeltepe &#8211; Emin\u00f6n\u00fc<\/td><\/tr><tr><td width=\"66\">399C<\/td><td width=\"283\">Esentepe Mahallesi &#8211; Emin\u00f6n\u00fc<\/td><\/tr><tr><td width=\"66\">44B<\/td><td width=\"283\">Hamidiye Mahallesi &#8211; Emin\u00f6n\u00fc<\/td><\/tr><tr><td width=\"66\">48E<\/td><td width=\"283\">G\u00f6kt\u00fcrk &#8211; Emin\u00f6n\u00fc<\/td><\/tr><tr><td width=\"66\">99<\/td><td width=\"283\">Ak\u015femsettin Mahallesi &#8211; Emin\u00f6n\u00fc<\/td><\/tr><tr><td width=\"66\">99A<\/td><td width=\"283\">Gaziosmanpa\u015fa &#8211; Emin\u00f6n\u00fc<\/td><\/tr><tr><td width=\"66\">99Y<\/td><td width=\"283\">Ye\u015filp\u0131nar &#8211; Emin\u00f6n\u00fc<\/td><\/tr><\/tbody><\/table><p><br \/><br \/><\/p><\/div>\n\t\t\t\t<\/div>\n\t\t\t\t\t\t\t\t<\/div>\n\t\t\t\t\t\t<\/div>\n\t\t\t\t<\/div>\n\t\t\t\t\t<\/div>\n\t\t\t\t<\/div>\n\t\t<div class=\"elementor-element elementor-element-5adfc45 e-flex e-con-boxed e-con e-parent\" data-id=\"5adfc45\" data-element_type=\"container\" data-e-type=\"container\">\n\t\t\t\t\t<div class=\"e-con-inner\">\n\t\t\t\t<div class=\"elementor-element elementor-element-28878a3 elementor-widget elementor-widget-html\" data-id=\"28878a3\" data-element_type=\"widget\" data-e-type=\"widget\" data-widget_type=\"html.default\">\n\t\t\t\t<div class=\"elementor-widget-container\">\n\t\t\t\t\t<iframe src=\"https:\/\/www.google.com\/maps\/embed?pb=!1m14!1m8!1m3!1d3009.985279376452!2d28.960212!3d41.025578!3m2!1i1024!2i768!4f13.1!3m3!1m2!1s0x14cab9f0d6f5e2b9%3A0x8166ca686527143a!2sCibali%2C%20Kadir%20Has%20Cd.%2C%2034083%20Fatih%2F%C4%B0stanbul!5e0!3m2!1str!2str!4v1646153508609!5m2!1str!2str\" width=\"600\" height=\"450\" style=\"border:0;\" allowfullscreen=\"\" loading=\"lazy\"><\/iframe>\t\t\t\t<\/div>\n\t\t\t\t<\/div>\n\t\t\t\t\t<\/div>\n\t\t\t\t<\/div>\n\t\t\t\t<\/div>\n\t\t","protected":false},"excerpt":{"rendered":"<p>By Metro You can take the M2 Yenikap\u0131-Hac\u0131osman line and get off at the Golden Horn (Hali\u00e7) stop to reach our campus in Cibali by metro. You can reach our campus in about 10 minutes by walking from the Golden Horn stop. It is possible to come to our campus using other rail systems and [&hellip;]<\/p>\n","protected":false},"author":2,"featured_media":0,"parent":0,"menu_order":0,"comment_status":"closed","ping_status":"closed","template":"","meta":{"slim_seo":{"title":"Access to the Campus - Kadir Has University","description":"By Metro You can take the M2 Yenikap\u0131-Hac\u0131osman line and get off at the Golden Horn (Hali\u00e7) stop to reach our campus in Cibali by metro. You can reach our campu"},"footnotes":""},"birimler":[37],"class_list":["post-5053","page","type-page","status-publish","hentry","birimler-khas-anasayfa"],"_links":{"self":[{"href":"https:\/\/www.khas.edu.tr\/en\/wp-json\/wp\/v2\/pages\/5053","targetHints":{"allow":["GET"]}}],"collection":[{"href":"https:\/\/www.khas.edu.tr\/en\/wp-json\/wp\/v2\/pages"}],"about":[{"href":"https:\/\/www.khas.edu.tr\/en\/wp-json\/wp\/v2\/types\/page"}],"author":[{"embeddable":true,"href":"https:\/\/www.khas.edu.tr\/en\/wp-json\/wp\/v2\/users\/2"}],"replies":[{"embeddable":true,"href":"https:\/\/www.khas.edu.tr\/en\/wp-json\/wp\/v2\/comments?post=5053"}],"version-history":[{"count":4,"href":"https:\/\/www.khas.edu.tr\/en\/wp-json\/wp\/v2\/pages\/5053\/revisions"}],"predecessor-version":[{"id":5057,"href":"https:\/\/www.khas.edu.tr\/en\/wp-json\/wp\/v2\/pages\/5053\/revisions\/5057"}],"wp:attachment":[{"href":"https:\/\/www.khas.edu.tr\/en\/wp-json\/wp\/v2\/media?parent=5053"}],"wp:term":[{"taxonomy":"birimler","embeddable":true,"href":"https:\/\/www.khas.edu.tr\/en\/wp-json\/wp\/v2\/birimler?post=5053"}],"curies":[{"name":"wp","href":"https:\/\/api.w.org\/{rel}","templated":true}]}}