{"id":4699,"date":"2024-11-13T20:38:12","date_gmt":"2024-11-13T17:38:12","guid":{"rendered":"https:\/\/www.khas.edu.tr\/?page_id=4699"},"modified":"2026-01-09T09:39:54","modified_gmt":"2026-01-09T06:39:54","slug":"quotas","status":"publish","type":"page","link":"https:\/\/www.khas.edu.tr\/en\/quotas\/","title":{"rendered":"Quotas"},"content":{"rendered":"\t\t<div data-elementor-type=\"wp-page\" data-elementor-id=\"4699\" class=\"elementor elementor-4699 elementor-4694\">\n\t\t\t\t<div class=\"elementor-element elementor-element-cf23054 e-flex e-con-boxed e-con e-parent\" data-id=\"cf23054\" data-element_type=\"container\" data-e-type=\"container\">\n\t\t\t\t\t<div class=\"e-con-inner\">\n\t\t<div class=\"elementor-element elementor-element-fb9316b e-con-full e-flex e-con e-child\" data-id=\"fb9316b\" data-element_type=\"container\" data-e-type=\"container\">\n\t\t\t\t<div class=\"elementor-element elementor-element-9aae9b3 elementor-widget elementor-widget-text-editor\" data-id=\"9aae9b3\" data-element_type=\"widget\" data-e-type=\"widget\" data-widget_type=\"text-editor.default\">\n\t\t\t\t<div class=\"elementor-widget-container\">\n\t\t\t\t\t\t\t\t\t<table style=\"height: 1152px;\" width=\"727\"><tbody><tr style=\"border: 1px solid #D5D8DC;\"><td style=\"border: 1px solid #D5D8DC;\" colspan=\"3\" width=\"668\"><h4 style=\"text-align: center;\"><strong>2025-2026 ACADEMIC YEAR SPRING SEMESTER DOUBLE MAJOR QUOTAS<\/strong><\/h4><\/td><\/tr><tr style=\"border: 1px solid #D5D8DC;\"><td style=\"border: 1px solid #D5D8DC;\" width=\"369\"><strong><span style=\"color: #000000;\">FACULTY<\/span><\/strong><\/td><td style=\"border: 1px solid #D5D8DC;\" width=\"299\"><strong><span style=\"color: #000000;\">DEPARTMENT<\/span><\/strong><\/td><td style=\"border: 1px solid #D5D8DC; text-align: center;\" width=\"117\"><strong><span style=\"color: #000000;\">QUOTA<\/span><\/strong><\/td><\/tr><tr style=\"border: 1px solid #D5D8DC;\"><td style=\"border: 1px solid #D5D8DC;\" width=\"369\"><span style=\"color: #000000;\">Faculty of Law<\/span><\/td><td style=\"border: 1px solid #D5D8DC;\" width=\"299\"><span style=\"color: #000000;\">Law*<\/span><\/td><td style=\"border: 1px solid #D5D8DC; text-align: center;\"><span style=\"color: #000000;\">12<\/span><\/td><\/tr><tr style=\"border: 1px solid #D5D8DC;\"><td style=\"border: 1px solid #D5D8DC;\" rowspan=\"7\" width=\"369\"><span style=\"color: #000000;\">Faculty of Economics, Administrative and Social Sciences<\/span><\/td><td style=\"border: 1px solid #D5D8DC;\"><span style=\"color: #000000;\">Economics<\/span><\/td><td style=\"border: 1px solid #D5D8DC; text-align: center;\"><span style=\"color: #000000;\">5<\/span><\/td><\/tr><tr style=\"border: 1px solid #D5D8DC;\"><td style=\"border: 1px solid #D5D8DC;\"><span style=\"color: #000000;\">Business<\/span><\/td><td style=\"border: 1px solid #D5D8DC; text-align: center;\"><span style=\"color: #000000;\">0<\/span><\/td><\/tr><tr style=\"border: 1px solid #D5D8DC;\"><td style=\"border: 1px solid #D5D8DC;\"><span style=\"color: #000000;\">Psychology<\/span><\/td><td style=\"border: 1px solid #D5D8DC; text-align: center;\"><span style=\"color: #000000;\">13<\/span><\/td><\/tr><tr style=\"border: 1px solid #D5D8DC;\"><td style=\"border: 1px solid #D5D8DC;\"><span style=\"color: #000000;\">Political Science and International Relations<\/span><\/td><td style=\"border: 1px solid #D5D8DC; text-align: center;\"><span style=\"color: #000000;\">4<\/span><\/td><\/tr><tr style=\"border: 1px solid #D5D8DC;\"><td style=\"border: 1px solid #D5D8DC;\"><span style=\"color: #000000;\">International Trade and Finance<\/span><\/td><td style=\"border: 1px solid #D5D8DC; text-align: center;\"><span style=\"color: #000000;\">3<\/span><\/td><\/tr><tr style=\"border: 1px solid #D5D8DC;\"><td style=\"border: 1px solid #D5D8DC;\"><span style=\"color: #000000;\">Management Information Systems<\/span><\/td><td style=\"border: 1px solid #D5D8DC; text-align: center;\"><span style=\"color: #000000;\">0<\/span><\/td><\/tr><tr style=\"border: 1px solid #D5D8DC;\"><td style=\"border: 1px solid #D5D8DC;\">\u00a0<\/td><td style=\"border: 1px solid #D5D8DC; text-align: center;\">\u00a0<\/td><\/tr><tr style=\"border: 1px solid #D5D8DC;\"><td style=\"border: 1px solid #D5D8DC;\" rowspan=\"5\" width=\"369\"><span style=\"color: #000000;\">Faculty of Communication<\/span><\/td><td style=\"border: 1px solid #D5D8DC;\"><span style=\"color: #000000;\">Visual Communication Design<\/span><\/td><td style=\"border: 1px solid #D5D8DC; text-align: center;\"><span style=\"color: #000000;\">1<\/span><\/td><\/tr><tr style=\"border: 1px solid #D5D8DC;\"><td style=\"border: 1px solid #D5D8DC;\"><span style=\"color: #000000;\">Public Relations and Information<\/span><\/td><td style=\"border: 1px solid #D5D8DC; text-align: center;\"><span style=\"color: #000000;\">0<\/span><\/td><\/tr><tr style=\"border: 1px solid #D5D8DC;\"><td style=\"border: 1px solid #D5D8DC;\"><span style=\"color: #000000;\">Radio, Television and Cinema<\/span><\/td><td style=\"border: 1px solid #D5D8DC; text-align: center;\"><span style=\"color: #000000;\">3<\/span><\/td><\/tr><tr style=\"border: 1px solid #D5D8DC;\"><td style=\"border: 1px solid #D5D8DC;\"><span style=\"color: #000000;\">Advertising<\/span><\/td><td style=\"border: 1px solid #D5D8DC; text-align: center;\"><span style=\"color: #000000;\">4<\/span><\/td><\/tr><tr style=\"border: 1px solid #D5D8DC;\"><td style=\"border: 1px solid #D5D8DC;\"><span style=\"color: #000000;\">New Media and Communication<\/span><\/td><td style=\"border: 1px solid #D5D8DC; text-align: center;\"><span style=\"color: #000000;\">3<\/span><\/td><\/tr><tr style=\"border: 1px solid #D5D8DC;\"><td style=\"border: 1px solid #D5D8DC;\" rowspan=\"6\" width=\"369\"><span style=\"color: #000000;\">Faculty of Engineering and Natural Sciences<\/span><\/td><td style=\"border: 1px solid #D5D8DC;\"><span style=\"color: #000000;\">Computer Engineering*<\/span><\/td><td style=\"border: 1px solid #D5D8DC; text-align: center;\"><span style=\"color: #000000;\">8<\/span><\/td><\/tr><tr style=\"border: 1px solid #D5D8DC;\"><td style=\"border: 1px solid #D5D8DC;\"><span style=\"color: #000000;\">Electrical-Electronics Engineering*<\/span><\/td><td style=\"border: 1px solid #D5D8DC; text-align: center;\"><span style=\"color: #000000;\">2<\/span><\/td><\/tr><tr style=\"border: 1px solid #D5D8DC;\"><td style=\"border: 1px solid #D5D8DC;\"><span style=\"color: #000000;\">Industrial Engineering*<\/span><\/td><td style=\"border: 1px solid #D5D8DC; text-align: center;\"><span style=\"color: #000000;\">8<\/span><\/td><\/tr><tr style=\"border: 1px solid #D5D8DC;\"><td style=\"border: 1px solid #D5D8DC;\"><span style=\"color: #000000;\">Civil Engineering*<\/span><\/td><td style=\"border: 1px solid #D5D8DC; text-align: center;\"><span style=\"color: #000000;\">0<\/span><\/td><\/tr><tr style=\"border: 1px solid #D5D8DC;\"><td style=\"border: 1px solid #D5D8DC;\"><span style=\"color: #000000;\">Mechatronic Engineering*<\/span><\/td><td style=\"border: 1px solid #D5D8DC; text-align: center;\"><span style=\"color: #000000;\">5<\/span><\/td><\/tr><tr style=\"border: 1px solid #D5D8DC;\"><td style=\"border: 1px solid #D5D8DC;\"><span style=\"color: #000000;\">Molecular Biology And Genetics<\/span><\/td><td style=\"border: 1px solid #D5D8DC; text-align: center;\"><span style=\"color: #000000;\">6<\/span><\/td><\/tr><tr style=\"border: 1px solid #D5D8DC;\"><td style=\"border: 1px solid #D5D8DC;\" rowspan=\"3\" width=\"369\"><span style=\"color: #000000;\">Faculty of Art and Design<\/span><\/td><td style=\"border: 1px solid #D5D8DC;\"><span style=\"color: #000000;\">Industrial Design<\/span><\/td><td style=\"border: 1px solid #D5D8DC; text-align: center;\"><span style=\"color: #000000;\">9<\/span><\/td><\/tr><tr style=\"border: 1px solid #D5D8DC;\"><td style=\"border: 1px solid #D5D8DC;\"><span style=\"color: #000000;\">Interior Architecture and Environmental Design<\/span><\/td><td style=\"border: 1px solid #D5D8DC; text-align: center;\"><span style=\"color: #000000;\">10<\/span><\/td><\/tr><tr style=\"border: 1px solid #D5D8DC;\"><td style=\"border: 1px solid #D5D8DC;\"><span style=\"color: #000000;\">Architecture*<\/span><\/td><td style=\"border: 1px solid #D5D8DC; text-align: center;\"><span style=\"color: #000000;\">3<\/span><\/td><\/tr><tr style=\"border: 1px solid #D5D8DC;\"><td style=\"border: 1px solid #D5D8DC;\" colspan=\"3\" width=\"668\">\u00a0<\/td><\/tr><tr style=\"border: 1px solid #D5D8DC;\"><td style=\"border: 1px solid #D5D8DC;\" colspan=\"3\" width=\"668\"><strong><span style=\"color: #000000;\">*Students who want to do a double major in Law, Engineering and Architecture programs for<\/span><\/strong><br \/><strong><span style=\"color: #000000;\">which success ranking is required are expected to have met the success ranking requirement<\/span><\/strong><br \/><strong><span style=\"color: #000000;\">determined by the Higher Education Council (Y\u00d6K) of the relevant program in the year they<\/span><\/strong><br \/><strong><span style=\"color: #000000;\">registered.<\/span><\/strong><\/td><\/tr><tr style=\"border: 1px solid #D5D8DC;\"><td style=\"border: 1px solid #D5D8DC;\" colspan=\"3\" width=\"668\">\u00a0<\/td><\/tr><tr style=\"border: 1px solid #D5D8DC;\"><td style=\"border: 1px solid #D5D8DC; text-align: left;\" colspan=\"3\" width=\"668\"><strong><span style=\"color: #000000;\">**Students who study in the Theater Department and want to do a Double Major in another<\/span><\/strong><br \/><strong><span style=\"color: #000000;\">department are expected to meet the base score of our University in the score type of the<\/span><\/strong><br \/><strong><span style=\"color: #000000;\">relevant department and the success ranking requirement determined by the Higher Education<\/span><\/strong><br \/><strong><span style=\"color: #000000;\">Council.<\/span><\/strong><\/td><\/tr><tr style=\"border: 1px solid #D5D8DC;\"><td style=\"border: 1px solid #D5D8DC;\" colspan=\"3\" width=\"668\">\u00a0<\/td><\/tr><tr style=\"border: 1px solid #D5D8DC;\"><td style=\"border: 1px solid #D5D8DC;\" colspan=\"3\" width=\"668\"><strong><span style=\"color: #000000;\">***There is no quota limitation for Minor Programs.<\/span><\/strong><\/td><\/tr><\/tbody><\/table>\t\t\t\t\t\t\t\t<\/div>\n\t\t\t\t<\/div>\n\t\t\t\t<\/div>\n\t\t<div class=\"elementor-element elementor-element-668084a e-con-full e-flex e-con e-child\" data-id=\"668084a\" data-element_type=\"container\" data-e-type=\"container\">\n\t\t\t\t<div class=\"elementor-element elementor-element-aa20713 elementor-widget elementor-widget-shortcode\" data-id=\"aa20713\" data-element_type=\"widget\" data-e-type=\"widget\" data-widget_type=\"shortcode.default\">\n\t\t\t\t<div class=\"elementor-widget-container\">\n\t\t\t\t\t\t\t<div class=\"elementor-shortcode\"><ul class=\"navbar-nav px-4 py-2\" style=\"border-left:1px solid #3d3d3d20;\"><li class=\"nav-item my-0\"><a class=\"nav-link d-flex align-items-center rounded-pill \" href=\"https:\/\/www.khas.edu.tr\/ogrenci-isleri-direktorlugu\/\" ><span class=\"fw-bold\">\u00d6\u011frenci \u0130\u015fleri Direkt\u00f6rl\u00fc\u011f\u00fc<\/span><\/a><\/li><li class=\"nav-item my-0\"><a class=\"nav-link d-flex align-items-center rounded-pill \" href=\"https:\/\/akademiktakvim.khas.edu.tr\/\" ><span class=\"fw-bold\">Akademik Takvim<\/span><\/a><\/li><li class=\"nav-item my-0\"><a class=\"nav-link d-flex align-items-center rounded-pill \" href=\"https:\/\/www.khas.edu.tr\/azami-sure\/\" ><span class=\"fw-bold\">Azami S\u00fcre<\/span><\/a><\/li><li class=\"nav-item my-0\"><a class=\"nav-link d-flex align-items-center rounded-pill collapsed\" href=\"#sidebar-menu-item-12904\" data-bs-toggle=\"collapse\" role=\"button\" aria-expanded=\"false\" aria-controls=\"sidebar-menu-item-12904\"><span class=\"fw-bold\">Coursera<\/span><i class=\"bi bi-chevron-down ms-auto dropdown-icon\"><\/i><\/a><div class=\"collapse\" id=\"sidebar-menu-item-12904\" style=\"\"><ul class=\"nav nav-sm flex-column mt-1 mb-2 ps-1\"><li class=\"nav-item\"><a href=\"https:\/\/www.khas.edu.tr\/coursera-hakkinda\/\" class=\" my-0 py-0 nav-link\"><i class=\"bi bi-dash\"><\/i> Coursera Hakk\u0131nda<\/a><\/li><li class=\"nav-item\"><a href=\"https:\/\/www.khas.edu.tr\/coursera-sikca-sorulan-sorular\/\" class=\" my-0 py-0 nav-link\"><i class=\"bi bi-dash\"><\/i> Coursera\u00a0S\u0131k\u00e7a Sorulan Sorular<\/a><\/li><li class=\"nav-item\"><a href=\"https:\/\/www.khas.edu.tr\/coursera-sunum\/\" class=\" my-0 py-0 nav-link\"><i class=\"bi bi-dash\"><\/i> Coursera Sunum<\/a><\/li><\/ul><\/div><\/li><li class=\"nav-item my-0\"><a class=\"nav-link d-flex align-items-center rounded-pill collapsed\" href=\"#sidebar-menu-item-12903\" data-bs-toggle=\"collapse\" role=\"button\" aria-expanded=\"false\" aria-controls=\"sidebar-menu-item-12903\"><span class=\"fw-bold\">\u00c7ift Anadal \u2013 Yandal<\/span><i class=\"bi bi-chevron-down ms-auto dropdown-icon\"><\/i><\/a><div class=\"collapse\" id=\"sidebar-menu-item-12903\" style=\"\"><ul class=\"nav nav-sm flex-column mt-1 mb-2 ps-1\"><li class=\"nav-item\"><a href=\"https:\/\/www.khas.edu.tr\/basvuru\/\" class=\" my-0 py-0 nav-link\"><i class=\"bi bi-dash\"><\/i> Ba\u015fvuru<\/a><\/li><li class=\"nav-item\"><a href=\"https:\/\/www.khas.edu.tr\/cift-anadal-yandal\/\" class=\" my-0 py-0 nav-link\"><i class=\"bi bi-dash\"><\/i> \u00c7ap \u2013 Yandal Hakk\u0131nda<\/a><\/li><li class=\"nav-item\"><a href=\"https:\/\/www.khas.edu.tr\/cap-yandal-sikca-sorulan-sorular\/\" class=\" my-0 py-0 nav-link\"><i class=\"bi bi-dash\"><\/i> \u00c7ap \u2013 Yandal S\u0131k\u00e7a Sorulan Sorular<\/a><\/li><li class=\"nav-item\"><a href=\"https:\/\/www.khas.edu.tr\/cap-yandal-sunum\/\" class=\" my-0 py-0 nav-link\"><i class=\"bi bi-dash\"><\/i> \u00c7ap \u2013 Yandal Sunum<\/a><\/li><li class=\"nav-item\"><a href=\"https:\/\/www.khas.edu.tr\/iletisim-ve-program-koordinatorleri\/\" class=\" my-0 py-0 nav-link\"><i class=\"bi bi-dash\"><\/i> \u0130leti\u015fim ve Program Koordinat\u00f6rleri<\/a><\/li><li class=\"nav-item\"><a href=\"https:\/\/www.khas.edu.tr\/kontenjanlar\/\" class=\" my-0 py-0 nav-link\"><i class=\"bi bi-dash\"><\/i> Kontenjanlar<\/a><\/li><li class=\"nav-item\"><a href=\"https:\/\/www.khas.edu.tr\/muafiyet-islemleri\/\" class=\" my-0 py-0 nav-link\"><i class=\"bi bi-dash\"><\/i> Muafiyet \u0130\u015flemleri<\/a><\/li><li class=\"nav-item\"><a href=\"https:\/\/www.khas.edu.tr\/programlar-ve-mufredatlar\/\" class=\" my-0 py-0 nav-link\"><i class=\"bi bi-dash\"><\/i> Programlar ve M\u00fcfredatlar<\/a><\/li><\/ul><\/div><\/li><li class=\"nav-item my-0\"><a class=\"nav-link d-flex align-items-center rounded-pill \" href=\"https:\/\/www.khas.edu.tr\/ogrenci-isleri-direktorlugu\/ders-kayit\/\" ><span class=\"fw-bold\">Ders Kay\u0131t<\/span><\/a><\/li><li class=\"nav-item my-0\"><a class=\"nav-link d-flex align-items-center rounded-pill \" href=\"https:\/\/www.khas.edu.tr\/dersten-cekilme\/\" ><span class=\"fw-bold\">Dersten \u00c7ekilme<\/span><\/a><\/li><li class=\"nav-item my-0\"><a class=\"nav-link d-flex align-items-center rounded-pill \" href=\"https:\/\/www.khas.edu.tr\/wp-content\/uploads\/2026\/02\/Disiplin-Surecleri-1.pdf\" ><span class=\"fw-bold\">Disiplin S\u00fcre\u00e7leri<\/span><\/a><\/li><li class=\"nav-item my-0\"><a class=\"nav-link d-flex align-items-center rounded-pill \" href=\"https:\/\/www.khas.edu.tr\/ogrenci-isleri-direktorlugu-iletisim\/\" ><span class=\"fw-bold\">Ekibimiz<\/span><\/a><\/li><li class=\"nav-item my-0\"><a class=\"nav-link d-flex align-items-center rounded-pill collapsed\" href=\"#sidebar-menu-item-14330\" data-bs-toggle=\"collapse\" role=\"button\" aria-expanded=\"false\" aria-controls=\"sidebar-menu-item-14330\"><span class=\"fw-bold\">Erasmus \u2013 Exchange<\/span><i class=\"bi bi-chevron-down ms-auto dropdown-icon\"><\/i><\/a><div class=\"collapse\" id=\"sidebar-menu-item-14330\" style=\"\"><ul class=\"nav nav-sm flex-column mt-1 mb-2 ps-1\"><li class=\"nav-item\"><a href=\"https:\/\/www.khas.edu.tr\/gelen-ogrenci-surecleri\/\" class=\" my-0 py-0 nav-link\"><i class=\"bi bi-dash\"><\/i> Gelen \u00d6\u011frenci S\u00fcre\u00e7leri<\/a><\/li><li class=\"nav-item\"><a href=\"https:\/\/www.khas.edu.tr\/gelen-ogrenci-sunumu\/\" class=\" my-0 py-0 nav-link\"><i class=\"bi bi-dash\"><\/i> Gelen \u00d6\u011frenci Sunumu<\/a><\/li><li class=\"nav-item\"><a href=\"https:\/\/www.khas.edu.tr\/giden-ogrenci-surecleri\/\" class=\" my-0 py-0 nav-link\"><i class=\"bi bi-dash\"><\/i> Giden \u00d6\u011frenci S\u00fcre\u00e7leri<\/a><\/li><\/ul><\/div><\/li><li class=\"nav-item my-0\"><a class=\"nav-link d-flex align-items-center rounded-pill \" href=\"https:\/\/www.khas.edu.tr\/intibak-ders-listesi\/\" ><span class=\"fw-bold\">\u0130ntibak Ders Listesi<\/span><\/a><\/li><li class=\"nav-item my-0\"><a class=\"nav-link d-flex align-items-center rounded-pill \" href=\"https:\/\/www.khas.edu.tr\/kayit-dondurma\/\" ><span class=\"fw-bold\">Kay\u0131t Dondurma<\/span><\/a><\/li><li class=\"nav-item my-0\"><a class=\"nav-link d-flex align-items-center rounded-pill collapsed\" href=\"#sidebar-menu-item-38452\" data-bs-toggle=\"collapse\" role=\"button\" aria-expanded=\"false\" aria-controls=\"sidebar-menu-item-38452\"><span class=\"fw-bold\">Kay\u0131t \u0130\u015flemleri<\/span><i class=\"bi bi-chevron-down ms-auto dropdown-icon\"><\/i><\/a><div class=\"collapse\" id=\"sidebar-menu-item-38452\" style=\"\"><ul class=\"nav nav-sm flex-column mt-1 mb-2 ps-1\"><li class=\"nav-item\"><a href=\"https:\/\/www.khas.edu.tr\/yks-kayit\/\" class=\" my-0 py-0 nav-link\"><i class=\"bi bi-dash\"><\/i> YKS Kay\u0131t<\/a><\/li><li class=\"nav-item\"><a href=\"https:\/\/www.khas.edu.tr\/ozel-yetenek-kayit\/\" class=\" my-0 py-0 nav-link\"><i class=\"bi bi-dash\"><\/i> \u00d6zel Yetenek Kay\u0131t<\/a><\/li><li class=\"nav-item\"><a href=\"https:\/\/www.khas.edu.tr\/uluslararasi-ogrenci-kayit\/\" class=\" my-0 py-0 nav-link\"><i class=\"bi bi-dash\"><\/i> Uluslararas\u0131 \u00d6\u011frenci Kay\u0131t<\/a><\/li><\/ul><\/div><\/li><li class=\"nav-item my-0\"><a class=\"nav-link d-flex align-items-center rounded-pill \" href=\"https:\/\/www.khas.edu.tr\/kayit-yenileme\/\" ><span class=\"fw-bold\">Kay\u0131t Yenileme<\/span><\/a><\/li><li class=\"nav-item my-0\"><a class=\"nav-link d-flex align-items-center rounded-pill \" href=\"https:\/\/www.khas.edu.tr\/mezuniyet-sureci\/\" ><span class=\"fw-bold\">Mezuniyet S\u00fcreci<\/span><\/a><\/li><li class=\"nav-item my-0\"><a class=\"nav-link d-flex align-items-center rounded-pill \" href=\"https:\/\/www.khas.edu.tr\/online-islemler-ve-basvuru-formlari\/\" ><span class=\"fw-bold\">Online \u0130\u015flemler ve Ba\u015fvuru Formlar\u0131<\/span><\/a><\/li><li class=\"nav-item my-0\"><a class=\"nav-link d-flex align-items-center rounded-pill \" href=\"https:\/\/www.khas.edu.tr\/ozel-ogrenci\/\" ><span class=\"fw-bold\">\u00d6zel \u00d6\u011frenci<\/span><\/a><\/li><li class=\"nav-item my-0\"><a class=\"nav-link d-flex align-items-center rounded-pill \" href=\"https:\/\/www.khas.edu.tr\/sikca-sorulan-sorular\/\" ><span class=\"fw-bold\">S\u0131k\u00e7a Sorulan Sorular<\/span><\/a><\/li><li class=\"nav-item my-0\"><a class=\"nav-link d-flex align-items-center rounded-pill \" href=\"https:\/\/www.khas.edu.tr\/wp-content\/uploads\/2024\/12\/Tek-Ders-ve-Not-Yukseltme-Infografi.pdf\" ><span class=\"fw-bold\">Tek Ders ve Not Y\u00fckseltme S\u0131navlar\u0131<\/span><\/a><\/li><li class=\"nav-item my-0\"><a class=\"nav-link d-flex align-items-center rounded-pill \" href=\"https:\/\/www.khas.edu.tr\/yardim-dokumanlari\/\" ><span class=\"fw-bold\">Yard\u0131m Dok\u00fcmanlar\u0131<\/span><\/a><\/li><li class=\"nav-item my-0\"><a class=\"nav-link d-flex align-items-center rounded-pill \" href=\"https:\/\/www.khas.edu.tr\/yatay-gecis\/\" ><span class=\"fw-bold\">Yatay Ge\u00e7i\u015f<\/span><\/a><\/li><li class=\"nav-item my-0\"><a class=\"nav-link d-flex align-items-center rounded-pill \" href=\"https:\/\/www.khas.edu.tr\/yaz-ogretimi\/\" ><span class=\"fw-bold\">Yaz \u00d6\u011fretimi<\/span><\/a><\/li><li class=\"nav-item my-0\"><a class=\"nav-link d-flex align-items-center rounded-pill \" href=\"https:\/\/www.khas.edu.tr\/yonetmelikler-ve-yonergeler\/\" ><span class=\"fw-bold\">Y\u00f6netmelikler ve Y\u00f6nergeler<\/span><\/a><\/li><\/ul>\n<\/div>\n\t\t\t\t\t\t<\/div>\n\t\t\t\t<\/div>\n\t\t\t\t<\/div>\n\t\t\t\t\t<\/div>\n\t\t\t\t<\/div>\n\t\t\t\t<\/div>\n\t\t","protected":false},"excerpt":{"rendered":"<p>2025-2026 ACADEMIC YEAR SPRING SEMESTER DOUBLE MAJOR QUOTAS FACULTY DEPARTMENT QUOTA Faculty of Law Law* 12 Faculty of Economics, Administrative and Social Sciences Economics 5 Business 0 Psychology 13 Political Science and International Relations 4 International Trade and Finance 3 Management Information Systems 0 \u00a0 \u00a0 Faculty of Communication Visual Communication Design 1 Public Relations [&hellip;]<\/p>\n","protected":false},"author":2,"featured_media":0,"parent":0,"menu_order":0,"comment_status":"closed","ping_status":"closed","template":"","meta":{"slim_seo":{"title":"Quotas - Kadir Has University","description":"2025-2026 ACADEMIC YEAR SPRING SEMESTER DOUBLE MAJOR QUOTAS FACULTY DEPARTMENT QUOTA Faculty of Law Law* 12 Faculty of Economics, Administrative and Social Scie"},"footnotes":""},"birimler":[38],"class_list":["post-4699","page","type-page","status-publish","hentry","birimler-khas-homepage"],"_links":{"self":[{"href":"https:\/\/www.khas.edu.tr\/en\/wp-json\/wp\/v2\/pages\/4699","targetHints":{"allow":["GET"]}}],"collection":[{"href":"https:\/\/www.khas.edu.tr\/en\/wp-json\/wp\/v2\/pages"}],"about":[{"href":"https:\/\/www.khas.edu.tr\/en\/wp-json\/wp\/v2\/types\/page"}],"author":[{"embeddable":true,"href":"https:\/\/www.khas.edu.tr\/en\/wp-json\/wp\/v2\/users\/2"}],"replies":[{"embeddable":true,"href":"https:\/\/www.khas.edu.tr\/en\/wp-json\/wp\/v2\/comments?post=4699"}],"version-history":[{"count":43,"href":"https:\/\/www.khas.edu.tr\/en\/wp-json\/wp\/v2\/pages\/4699\/revisions"}],"predecessor-version":[{"id":35104,"href":"https:\/\/www.khas.edu.tr\/en\/wp-json\/wp\/v2\/pages\/4699\/revisions\/35104"}],"wp:attachment":[{"href":"https:\/\/www.khas.edu.tr\/en\/wp-json\/wp\/v2\/media?parent=4699"}],"wp:term":[{"taxonomy":"birimler","embeddable":true,"href":"https:\/\/www.khas.edu.tr\/en\/wp-json\/wp\/v2\/birimler?post=4699"}],"curies":[{"name":"wp","href":"https:\/\/api.w.org\/{rel}","templated":true}]}}