{"id":39593,"date":"2026-04-17T10:39:34","date_gmt":"2026-04-17T07:39:34","guid":{"rendered":"https:\/\/www.khas.edu.tr\/?page_id=39593"},"modified":"2026-04-17T10:46:46","modified_gmt":"2026-04-17T07:46:46","slug":"iacc-lab-center-for-innovative-and-advanced-computing","status":"publish","type":"page","link":"https:\/\/www.khas.edu.tr\/en\/iacc-lab-center-for-innovative-and-advanced-computing\/","title":{"rendered":"IACC Lab (Center for Innovative and Advanced Computing)"},"content":{"rendered":"\t\t<div data-elementor-type=\"wp-page\" data-elementor-id=\"39593\" class=\"elementor elementor-39593 elementor-39581\">\n\t\t\t\t<div class=\"elementor-element elementor-element-ae0b0a3 e-flex e-con-boxed e-con e-parent\" data-id=\"ae0b0a3\" data-element_type=\"container\" data-e-type=\"container\">\n\t\t\t\t\t<div class=\"e-con-inner\">\n\t\t<div class=\"elementor-element elementor-element-57ae5ac e-con-full e-flex e-con e-child\" data-id=\"57ae5ac\" data-element_type=\"container\" data-e-type=\"container\">\n\t\t\t\t<div class=\"elementor-element elementor-element-f9f6e42 elementor-widget elementor-widget-heading\" data-id=\"f9f6e42\" data-element_type=\"widget\" data-e-type=\"widget\" data-widget_type=\"heading.default\">\n\t\t\t\t<div class=\"elementor-widget-container\">\n\t\t\t\t\t<h3 class=\"elementor-heading-title elementor-size-default\">Coordinator<\/h3>\t\t\t\t<\/div>\n\t\t\t\t<\/div>\n\t\t\t\t<div class=\"elementor-element elementor-element-ecef756 elementor-widget-divider--view-line elementor-widget elementor-widget-divider\" data-id=\"ecef756\" data-element_type=\"widget\" data-e-type=\"widget\" data-widget_type=\"divider.default\">\n\t\t\t\t<div class=\"elementor-widget-container\">\n\t\t\t\t\t\t\t<div class=\"elementor-divider\">\n\t\t\t<span class=\"elementor-divider-separator\">\n\t\t\t\t\t\t<\/span>\n\t\t<\/div>\n\t\t\t\t\t\t<\/div>\n\t\t\t\t<\/div>\n\t\t\t\t<div class=\"elementor-element elementor-element-f974ee0 elementor-widget elementor-widget-text-editor\" data-id=\"f974ee0\" data-element_type=\"widget\" data-e-type=\"widget\" data-widget_type=\"text-editor.default\">\n\t\t\t\t<div class=\"elementor-widget-container\">\n\t\t\t\t\t\t\t\t\t<p data-start=\"49\" data-end=\"98\">Prof. Dr. Nima Jafari Navimipour<\/p>\t\t\t\t\t\t\t\t<\/div>\n\t\t\t\t<\/div>\n\t\t\t\t<div class=\"elementor-element elementor-element-e2307fb elementor-widget elementor-widget-heading\" data-id=\"e2307fb\" data-element_type=\"widget\" data-e-type=\"widget\" data-widget_type=\"heading.default\">\n\t\t\t\t<div class=\"elementor-widget-container\">\n\t\t\t\t\t<h3 class=\"elementor-heading-title elementor-size-default\">Project Team<\/h3>\t\t\t\t<\/div>\n\t\t\t\t<\/div>\n\t\t\t\t<div class=\"elementor-element elementor-element-e717480 elementor-widget-divider--view-line elementor-widget elementor-widget-divider\" data-id=\"e717480\" data-element_type=\"widget\" data-e-type=\"widget\" data-widget_type=\"divider.default\">\n\t\t\t\t<div class=\"elementor-widget-container\">\n\t\t\t\t\t\t\t<div class=\"elementor-divider\">\n\t\t\t<span class=\"elementor-divider-separator\">\n\t\t\t\t\t\t<\/span>\n\t\t<\/div>\n\t\t\t\t\t\t<\/div>\n\t\t\t\t<\/div>\n\t\t\t\t<div class=\"elementor-element elementor-element-bbf53ee elementor-widget elementor-widget-text-editor\" data-id=\"bbf53ee\" data-element_type=\"widget\" data-e-type=\"widget\" data-widget_type=\"text-editor.default\">\n\t\t\t\t<div class=\"elementor-widget-container\">\n\t\t\t\t\t\t\t\t\t<ul><li><p data-start=\"109\" data-end=\"181\">Doktora Adaylar\u0131:<\/p><\/li><li><p data-start=\"109\" data-end=\"181\">Maryam Zaker<\/p><\/li><li><p data-start=\"109\" data-end=\"181\">Huseyn Salahov<\/p><\/li><li><p data-start=\"109\" data-end=\"181\">Parviz Pourmahmoud<\/p><p data-start=\"183\" data-end=\"267\"><strong>Master&#8217;s Students:<\/strong><\/p><\/li><li><p data-start=\"183\" data-end=\"267\">Hossam Hesham Moustafa Allam Rafaie<br data-start=\"247\" data-end=\"250\" \/>Mostafa Afzalan<\/p><p data-start=\"269\" data-end=\"359\"><strong>Undergraduate Students:<\/strong><\/p><\/li><li><p data-start=\"269\" data-end=\"359\">Hasti Jabbari<\/p><\/li><li><p data-start=\"269\" data-end=\"359\">Nezihat K\u0131l\u0131\u00e7<\/p><\/li><li><p data-start=\"269\" data-end=\"359\">May Baker<\/p><\/li><li><p data-start=\"269\" data-end=\"359\">Afagh Izadi Dakhrabadi<\/p><\/li><\/ul>\t\t\t\t\t\t\t\t<\/div>\n\t\t\t\t<\/div>\n\t\t\t\t<div class=\"elementor-element elementor-element-5496fd0 elementor-widget elementor-widget-heading\" data-id=\"5496fd0\" data-element_type=\"widget\" data-e-type=\"widget\" data-widget_type=\"heading.default\">\n\t\t\t\t<div class=\"elementor-widget-container\">\n\t\t\t\t\t<h3 class=\"elementor-heading-title elementor-size-default\">Research Topic <\/h3>\t\t\t\t<\/div>\n\t\t\t\t<\/div>\n\t\t\t\t<div class=\"elementor-element elementor-element-5459837 elementor-widget-divider--view-line elementor-widget elementor-widget-divider\" data-id=\"5459837\" data-element_type=\"widget\" data-e-type=\"widget\" data-widget_type=\"divider.default\">\n\t\t\t\t<div class=\"elementor-widget-container\">\n\t\t\t\t\t\t\t<div class=\"elementor-divider\">\n\t\t\t<span class=\"elementor-divider-separator\">\n\t\t\t\t\t\t<\/span>\n\t\t<\/div>\n\t\t\t\t\t\t<\/div>\n\t\t\t\t<\/div>\n\t\t\t\t<div class=\"elementor-element elementor-element-f2c96b4 elementor-widget elementor-widget-text-editor\" data-id=\"f2c96b4\" data-element_type=\"widget\" data-e-type=\"widget\" data-widget_type=\"text-editor.default\">\n\t\t\t\t<div class=\"elementor-widget-container\">\n\t\t\t\t\t\t\t\t\t<p>The IACC Lab is an interdisciplinary research laboratory dedicated to advancing knowledge creation and innovation in modern information systems. Under the coordination of Prof. Dr. Nima Jafari Navimipour, the lab brings together researchers from various academic levels to address both fundamental and applied problems in emerging fields of computer science and engineering. The team\u2019s research primarily focuses on the following areas:<\/p><p>Artificial Intelligence, Machine Learning, and Deep Learning<br \/>Explainable and Trustworthy Artificial Intelligence<br \/>Internet of Things (IoT) and Smart City Technologies<br \/>Quantum Computing and Quantum Technologies<br \/>Advanced Computing Systems and Next-Generation Digital Technologies<\/p>\t\t\t\t\t\t\t\t<\/div>\n\t\t\t\t<\/div>\n\t\t\t\t<div class=\"elementor-element elementor-element-dba9127 elementor-widget-divider--view-line elementor-widget elementor-widget-divider\" data-id=\"dba9127\" data-element_type=\"widget\" data-e-type=\"widget\" data-widget_type=\"divider.default\">\n\t\t\t\t<div class=\"elementor-widget-container\">\n\t\t\t\t\t\t\t<div class=\"elementor-divider\">\n\t\t\t<span class=\"elementor-divider-separator\">\n\t\t\t\t\t\t<\/span>\n\t\t<\/div>\n\t\t\t\t\t\t<\/div>\n\t\t\t\t<\/div>\n\t\t\t\t<\/div>\n\t\t\t\t\t<\/div>\n\t\t\t\t<\/div>\n\t\t\t\t<\/div>\n\t\t","protected":false},"excerpt":{"rendered":"<p>Coordinator Prof. Dr. Nima Jafari Navimipour Project Team Doktora Adaylar\u0131: Maryam Zaker Huseyn Salahov Parviz Pourmahmoud Master&#8217;s Students: Hossam Hesham Moustafa Allam RafaieMostafa Afzalan Undergraduate Students: Hasti Jabbari Nezihat K\u0131l\u0131\u00e7 May Baker Afagh Izadi Dakhrabadi Research Topic The IACC Lab is an interdisciplinary research laboratory dedicated to advancing knowledge creation and innovation in modern information [&hellip;]<\/p>\n","protected":false},"author":2,"featured_media":0,"parent":0,"menu_order":0,"comment_status":"closed","ping_status":"closed","template":"","meta":{"slim_seo":{"title":"IACC Lab (Center for Innovative and Advanced Computing) - Kadir Has University","description":"Coordinator Prof. Dr. Nima Jafari Navimipour Project Team Doktora Adaylar\u0131: Maryam Zaker Huseyn Salahov Parviz Pourmahmoud Master's Students: Hossam Hesham Mous"},"footnotes":""},"birimler":[73],"class_list":["post-39593","page","type-page","status-publish","hentry","birimler-cpe"],"_links":{"self":[{"href":"https:\/\/www.khas.edu.tr\/en\/wp-json\/wp\/v2\/pages\/39593","targetHints":{"allow":["GET"]}}],"collection":[{"href":"https:\/\/www.khas.edu.tr\/en\/wp-json\/wp\/v2\/pages"}],"about":[{"href":"https:\/\/www.khas.edu.tr\/en\/wp-json\/wp\/v2\/types\/page"}],"author":[{"embeddable":true,"href":"https:\/\/www.khas.edu.tr\/en\/wp-json\/wp\/v2\/users\/2"}],"replies":[{"embeddable":true,"href":"https:\/\/www.khas.edu.tr\/en\/wp-json\/wp\/v2\/comments?post=39593"}],"version-history":[{"count":4,"href":"https:\/\/www.khas.edu.tr\/en\/wp-json\/wp\/v2\/pages\/39593\/revisions"}],"predecessor-version":[{"id":39597,"href":"https:\/\/www.khas.edu.tr\/en\/wp-json\/wp\/v2\/pages\/39593\/revisions\/39597"}],"wp:attachment":[{"href":"https:\/\/www.khas.edu.tr\/en\/wp-json\/wp\/v2\/media?parent=39593"}],"wp:term":[{"taxonomy":"birimler","embeddable":true,"href":"https:\/\/www.khas.edu.tr\/en\/wp-json\/wp\/v2\/birimler?post=39593"}],"curies":[{"name":"wp","href":"https:\/\/api.w.org\/{rel}","templated":true}]}}