{"id":39513,"date":"2026-04-14T12:48:42","date_gmt":"2026-04-14T09:48:42","guid":{"rendered":"https:\/\/www.khas.edu.tr\/?page_id=39513"},"modified":"2026-04-14T12:57:30","modified_gmt":"2026-04-14T09:57:30","slug":"quantum-oriented-optimization-qoop","status":"publish","type":"page","link":"https:\/\/www.khas.edu.tr\/en\/quantum-oriented-optimization-qoop\/","title":{"rendered":"Quantum Oriented Optimization (QOOP)"},"content":{"rendered":"\t\t<div data-elementor-type=\"wp-page\" data-elementor-id=\"39513\" class=\"elementor elementor-39513\">\n\t\t\t\t<div class=\"elementor-element elementor-element-a1b4aaf e-flex e-con-boxed e-con e-parent\" data-id=\"a1b4aaf\" data-element_type=\"container\" data-e-type=\"container\">\n\t\t\t\t\t<div class=\"e-con-inner\">\n\t\t<div class=\"elementor-element elementor-element-6c205c2 e-con-full e-flex e-con e-child\" data-id=\"6c205c2\" data-element_type=\"container\" data-e-type=\"container\">\n\t\t\t\t<div class=\"elementor-element elementor-element-e758562 elementor-widget elementor-widget-heading\" data-id=\"e758562\" data-element_type=\"widget\" data-e-type=\"widget\" data-widget_type=\"heading.default\">\n\t\t\t\t<div class=\"elementor-widget-container\">\n\t\t\t\t\t<h3 class=\"elementor-heading-title elementor-size-default\">Coordinator<\/h3>\t\t\t\t<\/div>\n\t\t\t\t<\/div>\n\t\t\t\t<div class=\"elementor-element elementor-element-b1b82b6 elementor-widget-divider--view-line elementor-widget elementor-widget-divider\" data-id=\"b1b82b6\" data-element_type=\"widget\" data-e-type=\"widget\" data-widget_type=\"divider.default\">\n\t\t\t\t<div class=\"elementor-widget-container\">\n\t\t\t\t\t\t\t<div class=\"elementor-divider\">\n\t\t\t<span class=\"elementor-divider-separator\">\n\t\t\t\t\t\t<\/span>\n\t\t<\/div>\n\t\t\t\t\t\t<\/div>\n\t\t\t\t<\/div>\n\t\t\t\t<div class=\"elementor-element elementor-element-9e64806 elementor-widget elementor-widget-text-editor\" data-id=\"9e64806\" data-element_type=\"widget\" data-e-type=\"widget\" data-widget_type=\"text-editor.default\">\n\t\t\t\t<div class=\"elementor-widget-container\">\n\t\t\t\t\t\t\t\t\t<p data-start=\"490\" data-end=\"547\">Do\u00e7. Dr. \u00d6zkan Karabacak<\/p><h3 data-start=\"742\" data-end=\"788\">\u00a0<\/h3>\t\t\t\t\t\t\t\t<\/div>\n\t\t\t\t<\/div>\n\t\t\t\t<div class=\"elementor-element elementor-element-edb02e0 elementor-widget elementor-widget-heading\" data-id=\"edb02e0\" data-element_type=\"widget\" data-e-type=\"widget\" data-widget_type=\"heading.default\">\n\t\t\t\t<div class=\"elementor-widget-container\">\n\t\t\t\t\t<h3 class=\"elementor-heading-title elementor-size-default\">Project Team<\/h3>\t\t\t\t<\/div>\n\t\t\t\t<\/div>\n\t\t\t\t<div class=\"elementor-element elementor-element-670df53 elementor-widget-divider--view-line elementor-widget elementor-widget-divider\" data-id=\"670df53\" data-element_type=\"widget\" data-e-type=\"widget\" data-widget_type=\"divider.default\">\n\t\t\t\t<div class=\"elementor-widget-container\">\n\t\t\t\t\t\t\t<div class=\"elementor-divider\">\n\t\t\t<span class=\"elementor-divider-separator\">\n\t\t\t\t\t\t<\/span>\n\t\t<\/div>\n\t\t\t\t\t\t<\/div>\n\t\t\t\t<\/div>\n\t\t\t\t<div class=\"elementor-element elementor-element-703cb60 elementor-widget elementor-widget-text-editor\" data-id=\"703cb60\" data-element_type=\"widget\" data-e-type=\"widget\" data-widget_type=\"text-editor.default\">\n\t\t\t\t<div class=\"elementor-widget-container\">\n\t\t\t\t\t\t\t\t\t<ul><li data-start=\"583\" data-end=\"614\">Assist. Prof. Mahmut Kudeyt<\/li><li data-start=\"615\" data-end=\"644\">Assist. Prof. \u00d6znur Ya\u015far<\/li><li data-start=\"645\" data-end=\"669\">Dr. Swapnil Tripathi<\/li><li data-start=\"670\" data-end=\"702\">Dr. Nafiseh Hematpour Barani<\/li><li data-start=\"703\" data-end=\"719\">Tayyip Topuz<\/li><li data-start=\"720\" data-end=\"735\">Selim \u015eahin<\/li><\/ul>\t\t\t\t\t\t\t\t<\/div>\n\t\t\t\t<\/div>\n\t\t\t\t<div class=\"elementor-element elementor-element-acaf64b elementor-widget elementor-widget-heading\" data-id=\"acaf64b\" data-element_type=\"widget\" data-e-type=\"widget\" data-widget_type=\"heading.default\">\n\t\t\t\t<div class=\"elementor-widget-container\">\n\t\t\t\t\t<h3 class=\"elementor-heading-title elementor-size-default\">Area of Research<\/h3>\t\t\t\t<\/div>\n\t\t\t\t<\/div>\n\t\t\t\t<div class=\"elementor-element elementor-element-f905f39 elementor-widget-divider--view-line elementor-widget elementor-widget-divider\" data-id=\"f905f39\" data-element_type=\"widget\" data-e-type=\"widget\" data-widget_type=\"divider.default\">\n\t\t\t\t<div class=\"elementor-widget-container\">\n\t\t\t\t\t\t\t<div class=\"elementor-divider\">\n\t\t\t<span class=\"elementor-divider-separator\">\n\t\t\t\t\t\t<\/span>\n\t\t<\/div>\n\t\t\t\t\t\t<\/div>\n\t\t\t\t<\/div>\n\t\t\t\t<div class=\"elementor-element elementor-element-71759dd elementor-widget elementor-widget-text-editor\" data-id=\"71759dd\" data-element_type=\"widget\" data-e-type=\"widget\" data-widget_type=\"text-editor.default\">\n\t\t\t\t<div class=\"elementor-widget-container\">\n\t\t\t\t\t\t\t\t\t<p data-start=\"790\" data-end=\"1164\"><strong data-start=\"790\" data-end=\"815\">Kuantum Optimizasyonu<\/strong><br data-start=\"815\" data-end=\"818\" \/>Kuantum optimizasyonu, hesaplama a\u00e7\u0131s\u0131ndan zor optimizasyon problemlerini \u00e7\u00f6zmek i\u00e7in kuantum algoritmalar\u0131n\u0131n kullan\u0131lmas\u0131n\u0131 ifade eder. Quantum Approximate Optimization Algorithm (QAOA), Quantum Annealing ve Variational Quantum Eigensolver (VQE) gibi teknikler; lojistik, makine \u00f6\u011frenmesi ve finans gibi alanlarda yayg\u0131n olarak \u00e7al\u0131\u015f\u0131lmaktad\u0131r.<\/p><p data-start=\"1166\" data-end=\"1357\">Ara\u015ft\u0131rmalar\u0131m\u0131z, hibrit kuantum-klasik optimizasyon yakla\u015f\u0131mlar\u0131na odaklanarak tedarik zinciri y\u00f6netimi ve portf\u00f6y optimizasyonu gibi ger\u00e7ek d\u00fcnya uygulamalar\u0131n\u0131 geli\u015ftirmeyi ama\u00e7lamaktad\u0131r.<\/p><p data-start=\"1359\" data-end=\"1651\"><strong data-start=\"1359\" data-end=\"1379\">Kuantum Kontrol\u00fc<\/strong><br data-start=\"1379\" data-end=\"1382\" \/>Kuantum kontrol\u00fc, kuantum sistemlerinin davran\u0131\u015flar\u0131n\u0131 optimize etmek amac\u0131yla hassas bir \u015fekilde y\u00f6netilmesini hedefler. Bu kapsamda geri beslemeli kuantum kontrol, optimal kontrol teorisi ve \u00f6l\u00e7\u00fcm tabanl\u0131 kuantum hesaplama (MBQC) gibi konular \u00fczerine \u00e7al\u0131\u015f\u0131lmaktad\u0131r.<\/p><p data-start=\"1653\" data-end=\"1799\">Bu teknikler sayesinde kuantum kap\u0131 do\u011frulu\u011funu art\u0131rmak, hatalar\u0131 azaltmak ve daha verimli kuantum hesaplamalar\u0131 ger\u00e7ekle\u015ftirmek ama\u00e7lanmaktad\u0131r.<\/p><p data-start=\"1806\" data-end=\"1908\">Ara\u015ft\u0131rma grubu web sayfas\u0131:\u00a0<strong data-start=\"1880\" data-end=\"1908\"><a class=\"decorated-link\" href=\"https:\/\/qoop.khas.edu.tr\/\" target=\"_new\" rel=\"noopener\" data-start=\"1882\" data-end=\"1906\">https:\/\/qoop.khas.edu.tr<\/a><\/strong><\/p>\t\t\t\t\t\t\t\t<\/div>\n\t\t\t\t<\/div>\n\t\t\t\t<div class=\"elementor-element elementor-element-e09dd4e elementor-widget-divider--view-line elementor-widget elementor-widget-divider\" data-id=\"e09dd4e\" data-element_type=\"widget\" data-e-type=\"widget\" data-widget_type=\"divider.default\">\n\t\t\t\t<div class=\"elementor-widget-container\">\n\t\t\t\t\t\t\t<div class=\"elementor-divider\">\n\t\t\t<span class=\"elementor-divider-separator\">\n\t\t\t\t\t\t<\/span>\n\t\t<\/div>\n\t\t\t\t\t\t<\/div>\n\t\t\t\t<\/div>\n\t\t\t\t<\/div>\n\t\t\t\t\t<\/div>\n\t\t\t\t<\/div>\n\t\t\t\t<\/div>\n\t\t","protected":false},"excerpt":{"rendered":"<p>Coordinator Do\u00e7. Dr. \u00d6zkan Karabacak \u00a0 Project Team Assist. Prof. Mahmut Kudeyt Assist. Prof. \u00d6znur Ya\u015far Dr. Swapnil Tripathi Dr. Nafiseh Hematpour Barani Tayyip Topuz Selim \u015eahin Area of Research Kuantum OptimizasyonuKuantum optimizasyonu, hesaplama a\u00e7\u0131s\u0131ndan zor optimizasyon problemlerini \u00e7\u00f6zmek i\u00e7in kuantum algoritmalar\u0131n\u0131n kullan\u0131lmas\u0131n\u0131 ifade eder. Quantum Approximate Optimization Algorithm (QAOA), Quantum Annealing ve Variational Quantum [&hellip;]<\/p>\n","protected":false},"author":2,"featured_media":0,"parent":0,"menu_order":0,"comment_status":"closed","ping_status":"closed","template":"","meta":{"slim_seo":{"title":"Quantum Oriented Optimization (QOOP) - Kadir Has University","description":"Coordinator Do\u00e7. Dr. \u00d6zkan Karabacak \u00a0 Project Team Assist. Prof. Mahmut Kudeyt Assist. Prof. \u00d6znur Ya\u015far Dr. Swapnil Tripathi Dr. Nafiseh Hematpour Barani Tayy"},"footnotes":""},"birimler":[51,73],"class_list":["post-39513","page","type-page","status-publish","hentry","birimler-bm","birimler-cpe"],"_links":{"self":[{"href":"https:\/\/www.khas.edu.tr\/en\/wp-json\/wp\/v2\/pages\/39513","targetHints":{"allow":["GET"]}}],"collection":[{"href":"https:\/\/www.khas.edu.tr\/en\/wp-json\/wp\/v2\/pages"}],"about":[{"href":"https:\/\/www.khas.edu.tr\/en\/wp-json\/wp\/v2\/types\/page"}],"author":[{"embeddable":true,"href":"https:\/\/www.khas.edu.tr\/en\/wp-json\/wp\/v2\/users\/2"}],"replies":[{"embeddable":true,"href":"https:\/\/www.khas.edu.tr\/en\/wp-json\/wp\/v2\/comments?post=39513"}],"version-history":[{"count":4,"href":"https:\/\/www.khas.edu.tr\/en\/wp-json\/wp\/v2\/pages\/39513\/revisions"}],"predecessor-version":[{"id":39528,"href":"https:\/\/www.khas.edu.tr\/en\/wp-json\/wp\/v2\/pages\/39513\/revisions\/39528"}],"wp:attachment":[{"href":"https:\/\/www.khas.edu.tr\/en\/wp-json\/wp\/v2\/media?parent=39513"}],"wp:term":[{"taxonomy":"birimler","embeddable":true,"href":"https:\/\/www.khas.edu.tr\/en\/wp-json\/wp\/v2\/birimler?post=39513"}],"curies":[{"name":"wp","href":"https:\/\/api.w.org\/{rel}","templated":true}]}}