{"id":39092,"date":"2026-04-07T16:13:04","date_gmt":"2026-04-07T13:13:04","guid":{"rendered":"https:\/\/www.khas.edu.tr\/?page_id=39092"},"modified":"2026-04-07T16:21:25","modified_gmt":"2026-04-07T13:21:25","slug":"evo-lab-research-group","status":"publish","type":"page","link":"https:\/\/www.khas.edu.tr\/en\/evo-lab-research-group\/","title":{"rendered":"EVO Lab Research Group"},"content":{"rendered":"\t\t<div data-elementor-type=\"wp-page\" data-elementor-id=\"39092\" class=\"elementor elementor-39092 elementor-39078\">\n\t\t\t\t<div class=\"elementor-element elementor-element-6d08ecf e-flex e-con-boxed e-con e-parent\" data-id=\"6d08ecf\" data-element_type=\"container\" data-e-type=\"container\">\n\t\t\t\t\t<div class=\"e-con-inner\">\n\t\t<div class=\"elementor-element elementor-element-11ce561 e-con-full e-flex e-con e-child\" data-id=\"11ce561\" data-element_type=\"container\" data-e-type=\"container\">\n\t\t\t\t<div class=\"elementor-element elementor-element-ee878d3 elementor-widget elementor-widget-heading\" data-id=\"ee878d3\" data-element_type=\"widget\" data-e-type=\"widget\" data-widget_type=\"heading.default\">\n\t\t\t\t<div class=\"elementor-widget-container\">\n\t\t\t\t\t<h3 class=\"elementor-heading-title elementor-size-default\">Coordinator\n<\/h3>\t\t\t\t<\/div>\n\t\t\t\t<\/div>\n\t\t\t\t<div class=\"elementor-element elementor-element-b8a438c elementor-widget-divider--view-line elementor-widget elementor-widget-divider\" data-id=\"b8a438c\" data-element_type=\"widget\" data-e-type=\"widget\" data-widget_type=\"divider.default\">\n\t\t\t\t<div class=\"elementor-widget-container\">\n\t\t\t\t\t\t\t<div class=\"elementor-divider\">\n\t\t\t<span class=\"elementor-divider-separator\">\n\t\t\t\t\t\t<\/span>\n\t\t<\/div>\n\t\t\t\t\t\t<\/div>\n\t\t\t\t<\/div>\n\t\t\t\t<div class=\"elementor-element elementor-element-212cda7 elementor-widget elementor-widget-text-editor\" data-id=\"212cda7\" data-element_type=\"widget\" data-e-type=\"widget\" data-widget_type=\"text-editor.default\">\n\t\t\t\t<div class=\"elementor-widget-container\">\n\t\t\t\t\t\t\t\t\t<p data-start=\"129\" data-end=\"182\">Dr. \u00d6\u011fr. \u00dcyesi Fabio Stroppa<\/p>\t\t\t\t\t\t\t\t<\/div>\n\t\t\t\t<\/div>\n\t\t\t\t<div class=\"elementor-element elementor-element-a99e458 elementor-widget elementor-widget-heading\" data-id=\"a99e458\" data-element_type=\"widget\" data-e-type=\"widget\" data-widget_type=\"heading.default\">\n\t\t\t\t<div class=\"elementor-widget-container\">\n\t\t\t\t\t<h3 class=\"elementor-heading-title elementor-size-default\">Project Team\n<\/h3>\t\t\t\t<\/div>\n\t\t\t\t<\/div>\n\t\t\t\t<div class=\"elementor-element elementor-element-d745a7e elementor-widget-divider--view-line elementor-widget elementor-widget-divider\" data-id=\"d745a7e\" data-element_type=\"widget\" data-e-type=\"widget\" data-widget_type=\"divider.default\">\n\t\t\t\t<div class=\"elementor-widget-container\">\n\t\t\t\t\t\t\t<div class=\"elementor-divider\">\n\t\t\t<span class=\"elementor-divider-separator\">\n\t\t\t\t\t\t<\/span>\n\t\t<\/div>\n\t\t\t\t\t\t<\/div>\n\t\t\t\t<\/div>\n\t\t\t\t<div class=\"elementor-element elementor-element-8be1f2c elementor-widget elementor-widget-text-editor\" data-id=\"8be1f2c\" data-element_type=\"widget\" data-e-type=\"widget\" data-widget_type=\"text-editor.default\">\n\t\t\t\t<div class=\"elementor-widget-container\">\n\t\t\t\t\t\t\t\t\t<ul>\n  <li>\n    <p><strong>PhD Candidate<\/strong><br \/>Ayodele James Oyejide<\/p>\n  <\/li>\n  <li>\n    <p><strong>Graduate Students<\/strong><br \/>Omar Zaghloul<br \/>Yousef Khalil<\/p>\n  <\/li>\n  <li>\n    <p><strong>Undergraduate Students<\/strong><br \/>\n      Ozan Kutlar<br \/>\n      Elif Batc\u0131<br \/>\n      Ozan Nurcan<br \/>\n      Ustaz Abdulfattah Yaqub<br \/>\n      Emirhan Kara<br \/>\n      Luay Maher Hamed<br \/>\n      Samir Erturk<br \/>\n      Hadiza Avidime Muhammed<br \/>\n      Aiana Mederbek Kyzy<br \/>\n      Jana Al Barazi<br \/>\n      Arif Emre K\u0131l\u0131\u00e7<br \/>\n      Birdem \u00dcst\u00fcnda\u011f<br \/>\n      Yavuz Selim Ya\u015far\n    <\/p>\n  <\/li>\n  <li>\n    <p><strong>Collaborators<\/strong><br \/>\n      Mine Sara\u00e7<br \/>\n      Abdurrahman Eray Baran<br \/>\n      Domenico Buongiorno<br \/>\n      Duygun Erol Barkana<br \/>\n      An\u0131l Ufuk Batmaz<br \/>\n      Melisa Orta Martinez<br \/>\n      Cara Nunez<br \/>\n      Kyle T. Yoshida<br \/>\n      Ahmet Harun Eker\n    <\/p>\n  <\/li>\n<\/ul>\t\t\t\t\t\t\t\t<\/div>\n\t\t\t\t<\/div>\n\t\t\t\t<div class=\"elementor-element elementor-element-bc6257e elementor-widget elementor-widget-heading\" data-id=\"bc6257e\" data-element_type=\"widget\" data-e-type=\"widget\" data-widget_type=\"heading.default\">\n\t\t\t\t<div class=\"elementor-widget-container\">\n\t\t\t\t\t<h3 class=\"elementor-heading-title elementor-size-default\">Area of Research\n<\/h3>\t\t\t\t<\/div>\n\t\t\t\t<\/div>\n\t\t\t\t<div class=\"elementor-element elementor-element-9681903 elementor-widget-divider--view-line elementor-widget elementor-widget-divider\" data-id=\"9681903\" data-element_type=\"widget\" data-e-type=\"widget\" data-widget_type=\"divider.default\">\n\t\t\t\t<div class=\"elementor-widget-container\">\n\t\t\t\t\t\t\t<div class=\"elementor-divider\">\n\t\t\t<span class=\"elementor-divider-separator\">\n\t\t\t\t\t\t<\/span>\n\t\t<\/div>\n\t\t\t\t\t\t<\/div>\n\t\t\t\t<\/div>\n\t\t\t\t<div class=\"elementor-element elementor-element-9bf6ca8 elementor-widget elementor-widget-text-editor\" data-id=\"9bf6ca8\" data-element_type=\"widget\" data-e-type=\"widget\" data-widget_type=\"text-editor.default\">\n\t\t\t\t<div class=\"elementor-widget-container\">\n\t\t\t\t\t\t\t\t\t<p data-start=\"0\" data-end=\"276\">EVO Lab focuses on artificial intelligence applications in the field of human\u2013machine interaction. Research topics include soft robotics, rehabilitation robotics, medical imaging, haptic systems, evolutionary optimization, path planning, machine learning, and computer vision.<\/p><p data-start=\"278\" data-end=\"313\" data-is-last-node=\"\" data-is-only-node=\"\"><strong>Group URL:<\/strong> <a class=\"decorated-link\" href=\"https:\/\/evo.khas.edu.tr\/\" target=\"_new\" rel=\"noopener\" data-start=\"289\" data-end=\"313\" data-is-last-node=\"\">https:\/\/evo.khas.edu.tr\/<\/a><\/p>\t\t\t\t\t\t\t\t<\/div>\n\t\t\t\t<\/div>\n\t\t\t\t<div class=\"elementor-element elementor-element-d7547aa elementor-widget-divider--view-line elementor-widget elementor-widget-divider\" data-id=\"d7547aa\" data-element_type=\"widget\" data-e-type=\"widget\" data-widget_type=\"divider.default\">\n\t\t\t\t<div class=\"elementor-widget-container\">\n\t\t\t\t\t\t\t<div class=\"elementor-divider\">\n\t\t\t<span class=\"elementor-divider-separator\">\n\t\t\t\t\t\t<\/span>\n\t\t<\/div>\n\t\t\t\t\t\t<\/div>\n\t\t\t\t<\/div>\n\t\t\t\t<\/div>\n\t\t\t\t\t<\/div>\n\t\t\t\t<\/div>\n\t\t\t\t<\/div>\n\t\t","protected":false},"excerpt":{"rendered":"<p>Coordinator Dr. \u00d6\u011fr. \u00dcyesi Fabio Stroppa Project Team PhD CandidateAyodele James Oyejide Graduate StudentsOmar ZaghloulYousef Khalil Undergraduate Students Ozan Kutlar Elif Batc\u0131 Ozan Nurcan Ustaz Abdulfattah Yaqub Emirhan Kara Luay Maher Hamed Samir Erturk Hadiza Avidime Muhammed Aiana Mederbek Kyzy Jana Al Barazi Arif Emre K\u0131l\u0131\u00e7 Birdem \u00dcst\u00fcnda\u011f Yavuz Selim Ya\u015far Collaborators Mine Sara\u00e7 Abdurrahman [&hellip;]<\/p>\n","protected":false},"author":2,"featured_media":0,"parent":0,"menu_order":0,"comment_status":"closed","ping_status":"closed","template":"","meta":{"slim_seo":{"title":"EVO Lab Research Group - Kadir Has University","description":"Coordinator Dr. \u00d6\u011fr. \u00dcyesi Fabio Stroppa Project Team PhD Candidate Ayodele James Oyejide Graduate Students Omar Zaghloul Yousef Khalil Undergraduate Students O"},"footnotes":""},"birimler":[73],"class_list":["post-39092","page","type-page","status-publish","hentry","birimler-cpe"],"_links":{"self":[{"href":"https:\/\/www.khas.edu.tr\/en\/wp-json\/wp\/v2\/pages\/39092","targetHints":{"allow":["GET"]}}],"collection":[{"href":"https:\/\/www.khas.edu.tr\/en\/wp-json\/wp\/v2\/pages"}],"about":[{"href":"https:\/\/www.khas.edu.tr\/en\/wp-json\/wp\/v2\/types\/page"}],"author":[{"embeddable":true,"href":"https:\/\/www.khas.edu.tr\/en\/wp-json\/wp\/v2\/users\/2"}],"replies":[{"embeddable":true,"href":"https:\/\/www.khas.edu.tr\/en\/wp-json\/wp\/v2\/comments?post=39092"}],"version-history":[{"count":7,"href":"https:\/\/www.khas.edu.tr\/en\/wp-json\/wp\/v2\/pages\/39092\/revisions"}],"predecessor-version":[{"id":39099,"href":"https:\/\/www.khas.edu.tr\/en\/wp-json\/wp\/v2\/pages\/39092\/revisions\/39099"}],"wp:attachment":[{"href":"https:\/\/www.khas.edu.tr\/en\/wp-json\/wp\/v2\/media?parent=39092"}],"wp:term":[{"taxonomy":"birimler","embeddable":true,"href":"https:\/\/www.khas.edu.tr\/en\/wp-json\/wp\/v2\/birimler?post=39092"}],"curies":[{"name":"wp","href":"https:\/\/api.w.org\/{rel}","templated":true}]}}