{"id":38590,"date":"2025-04-15T22:06:20","date_gmt":"2025-04-15T19:06:20","guid":{"rendered":"https:\/\/www.khas.edu.tr\/?page_id=38590"},"modified":"2026-04-07T14:54:40","modified_gmt":"2026-04-07T11:54:40","slug":"aainlp-applied-artificial-intelligence-and-natural-language-processing","status":"publish","type":"page","link":"https:\/\/www.khas.edu.tr\/en\/aainlp-applied-artificial-intelligence-and-natural-language-processing\/","title":{"rendered":"AAINLP (Applied Artificial Intelligence and Natural Language Processing)"},"content":{"rendered":"\t\t<div data-elementor-type=\"wp-page\" data-elementor-id=\"38590\" class=\"elementor elementor-38590 elementor-16809\">\n\t\t\t\t<div class=\"elementor-element elementor-element-642ddab e-flex e-con-boxed e-con e-parent\" data-id=\"642ddab\" data-element_type=\"container\" data-e-type=\"container\">\n\t\t\t\t\t<div class=\"e-con-inner\">\n\t\t\t\t<div class=\"elementor-element elementor-element-0002dfd elementor-widget elementor-widget-heading\" data-id=\"0002dfd\" data-element_type=\"widget\" data-e-type=\"widget\" data-widget_type=\"heading.default\">\n\t\t\t\t<div class=\"elementor-widget-container\">\n\t\t\t\t\t<h3 class=\"elementor-heading-title elementor-size-default\">Coordinator<\/h3>\t\t\t\t<\/div>\n\t\t\t\t<\/div>\n\t\t\t\t\t<\/div>\n\t\t\t\t<\/div>\n\t\t<div class=\"elementor-element elementor-element-1f67d76 e-flex e-con-boxed e-con e-parent\" data-id=\"1f67d76\" data-element_type=\"container\" data-e-type=\"container\">\n\t\t\t\t\t<div class=\"e-con-inner\">\n\t\t\t\t<div class=\"elementor-element elementor-element-aa23c46 elementor-widget-divider--view-line elementor-widget elementor-widget-divider\" data-id=\"aa23c46\" data-element_type=\"widget\" data-e-type=\"widget\" data-widget_type=\"divider.default\">\n\t\t\t\t<div class=\"elementor-widget-container\">\n\t\t\t\t\t\t\t<div class=\"elementor-divider\">\n\t\t\t<span class=\"elementor-divider-separator\">\n\t\t\t\t\t\t<\/span>\n\t\t<\/div>\n\t\t\t\t\t\t<\/div>\n\t\t\t\t<\/div>\n\t\t\t\t\t<\/div>\n\t\t\t\t<\/div>\n\t\t<div class=\"elementor-element elementor-element-2672a79 e-flex e-con-boxed e-con e-parent\" data-id=\"2672a79\" data-element_type=\"container\" data-e-type=\"container\">\n\t\t\t\t\t<div class=\"e-con-inner\">\n\t\t\t\t<div class=\"elementor-element elementor-element-209252a elementor-widget elementor-widget-text-editor\" data-id=\"209252a\" data-element_type=\"widget\" data-e-type=\"widget\" data-widget_type=\"text-editor.default\">\n\t\t\t\t<div class=\"elementor-widget-container\">\n\t\t\t\t\t\t\t\t\t<p data-start=\"129\" data-end=\"182\">Dr. \u00d6\u011fr. \u00dcyesi Rahim Dehkharghani<\/p>\t\t\t\t\t\t\t\t<\/div>\n\t\t\t\t<\/div>\n\t\t\t\t\t<\/div>\n\t\t\t\t<\/div>\n\t\t<div class=\"elementor-element elementor-element-5125664 e-flex e-con-boxed e-con e-parent\" data-id=\"5125664\" data-element_type=\"container\" data-e-type=\"container\">\n\t\t\t\t\t<div class=\"e-con-inner\">\n\t\t\t\t<div class=\"elementor-element elementor-element-1c3eee7 elementor-widget elementor-widget-heading\" data-id=\"1c3eee7\" data-element_type=\"widget\" data-e-type=\"widget\" data-widget_type=\"heading.default\">\n\t\t\t\t<div class=\"elementor-widget-container\">\n\t\t\t\t\t<h3 class=\"elementor-heading-title elementor-size-default\">Project Team<\/h3>\t\t\t\t<\/div>\n\t\t\t\t<\/div>\n\t\t\t\t\t<\/div>\n\t\t\t\t<\/div>\n\t\t<div class=\"elementor-element elementor-element-e751bdc e-flex e-con-boxed e-con e-parent\" data-id=\"e751bdc\" data-element_type=\"container\" data-e-type=\"container\">\n\t\t\t\t\t<div class=\"e-con-inner\">\n\t\t\t\t<div class=\"elementor-element elementor-element-3d25bd1 elementor-widget-divider--view-line elementor-widget elementor-widget-divider\" data-id=\"3d25bd1\" data-element_type=\"widget\" data-e-type=\"widget\" data-widget_type=\"divider.default\">\n\t\t\t\t<div class=\"elementor-widget-container\">\n\t\t\t\t\t\t\t<div class=\"elementor-divider\">\n\t\t\t<span class=\"elementor-divider-separator\">\n\t\t\t\t\t\t<\/span>\n\t\t<\/div>\n\t\t\t\t\t\t<\/div>\n\t\t\t\t<\/div>\n\t\t\t\t\t<\/div>\n\t\t\t\t<\/div>\n\t\t<div class=\"elementor-element elementor-element-e290c5f e-flex e-con-boxed e-con e-parent\" data-id=\"e290c5f\" data-element_type=\"container\" data-e-type=\"container\">\n\t\t\t\t\t<div class=\"e-con-inner\">\n\t\t\t\t<div class=\"elementor-element elementor-element-8425667 elementor-widget elementor-widget-text-editor\" data-id=\"8425667\" data-element_type=\"widget\" data-e-type=\"widget\" data-widget_type=\"text-editor.default\">\n\t\t\t\t<div class=\"elementor-widget-container\">\n\t\t\t\t\t\t\t\t\t<ul><li>Prof. Dr. Ay\u015fe Ba\u015far<\/li><li>Do\u00e7. Dr. Taner Arsan<\/li><li>Dr. \u00d6\u011fr. \u00dcyesi Ismail Ko\u00e7<\/li><li>Dr. Zeki Erdem<\/li><\/ul>\t\t\t\t\t\t\t\t<\/div>\n\t\t\t\t<\/div>\n\t\t\t\t\t<\/div>\n\t\t\t\t<\/div>\n\t\t<div class=\"elementor-element elementor-element-dd2913e e-flex e-con-boxed e-con e-parent\" data-id=\"dd2913e\" data-element_type=\"container\" data-e-type=\"container\">\n\t\t\t\t\t<div class=\"e-con-inner\">\n\t\t\t\t<div class=\"elementor-element elementor-element-75d3185 elementor-widget elementor-widget-heading\" data-id=\"75d3185\" data-element_type=\"widget\" data-e-type=\"widget\" data-widget_type=\"heading.default\">\n\t\t\t\t<div class=\"elementor-widget-container\">\n\t\t\t\t\t<h3 class=\"elementor-heading-title elementor-size-default\">Area of Research<\/h3>\t\t\t\t<\/div>\n\t\t\t\t<\/div>\n\t\t\t\t\t<\/div>\n\t\t\t\t<\/div>\n\t\t<div class=\"elementor-element elementor-element-054d75e e-flex e-con-boxed e-con e-parent\" data-id=\"054d75e\" data-element_type=\"container\" data-e-type=\"container\">\n\t\t\t\t\t<div class=\"e-con-inner\">\n\t\t\t\t<div class=\"elementor-element elementor-element-02e6764 elementor-widget-divider--view-line elementor-widget elementor-widget-divider\" data-id=\"02e6764\" data-element_type=\"widget\" data-e-type=\"widget\" data-widget_type=\"divider.default\">\n\t\t\t\t<div class=\"elementor-widget-container\">\n\t\t\t\t\t\t\t<div class=\"elementor-divider\">\n\t\t\t<span class=\"elementor-divider-separator\">\n\t\t\t\t\t\t<\/span>\n\t\t<\/div>\n\t\t\t\t\t\t<\/div>\n\t\t\t\t<\/div>\n\t\t\t\t\t<\/div>\n\t\t\t\t<\/div>\n\t\t<div class=\"elementor-element elementor-element-5701cae e-flex e-con-boxed e-con e-parent\" data-id=\"5701cae\" data-element_type=\"container\" data-e-type=\"container\">\n\t\t\t\t\t<div class=\"e-con-inner\">\n\t\t\t\t<div class=\"elementor-element elementor-element-8d7f547 elementor-widget elementor-widget-text-editor\" data-id=\"8d7f547\" data-element_type=\"widget\" data-e-type=\"widget\" data-widget_type=\"text-editor.default\">\n\t\t\t\t<div class=\"elementor-widget-container\">\n\t\t\t\t\t\t\t\t\t<p>AAINLP focuses on developing practical, high-impact AI solutions using modern machine learning and language technologies. Its research spans multiple data modalities, including text, images, audio, and video, with the goal of building multimodal AI systems capable of understanding and interacting with complex real-world knowledge. The main research areas include large language models, natural language processing (particularly in Turkish and English), information retrieval, explainable AI, speech and vision-language models, and data-driven decision support systems.<\/p>\t\t\t\t\t\t\t\t<\/div>\n\t\t\t\t<\/div>\n\t\t\t\t\t<\/div>\n\t\t\t\t<\/div>\n\t\t<div class=\"elementor-element elementor-element-1970cee e-flex e-con-boxed e-con e-parent\" data-id=\"1970cee\" data-element_type=\"container\" data-e-type=\"container\">\n\t\t\t\t\t<div class=\"e-con-inner\">\n\t\t\t\t<div class=\"elementor-element elementor-element-4de3bab elementor-widget-divider--view-line elementor-widget elementor-widget-divider\" data-id=\"4de3bab\" data-element_type=\"widget\" data-e-type=\"widget\" data-widget_type=\"divider.default\">\n\t\t\t\t<div class=\"elementor-widget-container\">\n\t\t\t\t\t\t\t<div class=\"elementor-divider\">\n\t\t\t<span class=\"elementor-divider-separator\">\n\t\t\t\t\t\t<\/span>\n\t\t<\/div>\n\t\t\t\t\t\t<\/div>\n\t\t\t\t<\/div>\n\t\t\t\t\t<\/div>\n\t\t\t\t<\/div>\n\t\t\t\t<\/div>\n\t\t","protected":false},"excerpt":{"rendered":"<p>AAINLP (Applied Artificial Intelligence and Natural Language Processing) AAINLP (Applied Artificial Intelligence and Natural Language Processing) Coordinator Dr. \u00d6\u011fr. \u00dcyesi Rahim Dehkharghani Project Team Prof. Dr. Ay\u015fe Ba\u015far Do\u00e7. Dr. Taner Arsan Dr. \u00d6\u011fr. \u00dcyesi Ismail Ko\u00e7 Dr. Zeki Erdem Area of Research AAINLP focuses on developing practical, high-impact AI solutions using modern machine learning [&hellip;]<\/p>\n","protected":false},"author":2,"featured_media":0,"parent":0,"menu_order":0,"comment_status":"closed","ping_status":"closed","template":"","meta":{"slim_seo":{"title":"AAINLP (Applied Artificial Intelligence and Natural Language Processing) - Kadir Has University","description":"AAINLP (Applied Artificial Intelligence and Natural Language Processing) AAINLP (Applied Artificial Intelligence and Natural Language Processing) Coordinator Dr"},"footnotes":""},"birimler":[73],"class_list":["post-38590","page","type-page","status-publish","hentry","birimler-cpe"],"_links":{"self":[{"href":"https:\/\/www.khas.edu.tr\/en\/wp-json\/wp\/v2\/pages\/38590","targetHints":{"allow":["GET"]}}],"collection":[{"href":"https:\/\/www.khas.edu.tr\/en\/wp-json\/wp\/v2\/pages"}],"about":[{"href":"https:\/\/www.khas.edu.tr\/en\/wp-json\/wp\/v2\/types\/page"}],"author":[{"embeddable":true,"href":"https:\/\/www.khas.edu.tr\/en\/wp-json\/wp\/v2\/users\/2"}],"replies":[{"embeddable":true,"href":"https:\/\/www.khas.edu.tr\/en\/wp-json\/wp\/v2\/comments?post=38590"}],"version-history":[{"count":9,"href":"https:\/\/www.khas.edu.tr\/en\/wp-json\/wp\/v2\/pages\/38590\/revisions"}],"predecessor-version":[{"id":39048,"href":"https:\/\/www.khas.edu.tr\/en\/wp-json\/wp\/v2\/pages\/38590\/revisions\/39048"}],"wp:attachment":[{"href":"https:\/\/www.khas.edu.tr\/en\/wp-json\/wp\/v2\/media?parent=38590"}],"wp:term":[{"taxonomy":"birimler","embeddable":true,"href":"https:\/\/www.khas.edu.tr\/en\/wp-json\/wp\/v2\/birimler?post=38590"}],"curies":[{"name":"wp","href":"https:\/\/api.w.org\/{rel}","templated":true}]}}