{"id":37474,"date":"2026-03-05T16:19:57","date_gmt":"2026-03-05T13:19:57","guid":{"rendered":"https:\/\/www.khas.edu.tr\/?page_id=37474"},"modified":"2026-04-10T08:32:08","modified_gmt":"2026-04-10T05:32:08","slug":"fad-advisory-board","status":"publish","type":"page","link":"https:\/\/www.khas.edu.tr\/en\/fad-advisory-board\/","title":{"rendered":"Advisory Board"},"content":{"rendered":"\t\t<div data-elementor-type=\"wp-page\" data-elementor-id=\"37474\" class=\"elementor elementor-37474 elementor-37471\">\n\t\t\t\t<div class=\"elementor-element elementor-element-0c572ba e-flex e-con-boxed e-con e-parent\" data-id=\"0c572ba\" data-element_type=\"container\" data-e-type=\"container\">\n\t\t\t\t\t<div class=\"e-con-inner\">\n\t\t\t\t<div class=\"elementor-element elementor-element-94740ff elementor-widget elementor-widget-html\" data-id=\"94740ff\" data-element_type=\"widget\" data-e-type=\"widget\" data-widget_type=\"html.default\">\n\t\t\t\t<div class=\"elementor-widget-container\">\n\t\t\t\t\t<style>\r\n:root{\r\n  --khas-lacivert:#091F58;\r\n  --khas-sari:#f2a900;\r\n  --khas-gri:#EEF1F2;\r\n}\r\n\r\n.advisory-section{\r\n  margin: 18px 0 34px;\r\n}\r\n\r\n.advisory-title{\r\n  background: var(--khas-lacivert);\r\n  color:#fff !important;\r\n  border-left: 6px solid var(--khas-sari);\r\n  padding: 14px 18px;\r\n  border-radius: 14px;\r\n  font-weight: 650;\r\n  letter-spacing: .2px;\r\n  margin: 0 0 14px;\r\n}\r\n\r\n.speaker-card{\r\n  height:100%;\r\n  background:#fff;\r\n  border:1px solid rgba(9,31,88,.10);\r\n  border-radius:14px;\r\n  padding:16px 16px 14px;\r\n  box-shadow: 0 6px 18px rgba(0,0,0,.05);\r\n  transition: transform .15s ease, box-shadow .15s ease, border-color .15s ease;\r\n  position: relative;\r\n  overflow: hidden;\r\n}\r\n\r\n.speaker-card::after{\r\n  content:\"\";\r\n  position:absolute;\r\n  left:0; top:0;\r\n  width:0; height:3px;\r\n  background: var(--khas-sari);\r\n  transition: width .18s ease;\r\n}\r\n\r\n.speaker-card:hover{\r\n  transform: translateY(-2px);\r\n  box-shadow: 0 10px 26px rgba(0,0,0,.08);\r\n  border-color: rgba(9,31,88,.20);\r\n}\r\n.speaker-card:hover::after{ width:100%; }\r\n\r\n.speaker-name{\r\n  color: var(--khas-lacivert);\r\n  font-weight: 650;\r\n  letter-spacing: .1px;\r\n  margin: 0 0 6px;\r\n}\r\n\r\n.speaker-role{\r\n  color:#4b5563;\r\n  font-size:.95rem;\r\n  line-height:1.35;\r\n  margin:0;\r\n  word-break: break-word;\r\n}\r\n<\/style>\r\n<!-- Mimarl\u0131k B\u00f6l\u00fcm\u00fc -->\r\n<section class=\"advisory-section\">\r\n  <h3 class=\"advisory-title\">Mimarl\u0131k B\u00f6l\u00fcm\u00fc<\/h3>\r\n  <div class=\"row g-3\">\r\n    <div class=\"col-12 col-md-6 col-lg-4\">\r\n      <div class=\"speaker-card\">\r\n        <p class=\"speaker-name\">Prof. Dr. \u015eebnem Y\u00fccel<\/p>\r\n        <p class=\"speaker-role\">MEF \u00dcniversitesi Sanat, Tasar\u0131m ve Mimarl\u0131k Fak\u00fcltesi Dekan\u0131<\/p>\r\n      <\/div>\r\n    <\/div>\r\n\r\n    <div class=\"col-12 col-md-6 col-lg-4\">\r\n      <div class=\"speaker-card\">\r\n        <p class=\"speaker-name\">Do\u00e7. Dr. F. P\u0131nar Arabac\u0131o\u011flu<\/p>\r\n        <p class=\"speaker-role\">Y\u0131ld\u0131z Teknik \u00dcniversitesi Mimarl\u0131k B\u00f6l\u00fcm\u00fc ve MiAK-MAK \u00dcyesi<\/p>\r\n      <\/div>\r\n    <\/div>\r\n\r\n    <div class=\"col-12 col-md-6 col-lg-4\">\r\n      <div class=\"speaker-card\">\r\n        <p class=\"speaker-name\">Dr. \u00d6\u011fr. \u00dcyesi Mine Din\u00e7er<\/p>\r\n        <p class=\"speaker-role\">Bah\u00e7e\u015fehir \u00dcniversitesi Mimarl\u0131k B\u00f6l\u00fcm\u00fc<\/p>\r\n      <\/div>\r\n    <\/div>\r\n\r\n    <div class=\"col-12 col-md-6 col-lg-4\">\r\n      <div class=\"speaker-card\">\r\n        <p class=\"speaker-name\">B\u00fc\u015fra Al<\/p>\r\n        <p class=\"speaker-role\">Y. Mimar, Plugofis<\/p>\r\n      <\/div>\r\n    <\/div>\r\n\r\n    <div class=\"col-12 col-md-6 col-lg-4\">\r\n      <div class=\"speaker-card\">\r\n        <p class=\"speaker-name\">Caner Bilgin<\/p>\r\n        <p class=\"speaker-role\">Y. Mimar, Bilgin Studio<\/p>\r\n      <\/div>\r\n    <\/div>\r\n\r\n    <div class=\"col-12 col-md-6 col-lg-4\">\r\n      <div class=\"speaker-card\">\r\n        <p class=\"speaker-name\">B\u00fcke Uygur<\/p>\r\n        <p class=\"speaker-role\">Y. Mimar, AA School of Architecture Mezunu<\/p>\r\n      <\/div>\r\n    <\/div>\r\n  <\/div>\r\n<\/section>\r\n\r\n<!-- \u0130\u00e7 Mimarl\u0131k ve \u00c7evre Tasar\u0131m\u0131 B\u00f6l\u00fcm\u00fc -->\r\n<section class=\"advisory-section\">\r\n  <h3 class=\"advisory-title\">\u0130\u00e7 Mimarl\u0131k ve \u00c7evre Tasar\u0131m\u0131 B\u00f6l\u00fcm\u00fc<\/h3>\r\n  <div class=\"row g-3\">\r\n    <div class=\"col-12 col-md-6 col-lg-4\">\r\n      <div class=\"speaker-card\">\r\n        <p class=\"speaker-name\">Aynur Y\u0131lmaz<\/p>\r\n        <p class=\"speaker-role\">\u0130DEAL\u0130ST \u0130\u00e7 Mimarl\u0131k Derne\u011fi Direkt\u00f6r\u00fc<\/p>\r\n      <\/div>\r\n    <\/div>\r\n\r\n    <div class=\"col-12 col-md-6 col-lg-4\">\r\n      <div class=\"speaker-card\">\r\n        <p class=\"speaker-name\">Mustafa Toner<\/p>\r\n        <p class=\"speaker-role\">Toner Mimarl\u0131k<\/p>\r\n      <\/div>\r\n    <\/div>\r\n\r\n    <div class=\"col-12 col-md-6 col-lg-4\">\r\n      <div class=\"speaker-card\">\r\n        <p class=\"speaker-name\">Sezin Nas<\/p>\r\n        <p class=\"speaker-role\">Galata \u00dcniversitesi \u0130\u00e7 Mimarl\u0131k B\u00f6l\u00fcm\u00fc, Ara\u015f. G\u00f6r. (KHAS lisans mezunu)<\/p>\r\n      <\/div>\r\n    <\/div>\r\n\r\n    <div class=\"col-12 col-md-6 col-lg-4\">\r\n      <div class=\"speaker-card\">\r\n        <p class=\"speaker-name\">Prof. Dr. Sezin Hatice Tanr\u0131\u00f6ver<\/p>\r\n        <p class=\"speaker-role\">Bah\u00e7e\u015fehir \u00dcniversitesi \u0130\u00e7 Mimarl\u0131k ve \u00c7evre Tasar\u0131m\u0131 B\u00f6l\u00fcm\u00fc<\/p>\r\n      <\/div>\r\n    <\/div>\r\n  <\/div>\r\n<\/section>\r\n\r\n<!-- End\u00fcstriyel Tasar\u0131m B\u00f6l\u00fcm\u00fc -->\r\n<section class=\"advisory-section\">\r\n  <h3 class=\"advisory-title\">End\u00fcstriyel Tasar\u0131m B\u00f6l\u00fcm\u00fc<\/h3>\r\n  <div class=\"row g-3\">\r\n    <div class=\"col-12 col-md-6 col-lg-4\">\r\n      <div class=\"speaker-card\">\r\n        <p class=\"speaker-name\">Hakan \u00c7oban<\/p>\r\n        <p class=\"speaker-role\">Genel Sekreter Yard\u0131mc\u0131s\u0131, \u0130stanbul Sanayi Odas\u0131<\/p>\r\n      <\/div>\r\n    <\/div>\r\n\r\n    <div class=\"col-12 col-md-6 col-lg-4\">\r\n      <div class=\"speaker-card\">\r\n        <p class=\"speaker-name\">Serta\u00e7 Ersay\u0131n<\/p>\r\n        <p class=\"speaker-role\">Y\u00f6netim Kurulu \u00dcyesi, D\u00fcnya Tasar\u0131m \u00d6rg\u00fct\u00fc (WDO); YEKON Ba\u015fkan\u0131<\/p>\r\n      <\/div>\r\n    <\/div>\r\n\r\n    <div class=\"col-12 col-md-6 col-lg-4\">\r\n      <div class=\"speaker-card\">\r\n        <p class=\"speaker-name\">\u00dcmit Altun<\/p>\r\n        <p class=\"speaker-role\">End\u00fcstriyel Tasar\u0131mc\u0131, UM Design<\/p>\r\n      <\/div>\r\n    <\/div>\r\n\r\n    <div class=\"col-12 col-md-6 col-lg-4\">\r\n      <div class=\"speaker-card\">\r\n        <p class=\"speaker-name\">De\u011fer Demircan Ac\u0131l\u0131o\u011flu<\/p>\r\n        <p class=\"speaker-role\">Cam \u00dcr\u00fcnleri ve Cam Ambalaj Tasar\u0131m Direkt\u00f6r\u00fc, \u015ei\u015fecam Sanayi A\u015e<\/p>\r\n      <\/div>\r\n    <\/div>\r\n\r\n    <div class=\"col-12 col-md-6 col-lg-4\">\r\n      <div class=\"speaker-card\">\r\n        <p class=\"speaker-name\">Deniz Ova<\/p>\r\n        <p class=\"speaker-role\">Y\u00f6netici Direkt\u00f6r, Salt Online; Tasar\u0131m Bienali Eski Direkt\u00f6r\u00fc, \u0130KSV<\/p>\r\n      <\/div>\r\n    <\/div>\r\n\r\n    <div class=\"col-12 col-md-6 col-lg-4\">\r\n      <div class=\"speaker-card\">\r\n        <p class=\"speaker-name\">Onur Ko\u00e7an<\/p>\r\n        <p class=\"speaker-role\">Tasar\u0131m Stratejisti, Stratejik Giri\u015fimler Ofisi, Alabama Belediyesi<\/p>\r\n      <\/div>\r\n    <\/div>\r\n  <\/div>\r\n<\/section>\r\n\r\n<!-- Tiyatro B\u00f6l\u00fcm\u00fc -->\r\n<section class=\"advisory-section\">\r\n  <h3 class=\"advisory-title\">Tiyatro B\u00f6l\u00fcm\u00fc<\/h3>\r\n  <div class=\"row g-3\">\r\n    <div class=\"col-12 col-md-6 col-lg-4\">\r\n      <div class=\"speaker-card\">\r\n        <p class=\"speaker-name\">Do\u00e7. Dr. Nilg\u00fcn Firidino\u011flu<\/p>\r\n        <p class=\"speaker-role\">\u0130stanbul \u00dcniversitesi, Tiyatro Ele\u015ftirmenli\u011fi ve Dramaturji<\/p>\r\n      <\/div>\r\n    <\/div>\r\n\r\n    <div class=\"col-12 col-md-6 col-lg-4\">\r\n      <div class=\"speaker-card\">\r\n        <p class=\"speaker-name\">Do\u00e7. Ebru Soyuerden<\/p>\r\n        <p class=\"speaker-role\">MSGS\u00dc, Tiyatro<\/p>\r\n      <\/div>\r\n    <\/div>\r\n\r\n    <div class=\"col-12 col-md-6 col-lg-4\">\r\n      <div class=\"speaker-card\">\r\n        <p class=\"speaker-name\">Dr. Seda \u0130lter<\/p>\r\n        <p class=\"speaker-role\">Birkbeck University of London<\/p>\r\n      <\/div>\r\n    <\/div>\r\n\r\n    <div class=\"col-12 col-md-6 col-lg-4\">\r\n      <div class=\"speaker-card\">\r\n        <p class=\"speaker-name\">Kerem Kurdo\u011flu<\/p>\r\n        <p class=\"speaker-role\">Y\u00f6netmen<\/p>\r\n      <\/div>\r\n    <\/div>\r\n\r\n    <div class=\"col-12 col-md-6 col-lg-4\">\r\n      <div class=\"speaker-card\">\r\n        <p class=\"speaker-name\">Nezaket Erden<\/p>\r\n        <p class=\"speaker-role\">KHAS Film ve Drama YL mezunu, oyuncu<\/p>\r\n      <\/div>\r\n    <\/div>\r\n\r\n    <div class=\"col-12 col-md-6 col-lg-4\">\r\n      <div class=\"speaker-card\">\r\n        <p class=\"speaker-name\">Kerem Arslono\u011flu<\/p>\r\n        <p class=\"speaker-role\">KHAS Tiyatro lisans mezunu, oyuncu<\/p>\r\n      <\/div>\r\n    <\/div>\r\n\r\n    <div class=\"col-12 col-md-6 col-lg-4\">\r\n      <div class=\"speaker-card\">\r\n        <p class=\"speaker-name\">\u015eevval \u00c7ak\u0131r<\/p>\r\n        <p class=\"speaker-role\">Program Sorumlusu Uzman, Paribu Art<\/p>\r\n      <\/div>\r\n    <\/div>\r\n  <\/div>\r\n<\/section>\t\t\t\t<\/div>\n\t\t\t\t<\/div>\n\t\t\t\t\t<\/div>\n\t\t\t\t<\/div>\n\t\t\t\t<\/div>\n\t\t","protected":false},"excerpt":{"rendered":"","protected":false},"author":2,"featured_media":0,"parent":0,"menu_order":0,"comment_status":"closed","ping_status":"closed","template":"","meta":{"slim_seo":{"title":"Advisory Board - Kadir Has University","description":""},"footnotes":""},"birimler":[67],"class_list":["post-37474","page","type-page","status-publish","hentry","birimler-fad"],"_links":{"self":[{"href":"https:\/\/www.khas.edu.tr\/en\/wp-json\/wp\/v2\/pages\/37474","targetHints":{"allow":["GET"]}}],"collection":[{"href":"https:\/\/www.khas.edu.tr\/en\/wp-json\/wp\/v2\/pages"}],"about":[{"href":"https:\/\/www.khas.edu.tr\/en\/wp-json\/wp\/v2\/types\/page"}],"author":[{"embeddable":true,"href":"https:\/\/www.khas.edu.tr\/en\/wp-json\/wp\/v2\/users\/2"}],"replies":[{"embeddable":true,"href":"https:\/\/www.khas.edu.tr\/en\/wp-json\/wp\/v2\/comments?post=37474"}],"version-history":[{"count":2,"href":"https:\/\/www.khas.edu.tr\/en\/wp-json\/wp\/v2\/pages\/37474\/revisions"}],"predecessor-version":[{"id":37477,"href":"https:\/\/www.khas.edu.tr\/en\/wp-json\/wp\/v2\/pages\/37474\/revisions\/37477"}],"wp:attachment":[{"href":"https:\/\/www.khas.edu.tr\/en\/wp-json\/wp\/v2\/media?parent=37474"}],"wp:term":[{"taxonomy":"birimler","embeddable":true,"href":"https:\/\/www.khas.edu.tr\/en\/wp-json\/wp\/v2\/birimler?post=37474"}],"curies":[{"name":"wp","href":"https:\/\/api.w.org\/{rel}","templated":true}]}}