{"id":36079,"date":"2024-11-13T11:56:48","date_gmt":"2024-11-13T08:56:48","guid":{"rendered":"https:\/\/www.khas.edu.tr\/?page_id=36079"},"modified":"2026-02-06T11:22:11","modified_gmt":"2026-02-06T08:22:11","slug":"appointment-system-and-process","status":"publish","type":"page","link":"https:\/\/www.khas.edu.tr\/en\/appointment-system-and-process\/","title":{"rendered":"Appointment System and Process"},"content":{"rendered":"\t\t<div data-elementor-type=\"wp-page\" data-elementor-id=\"36079\" class=\"elementor elementor-36079 elementor-4432\">\n\t\t\t\t<div class=\"elementor-element elementor-element-a1366e5 e-flex e-con-boxed e-con e-parent\" data-id=\"a1366e5\" data-element_type=\"container\" data-e-type=\"container\">\n\t\t\t\t\t<div class=\"e-con-inner\">\n\t\t<div class=\"elementor-element elementor-element-a7f7f0d e-con-full e-flex e-con e-child\" data-id=\"a7f7f0d\" data-element_type=\"container\" data-e-type=\"container\">\n\t\t\t\t<div class=\"elementor-element elementor-element-92144ed elementor-widget elementor-widget-html\" data-id=\"92144ed\" data-element_type=\"widget\" data-e-type=\"widget\" data-widget_type=\"html.default\">\n\t\t\t\t<div class=\"elementor-widget-container\">\n\t\t\t\t\t<style>\r\n  :root{\r\n    --khas-blue:#005092;\r\n    --khas-navy:#0b3753;\r\n    --khas-orange:#ee8503;\r\n    --khas-red:#ba1634;\r\n\r\n    --text-1:#0f172a;\r\n    --text-2:rgba(15,23,42,.78);\r\n    --border:rgba(2,6,23,.10);\r\n    --surface:#fff;\r\n    --surface-2:rgba(2,6,23,.02);\r\n  }\r\n\r\n  .pdrp{font-family:Roboto,system-ui,-apple-system,\"Segoe UI\",Arial,sans-serif;color:var(--text-1);line-height:1.7}\r\n  .pdrp-card{\r\n    background:var(--surface);\r\n    border:1px solid var(--border);\r\n    border-radius:16px;\r\n    padding:26px;\r\n    box-shadow:0 12px 28px rgba(2,6,23,.06);\r\n    position:relative; overflow:hidden;\r\n  }\r\n  .pdrp-card:before{\r\n    content:\"\";\r\n    position:absolute; left:0; top:0; bottom:0; width:6px;\r\n    background:linear-gradient(180deg,var(--khas-blue),var(--khas-orange));\r\n  }\r\n\r\n  .pdrp-title{margin:0 0 8px 0;font-size:22px;font-weight:900;letter-spacing:-.2px;color:var(--khas-navy)}\r\n  .pdrp-lead{margin:0 0 16px 0;color:var(--text-2);font-size:14.8px}\r\n\r\n  .pdrp-steps{margin-top:10px;display:grid;gap:10px}\r\n  .pdrp-step{\r\n    display:grid;\r\n    grid-template-columns:44px 1fr;\r\n    gap:12px;\r\n    padding:14px;\r\n    border-radius:14px;\r\n    border:1px solid rgba(2,6,23,.08);\r\n    background:var(--surface);\r\n  }\r\n  .pdrp-badge{\r\n    width:44px;height:44px;border-radius:14px;\r\n    display:grid;place-items:center;\r\n    font-weight:900;color:#fff;\r\n    background:linear-gradient(180deg,var(--khas-blue),var(--khas-navy));\r\n    box-shadow:0 10px 18px rgba(0,80,146,.16);\r\n  }\r\n  .pdrp-h{margin:0;font-weight:900;color:var(--khas-navy);font-size:15.5px}\r\n  .pdrp-t{margin:6px 0 0 0;color:var(--text-2);font-size:14.5px}\r\n\r\n  .pdrp-row{display:grid;grid-template-columns:1fr 1fr;gap:12px;margin-top:14px}\r\n  .pdrp-box{\r\n    border-radius:14px;\r\n    padding:14px 16px;\r\n    border:1px solid rgba(2,6,23,.10);\r\n    background:var(--surface-2);\r\n  }\r\n  .pdrp-box--warn{\r\n    background:rgba(238,133,3,.10);\r\n    border-color:rgba(238,133,3,.22);\r\n  }\r\n  .pdrp-box--danger{\r\n    background:rgba(186,22,52,.07);\r\n    border-color:rgba(186,22,52,.18);\r\n  }\r\n  .pdrp-label{\r\n    font-weight:900;\r\n    color:var(--khas-navy);\r\n    margin:0 0 6px 0;\r\n    font-size:14px;\r\n  }\r\n  .pdrp-muted{color:var(--text-2);margin:0;font-size:14px}\r\n  .pdrp-strong{font-weight:900;color:var(--khas-navy)}\r\n\r\n  @media (max-width:820px){\r\n    .pdrp-card{padding:22px}\r\n    .pdrp-title{font-size:20px}\r\n    .pdrp-row{grid-template-columns:1fr}\r\n  }\r\n<\/style>\r\n\r\n<section class=\"pdrp\">\r\n  <div class=\"pdrp-card\">\r\n    <h2 class=\"pdrp-title\">Appointment System and Process<\/h2>\r\n    <p class=\"pdrp-lead\">\r\n      The Kadir Has University Psychological Counseling and Guidance Center provides services through an\r\n      <strong>appointment-based system<\/strong>. Our primary principle is to respond to all applications promptly\r\n      and to offer equal access to services for all students.\r\n    <\/p>\r\n\r\n    <div class=\"pdrp-steps\">\r\n      <div class=\"pdrp-step\">\r\n        <div class=\"pdrp-badge\">1<\/div>\r\n        <div>\r\n          <p class=\"pdrp-h\">Making an Appointment<\/p>\r\n          <p class=\"pdrp-t\">\r\n            University students may request an appointment by clicking on the\r\n            <span class=\"pdrp-strong\">\u201cPDR\u201d<\/span> tab on the main page of the MyKHAS application\r\n            and completing the relevant form.\r\n          <\/p>\r\n        <\/div>\r\n      <\/div>\r\n\r\n      <div class=\"pdrp-step\">\r\n        <div class=\"pdrp-badge\">2<\/div>\r\n        <div>\r\n          <p class=\"pdrp-h\">Initiation of the Process<\/p>\r\n          <p class=\"pdrp-t\">\r\n            Once your request is received, one of our professionals will contact you for a brief\r\n            <span class=\"pdrp-strong\">phone screening interview<\/span>. Following this interview,\r\n            your <span class=\"pdrp-strong\">first counseling session<\/span> will be scheduled.\r\n          <\/p>\r\n        <\/div>\r\n      <\/div>\r\n\r\n      <div class=\"pdrp-step\">\r\n        <div class=\"pdrp-badge\">3<\/div>\r\n        <div>\r\n          <p class=\"pdrp-h\">Fees<\/p>\r\n          <p class=\"pdrp-t\">\r\n            All psychological counseling services are provided\r\n            <span class=\"pdrp-strong\">free of charge<\/span> to Kadir Has University students.\r\n          <\/p>\r\n        <\/div>\r\n      <\/div>\r\n\r\n      <div class=\"pdrp-step\">\r\n        <div class=\"pdrp-badge\">4<\/div>\r\n        <div>\r\n          <p class=\"pdrp-h\">Session Format and Duration<\/p>\r\n          <p class=\"pdrp-t\">\r\n            Sessions are conducted <span class=\"pdrp-strong\">face-to-face<\/span> or online via\r\n            <span class=\"pdrp-strong\">Microsoft Teams<\/span>. The individual counseling process lasts\r\n            <span class=\"pdrp-strong\">8 weeks<\/span>, with each session scheduled for\r\n            <span class=\"pdrp-strong\">50 minutes<\/span>.\r\n          <\/p>\r\n        <\/div>\r\n      <\/div>\r\n    <\/div>\r\n\r\n    <div class=\"pdrp-row\">\r\n      <div class=\"pdrp-box pdrp-box--warn\">\r\n        <p class=\"pdrp-label\">Cancellation Policy<\/p>\r\n        <p class=\"pdrp-muted\">\r\n          If you are unable to attend your appointment, you are expected to notify us\r\n          <span class=\"pdrp-strong\">at least 24 hours in advance<\/span>.\r\n        <\/p>\r\n      <\/div>\r\n\r\n   <div class=\"pdrp-box pdrp-box--danger\">\r\n  <p class=\"pdrp-label\" style=\"color:var(--khas-red);\">Attendance Policy<\/p>\r\n  <p class=\"pdrp-muted\">\r\n    For unexcused absences other than official holidays, the counseling process will be terminated for individuals who fail to attend\r\n    <span class=\"pdrp-strong\">two consecutive appointments<\/span>.\r\n    Students are allowed to miss up to <span class=\"pdrp-strong\">two sessions<\/span>.\r\n    For each absence exceeding this limit, the student's total number of sessions will be reduced by the number of missed sessions.\r\n  <\/p>\r\n<\/div>\r\n\r\n        <\/p>\r\n      <\/div>\r\n    <\/div>\r\n  <\/div>\r\n<\/section>\r\n\t\t\t\t<\/div>\n\t\t\t\t<\/div>\n\t\t\t\t<\/div>\n\t\t<div class=\"elementor-element elementor-element-5dbdfab e-con-full e-flex e-con e-child\" data-id=\"5dbdfab\" data-element_type=\"container\" data-e-type=\"container\">\n\t\t\t\t<div class=\"elementor-element elementor-element-953a707 elementor-widget elementor-widget-shortcode\" data-id=\"953a707\" data-element_type=\"widget\" data-e-type=\"widget\" data-widget_type=\"shortcode.default\">\n\t\t\t\t<div class=\"elementor-widget-container\">\n\t\t\t\t\t\t\t<div class=\"elementor-shortcode\"><ul class=\"navbar-nav px-4 py-2\" style=\"border-left:1px solid #3d3d3d20;\"><li class=\"nav-item my-0\"><a class=\"nav-link d-flex align-items-center rounded-pill \" href=\"https:\/\/www.khas.edu.tr\/pdrm\/\" ><span class=\"fw-bold\">Psikolojik Dan\u0131\u015fma ve Rehberlik Merkezi<\/span><\/a><\/li><li class=\"nav-item my-0\"><a class=\"nav-link d-flex align-items-center rounded-pill \" href=\"https:\/\/www.khas.edu.tr\/calisma-alanlarimiz\/\" ><span class=\"fw-bold\">\u00c7al\u0131\u015fma Alanlar\u0131m\u0131z<\/span><\/a><\/li><li class=\"nav-item my-0\"><a class=\"nav-link d-flex align-items-center rounded-pill \" href=\"https:\/\/www.khas.edu.tr\/pdrm-etkinlikler\/\" ><span class=\"fw-bold\">Etkinlikler<\/span><\/a><\/li><li class=\"nav-item my-0\"><a class=\"nav-link d-flex align-items-center rounded-pill \" href=\"https:\/\/www.khas.edu.tr\/yardim-hizmetlerimiz\/\" ><span class=\"fw-bold\">Yard\u0131m Hizmetlerimiz<\/span><\/a><\/li><li class=\"nav-item my-0\"><a class=\"nav-link d-flex align-items-center rounded-pill \" href=\"https:\/\/www.khas.edu.tr\/randevu-sureci\/\" ><span class=\"fw-bold\">Randevu S\u00fcreci<\/span><\/a><\/li><li class=\"nav-item my-0\"><a class=\"nav-link d-flex align-items-center rounded-pill \" href=\"https:\/\/www.khas.edu.tr\/kurum-disi-psikolojik-destek\/\" ><span class=\"fw-bold\">Kurum D\u0131\u015f\u0131 Psikolojik Destek<\/span><\/a><\/li><li class=\"nav-item my-0\"><a class=\"nav-link d-flex align-items-center rounded-pill \" href=\"https:\/\/www.khas.edu.tr\/blog\/\" ><span class=\"fw-bold\">PDRM Blog<\/span><\/a><\/li><\/ul>\n<\/div>\n\t\t\t\t\t\t<\/div>\n\t\t\t\t<\/div>\n\t\t\t\t<\/div>\n\t\t\t\t\t<\/div>\n\t\t\t\t<\/div>\n\t\t\t\t<\/div>\n\t\t","protected":false},"excerpt":{"rendered":"<p>Appointment System and Process The Kadir Has University Psychological Counseling and Guidance Center provides services through an appointment-based system. Our primary principle is to respond to all applications promptly and to offer equal access to services for all students. 1 Making an Appointment University students may request an appointment by clicking on the \u201cPDR\u201d tab [&hellip;]<\/p>\n","protected":false},"author":2,"featured_media":0,"parent":0,"menu_order":0,"comment_status":"closed","ping_status":"closed","template":"","meta":{"slim_seo":{"title":"Appointment System and Process - Kadir Has University","description":"Appointment System and Process The Kadir Has University Psychological Counseling and Guidance Center provides services through an appointment-based system . Our"},"footnotes":""},"birimler":[38],"class_list":["post-36079","page","type-page","status-publish","hentry","birimler-khas-homepage"],"_links":{"self":[{"href":"https:\/\/www.khas.edu.tr\/en\/wp-json\/wp\/v2\/pages\/36079","targetHints":{"allow":["GET"]}}],"collection":[{"href":"https:\/\/www.khas.edu.tr\/en\/wp-json\/wp\/v2\/pages"}],"about":[{"href":"https:\/\/www.khas.edu.tr\/en\/wp-json\/wp\/v2\/types\/page"}],"author":[{"embeddable":true,"href":"https:\/\/www.khas.edu.tr\/en\/wp-json\/wp\/v2\/users\/2"}],"replies":[{"embeddable":true,"href":"https:\/\/www.khas.edu.tr\/en\/wp-json\/wp\/v2\/comments?post=36079"}],"version-history":[{"count":7,"href":"https:\/\/www.khas.edu.tr\/en\/wp-json\/wp\/v2\/pages\/36079\/revisions"}],"predecessor-version":[{"id":36472,"href":"https:\/\/www.khas.edu.tr\/en\/wp-json\/wp\/v2\/pages\/36079\/revisions\/36472"}],"wp:attachment":[{"href":"https:\/\/www.khas.edu.tr\/en\/wp-json\/wp\/v2\/media?parent=36079"}],"wp:term":[{"taxonomy":"birimler","embeddable":true,"href":"https:\/\/www.khas.edu.tr\/en\/wp-json\/wp\/v2\/birimler?post=36079"}],"curies":[{"name":"wp","href":"https:\/\/api.w.org\/{rel}","templated":true}]}}