{"id":3600,"date":"2024-10-12T16:24:50","date_gmt":"2024-10-12T13:24:50","guid":{"rendered":"https:\/\/www.khas.edu.tr\/?page_id=3600"},"modified":"2025-09-17T09:20:23","modified_gmt":"2025-09-17T06:20:23","slug":"khas-barrier-free-commission","status":"publish","type":"page","link":"https:\/\/www.khas.edu.tr\/en\/khas-barrier-free-commission\/","title":{"rendered":"KHAS Barrier-free Commission"},"content":{"rendered":"\t\t<div data-elementor-type=\"wp-page\" data-elementor-id=\"3600\" class=\"elementor elementor-3600 elementor-2866\">\n\t\t\t\t<div class=\"elementor-element elementor-element-ee268f3 e-flex e-con-boxed e-con e-parent\" data-id=\"ee268f3\" data-element_type=\"container\" data-e-type=\"container\">\n\t\t\t\t\t<div class=\"e-con-inner\">\n\t\t\t\t<div class=\"elementor-element elementor-element-0c96d7c elementor-widget elementor-widget-text-editor\" data-id=\"0c96d7c\" data-element_type=\"widget\" data-e-type=\"widget\" data-widget_type=\"text-editor.default\">\n\t\t\t\t<div class=\"elementor-widget-container\">\n\t\t\t\t\t\t\t\t\t<p><span data-preserver-spaces=\"true\"><strong>KHAS Barrier-free Commission<\/strong> aims to make more accessible the lives of, in particular, disabled students by removing all types of obstacles that any student within the KHAS family may encounter at the university campus.<\/span><\/p><p><span data-preserver-spaces=\"true\">Students are encouraged to inform about problems they may encounter and ask for support by sending an e-mail to\u00a0<\/span><a class=\"editor-rtfLink\" href=\"mailto:engelsiz@khas.edu.tr\" target=\"_blank\" rel=\"noopener\"><span data-preserver-spaces=\"true\">engelsiz@khas.edu.tr<\/span><\/a><span data-preserver-spaces=\"true\">.<\/span><\/p><h2 style=\"font-size: 20px;\"><span style=\"text-decoration: underline;\"><strong>Members of <\/strong><strong>KHAS Barrier-free\u00a0Commission<\/strong>\u00a0<\/span><\/h2><p><strong>Prof. Dr. Mitat \u00c7EL\u0130KPALA<\/strong><\/p><p><strong>Assoc. Prof. Dr. Asl\u0131 \u00c7ARKO\u011eLU<\/strong><\/p><p><strong>Assoc. Prof. Dr. Asl\u0131 ERC\u0130YES<\/strong><\/p><p><strong>Asl\u0131 YILDIRIM (Rapporteur)<\/strong><\/p><p><strong>Muhammet SEV\u0130N\u00c7<\/strong><\/p><p><strong>Ceren Nurdan D\u0130R\u0130KOL<\/strong><\/p><h2 style=\"font-size: 20px;\"><span style=\"text-decoration: underline;\"><strong>Health Support Units\u00a0<\/strong><\/span><\/h2><ul><li><a href=\"https:\/\/kyo.khas.edu.tr\/saglik-birimi\">Healthcare Services<\/a><\/li><li><a href=\"https:\/\/www.khas.edu.tr\/en\/pcgc-who-we-are\/\">KHAS Psychological Counseling and Guidance Center<\/a><\/li><\/ul>\t\t\t\t\t\t\t\t<\/div>\n\t\t\t\t<\/div>\n\t\t\t\t\t<\/div>\n\t\t\t\t<\/div>\n\t\t\t\t<\/div>\n\t\t","protected":false},"excerpt":{"rendered":"<p>KHAS Barrier-free Commission aims to make more accessible the lives of, in particular, disabled students by removing all types of obstacles that any student within the KHAS family may encounter at the university campus. Students are encouraged to inform about problems they may encounter and ask for support by sending an e-mail to\u00a0engelsiz@khas.edu.tr. Members of [&hellip;]<\/p>\n","protected":false},"author":2,"featured_media":0,"parent":0,"menu_order":0,"comment_status":"closed","ping_status":"closed","template":"","meta":{"slim_seo":{"title":"KHAS Barrier-free Commission - Kadir Has University","description":"KHAS Barrier-free Commission aims to make more accessible the lives of, in particular, disabled students by removing all types of obstacles that any student wit"},"footnotes":""},"birimler":[],"class_list":["post-3600","page","type-page","status-publish","hentry"],"_links":{"self":[{"href":"https:\/\/www.khas.edu.tr\/en\/wp-json\/wp\/v2\/pages\/3600","targetHints":{"allow":["GET"]}}],"collection":[{"href":"https:\/\/www.khas.edu.tr\/en\/wp-json\/wp\/v2\/pages"}],"about":[{"href":"https:\/\/www.khas.edu.tr\/en\/wp-json\/wp\/v2\/types\/page"}],"author":[{"embeddable":true,"href":"https:\/\/www.khas.edu.tr\/en\/wp-json\/wp\/v2\/users\/2"}],"replies":[{"embeddable":true,"href":"https:\/\/www.khas.edu.tr\/en\/wp-json\/wp\/v2\/comments?post=3600"}],"version-history":[{"count":10,"href":"https:\/\/www.khas.edu.tr\/en\/wp-json\/wp\/v2\/pages\/3600\/revisions"}],"predecessor-version":[{"id":27979,"href":"https:\/\/www.khas.edu.tr\/en\/wp-json\/wp\/v2\/pages\/3600\/revisions\/27979"}],"wp:attachment":[{"href":"https:\/\/www.khas.edu.tr\/en\/wp-json\/wp\/v2\/media?parent=3600"}],"wp:term":[{"taxonomy":"birimler","embeddable":true,"href":"https:\/\/www.khas.edu.tr\/en\/wp-json\/wp\/v2\/birimler?post=3600"}],"curies":[{"name":"wp","href":"https:\/\/api.w.org\/{rel}","templated":true}]}}