{"id":3547,"date":"2024-10-12T18:48:17","date_gmt":"2024-10-12T15:48:17","guid":{"rendered":"https:\/\/www.khas.edu.tr\/?page_id=3547"},"modified":"2025-09-18T17:28:12","modified_gmt":"2025-09-18T14:28:12","slug":"laboratories","status":"publish","type":"page","link":"https:\/\/www.khas.edu.tr\/en\/laboratories\/","title":{"rendered":"Laboratories"},"content":{"rendered":"\t\t<div data-elementor-type=\"wp-page\" data-elementor-id=\"3547\" class=\"elementor elementor-3547 elementor-2943\">\n\t\t\t\t<div class=\"elementor-element elementor-element-71d7dcf e-flex e-con-boxed e-con e-parent\" data-id=\"71d7dcf\" data-element_type=\"container\" data-e-type=\"container\">\n\t\t\t\t\t<div class=\"e-con-inner\">\n\t\t\t\t<div class=\"elementor-element elementor-element-db86b1c elementor-widget elementor-widget-heading\" data-id=\"db86b1c\" data-element_type=\"widget\" data-e-type=\"widget\" data-widget_type=\"heading.default\">\n\t\t\t\t<div class=\"elementor-widget-container\">\n\t\t\t\t\t<h4 class=\"elementor-heading-title elementor-size-default\">Faculty of Law<\/h4>\t\t\t\t<\/div>\n\t\t\t\t<\/div>\n\t\t\t\t<div class=\"elementor-element elementor-element-7db6998 elementor-widget-divider--view-line elementor-widget elementor-widget-divider\" data-id=\"7db6998\" data-element_type=\"widget\" data-e-type=\"widget\" data-widget_type=\"divider.default\">\n\t\t\t\t<div class=\"elementor-widget-container\">\n\t\t\t\t\t\t\t<div class=\"elementor-divider\">\n\t\t\t<span class=\"elementor-divider-separator\">\n\t\t\t\t\t\t<\/span>\n\t\t<\/div>\n\t\t\t\t\t\t<\/div>\n\t\t\t\t<\/div>\n\t\t\t\t<div class=\"elementor-element elementor-element-0d924b0 elementor-widget elementor-widget-text-editor\" data-id=\"0d924b0\" data-element_type=\"widget\" data-e-type=\"widget\" data-widget_type=\"text-editor.default\">\n\t\t\t\t<div class=\"elementor-widget-container\">\n\t\t\t\t\t\t\t\t\t<ul><li><a href=\"https:\/\/litlab.khas.edu.tr\/\">LITLAB Law and Information Technologies <\/a><a href=\"https:\/\/ccllab.khas.edu.tr\/\">Laboratory<\/a><\/li><li><a href=\"https:\/\/ccllab.khas.edu.tr\/\">CCLLAB Climate Change and Law Laboratory<\/a><\/li><\/ul>\t\t\t\t\t\t\t\t<\/div>\n\t\t\t\t<\/div>\n\t\t\t\t<div class=\"elementor-element elementor-element-15cc5e0 elementor-widget elementor-widget-heading\" data-id=\"15cc5e0\" data-element_type=\"widget\" data-e-type=\"widget\" data-widget_type=\"heading.default\">\n\t\t\t\t<div class=\"elementor-widget-container\">\n\t\t\t\t\t<h4 class=\"elementor-heading-title elementor-size-default\">Faculty of Economics, Administrative and Social Sciences<\/h4>\t\t\t\t<\/div>\n\t\t\t\t<\/div>\n\t\t\t\t<div class=\"elementor-element elementor-element-a7be221 elementor-widget-divider--view-line elementor-widget elementor-widget-divider\" data-id=\"a7be221\" data-element_type=\"widget\" data-e-type=\"widget\" data-widget_type=\"divider.default\">\n\t\t\t\t<div class=\"elementor-widget-container\">\n\t\t\t\t\t\t\t<div class=\"elementor-divider\">\n\t\t\t<span class=\"elementor-divider-separator\">\n\t\t\t\t\t\t<\/span>\n\t\t<\/div>\n\t\t\t\t\t\t<\/div>\n\t\t\t\t<\/div>\n\t\t\t\t<div class=\"elementor-element elementor-element-5c15bdd elementor-widget elementor-widget-text-editor\" data-id=\"5c15bdd\" data-element_type=\"widget\" data-e-type=\"widget\" data-widget_type=\"text-editor.default\">\n\t\t\t\t<div class=\"elementor-widget-container\">\n\t\t\t\t\t\t\t\t\t<ul><li><a tabindex=\"-1\" title=\"https:\/\/cocukveailelab.com\/\" href=\"https:\/\/cocukveailelab.com\/\" target=\"_blank\" rel=\"noopener noreferrer\" aria-label=\"\u00c7ocuk ve Aile Ara\u015ft\u0131rmalar\u0131 Laboratuvar\u0131 Ba\u011flant\u0131s\u0131\">Children and Family Research Laboratory<\/a><\/li><li><a tabindex=\"-1\" title=\"https:\/\/www.moralintuitionslab.com\/\" href=\"https:\/\/www.moralintuitionslab.com\/\" target=\"_blank\" rel=\"noopener noreferrer\" aria-label=\"Moral Intuitions (MINT) Lab Ba\u011flant\u0131s\u0131\">Moral Intuitions (MINT) Lab<\/a><\/li><li><a tabindex=\"-1\" title=\"https:\/\/silab.khas.edu.tr\/\" href=\"https:\/\/silab.khas.edu.tr\/\" target=\"_blank\" rel=\"noopener noreferrer\" aria-label=\"Studies in Language and Bilinguailism (SiLaB) Ba\u011flant\u0131s\u0131\">Studies in Language and Bilinguailism (SiLaB)<\/a><\/li><li><a tabindex=\"-1\" title=\"http:\/\/visualcoglab.khas.edu.tr\/\" href=\"http:\/\/visualcoglab.khas.edu.tr\/\" target=\"_blank\" rel=\"noopener noreferrer\" aria-label=\"Visual Cognition Lab Ba\u011flant\u0131s\u0131\">Visual Cognition Lab<\/a><\/li><\/ul>\t\t\t\t\t\t\t\t<\/div>\n\t\t\t\t<\/div>\n\t\t\t\t<div class=\"elementor-element elementor-element-de7d625 elementor-widget elementor-widget-heading\" data-id=\"de7d625\" data-element_type=\"widget\" data-e-type=\"widget\" data-widget_type=\"heading.default\">\n\t\t\t\t<div class=\"elementor-widget-container\">\n\t\t\t\t\t<h4 class=\"elementor-heading-title elementor-size-default\">Faculty of Communication<\/h4>\t\t\t\t<\/div>\n\t\t\t\t<\/div>\n\t\t\t\t<div class=\"elementor-element elementor-element-f66ea96 elementor-widget-divider--view-line elementor-widget elementor-widget-divider\" data-id=\"f66ea96\" data-element_type=\"widget\" data-e-type=\"widget\" data-widget_type=\"divider.default\">\n\t\t\t\t<div class=\"elementor-widget-container\">\n\t\t\t\t\t\t\t<div class=\"elementor-divider\">\n\t\t\t<span class=\"elementor-divider-separator\">\n\t\t\t\t\t\t<\/span>\n\t\t<\/div>\n\t\t\t\t\t\t<\/div>\n\t\t\t\t<\/div>\n\t\t\t\t<div class=\"elementor-element elementor-element-1ff2f66 elementor-widget elementor-widget-text-editor\" data-id=\"1ff2f66\" data-element_type=\"widget\" data-e-type=\"widget\" data-widget_type=\"text-editor.default\">\n\t\t\t\t<div class=\"elementor-widget-container\">\n\t\t\t\t\t\t\t\t\t<ul><li>Advertising Workshop<\/li><li>Design Lab (x2)<\/li><li>PR Workshop<\/li><li>RTS Studio<\/li><li>New Media Lab<\/li><\/ul>\t\t\t\t\t\t\t\t<\/div>\n\t\t\t\t<\/div>\n\t\t\t\t<div class=\"elementor-element elementor-element-b7882ab elementor-widget elementor-widget-heading\" data-id=\"b7882ab\" data-element_type=\"widget\" data-e-type=\"widget\" data-widget_type=\"heading.default\">\n\t\t\t\t<div class=\"elementor-widget-container\">\n\t\t\t\t\t<h4 class=\"elementor-heading-title elementor-size-default\">Faculty of Engineering and Natural Sciences<\/h4>\t\t\t\t<\/div>\n\t\t\t\t<\/div>\n\t\t\t\t<div class=\"elementor-element elementor-element-0702955 elementor-widget-divider--view-line elementor-widget elementor-widget-divider\" data-id=\"0702955\" data-element_type=\"widget\" data-e-type=\"widget\" data-widget_type=\"divider.default\">\n\t\t\t\t<div class=\"elementor-widget-container\">\n\t\t\t\t\t\t\t<div class=\"elementor-divider\">\n\t\t\t<span class=\"elementor-divider-separator\">\n\t\t\t\t\t\t<\/span>\n\t\t<\/div>\n\t\t\t\t\t\t<\/div>\n\t\t\t\t<\/div>\n\t\t\t\t<div class=\"elementor-element elementor-element-0efccfb elementor-widget elementor-widget-text-editor\" data-id=\"0efccfb\" data-element_type=\"widget\" data-e-type=\"widget\" data-widget_type=\"text-editor.default\">\n\t\t\t\t<div class=\"elementor-widget-container\">\n\t\t\t\t\t\t\t\t\t<ul><li>Bioinformatics and Genetics Lab<\/li><li>Chemistry Lab<\/li><li>Civil Engineering Lab<\/li><li>Computer Lab<\/li><li>Computer Networks Lab<\/li><li>Control and Automation Lab<\/li><li>Electronics Lab<\/li><li>Industrial Engineering Lab<\/li><li>Microprocessors Lab<\/li><li>Physics Lab<\/li><li>Software Development Lab<\/li><\/ul>\t\t\t\t\t\t\t\t<\/div>\n\t\t\t\t<\/div>\n\t\t\t\t<div class=\"elementor-element elementor-element-1720a85 elementor-widget elementor-widget-heading\" data-id=\"1720a85\" data-element_type=\"widget\" data-e-type=\"widget\" data-widget_type=\"heading.default\">\n\t\t\t\t<div class=\"elementor-widget-container\">\n\t\t\t\t\t<h4 class=\"elementor-heading-title elementor-size-default\">Faculty of Art and Design<\/h4>\t\t\t\t<\/div>\n\t\t\t\t<\/div>\n\t\t\t\t<div class=\"elementor-element elementor-element-0d2da6d elementor-widget-divider--view-line elementor-widget elementor-widget-divider\" data-id=\"0d2da6d\" data-element_type=\"widget\" data-e-type=\"widget\" data-widget_type=\"divider.default\">\n\t\t\t\t<div class=\"elementor-widget-container\">\n\t\t\t\t\t\t\t<div class=\"elementor-divider\">\n\t\t\t<span class=\"elementor-divider-separator\">\n\t\t\t\t\t\t<\/span>\n\t\t<\/div>\n\t\t\t\t\t\t<\/div>\n\t\t\t\t<\/div>\n\t\t\t\t<div class=\"elementor-element elementor-element-8d0bc07 elementor-widget elementor-widget-text-editor\" data-id=\"8d0bc07\" data-element_type=\"widget\" data-e-type=\"widget\" data-widget_type=\"text-editor.default\">\n\t\t\t\t<div class=\"elementor-widget-container\">\n\t\t\t\t\t\t\t\t\t<ul><li>B521 Workshop<\/li><li>C108 Workshop<\/li><li>C109 Workshop<\/li><li>C301 Workshop<\/li><li>C305 Workshop<\/li><li>Digital Fabrication Lab<\/li><li>Project Model Making Workshop<\/li><li>T\u00fcnel Multi-Purpose Workshop<\/li><\/ul>\t\t\t\t\t\t\t\t<\/div>\n\t\t\t\t<\/div>\n\t\t\t\t\t<\/div>\n\t\t\t\t<\/div>\n\t\t\t\t<\/div>\n\t\t","protected":false},"excerpt":{"rendered":"<p>Faculty of Law LITLAB Law and Information Technologies Laboratory CCLLAB Climate Change and Law Laboratory Faculty of Economics, Administrative and Social Sciences Children and Family Research Laboratory Moral Intuitions (MINT) Lab Studies in Language and Bilinguailism (SiLaB) Visual Cognition Lab Faculty of Communication Advertising Workshop Design Lab (x2) PR Workshop RTS Studio New Media Lab [&hellip;]<\/p>\n","protected":false},"author":2,"featured_media":0,"parent":0,"menu_order":0,"comment_status":"closed","ping_status":"closed","template":"","meta":{"slim_seo":{"title":"Laboratories - Kadir Has University","description":"Faculty of Law LITLAB Law and Information Technologies Laboratory CCLLAB Climate Change and Law Laboratory Faculty of Economics, Administrative and Social Scien"},"footnotes":""},"birimler":[37],"class_list":["post-3547","page","type-page","status-publish","hentry","birimler-khas-anasayfa"],"_links":{"self":[{"href":"https:\/\/www.khas.edu.tr\/en\/wp-json\/wp\/v2\/pages\/3547","targetHints":{"allow":["GET"]}}],"collection":[{"href":"https:\/\/www.khas.edu.tr\/en\/wp-json\/wp\/v2\/pages"}],"about":[{"href":"https:\/\/www.khas.edu.tr\/en\/wp-json\/wp\/v2\/types\/page"}],"author":[{"embeddable":true,"href":"https:\/\/www.khas.edu.tr\/en\/wp-json\/wp\/v2\/users\/2"}],"replies":[{"embeddable":true,"href":"https:\/\/www.khas.edu.tr\/en\/wp-json\/wp\/v2\/comments?post=3547"}],"version-history":[{"count":7,"href":"https:\/\/www.khas.edu.tr\/en\/wp-json\/wp\/v2\/pages\/3547\/revisions"}],"predecessor-version":[{"id":28452,"href":"https:\/\/www.khas.edu.tr\/en\/wp-json\/wp\/v2\/pages\/3547\/revisions\/28452"}],"wp:attachment":[{"href":"https:\/\/www.khas.edu.tr\/en\/wp-json\/wp\/v2\/media?parent=3547"}],"wp:term":[{"taxonomy":"birimler","embeddable":true,"href":"https:\/\/www.khas.edu.tr\/en\/wp-json\/wp\/v2\/birimler?post=3547"}],"curies":[{"name":"wp","href":"https:\/\/api.w.org\/{rel}","templated":true}]}}