{"id":3315,"date":"2024-10-12T17:52:18","date_gmt":"2024-10-12T14:52:18","guid":{"rendered":"https:\/\/www.khas.edu.tr\/?page_id=3315"},"modified":"2025-02-19T15:08:59","modified_gmt":"2025-02-19T12:08:59","slug":"contact","status":"publish","type":"page","link":"https:\/\/www.khas.edu.tr\/en\/contact\/","title":{"rendered":"CONTACT"},"content":{"rendered":"\n<div class=\"wp-block-columns is-layout-flex wp-container-core-columns-is-layout-1 wp-block-columns-is-layout-flex\">\n<div class=\"wp-block-column is-layout-flow wp-block-column-is-layout-flow\" style=\"flex-basis:40%\"><div id=\"khas-form-message-5\" style=\"display:none;\" class=\"alert\" role=\"alert\"><\/div><form id=\"khas-form-5\" class=\"khas-smtp-form\" method=\"post\"><input type=\"hidden\" name=\"form_id\" value=\"5\"><div class=\"radius-1 bg-light p-4\">\r\n    <div class=\"mb-3\">\r\n        <label for=\"first-name\" class=\"form-label\">First Name<\/label>\r\n        <input type=\"text\" class=\"form-control\" name=\"first-name\" id=\"first-name\" required>\r\n    <\/div>\r\n    <div class=\"mb-3\">\r\n        <label for=\"last-name\" class=\"form-label\">Last Name<\/label>\r\n        <input type=\"text\" class=\"form-control\" name=\"last-name\" id=\"last-name\" required>\r\n    <\/div>\r\n    <div class=\"mb-3\">\r\n        <label for=\"email\" class=\"form-label\">Email Address<\/label>\r\n        <input type=\"email\" class=\"form-control\" name=\"email\" id=\"email\" required>\r\n    <\/div>\r\n    <div class=\"mb-3\">\r\n        <label for=\"message\" class=\"form-label\">Your Message<\/label>\r\n        <textarea class=\"form-control\" name=\"message\" id=\"message\" rows=\"3\" required><\/textarea>\r\n    <\/div>\r\n    <div class=\"mb-3\">\r\n        \n    <div class=\"row\">\n        <div class=\"col-12\">\n            <div class=\"form-check mb-3\">\n                <input class=\"form-check-input\" type=\"checkbox\" id=\"kvkkCheck\" required>\n                <label class=\"form-check-label\" style=\"font-size:14px;\" for=\"kvkkCheck\">\n                    I have read and approved the <a href=\"\" target=\"_blank\" style=\"color: blue; text-decoration: underline;\">Informative and Clarification Text<\/a> within the scope of \"Personal Data Protection Law\".\n                <\/label>\n            <\/div>\n        <\/div>\n    <\/div>\n    <div class=\"g-recaptcha mb-3\" data-sitekey=\"6Le49tsqAAAAACAmj8gGpsEccVk9QZiIAZlXjcPO\"><\/div>\r\n    <\/div>\r\n    <button type=\"submit\" class=\"btn btn-secondary w-100\">Send<\/button>\r\n<\/div>\r\n<\/form>\n    <script>\n    jQuery(document).ready(function($) {\n        $('#khas-form-5').on('submit', function(e) {\n            e.preventDefault();\n            \n            if (grecaptcha.getResponse() == '') {\n                alert('L\u00fctfen robot olmad\u0131\u011f\u0131n\u0131z\u0131 do\u011frulay\u0131n.');\n                return false;\n            }\n\n            var form = $(this);\n            var messageDiv = $('#khas-form-message-5');\n            var submitButton = form.find('button[type=\"submit\"]');\n            var formData = new FormData(this);\n            \n            \/\/ AJAX verilerini ekle\n            formData.append('action', 'khas_smtp_send_mail');\n            formData.append('g-recaptcha-response', grecaptcha.getResponse());\n            \n            \/\/ Submit butonunu devre d\u0131\u015f\u0131 b\u0131rak\n            submitButton.prop('disabled', true);\n            submitButton.html('G\u00f6nderiliyor...');\n            \n            $.ajax({\n                url: 'https:\/\/www.khas.edu.tr\/wp-admin\/admin-ajax.php',\n                type: 'POST',\n                data: formData,\n                processData: false,\n                contentType: false,\n                success: function(response) {\n                    if (response.success) {\n                        messageDiv.removeClass('alert-danger').addClass('alert-success');\n                        messageDiv.html('Mesaj\u0131n\u0131z ba\u015far\u0131yla g\u00f6nderildi.');\n                        form[0].reset();\n                        grecaptcha.reset();\n                    } else {\n                        messageDiv.removeClass('alert-success').addClass('alert-danger');\n                        messageDiv.html(response.data.message || 'Bir hata olu\u015ftu.');\n                    }\n                },\n                error: function() {\n                    messageDiv.removeClass('alert-success').addClass('alert-danger');\n                    messageDiv.html('Bir hata olu\u015ftu. L\u00fctfen daha sonra tekrar deneyin.');\n                },\n                complete: function() {\n                    messageDiv.show();\n                    submitButton.prop('disabled', false);\n                    submitButton.html('G\u00f6nder');\n                }\n            });\n        });\n    });\n    <\/script>\n<\/div>\n\n\n\n<div class=\"wp-block-column is-layout-flow wp-block-column-is-layout-flow\">\n<div class=\"row g-4 align-items-stretch mb-4\">\n    <div class=\"col-md-6\">\n        <div class=\"card shadow-lg p-3 text-center h-100 d-flex flex-column\" style=\"display: flex; justify-content: center; align-items: center; height: 100%;\">\n            <i class=\"bi bi-telephone-fill fs-2 text-primary\"><\/i>\n            <h5 class=\"mt-2\">Phone<\/h5>\n            <a href=\"tel:+902125336532\" class=\"text-decoration-none\">+90 (212) 533 65 32<\/a>\n        <\/div>\n    <\/div>\n    <div class=\"col-md-6\">\n        <div class=\"card shadow-lg p-3 text-center h-100 d-flex flex-column\" style=\"display: flex; justify-content: center; align-items: center; height: 100%;\">\n            <i class=\"bi bi-printer-fill fs-2 text-danger\"><\/i>\n            <h5 class=\"mt-2\">Fax<\/h5>\n            <a href=\"fax:+902126319150\" class=\"text-decoration-none\">+90 (212) 631 91 50<\/a>\n        <\/div>\n    <\/div>\n    <div class=\"col-md-6\">\n        <div class=\"card shadow-lg p-3 text-center h-100 d-flex flex-column\" style=\"display: flex; justify-content: center; align-items: center; height: 100%;\">\n            <i class=\"bi bi-envelope-fill fs-2 text-success\"><\/i>\n            <h5 class=\"mt-2\">E-Mail<\/h5>\n            <div style=\"display: flex; flex-direction: column; gap: 5px;\">\n                <a href=\"mailto:danisma@khas.edu.tr\" class=\"text-decoration-none\">danisma@khas.edu.tr<\/a>\n                <a href=\"mailto:khas@hs01.kep.tr\" class=\"text-decoration-none\">khas@hs01.kep.tr<\/a>\n            <\/div>\n        <\/div>\n    <\/div>\n    <div class=\"col-md-6\">\n        <div class=\"card shadow-lg p-3 text-center h-100 d-flex flex-column\" style=\"display: flex; justify-content: center; align-items: center; height: 100%;\">\n            <i class=\"bi bi-geo-alt-fill fs-2 text-warning\"><\/i>\n            <h5 class=\"mt-2\">Address<\/h5>\n            <a href=\"https:\/\/maps.google.com.tr\/mobile?q=KHAS%20Yol%20Tarifi&#038;igu=1\" target=\"_blank\" class=\"text-decoration-none\">\n                Cibali Mah. Kadir Has Cad. 34083 Fatih, Istanbul\n            <\/a>\n        <\/div>\n    <\/div>\n<\/div>\n\n\n\n\n<iframe src=\"https:\/\/www.google.com\/maps\/embed?pb=!1m18!1m12!1m3!1d699.6814868275785!2d28.95872728329045!3d41.02497202596957!2m3!1f0!2f0!3f0!3m2!1i1024!2i768!4f13.1!3m3!1m2!1s0x14cab9f12ab56e17%3A0x9485bbf687d7cbfd!2sKadir%20Has%20%C3%9Cniversitesi!5e0!3m2!1str!2str!4v1739965520185!5m2!1str!2str\" width=\"100%\" height=\"314\" style=\"border:0;\" allowfullscreen=\"\" loading=\"lazy\" referrerpolicy=\"no-referrer-when-downgrade\"><\/iframe>\n<\/div>\n<\/div>\n","protected":false},"excerpt":{"rendered":"<p>Phone +90 (212) 533 65 32 Fax +90 (212) 631 91 50 E-Mail danisma@khas.edu.tr khas@hs01.kep.tr Address Cibali Mah. Kadir Has Cad. 34083 Fatih, Istanbul<\/p>\n","protected":false},"author":2,"featured_media":0,"parent":0,"menu_order":0,"comment_status":"closed","ping_status":"closed","template":"","meta":{"slim_seo":{"title":"CONTACT - Kadir Has University","description":"Phone +90 (212) 533 65 32 Fax +90 (212) 631 91 50 E-Mail danisma@khas.edu.tr khas@hs01.kep.tr Address Cibali Mah. Kadir Has Cad. 34083 Fatih, Istanbul"},"footnotes":""},"birimler":[37],"class_list":["post-3315","page","type-page","status-publish","hentry","birimler-khas-anasayfa"],"_links":{"self":[{"href":"https:\/\/www.khas.edu.tr\/en\/wp-json\/wp\/v2\/pages\/3315","targetHints":{"allow":["GET"]}}],"collection":[{"href":"https:\/\/www.khas.edu.tr\/en\/wp-json\/wp\/v2\/pages"}],"about":[{"href":"https:\/\/www.khas.edu.tr\/en\/wp-json\/wp\/v2\/types\/page"}],"author":[{"embeddable":true,"href":"https:\/\/www.khas.edu.tr\/en\/wp-json\/wp\/v2\/users\/2"}],"replies":[{"embeddable":true,"href":"https:\/\/www.khas.edu.tr\/en\/wp-json\/wp\/v2\/comments?post=3315"}],"version-history":[{"count":8,"href":"https:\/\/www.khas.edu.tr\/en\/wp-json\/wp\/v2\/pages\/3315\/revisions"}],"predecessor-version":[{"id":10609,"href":"https:\/\/www.khas.edu.tr\/en\/wp-json\/wp\/v2\/pages\/3315\/revisions\/10609"}],"wp:attachment":[{"href":"https:\/\/www.khas.edu.tr\/en\/wp-json\/wp\/v2\/media?parent=3315"}],"wp:term":[{"taxonomy":"birimler","embeddable":true,"href":"https:\/\/www.khas.edu.tr\/en\/wp-json\/wp\/v2\/birimler?post=3315"}],"curies":[{"name":"wp","href":"https:\/\/api.w.org\/{rel}","templated":true}]}}