{"id":30722,"date":"2025-11-04T15:28:43","date_gmt":"2025-11-04T12:28:43","guid":{"rendered":"https:\/\/www.khas.edu.tr\/?page_id=30722"},"modified":"2025-11-07T14:51:48","modified_gmt":"2025-11-07T11:51:48","slug":"financial-data","status":"publish","type":"page","link":"https:\/\/www.khas.edu.tr\/en\/financial-data\/","title":{"rendered":"Financial Data"},"content":{"rendered":"\t\t<div data-elementor-type=\"wp-page\" data-elementor-id=\"30722\" class=\"elementor elementor-30722\">\n\t\t\t\t<div class=\"elementor-element elementor-element-e82c6c3 e-flex e-con-boxed e-con e-parent\" data-id=\"e82c6c3\" data-element_type=\"container\" data-e-type=\"container\">\n\t\t\t\t\t<div class=\"e-con-inner\">\n\t\t\t\t<div class=\"elementor-element elementor-element-58c2d98 elementor-widget elementor-widget-text-editor\" data-id=\"58c2d98\" data-element_type=\"widget\" data-e-type=\"widget\" data-widget_type=\"text-editor.default\">\n\t\t\t\t<div class=\"elementor-widget-container\">\n\t\t\t\t\t\t\t\t\t<p data-start=\"189\" data-end=\"234\"><strong data-start=\"189\" data-end=\"234\">Financial Transparency and Accountability<\/strong><\/p><p data-start=\"236\" data-end=\"865\">Kadir Has University maintains a strong commitment to financial transparency and accountability in all its research and development activities. In line with national higher education regulations, the University\u2019s annual R&amp;D financial data are systematically compiled and submitted to the Council of Higher Education (Y\u00fcksek\u00f6\u011fretim Kurulu Ba\u015fkanl\u0131\u011f\u0131) each year. The figures presented below demonstrate our institution\u2019s commitment to transparency, accurate reporting, and compliance with auditing requirements. These data illustrate our transparent use of resources and our accountability in managing both internal and external R&amp;D funds.<\/p><p data-start=\"236\" data-end=\"865\">Please note that TL stands for Turkish Lira, the official currency of the Republic of T\u00fcrkiye.<\/p><table width=\"1082\"><tbody><tr><td style=\"text-align: center;\" colspan=\"6\" width=\"1082\"><span style=\"color: #000080;\"><strong>Y\u00d6K (HIGHER EDUCATION COUNCIL OF T\u00dcRK\u0130YE) 2024 SUBMITTED FINANCIAL DATA<\/strong><\/span><br \/><span style=\"color: #000080;\"><strong>TABLE 17-B<\/strong><\/span><\/td><\/tr><tr><td style=\"text-align: center;\" colspan=\"6\" width=\"1082\"><span style=\"color: #000080;\"><strong>A. In-House R&amp;D Expenditure<\/strong><\/span><br \/><strong>Total: 21,817,860.26 TL (2023\u20132024) | 27,029,560.06 TL (2024\u20132025)<\/strong><\/td><\/tr><tr><td><strong>No<\/strong><\/td><td width=\"263\"><strong>R&amp;D Items<\/strong><\/td><td width=\"293\"><strong>Explanation Regarding Amounts<\/strong><\/td><td width=\"245\"><strong>Documents to be Prepared for Audit<\/strong><\/td><td><strong>2023\u20132024 (TL)<\/strong><\/td><td><strong>2024\u20132025 (TL)<\/strong><\/td><\/tr><tr><td>1<\/td><td width=\"263\">Cash Scholarships for Master\u2019s with Thesis &amp; PhD Students (excluding tuition\/fees waived by the University; only cash deposited to the student\u2019s account)<\/td><td width=\"293\">The annual total will be calculated over the monthly amounts deposited into the accounts of students pursuing a Master\u2019s with Thesis or a PhD. It covers scholarships deposited in cash to the student\u2019s account, excluding tuition\/fees waived by the University.<\/td><td width=\"245\">Data will be prepared on an individual (per-person) basis in an Excel file. Bank receipts will be kept ready, matched with the sequence numbers provided in Excel.<\/td><td>5,154,596.25<\/td><td>5,887,508.49<\/td><\/tr><tr><td>2<\/td><td width=\"263\">Funds used to support research projects through BAP and similar programs<\/td><td width=\"293\">Enter the amounts transferred to projects supported under programs that are expected\u2014upon completion\u2014to contribute to science in their fields, and to the country\u2019s technological, economic, social and cultural development; that may be carried out with the participation of internal\/external, national\/international institutions; and that support training of researchers and the establishment\/improvement of research infrastructure.<\/td><td width=\"245\">\u201cData will be prepared on a project basis in an Excel file. The Excel will indicate both the total project budget and the amount transferred within the year. In the same Excel, include an \u2018R&amp;D-qualification project summary\u2019 for each project. Project contracts signed between the Rector or Vice Rectors and academic staff will be prepared. The amount transferred within the year under each project will be verified.\u201d<\/td><td>1,540,508.00<\/td><td>438,296.49<\/td><\/tr><tr><td>3<\/td><td width=\"263\">Performance-based individual research projects and similar funds<\/td><td width=\"293\">Enter the amount of funds provided for research based on academic staff performance.<\/td><td width=\"245\">\u201cData will be prepared on an individual (per-person) basis in an Excel file. Bank receipts will be kept ready, matched with the sequence numbers provided in Excel.\u201d<\/td><td>4,472,816.51<\/td><td>4,918,651.80<\/td><\/tr><tr><td>4<\/td><td width=\"263\">Library expenses<\/td><td width=\"293\">The amount spent with the institution\u2019s internal funds for scholarly publications (excluding textbooks, lecture notes, and \u201ctextbooks\u201d).<\/td><td width=\"245\">\u201cData will be prepared on a purchase basis in an Excel file. Bank receipts will be kept ready, matched with the sequence numbers provided in Excel.\u201d<\/td><td>684,172.32<\/td><td>11,899,587.37<\/td><\/tr><tr><td>5<\/td><td width=\"263\">Research database expenses (as designated by Y\u00d6K)<\/td><td width=\"293\">Covers the costs of license agreements concluded with research-database providers designated by Y\u00d6K.<\/td><td width=\"245\">\u201cData will be prepared on a contract basis in an Excel file. Bank receipts will be kept ready, matched with the sequence numbers provided in Excel.\u201d<\/td><td>8,858,532.05<\/td><td>1,312,236.69<\/td><\/tr><tr><td>6<\/td><td width=\"263\">Researcher mobility supports (including domestic\/international conference supports)<\/td><td width=\"293\">Enter the amounts paid\u2014using university internal funds within the relevant year\u2014to Master\u2019s with Thesis\/PhD students and academic staff for mobility (assignments for research, courses, training, conferences, symposia, domestic\/international).<\/td><td width=\"245\">\u201cData will be prepared on an individual (per-person) basis in an Excel file. Bank receipts will be kept ready, matched with the sequence numbers provided in Excel.\u201d<\/td><td>251,189.23<\/td><td>1,036,264.97<\/td><\/tr><tr><td>7<\/td><td width=\"263\">Annual membership fees to international scientific organizations<\/td><td width=\"293\">Annual fees paid for memberships to international scientific organizations.<\/td><td width=\"245\">\u201cData will be prepared on a contract basis in an Excel file. Bank receipts will be kept ready, matched with the sequence numbers provided in Excel.\u201d<\/td><td>856,045.90<\/td><td>1,537,014.25<\/td><\/tr><tr><td style=\"text-align: center;\" colspan=\"6\" width=\"1082\"><span style=\"color: #000080;\"><strong>B. Domestic Externally-Funded R&amp;D Expenditure<\/strong><\/span><br \/><strong>Total: 17,980,585.00 TL (2023\u20132024) | 30,342,242.16 TL (2024\u20132025)<\/strong><\/td><\/tr><tr><td style=\"text-align: left;\"><strong>No<\/strong><\/td><td style=\"text-align: left;\" width=\"263\"><strong>R&amp;D Items<\/strong><\/td><td style=\"text-align: left;\" width=\"293\"><strong>Explanation Regarding Amounts<\/strong><\/td><td style=\"text-align: left;\" width=\"245\"><strong>Documents to be Prepared for Audit<\/strong><\/td><td style=\"text-align: left;\" width=\"124\"><strong>2023\u20132024 (TL)<\/strong><\/td><td style=\"text-align: left;\" width=\"124\"><strong>2024\u20132025 (TL)<\/strong><\/td><\/tr><tr><td>1<\/td><td width=\"263\">Supports of Central Government Organizations (T\u00dcB\u0130TAK\u2014ARDEB\/TEYDEB\/B\u0130DEB, KOSGEB\u2014R&amp;D, Innovation &amp; Industrial Application, T\u00dcSEB, Development Agencies, MoIT Technology-Focused Industry Move, Defense Industry Presidency, TAGEM, relevant Ministries)<\/td><td width=\"293\">Enter the amounts transferred within the year to projects supported by National R&amp;D and Innovation Support Programs that started, continued, or were completed in the relevant year (including public-supported industry projects in R&amp;D\/innovation and consultancy services provided to them; excluding investment projects and BAP projects).<\/td><td width=\"245\">An Excel table will be prepared showing the amount of funds transferred in the year by the relevant public institutions\/organizations providing R&amp;D and innovation funds to foundation universities, and indicating under which project the funds were transferred (project name, start\u2013end dates, project budget).<\/td><td width=\"124\">17,378,285.00<\/td><td width=\"124\">29,716,861.41<\/td><\/tr><tr><td>2<\/td><td width=\"263\">Supports from For-Profit and Not-for-Profit Companies<\/td><td width=\"293\">Enter the amount of funds received from university\u2013industry collaboration R&amp;D and innovation projects funded solely by industrial organizations that started, continued, or were completed in the relevant year.<\/td><td width=\"245\">\u201cData will be prepared on a project basis in an Excel file. For each project listed in Excel, include an \u2018R&amp;D-qualification project summary\u2019 in the same file. As evidence, universities will keep ready the project contracts\/assignment letters and documents\/invoices showing the transferred amounts, matched with the sequence numbers given in Excel.\u201d<\/td><td width=\"124\">602,300.00<\/td><td width=\"124\">625,380.75<\/td><\/tr><tr><td style=\"text-align: center;\" colspan=\"6\" width=\"1082\"><span style=\"color: #000080;\"><strong>C. International Externally-Funded R&amp;D Expenditure<\/strong><\/span><br \/><strong>Total: 129,132,151.97 TL (2023\u20132024) | 144,239,365.41 TL (2024\u20132025)<\/strong><\/td><\/tr><tr><td><strong>No<\/strong><\/td><td width=\"263\"><strong>R&amp;D Items<\/strong><\/td><td width=\"293\"><strong>Explanation Regarding Amounts<\/strong><\/td><td width=\"245\"><strong>Documents to be Prepared for Audit<\/strong><\/td><td width=\"124\"><strong>2023\u20132024 (TL)<\/strong><\/td><td width=\"124\"><strong>2024\u20132025 (TL)<\/strong><\/td><\/tr><tr><td>1<\/td><td width=\"263\">Supports from Other Countries\u2019 Funding Authorities<\/td><td width=\"293\">The total budget transferred in the relevant year for projects supported by international organizations equivalent to T\u00dcB\u0130TAK under R&amp;D and Innovation Support Programs.<\/td><td width=\"245\">\u201cProject contracts\/assignment letters and documents\/invoices showing the transferred amounts will be prepared as evidence. The amount transferred within the year under the projects will be verified.\u201d<\/td><td width=\"124\">414,832.10<\/td><td width=\"124\">2,150.28<\/td><\/tr><tr><td>2<\/td><td width=\"263\">Supports from European Union Institutions<\/td><td width=\"293\">The total budget transferred in the relevant year for projects supported by HORIZON 2020, bilateral\/multilateral collaborations, COST, ERA-NET international R&amp;D and Innovation Support Programs.<\/td><td width=\"245\">\u201cProject contracts\/assignment letters and documents\/invoices showing the transferred amounts will be prepared as evidence. The amount transferred within the year under the projects will be verified.\u201d<\/td><td width=\"124\">122,555,245.95<\/td><td width=\"124\">143,720,482.50<\/td><\/tr><tr><td>3<\/td><td width=\"263\">Supports from Supranational Organizations (OECD, FAO, UNCTAD, UNICEF)<\/td><td width=\"293\">The total budget transferred in the relevant year for projects supported by supranational organizations under R&amp;D and Innovation Support Programs.<\/td><td width=\"245\">Project contracts\/assignment letters and documents\/invoices showing the transferred amounts will be prepared as evidence.<\/td><td width=\"124\">413,440.22<\/td><td width=\"124\">38,385.09<\/td><\/tr><tr><td>4<\/td><td width=\"263\">Supports from For-Profit and Not-for-Profit Companies<\/td><td width=\"293\">The amount of funds received from university\u2013industry collaboration R&amp;D and innovation projects funded solely by foreign industrial organizations that started, continued, or were completed in the relevant year.<\/td><td width=\"245\">\u201cProject contracts\/assignment letters and documents\/invoices showing the transferred amounts will be prepared as evidence. The amount transferred within the year under the projects will be verified.\u201d<\/td><td width=\"124\">4,482,103.53<\/td><td width=\"124\">437,459.46<\/td><\/tr><tr><td>5<\/td><td width=\"263\">Supports from Higher Education Institutions<\/td><td width=\"293\">The total budget transferred in the relevant year for projects supported by international higher education institutions under R&amp;D and Innovation Support Programs.<\/td><td width=\"245\">\u201cProject contracts\/assignment letters and documents\/invoices showing the transferred amounts will be requested. The amount transferred within the year under the projects will be checked on-site by Y\u00d6K auditors.\u201d<\/td><td width=\"124\">1,266,530.17<\/td><td width=\"124\">40,888.06<\/td><\/tr><tr><td style=\"text-align: center;\" colspan=\"6\" width=\"1082\"><span style=\"color: #000080;\"><strong>D. Total Externally-Funded R&amp;D Expenditures<\/strong><\/span><br \/><strong>147,112,736.97 TL (2023\u20132024) | 174,581,607.56 TL (2024\u20132025)<\/strong><\/td><\/tr><tr><td style=\"text-align: center;\" colspan=\"6\" width=\"1082\"><span style=\"color: #000080;\"><strong>E. Total R&amp;D Expenditures<\/strong><\/span><br \/><strong>168,930,597.23 TL (2023\u20132024) | 201,611,167.62 TL (2024\u20132025)<\/strong><\/td><\/tr><tr><td colspan=\"6\" width=\"1082\"><strong>Note:<\/strong> Apart from these items, additional expenditures by the foundation higher education institution, such as laboratory infrastructure, machinery-equipment purchases, consumables, and personnel costs, may generally be considered within the scope of R&amp;D; however, since a low value like 1% of student income is taken as a reference for tangible and clear R&amp;D outputs, only the items above will be taken into account in calculating the total R&amp;D expenditure.<\/td><\/tr><\/tbody><\/table>\t\t\t\t\t\t\t\t<\/div>\n\t\t\t\t<\/div>\n\t\t\t\t\t<\/div>\n\t\t\t\t<\/div>\n\t\t<div class=\"elementor-element elementor-element-5bd4a07 e-flex e-con-boxed e-con e-parent\" data-id=\"5bd4a07\" data-element_type=\"container\" data-e-type=\"container\">\n\t\t\t\t\t<div class=\"e-con-inner\">\n\t\t\t\t<div class=\"elementor-element elementor-element-9f70002 elementor-widget elementor-widget-spacer\" data-id=\"9f70002\" data-element_type=\"widget\" data-e-type=\"widget\" data-widget_type=\"spacer.default\">\n\t\t\t\t<div class=\"elementor-widget-container\">\n\t\t\t\t\t\t\t<div class=\"elementor-spacer\">\n\t\t\t<div class=\"elementor-spacer-inner\"><\/div>\n\t\t<\/div>\n\t\t\t\t\t\t<\/div>\n\t\t\t\t<\/div>\n\t\t\t\t\t<\/div>\n\t\t\t\t<\/div>\n\t\t\t\t<\/div>\n\t\t","protected":false},"excerpt":{"rendered":"<p>Financial Transparency and Accountability Kadir Has University maintains a strong commitment to financial transparency and accountability in all its research and development activities. In line with national higher education regulations, the University\u2019s annual R&amp;D financial data are systematically compiled and submitted to the Council of Higher Education (Y\u00fcksek\u00f6\u011fretim Kurulu Ba\u015fkanl\u0131\u011f\u0131) each year. The figures presented [&hellip;]<\/p>\n","protected":false},"author":2,"featured_media":0,"parent":0,"menu_order":0,"comment_status":"closed","ping_status":"closed","template":"","meta":{"slim_seo":{"title":"Financial Data - Kadir Has University","description":"Financial Transparency and Accountability Kadir Has University maintains a strong commitment to financial transparency and accountability in all its research an"},"footnotes":""},"birimler":[181],"class_list":["post-30722","page","type-page","status-publish","hentry","birimler-impact"],"_links":{"self":[{"href":"https:\/\/www.khas.edu.tr\/en\/wp-json\/wp\/v2\/pages\/30722","targetHints":{"allow":["GET"]}}],"collection":[{"href":"https:\/\/www.khas.edu.tr\/en\/wp-json\/wp\/v2\/pages"}],"about":[{"href":"https:\/\/www.khas.edu.tr\/en\/wp-json\/wp\/v2\/types\/page"}],"author":[{"embeddable":true,"href":"https:\/\/www.khas.edu.tr\/en\/wp-json\/wp\/v2\/users\/2"}],"replies":[{"embeddable":true,"href":"https:\/\/www.khas.edu.tr\/en\/wp-json\/wp\/v2\/comments?post=30722"}],"version-history":[{"count":13,"href":"https:\/\/www.khas.edu.tr\/en\/wp-json\/wp\/v2\/pages\/30722\/revisions"}],"predecessor-version":[{"id":31908,"href":"https:\/\/www.khas.edu.tr\/en\/wp-json\/wp\/v2\/pages\/30722\/revisions\/31908"}],"wp:attachment":[{"href":"https:\/\/www.khas.edu.tr\/en\/wp-json\/wp\/v2\/media?parent=30722"}],"wp:term":[{"taxonomy":"birimler","embeddable":true,"href":"https:\/\/www.khas.edu.tr\/en\/wp-json\/wp\/v2\/birimler?post=30722"}],"curies":[{"name":"wp","href":"https:\/\/api.w.org\/{rel}","templated":true}]}}