{"id":30633,"date":"2025-11-04T11:51:14","date_gmt":"2025-11-04T08:51:14","guid":{"rendered":"https:\/\/www.khas.edu.tr\/?page_id=30633"},"modified":"2025-11-06T09:43:23","modified_gmt":"2025-11-06T06:43:23","slug":"sdg-1","status":"publish","type":"page","link":"https:\/\/www.khas.edu.tr\/en\/sdg-1\/","title":{"rendered":"SDG 1"},"content":{"rendered":"\t\t<div data-elementor-type=\"wp-page\" data-elementor-id=\"30633\" class=\"elementor elementor-30633\">\n\t\t\t\t<div class=\"elementor-element elementor-element-f72625e e-flex e-con-boxed e-con e-parent\" data-id=\"f72625e\" data-element_type=\"container\" data-e-type=\"container\">\n\t\t\t\t\t<div class=\"e-con-inner\">\n\t\t\t\t<div class=\"elementor-element elementor-element-9bf4ea2 elementor-widget elementor-widget-text-editor\" data-id=\"9bf4ea2\" data-element_type=\"widget\" data-e-type=\"widget\" data-widget_type=\"text-editor.default\">\n\t\t\t\t<div class=\"elementor-widget-container\">\n\t\t\t\t\t\t\t\t\t<p>Kadir Has University actively contributes to eradicating poverty through both social engagement and academic research.\u00a0 Student teams collaborated with the Basic Needs Association (T\u0130DER) to support municipal food banks in \u015ei\u015fli and Beyo\u011flu, receiving training on urban poverty and food waste before volunteering in daily operations. Faculty-led T\u00dcB\u0130TAK 3501 research explored cooperation under resource scarcity, and publications addressed sustainable income support policies in Turkey. In addition, initiatives like the Zorlu PSM Theatre Workshop provided free professional training to aspiring artists from disadvantaged backgrounds, promoting cultural participation and social inclusion.<\/p><p><strong>1.1. Events<\/strong><\/p><ul><li>The Psychological Origins of Cooperation<a href=\"#_ftn1\" name=\"_ftnref1\">[1]<\/a><\/li><li>The Psychological Origins of Cooperation (<a href=\"https:\/\/www.moralintuitionslab.com\/_files\/ugd\/132f29_d92f95b49a044013ae8889f40ebc967d.pdf\">PDF<\/a>) was supported by a training activity conducted within the Faculty of Art and Design, Theatre Department through the Zorlu PSM Workshop, held between 10 January and 31 May 2023. The program featured expert instructors Serdar Bili\u015f, \u00d6zlem Hemi\u015f, and \u00d6zlem \u00d6zhabes, and targeted writers, directors, and producers who applied as scholarship recipients. Offered free of charge, the PSM Workshop aims to introduce new talents to the theatre and enrich original content.<a href=\"#_ftn2\" name=\"_ftnref2\">[2]<\/a><\/li><\/ul><p><strong>1.2. Projects<\/strong><\/p><ul><li>T\u00dcB\u0130TAK 3501 \u2013 Assoc. Prof. Dr. Onucan Y\u0131lmaz: \u201cHow Can Cooperation Be Encouraged Under Resource Scarcity? The Moderating Role of Intuitive\/Analytical Thinking\u201d<\/li><\/ul><p><strong>1.3. Publications<\/strong><\/p><ul><li><strong>Is precarity a fate for women in T\u00fcrkiye? Rethinking energy poverty from a gender perspective<\/strong><br \/><em>Authors:<\/em> Ucal, M. and G\u00fcnay, S.<\/li><\/ul><p><em>Year:<\/em> 2023<\/p><ul><li><strong>Transforming T\u00fcrkiye&#8217;s power system: An assessment of economic, social, and external impacts of an energy transition by 2030<\/strong><\/li><\/ul><p><em>Authors:<\/em> Acar, S., Kat, B., Rogner, M., Saygin, D., Taranto, Y., and Yeldan, A.<\/p><p><em>Year:<\/em> 2023<\/p><ul><li><strong>Toward a green income support policy: Investigating social and fiscal alternatives for Turkey<\/strong><\/li><\/ul><p><em>Authors:<\/em> Do\u011fan, B., Tekg\u00fc\u00e7, H., and Yeldan, A.<\/p><p><em>Year:<\/em> 2023<\/p><ul><li><strong>Introduction: Economy and Foreign Policy in a Multipolar World<\/strong><\/li><\/ul><p><em>Authors:<\/em> Kutlay, M. and Karao\u011fuz, H.<\/p><p><em>Year:<\/em> 2023<\/p><ul><li><strong>Poverty and income distribution incidence of the COVID-19 outbreak: investigating socially responsible policy alternatives for Turkey<\/strong><\/li><\/ul><p><em>Authors:<\/em> Tekg\u00fc\u00e7, H., \u00dcnsal, E., and Yeldan, A.<\/p><p><em>Year:<\/em> 2023<\/p><p><strong>1.4. Courses<\/strong><\/p><ul><li>KHAS110 \u2013 Social Responsibility Project was carried out in cooperation with Temel \u0130htiya\u00e7 Derne\u011fi (Tider), where student teams volunteered at food banks operated by the \u015ei\u015fli and Beyo\u011flu Municipalities\u2019 Social Services Directorates. Prior to their assignments, students received training on food waste and urban poverty, after which they engaged in hands-on volunteer work, including shelf-stacking, assisting visitors, and storehouse duties.<\/li><li><strong>KH542 \u2013 Current Issues in International Tax Law<\/strong> was offered under two schedules:<ul><li><strong>Friday, 19:00 \u2013 21:50, D-113<\/strong><\/li><li><strong>Monday, 18:30 \u2013 21:20, D-103<\/strong><\/li><\/ul><\/li><\/ul><p>The course was instructed by <strong>Alara Efsun Yaz\u0131c\u0131o\u011flu<\/strong> and focused on contemporary challenges and practices in <strong>international tax law<\/strong>.<\/p><p><a href=\"#_ftnref1\" name=\"_ftn1\">[1]<\/a> https:\/\/www.moralintuitionslab.com\/_files\/ugd\/132f29_d92f95b49a044013ae8889f40ebc967d.pdf<\/p><p><a href=\"#_ftnref2\" name=\"_ftn2\">[2]<\/a> https:\/\/www.zorlupsm.com\/kurumsal\/psm-atolye<\/p>\t\t\t\t\t\t\t\t<\/div>\n\t\t\t\t<\/div>\n\t\t\t\t\t<\/div>\n\t\t\t\t<\/div>\n\t\t<div class=\"elementor-element elementor-element-87161c3 e-flex e-con-boxed e-con e-parent\" data-id=\"87161c3\" data-element_type=\"container\" data-e-type=\"container\">\n\t\t\t\t\t<div class=\"e-con-inner\">\n\t\t\t\t<div class=\"elementor-element elementor-element-6e63430 elementor-align-justify elementor-widget elementor-widget-button\" data-id=\"6e63430\" data-element_type=\"widget\" data-e-type=\"widget\" data-widget_type=\"button.default\">\n\t\t\t\t<div class=\"elementor-widget-container\">\n\t\t\t\t\t\t\t\t\t<div class=\"elementor-button-wrapper\">\n\t\t\t\t\t<a class=\"elementor-button elementor-button-link elementor-size-sm\" href=\"https:\/\/www.khas.edu.tr\/wp-content\/uploads\/2025\/11\/SDG1.pdf\">\n\t\t\t\t\t\t<span class=\"elementor-button-content-wrapper\">\n\t\t\t\t\t\t\t\t\t<span class=\"elementor-button-text\">Please click here to access the SDG1 report<\/span>\n\t\t\t\t\t<\/span>\n\t\t\t\t\t<\/a>\n\t\t\t\t<\/div>\n\t\t\t\t\t\t\t\t<\/div>\n\t\t\t\t<\/div>\n\t\t\t\t\t<\/div>\n\t\t\t\t<\/div>\n\t\t<div class=\"elementor-element elementor-element-74b9583 e-flex e-con-boxed e-con e-parent\" data-id=\"74b9583\" data-element_type=\"container\" data-e-type=\"container\">\n\t\t\t\t\t<div class=\"e-con-inner\">\n\t\t\t\t<div class=\"elementor-element elementor-element-ecc5f1a elementor-widget elementor-widget-spacer\" data-id=\"ecc5f1a\" data-element_type=\"widget\" data-e-type=\"widget\" data-widget_type=\"spacer.default\">\n\t\t\t\t<div class=\"elementor-widget-container\">\n\t\t\t\t\t\t\t<div class=\"elementor-spacer\">\n\t\t\t<div class=\"elementor-spacer-inner\"><\/div>\n\t\t<\/div>\n\t\t\t\t\t\t<\/div>\n\t\t\t\t<\/div>\n\t\t\t\t\t<\/div>\n\t\t\t\t<\/div>\n\t\t\t\t<\/div>\n\t\t","protected":false},"excerpt":{"rendered":"<p>Kadir Has University actively contributes to eradicating poverty through both social engagement and academic research.\u00a0 Student teams collaborated with the Basic Needs Association (T\u0130DER) to support municipal food banks in \u015ei\u015fli and Beyo\u011flu, receiving training on urban poverty and food waste before volunteering in daily operations. Faculty-led T\u00dcB\u0130TAK 3501 research explored cooperation under resource scarcity, [&hellip;]<\/p>\n","protected":false},"author":2,"featured_media":0,"parent":0,"menu_order":0,"comment_status":"closed","ping_status":"closed","template":"","meta":{"slim_seo":{"title":"SDG 1 - Kadir Has University","description":"Kadir Has University actively contributes to eradicating poverty through both social engagement and academic research.\u00a0 Student teams collaborated with the Basi"},"footnotes":""},"birimler":[181],"class_list":["post-30633","page","type-page","status-publish","hentry","birimler-impact"],"_links":{"self":[{"href":"https:\/\/www.khas.edu.tr\/en\/wp-json\/wp\/v2\/pages\/30633","targetHints":{"allow":["GET"]}}],"collection":[{"href":"https:\/\/www.khas.edu.tr\/en\/wp-json\/wp\/v2\/pages"}],"about":[{"href":"https:\/\/www.khas.edu.tr\/en\/wp-json\/wp\/v2\/types\/page"}],"author":[{"embeddable":true,"href":"https:\/\/www.khas.edu.tr\/en\/wp-json\/wp\/v2\/users\/2"}],"replies":[{"embeddable":true,"href":"https:\/\/www.khas.edu.tr\/en\/wp-json\/wp\/v2\/comments?post=30633"}],"version-history":[{"count":28,"href":"https:\/\/www.khas.edu.tr\/en\/wp-json\/wp\/v2\/pages\/30633\/revisions"}],"predecessor-version":[{"id":31340,"href":"https:\/\/www.khas.edu.tr\/en\/wp-json\/wp\/v2\/pages\/30633\/revisions\/31340"}],"wp:attachment":[{"href":"https:\/\/www.khas.edu.tr\/en\/wp-json\/wp\/v2\/media?parent=30633"}],"wp:term":[{"taxonomy":"birimler","embeddable":true,"href":"https:\/\/www.khas.edu.tr\/en\/wp-json\/wp\/v2\/birimler?post=30633"}],"curies":[{"name":"wp","href":"https:\/\/api.w.org\/{rel}","templated":true}]}}