{"id":30630,"date":"2025-11-04T11:50:44","date_gmt":"2025-11-04T08:50:44","guid":{"rendered":"https:\/\/www.khas.edu.tr\/?page_id=30630"},"modified":"2025-11-06T09:47:11","modified_gmt":"2025-11-06T06:47:11","slug":"sdg-3","status":"publish","type":"page","link":"https:\/\/www.khas.edu.tr\/en\/sdg-3\/","title":{"rendered":"SDG 3"},"content":{"rendered":"\t\t<div data-elementor-type=\"wp-page\" data-elementor-id=\"30630\" class=\"elementor elementor-30630\">\n\t\t\t\t<div class=\"elementor-element elementor-element-e8b49c7 e-flex e-con-boxed e-con e-parent\" data-id=\"e8b49c7\" data-element_type=\"container\" data-e-type=\"container\">\n\t\t\t\t\t<div class=\"e-con-inner\">\n\t\t\t\t<div class=\"elementor-element elementor-element-6698012 elementor-widget elementor-widget-text-editor\" data-id=\"6698012\" data-element_type=\"widget\" data-e-type=\"widget\" data-widget_type=\"text-editor.default\">\n\t\t\t\t<div class=\"elementor-widget-container\">\n\t\t\t\t\t\t\t\t\t<p>Kadir Has University prioritizes the health and well-being of its community and society through education, research, and outreach. The on-campus health unit, staffed by a physician and nurse, provides preventive and primary care services to students, staff, and visitors. Social responsibility projects, such as KHAS110 modules in local schools, promote peer bullying awareness, emotional intelligence, and healthy habits. Faculty research addresses healthcare innovation, including AI-based digital services for MS patients and studies on optimizing hospital emergency infrastructure. Academic output includes publications on COVID-19 communication, medical supply chains, and patient safety, contributing to healthcare resilience and policy development.<\/p><p><strong>3.1. Events<\/strong><\/p><ul><li>Conference on Disability Rights III: Rights of the Disabled Consumer (organized in collaboration with Kadir Has University Faculty of Law and the Istanbul Bar Association Disability Rights Center) (02\u201303.12.2024)<a href=\"#_ftn1\" name=\"_ftnref1\">[1]<\/a><\/li><li>Prof. Dr. Hamide Bah\u00e7eci, \u201cHealth and Disability Rights\u201d (02\u201303.12.2024)<\/li><li>Faculty: Faculty of Art and Design | Unit \/ Center: Berlin Association of Women from Turkey | Activity Type: Workshop | Activity Title: Gizem Aksu | Activity Date: 21.07.2023 | Summary: Body and Movement Workshop for 2nd, 3rd, and 4th Generation Women Migrants in Berlin<\/li><\/ul><p><strong>3.2. Projects<\/strong><\/p><ul><li>T\u00dcB\u0130TAK 1001 \u2013 Prof. Dr. Nimet Uray<\/li><\/ul><p>Project Title: \u201cExamining the Interaction of Perceived Characteristics of AI-Based (Digital) Services, Co-Creation of Value, and Continued Usage Intention: A Study on MS Patients\u201d (Supported in the 1st term of 2023)<\/p><ul><li>Faculty: Faculty of Art and Design | Publication \/ Project Type: T\u00dcB\u0130TAK 1001 | Publication \/ Project Title: Determining Visual Comfort Variables in Workspaces Based on Human-Centered Lighting and Energy Performance Requirements | Project Coordinator: Prof. Dr. Banu Manav (Kadir Has University)<\/li><li>Research Asst. Dr. Egemen Kaymaz (Uluda\u011f University) | Project Date: 10\/12\/2023 \u2013 10\/08\/2026 | Short Summary: The proposed research focuses on the structure of lighting systems used in contemporary work environments. The project will investigate visual comfort variables in today\u2019s working conditions in conjunction with the significance of the human-centered lighting design concept, using a 1:1 scale controlled experimental environment. Additionally, one of the project\u2019s objectives is to determine the energy performance level that results in optimal cost over the economic lifecycle for the proposed lighting scenarios. Within the human-centered lighting approach, the study will also assess the improvement rate of lighting energy performance achieved through the combined use of dynamic LED luminaires and lighting control strategies.<\/li><\/ul><p><strong>3.3. Publications<\/strong><\/p><ul><li><strong>Regime switching in coupled nonlinear systems: Sources, prediction, and control\u2014Minireview and perspective on the Focus Issue<\/strong><br \/><em>Authors:<\/em> Franovi\u0107, I., Eydam, S., and Eroglu, D.<br \/><em>Year:<\/em> 2024<\/li><li><strong>Effective drug design screening in bacterial glycolytic enzymes via targeting alternative allosteric sites<\/strong><br \/><em>Authors:<\/em> T\u00fcrkmeno\u011flu, I., Kurtulu\u015f, G., Sesal, C., Kurkcuoglu, O., Ayyildiz, M., Celiker, , Ozhelvaci, F., Du, X., Liu, G., Arditi, M., and Akten, E.<br \/><em>Year:<\/em> 2024<\/li><li><strong>Mental disorder and suicidal ideation detection from social media using deep neural networks<\/strong><br \/><em>Authors:<\/em> Ezerceli, \u00d6. and Dehkharghani, R.<br \/><em>Year:<\/em> 2024<\/li><li><strong>The association of HLA-DRB1 alleles and MBL2 gene variant in pediatric acute lymphoblastic leukemia patients<\/strong><br \/><em>Authors:<\/em> O\u011fuz, S., \u015eent\u00fcrk-\u00c7ift\u00e7i, H., G\u00f6k\u00e7e, M., \u00d6gret, Y., Karadeniz, T., Pehlivan, S., Ozd\u0131ll\u0131, K., Karaka\u015f, Z., Karaman, S., and Aydin, F.<br \/><em>Year:<\/em> 2024<\/li><li><strong>Folk theories of false information: A mixed-methods study in the context of Covid-19 in Turkey<\/strong><br \/><em>Authors:<\/em> Ko\u00e7er, S., \u00d6z, B., Ok\u00e7uo\u011flu, G., and Tapramaz, F.<br \/><em>Year:<\/em> 2024<\/li><li><strong>Repurposing of known drugs from multiple libraries to identify novel and potential selective inhibitors of HDAC6 via in silico approach and molecular modeling<\/strong><br \/><em>Authors:<\/em> Mert, N., Erdogan, B., and Yelek\u00e7i, K.<br \/><em>Year:<\/em> 2024<\/li><li><strong>Healthcare workers&#8217; memories in the COVID-19 pandemic: The role of visual perspective and event centrality in subjective temporal distance<\/strong><br \/><em>Authors:<\/em> Bilgin, E. and \u00d6ner, S.<br \/><em>Year:<\/em> 2024<\/li><li><strong>EyeGuide &amp; EyeConGuide: Gaze-based Visual Guides to Improve 3D Sketching Systems<\/strong><br \/><em>Authors:<\/em> T\u00fcrkmen, R., Gelmez, Z., Batmaz, A., Stuerzlinger, W., Asente, P., Sarac, M., Pfeuffer, K., and Barrera-Machuca, M.<br \/><em>Year:<\/em> 2024<\/li><li><strong>Continuous Glycemic Monitoring Enabled by A Wi-Fi Energy-Harvesting Wearable Sweat-Sensing Patch<\/strong><br \/><em>Authors:<\/em> Mirlou, F., Abbasiasl, T., Mirzajani, H., Istif, E., Akhtar, M., Cak\u0131r, C., and Beker, L.<br \/><em>Year:<\/em> 2024<\/li><li><strong>Vertical individualism orientations and mental health stigma: the mediating role of belief in free will<\/strong><br \/><em>Authors:<\/em> Tatar, B., Ozkok, H., Altan-Atalay, A., and Turan, B.<br \/><em>Year:<\/em> 2024<\/li><li><strong>Opportunities and challenges of artificial intelligence and distributed systems to improve the quality of healthcare service<\/strong><br \/><em>Authors:<\/em> Aminizadeh, S., Heidari, A., Dehghan, M., Toumaj, S., Rezaei, M., Navimipour, N., Stroppa, F., and Unal, M.<br \/><em>Year:<\/em> 2024<\/li><li><strong>Synthesis of New Imidazo[1,2-a]pyridine Triazole Hybrid Molecules as Potential Apoptotic Antitumor Agents<\/strong><br \/><em>Authors:<\/em> Albayrak Halac, F., Essiz, S., Servili, B., Altunda\u015f, R., Onur Sucu, B., and Kulu, I.<br \/><em>Year:<\/em> 2024<\/li><li><strong>Multi-task learning on mental disorder detection, sentiment analysis, and emotion detection using social media posts<\/strong><br \/><em>Authors:<\/em> Armah, C. and Dehkharghani, R.<br \/><em>Year:<\/em> 2024<\/li><li><strong>Editorial: Compartmental models for social interactions<\/strong><br \/><em>Authors:<\/em> Bilge, A., Peker-Dobie, A., Severin, I., Piqueira, J., Bellingeri, M., and Prodanov, D.<br \/><em>Year:<\/em> 2024<\/li><li><strong>Electric vehicle selection for industrial users using an interval-valued intuitionistic fuzzy COPRAS-based model<\/strong><br \/><em>Authors:<\/em> Faruk G\u00f6r\u00e7\u00fcn, \u00d6., Simic, V., Kundu, P., \u00d6zbek, A., and Kucukonder, H.<br \/><em>Year:<\/em> 2024<\/li><li><strong>A Bicriteria Model to Determine Pareto Optimal Pulse Vaccination Strategies<\/strong><br \/><em>Authors:<\/em> Samanlioglu, F., Tabassum, N., Karaca, T., and Bilge, A.<br \/><em>Year:<\/em> 2024<\/li><li><strong>Improving COVID-19 Detection: Leveraging Convolutional Neural Networks in Chest X-Ray Imaging<\/strong><br \/><em>Authors:<\/em> Jamil, M., Chukwu, I., and Creutzburg, R.<br \/><em>Year:<\/em> 2024<\/li><li><strong>Politics of household indebtedness in Turkey<\/strong><br \/><em>Authors:<\/em> Ayhan, B., Aydin, M., and Ulcay, A.<br \/><em>Year:<\/em> 2024<\/li><li><strong>Population politics, reproductive governance and access to abortion in Turkey<\/strong><br \/><em>Authors:<\/em> O&#8217;Neil, M., Ramaswamy, A., and Altunta\u015f, D.<br \/><em>Year:<\/em> 2024<\/li><li><strong>Understanding the dynamics of compliance to smoke-free policy regulations: Exploring the perspectives of venue owners and staff in T\u00fcrkiye<\/strong><br \/><em>Authors:<\/em> Baltac\u0131, E., \u00c7arko\u011flu, A., Saraf, S., Erg\u00fcder, T., Ergor, G., Hayran, M., and Hoe, C.<br \/><em>Year:<\/em> 2024<\/li><li><strong>Partisan Bias in COVID-19 Conspiracy Theories: News Reliance and the Moderating Role of Trust in Health Authorities<\/strong><br \/><em>Authors:<\/em> Wu, Y., Kuru, O., Baruh, L., \u00c7arko\u01e7lu, A., Cemalcilar, Z., and Yildirim, K.<br \/><em>Year:<\/em> 2024<\/li><li><strong>Novel azole-urea hybrids as VEGFR-2 inhibitors: Synthesis, in vitro antiproliferative evaluation and in silico studies<\/strong><br \/><em>Authors:<\/em> Shirzad, M., Kulabas, N., Erdo\u011fan, O., Cevik, O., Dere, D., Yelek\u00e7i, K., Dani\u015f, \u00d6., and K\u00fc\u00e7\u00fckg\u00fczel, \u0130.<br \/><em>Year:<\/em> 2023<\/li><li><strong>The Vital Role of Diabetes Nurse Educators in Smoking Cessation: A Case Study from T\u00fcrkiye<\/strong><br \/><em>Authors:<\/em> \u00d6zcan, \u015e., \u00c7arko\u011flu, A., Nichter, M., Nichter, M., and Aydin, N.<br \/><em>Year:<\/em> 2023<\/li><li><strong>Social and moral psychology of COVID-19 across 69 countries<\/strong><br \/><em>Authors:<\/em> Azevedo, F., Pavlovic, T., R\u00eago, G., Ay, F., Gjoneska, B., Etienne, T., Ross, R., Schoenegger, P., Ria\u00f1o-Moreno, J., Cichocka, A., Capraro, V., Cian, L., Longoni, C., Chan, H., van Bavel, J., Sj\u00e5stad, H., Nezlek, J., Alfano, M., Gelfand, M., Birtel, M., Cis\u0142ak, A., Lockwood, P., Abts, K., Agadullina, E., Aruta, J., Besharati, S., Bor, A., Choma, B., Crabtree, C., Cunningham, W., De, K., Ejaz, W., Elbaek, C., Findor, A., Flichtentrei, D., Franc, R., Gruber, J., Gualda, E., Horiuchi, Y., Huynh, T., Ib\u00e1\u00f1ez, A., Imran, M., Israelashvili, J., Ja\u015bko, K., Kantorowicz, J., Kantorowicz-Reznichenko, E., Krouwel, A., Laakasuo, M., Lamm, C., Leygue, C., Lin, M., Mansoor, M., Marie, A., Mayiwar, L., Mazepus, H., McHugh, C., Minda, J., Mitkidis, P., Olsson, A., Otterbring, T., Packer, D., Perry, A., Petersen, M., Puthillam, A., Rothmund, T., Santamar\u00eda-Garc\u00eda, H., Schmid, P., Stoyanov, D., Tewari, S., Todosijevi\u0107, B., Tsakiris, M., Tung, H., Umbre\u0219, R., Vanags, E., Vlasceanu, M., Vonasch, A., Yucel, M., Zhang, Y., Abad, M., Adler, E., Akrawi, N., Mdarhri, H., Amara, H., Amodio, D., Antazo, B., Apps., M., Ba, M., Barbosa, S., Bastian, B., Berg, A., Bernal-Z\u00e1rate, M., Bernstein, M., Bia\u0142ek, M., Bilancini, E., Bogatyreva, N., Boncinelli, L., Booth, J., Borau, S., Buchel, O., and Cameron, C.<br \/><em>Year:<\/em> 2023<\/li><li><strong>Newly synthesized 6-substituted piperazine\/phenyl-9-cyclopentyl containing purine nucleobase analogs act as potent anticancer agents and induce apoptosis via inhibiting Src in hepatocellular carcinoma cells<\/strong><br \/><em>Authors:<\/em> Bilget G\u00fcven, E., Durmaz \u015eahin, I., Altiparmak, D., Servili, B., Essiz, S., Cetin-Atalay, R., and Tun\u00e7b\u00edlek, M.<br \/><em>Year:<\/em> 2023<\/li><li><strong>Synthesis and investigation of cytotoxic effects of compounds derived from flurbiprofen<\/strong><br \/><em>Authors:<\/em> G\u00f6ko\u011flan, E., Dere, D., Bedir, \u0130., Yelek\u00e7i, K., Telci, D., and K\u00fc\u00e7\u00fckg\u00fczel, S.<br \/><em>Year:<\/em> 2023<\/li><li><strong>Evaluation of the Potential Therapeutic Properties of Liquidambar orientalis Oil<\/strong><br \/><em>Authors:<\/em> Baloglu, M., Yildiz Ozer, L., Pirci, B., Zengin, G., Uba, A., and Celik Altunoglu, Y.<br \/><em>Year:<\/em> 2023<\/li><li><strong>Novel 1,2,4-triazoles derived from Ibuprofen: synthesis and in vitro evaluation of their mPGES-1 inhibitory and antiproliferative activity<\/strong><br \/><em>Authors:<\/em> B\u00fclb\u00fcl, B., Ding, K., Zhan, C., \u00c7ift\u00e7i, G., Yelek\u00e7i, K., Gurboga, M., Bingol Ozakpinar, O., Aydemir, E., Bayba\u011f, D., \u015eahin, F., Kulabas, N., Helvacioglu, S., Hamito\u011flu, M., Tatar, E., \u00d6zbey, S., and K\u00fc\u00e7\u00fckg\u00fczel, \u0130.<br \/><em>Year:<\/em> 2023<\/li><li><strong>Fresh food supplier selection for global retail chains via bipolar neutrosophic methodology<\/strong><br \/><em>Authors:<\/em> Faruk G\u00f6r\u00e7\u00fcn, \u00d6. and Aytekin, A.<br \/><em>Year:<\/em> 2023<\/li><li><strong>The effects of prolactin on the immune system, its relationship with the severity of COVID-19, and its potential immunomodulatory therapeutic effect<\/strong><br \/><em>Authors:<\/em> Rasmi, Y., Jalali, L., Khalid, S., Shokati, A., Tyagi, P., \u00d6zt\u00fcrk, A., and Nasimfar, A.<br \/><em>Year:<\/em> 2023<\/li><li><strong>A new lung cancer detection method based on the chest CT images using Federated Learning and blockchain systems<\/strong><br \/><em>Authors:<\/em> Heidari, A., Javaheri, D., Toumaj, S., Navimipour, N., Rezaei, M., and Unal, M.<br \/><em>Year:<\/em> 2023<\/li><li><strong>Visual processing of food stimuli: The impact of working memory load and color<\/strong><br \/><em>Authors:<\/em> G\u00fcrb\u00fcz, E. and Gokce, A.<br \/><em>Year:<\/em> 2023<\/li><li><strong>Chemical profile, antiproliferative and antibacterial activities and docking studies of essential oil and hexane fraction of hydrosol from fresh leaf of Plectranthus amboinicus (Lour.) Spreng.<\/strong><br \/><em>Authors:<\/em> Ibrahim, E., Yagi, S., Tzanova, T., Schohn, H., Uba, A., and Zengin, G.<br \/><em>Year:<\/em> 2023<\/li><li><strong>A radio frequency identification reader collision avoidance protocol for dense reader environments in the context of Industry 4.0<\/strong><br \/><em>Authors:<\/em> Rezaie, H., Golsorkhtabaramiri, M., and Navimipour, N.<br \/><em>Year:<\/em> 2023<\/li><li><strong>A multifunctional key to open a new window on the path to natural resources\u2014lessons from a study on chemical composition and biological capability of Paeonia mascula L. from Turkey<\/strong><br \/><em>Authors:<\/em> Kurt-Celep, \u0130., Zengin, G., Celep, E., D&#8217;allacqua, S., Sut, S., Ferrase, I., Ak, G., Uba, A., Polat, R., Canl\u0131, D., Darendelio\u011flu, E., Aumeeruddy, M., Shariati, M., and Mahomoodally, F.<br \/><em>Year:<\/em> 2023<\/li><li><strong>Synthesis, in vitro and in silico studies on novel 3-aryloxymethyl-5-[(2-oxo-2-arylethyl)sulfanyl]-1,2,4-triazoles and their oxime derivatives as potent inhibitors of mPGES-1<\/strong><br \/><em>Authors:<\/em> Erensoy, G., Ding, K., Zhan, C., \u00c7ift\u00e7i, G., Yelek\u00e7i, K., Durac\u0131k, M., Bingol Ozakpinar, O., Aydemir, E., Y\u0131lmaz, N., \u015eahin, F., Kulabas, N., Tatar, E., and K\u00fc\u00e7\u00fckg\u00fczel, \u0130.<br \/><em>Year:<\/em> 2023<\/li><li><strong>Deep Learning Algorithms for the Prediction of Renal Failure: A Case Study from Tanzania&#8217;s Muhimbili National Hospital<\/strong><br \/><em>Authors:<\/em> Fihavango, T., Igira, F., Talawa, N., and Phillip, S.<br \/><em>Year:<\/em> 2023<\/li><li><strong>Dynamics of Feline Coronavirus and FIP: A Compartmental Modeling Approach<\/strong><br \/><em>Authors:<\/em> Peker-Dobie, A., Bayrakal, A., Or, E., and Bilge, A.<br \/><em>Year:<\/em> 2023<\/li><li><strong>Improving Diabetic Retinopathy Detection Using Patchwise CNN with biGRU Model<\/strong><br \/><em>Authors:<\/em> Darici, M. and Yigit, G.<br \/><em>Year:<\/em> 2023<\/li><li><strong>Epidemic Models for Chemical Gel Phase Transformation: Effect of Optical Measurements with Different Wavelengths<\/strong><br \/><em>Authors:<\/em> Ogrenci, A., Bilge, A., Pekcan, \u00d6., and Incegul, M.<br \/><em>Year:<\/em> 2023<\/li><li><strong>COVID-19 modeling based on real geographic and population data<\/strong><br \/><em>Authors:<\/em> Baysazan, E., Berker, A., Mandal, H., and Kaygusuz, H.<br \/><em>Year:<\/em> 2023<\/li><li><strong>Evaluation of an Immersive COVID-19 Data Visualization<\/strong><br \/><em>Authors:<\/em> Kaya, F., Celik, E., Batmaz, A., Mutasim, A., and Stuerzlinger, W.<br \/><em>Year:<\/em> 2023<\/li><li><strong>Chemical and Biological Investigations of Allium scorodoprasum L. Flower Extracts<\/strong><br \/><em>Authors:<\/em> \u0110or\u0111evski, N., Uba, A., Zengin, G., Bo\u017eunovi\u0107, J., Ga\u0161i\u0107, U., Ristanovi\u0107, E., \u0106iri\u0107, A., Nikoli\u0107, B., and Stojkovi\u0107, D.<br \/><em>Year:<\/em> 2023<\/li><li><strong>Consumers and service robots: Power relationships amid COVID-19 pandemic<\/strong><br \/><em>Authors:<\/em> Merdin-Uygur, E. and Ozturkcan, S.<br \/><em>Year:<\/em> 2023<\/li><li><strong>Poverty and income distribution incidence of the COVID-19 outbreak: investigating socially responsible policy alternatives for Turkey<\/strong><br \/><em>Authors:<\/em> Tekg\u00fc\u00e7, H., \u00dcnsal, E., and Yeldan, A.<br \/><em>Year:<\/em> 2023<\/li><\/ul><p><strong>3.4. Courses<\/strong><\/p><ul><li>In KHAS105, the Bioethics module discusses the impact of advances in gene and \u201chuman enhancement\u201d technologies on individual and public health, together with the associated ethical issues.<\/li><li>KHAS1810 Social Justice and Policy Change: students analyze three case studies on how political and social systems shape economic and social life. One case examines the 1980s food-pyramid debate in the USA\u2014via a role-play of political actors, farm lobbies, and health institutions\u2014to explore how health policies evolve under political-economic pressure.<\/li><li>Faculty: Faculty of Art and Design | Program: Interior Architecture and Environmental Design (Undergraduate) | Course: IAR306 Interior Architecture Design Systems IV: Installation | Term: 2022\u20132023 \/ 2023\u20132024 Spring Semester | This course aims to provide fundamental knowledge and awareness of environmentally sensitive and sustainable building approaches, including environmental design, passive and active design strategies, mechanical and plumbing systems, technical infrastructure, and fire safety. It is designed to equip students with a professional vision that integrates environmental, economic, and social sustainability principles into practice.<\/li><li>Faculty: Graduate School | Program: Design | Course: Design, Art and Urban Space \u2013 Instructor: Ay\u015fe Erek | Term: 2023\u20132024 Spring Semester | Focuses on art, design, and spatial policies in urban public spaces.<\/li><li>Faculty: Faculty of Art and Design | Program: Industrial Design (Undergraduate) | Course: History of Industrial Design \u2013 Instructor: Ay\u015fe Erek | Term: 2023\u20132024 Spring Semester | Covers the history of industrial design from the 19th century to the present.<\/li><\/ul><p><strong>3.5. Related Interventions<\/strong><\/p><ul><li>Health Service: Kadir Has University has a health unit that serves administrative staff, academic staff, and students. The health unit is staffed by one doctor and one full-time nurse and is also accessible to contractors and external visitors when needed. The unit provides preliminary diagnosis and initial treatment and ensures follow-up in subsequent stages of care.<\/li><\/ul><p><a href=\"#_ftnref1\" name=\"_ftn1\"><u>[1]<\/u><\/a> <u>https:\/\/www.instagram.com\/p\/DCrKdxwM44G\/?img_index=1<\/u><\/p>\t\t\t\t\t\t\t\t<\/div>\n\t\t\t\t<\/div>\n\t\t\t\t<div class=\"elementor-element elementor-element-1eeb2ca elementor-align-justify elementor-widget elementor-widget-button\" data-id=\"1eeb2ca\" data-element_type=\"widget\" data-e-type=\"widget\" data-widget_type=\"button.default\">\n\t\t\t\t<div class=\"elementor-widget-container\">\n\t\t\t\t\t\t\t\t\t<div class=\"elementor-button-wrapper\">\n\t\t\t\t\t<a class=\"elementor-button elementor-button-link elementor-size-sm\" href=\"https:\/\/www.khas.edu.tr\/wp-content\/uploads\/2025\/11\/SDG3.pdf\">\n\t\t\t\t\t\t<span class=\"elementor-button-content-wrapper\">\n\t\t\t\t\t\t\t\t\t<span class=\"elementor-button-text\">Please click here to access the SDG3 report<\/span>\n\t\t\t\t\t<\/span>\n\t\t\t\t\t<\/a>\n\t\t\t\t<\/div>\n\t\t\t\t\t\t\t\t<\/div>\n\t\t\t\t<\/div>\n\t\t\t\t\t<\/div>\n\t\t\t\t<\/div>\n\t\t<div class=\"elementor-element elementor-element-f0d7b6f e-flex e-con-boxed e-con e-parent\" data-id=\"f0d7b6f\" data-element_type=\"container\" data-e-type=\"container\">\n\t\t\t\t\t<div class=\"e-con-inner\">\n\t\t\t\t<div class=\"elementor-element elementor-element-7d0397d elementor-widget elementor-widget-spacer\" data-id=\"7d0397d\" data-element_type=\"widget\" data-e-type=\"widget\" data-widget_type=\"spacer.default\">\n\t\t\t\t<div class=\"elementor-widget-container\">\n\t\t\t\t\t\t\t<div class=\"elementor-spacer\">\n\t\t\t<div class=\"elementor-spacer-inner\"><\/div>\n\t\t<\/div>\n\t\t\t\t\t\t<\/div>\n\t\t\t\t<\/div>\n\t\t\t\t\t<\/div>\n\t\t\t\t<\/div>\n\t\t<div class=\"elementor-element elementor-element-0308029 e-flex e-con-boxed e-con e-parent\" data-id=\"0308029\" data-element_type=\"container\" data-e-type=\"container\">\n\t\t\t\t\t<div class=\"e-con-inner\">\n\t\t\t\t\t<\/div>\n\t\t\t\t<\/div>\n\t\t\t\t<\/div>\n\t\t","protected":false},"excerpt":{"rendered":"<p>Kadir Has University prioritizes the health and well-being of its community and society through education, research, and outreach. The on-campus health unit, staffed by a physician and nurse, provides preventive and primary care services to students, staff, and visitors. Social responsibility projects, such as KHAS110 modules in local schools, promote peer bullying awareness, emotional intelligence, [&hellip;]<\/p>\n","protected":false},"author":2,"featured_media":0,"parent":0,"menu_order":0,"comment_status":"closed","ping_status":"closed","template":"","meta":{"slim_seo":{"title":"SDG 3 - Kadir Has University","description":"Kadir Has University prioritizes the health and well-being of its community and society through education, research, and outreach. The on-campus health unit, st"},"footnotes":""},"birimler":[181],"class_list":["post-30630","page","type-page","status-publish","hentry","birimler-impact"],"_links":{"self":[{"href":"https:\/\/www.khas.edu.tr\/en\/wp-json\/wp\/v2\/pages\/30630","targetHints":{"allow":["GET"]}}],"collection":[{"href":"https:\/\/www.khas.edu.tr\/en\/wp-json\/wp\/v2\/pages"}],"about":[{"href":"https:\/\/www.khas.edu.tr\/en\/wp-json\/wp\/v2\/types\/page"}],"author":[{"embeddable":true,"href":"https:\/\/www.khas.edu.tr\/en\/wp-json\/wp\/v2\/users\/2"}],"replies":[{"embeddable":true,"href":"https:\/\/www.khas.edu.tr\/en\/wp-json\/wp\/v2\/comments?post=30630"}],"version-history":[{"count":7,"href":"https:\/\/www.khas.edu.tr\/en\/wp-json\/wp\/v2\/pages\/30630\/revisions"}],"predecessor-version":[{"id":31346,"href":"https:\/\/www.khas.edu.tr\/en\/wp-json\/wp\/v2\/pages\/30630\/revisions\/31346"}],"wp:attachment":[{"href":"https:\/\/www.khas.edu.tr\/en\/wp-json\/wp\/v2\/media?parent=30630"}],"wp:term":[{"taxonomy":"birimler","embeddable":true,"href":"https:\/\/www.khas.edu.tr\/en\/wp-json\/wp\/v2\/birimler?post=30630"}],"curies":[{"name":"wp","href":"https:\/\/api.w.org\/{rel}","templated":true}]}}