{"id":30626,"date":"2025-11-04T11:49:54","date_gmt":"2025-11-04T08:49:54","guid":{"rendered":"https:\/\/www.khas.edu.tr\/?page_id=30626"},"modified":"2025-11-06T19:55:40","modified_gmt":"2025-11-06T16:55:40","slug":"sdg-6","status":"publish","type":"page","link":"https:\/\/www.khas.edu.tr\/en\/sdg-6\/","title":{"rendered":"SDG 6"},"content":{"rendered":"\t\t<div data-elementor-type=\"wp-page\" data-elementor-id=\"30626\" class=\"elementor elementor-30626\">\n\t\t\t\t<div class=\"elementor-element elementor-element-9ee02c5 e-flex e-con-boxed e-con e-parent\" data-id=\"9ee02c5\" data-element_type=\"container\" data-e-type=\"container\">\n\t\t\t\t\t<div class=\"e-con-inner\">\n\t\t\t\t<div class=\"elementor-element elementor-element-7ac767d elementor-widget elementor-widget-text-editor\" data-id=\"7ac767d\" data-element_type=\"widget\" data-e-type=\"widget\" data-widget_type=\"text-editor.default\">\n\t\t\t\t<div class=\"elementor-widget-container\">\n\t\t\t\t\t\t\t\t\t<p>KHAS ensures sustainable water management on campus through infrastructure maintenance, awareness campaigns, and the installation of filtered water dispensers. Water-saving devices, routine inspections, and targeted communication reduce waste and ensure efficient usage. These operational practices are integrated into environmental training for staff and students, reinforcing the University\u2019s commitment to sustainable resource management.<\/p><p><strong>6.1. Events<\/strong><\/p><ul><li>Wednesday Conference: Assoc. Prof. Dr. Richard L. Kilpatrick, Jr., \u201cReflections on the Russian Oil Price Cap\u201d (21 February 2024).<a href=\"#_ftn1\" name=\"_ftnref1\">[1]<\/a><\/li><\/ul><p><strong>6.2. Projects<\/strong><\/p><ul><li>Green Library Project: Water fountains and filtered dispensers were installed to provide free access to clean water.<\/li><li>Occupational Health and Safety (ISG) Projects: Efforts are made to reduce water consumption while considering energy efficiency. Awareness signs and measures for water use are displayed in designated areas and on advertising boards across the university. Administrative and academic staff receive annual environmental training on water conservation. Systems to monitor and control water usage have been implemented, and regular maintenance of water pipes is conducted to prevent inefficient use.<\/li><\/ul><p><strong>6.3. Publications<\/strong><\/p><ul><li><strong>Ranking willingness to reuse water in cotton irrigation with hybrid MCDM methods: Soke plain case study<\/strong><br \/><em>Authors:<\/em> Burak, S., Samanlioglu, F., \u00dclker, D., and K\u00fcp, E.<br \/><em>Year:<\/em> 2024<\/li><li><strong>Optimization of wastewater treatment systems for growing industrial parks<\/strong><br \/><em>Authors:<\/em> Savun-Hekimo\u011flu, B., \u0130\u015fler, Z., Hekimo\u011flu, M., Burak, S., Karl\u0131, D., Y\u00fccekaya, A., Akp\u0131nar, E., and Ediger, V.<br \/><em>Year:<\/em> 2023<\/li><li><strong>Efficient Photocatalytic Degradation of Methylene Blue Dye from Aqueous Solution with Cerium Oxide Nanoparticles and Graphene Oxide-Doped Polyacrylamide<\/strong><br \/><em>Authors:<\/em> Kalaycioglu, Z., \u00d6zu\u011fur Uysal, B., Pekcan, \u00d6., and Erim, F.<br \/><em>Year:<\/em> 2023<\/li><\/ul><p><strong>6.4. Courses<\/strong><\/p><ul><li>LAW 474 \u2013 Climate Law (Elective)<\/li><\/ul><p>Course Description: This course addresses law, environmental protection, and climate change. Students will learn how law serves as a tool to prevent and mitigate problems caused by climate change and will be introduced to a series of definitions, concepts, and themes that provide fundamental knowledge of climate change.<\/p><ul><li>Faculty: Faculty of Art and Design | Program: Interior Architecture and Environmental Design (Undergraduate)<\/li><\/ul><p>Course Description: IAR306 Interior Architecture Design Systems IV: Installation | Term: 2022\u20132023 \/ 2023\u20132024 Spring Semester | This course aims to provide fundamental knowledge and awareness of environmentally conscious and sustainable building approaches, including environmental design, passive and active design strategies, mechanical and plumbing systems, technical infrastructure, and fire safety. It equips students with a vision that incorporates environmental, economic, and social sustainability principles into professional practice.<\/p><p><a href=\"#_ftnref1\" name=\"_ftn1\"><u>[1]<\/u><\/a> <u>https:\/\/www.instagram.com\/p\/C3aGCRsKWwR\/ <\/u><\/p>\t\t\t\t\t\t\t\t<\/div>\n\t\t\t\t<\/div>\n\t\t\t\t\t<\/div>\n\t\t\t\t<\/div>\n\t\t<div class=\"elementor-element elementor-element-efe0115 e-flex e-con-boxed e-con e-parent\" data-id=\"efe0115\" data-element_type=\"container\" data-e-type=\"container\">\n\t\t\t\t\t<div class=\"e-con-inner\">\n\t\t\t\t<div class=\"elementor-element elementor-element-4d0a56b elementor-align-justify elementor-widget elementor-widget-button\" data-id=\"4d0a56b\" data-element_type=\"widget\" data-e-type=\"widget\" data-widget_type=\"button.default\">\n\t\t\t\t<div class=\"elementor-widget-container\">\n\t\t\t\t\t\t\t\t\t<div class=\"elementor-button-wrapper\">\n\t\t\t\t\t<a class=\"elementor-button elementor-button-link elementor-size-sm\" href=\"https:\/\/www.khas.edu.tr\/wp-content\/uploads\/2025\/11\/SDG6.pdf\">\n\t\t\t\t\t\t<span class=\"elementor-button-content-wrapper\">\n\t\t\t\t\t\t\t\t\t<span class=\"elementor-button-text\">Please click here to access the SDG6 report<\/span>\n\t\t\t\t\t<\/span>\n\t\t\t\t\t<\/a>\n\t\t\t\t<\/div>\n\t\t\t\t\t\t\t\t<\/div>\n\t\t\t\t<\/div>\n\t\t\t\t\t<\/div>\n\t\t\t\t<\/div>\n\t\t<div class=\"elementor-element elementor-element-991128e e-flex e-con-boxed e-con e-parent\" data-id=\"991128e\" data-element_type=\"container\" data-e-type=\"container\">\n\t\t\t\t\t<div class=\"e-con-inner\">\n\t\t\t\t<div class=\"elementor-element elementor-element-e29b31d elementor-widget elementor-widget-spacer\" data-id=\"e29b31d\" data-element_type=\"widget\" data-e-type=\"widget\" data-widget_type=\"spacer.default\">\n\t\t\t\t<div class=\"elementor-widget-container\">\n\t\t\t\t\t\t\t<div class=\"elementor-spacer\">\n\t\t\t<div class=\"elementor-spacer-inner\"><\/div>\n\t\t<\/div>\n\t\t\t\t\t\t<\/div>\n\t\t\t\t<\/div>\n\t\t\t\t\t<\/div>\n\t\t\t\t<\/div>\n\t\t\t\t<\/div>\n\t\t","protected":false},"excerpt":{"rendered":"<p>KHAS ensures sustainable water management on campus through infrastructure maintenance, awareness campaigns, and the installation of filtered water dispensers. Water-saving devices, routine inspections, and targeted communication reduce waste and ensure efficient usage. These operational practices are integrated into environmental training for staff and students, reinforcing the University\u2019s commitment to sustainable resource management. 6.1. Events Wednesday [&hellip;]<\/p>\n","protected":false},"author":2,"featured_media":0,"parent":0,"menu_order":0,"comment_status":"closed","ping_status":"closed","template":"","meta":{"slim_seo":{"title":"SDG 6 - Kadir Has University","description":"KHAS ensures sustainable water management on campus through infrastructure maintenance, awareness campaigns, and the installation of filtered water dispensers."},"footnotes":""},"birimler":[181],"class_list":["post-30626","page","type-page","status-publish","hentry","birimler-impact"],"_links":{"self":[{"href":"https:\/\/www.khas.edu.tr\/en\/wp-json\/wp\/v2\/pages\/30626","targetHints":{"allow":["GET"]}}],"collection":[{"href":"https:\/\/www.khas.edu.tr\/en\/wp-json\/wp\/v2\/pages"}],"about":[{"href":"https:\/\/www.khas.edu.tr\/en\/wp-json\/wp\/v2\/types\/page"}],"author":[{"embeddable":true,"href":"https:\/\/www.khas.edu.tr\/en\/wp-json\/wp\/v2\/users\/2"}],"replies":[{"embeddable":true,"href":"https:\/\/www.khas.edu.tr\/en\/wp-json\/wp\/v2\/comments?post=30626"}],"version-history":[{"count":7,"href":"https:\/\/www.khas.edu.tr\/en\/wp-json\/wp\/v2\/pages\/30626\/revisions"}],"predecessor-version":[{"id":31532,"href":"https:\/\/www.khas.edu.tr\/en\/wp-json\/wp\/v2\/pages\/30626\/revisions\/31532"}],"wp:attachment":[{"href":"https:\/\/www.khas.edu.tr\/en\/wp-json\/wp\/v2\/media?parent=30626"}],"wp:term":[{"taxonomy":"birimler","embeddable":true,"href":"https:\/\/www.khas.edu.tr\/en\/wp-json\/wp\/v2\/birimler?post=30626"}],"curies":[{"name":"wp","href":"https:\/\/api.w.org\/{rel}","templated":true}]}}