{"id":30625,"date":"2025-11-04T11:49:43","date_gmt":"2025-11-04T08:49:43","guid":{"rendered":"https:\/\/www.khas.edu.tr\/?page_id=30625"},"modified":"2025-11-06T19:57:03","modified_gmt":"2025-11-06T16:57:03","slug":"sdg-7","status":"publish","type":"page","link":"https:\/\/www.khas.edu.tr\/en\/sdg-7\/","title":{"rendered":"SDG 7"},"content":{"rendered":"\t\t<div data-elementor-type=\"wp-page\" data-elementor-id=\"30625\" class=\"elementor elementor-30625\">\n\t\t\t\t<div class=\"elementor-element elementor-element-577a1db e-flex e-con-boxed e-con e-parent\" data-id=\"577a1db\" data-element_type=\"container\" data-e-type=\"container\">\n\t\t\t\t\t<div class=\"e-con-inner\">\n\t\t\t\t<div class=\"elementor-element elementor-element-0086747 elementor-widget elementor-widget-text-editor\" data-id=\"0086747\" data-element_type=\"widget\" data-e-type=\"widget\" data-widget_type=\"text-editor.default\">\n\t\t\t\t<div class=\"elementor-widget-container\">\n\t\t\t\t\t\t\t\t\t<p>Energy efficiency and the transition to renewables are core priorities for KHAS. The University continuously upgrades lighting to LED systems, promotes energy-saving practices, and incorporates sustainability into academic programs. Faculty members organized and participated in international conferences on energy transition, European energy markets, and climate change. Courses like \u201cEnergy and Sustainability\u201d and \u201cEnergy Security and Geopolitics\u201d prepare students to address global energy challenges while supporting Turkey\u2019s green transition initiatives.<\/p><p><strong>7.1. Events<\/strong><\/p><ul><li>European Green Deal \u2013 Closing Meeting, 27 September 2024 \u2013 Volkan \u015e. Ediger<\/li><li>\u201cEnergy Transition: Energy Transition or Energy Transformation?\u201d, 25 September 2024 \u2013 Volkan \u015e. Ediger<\/li><li>EEM24 \u2013 International Conference on European Energy Market, 10\u201312 June 2024 (Co-Chair) \u2013 Volkan \u015e. Ediger<\/li><li>\u201cYouth Seeking Solutions for Sustainable Development Goals,\u201d 23 May 2024 \u2013 Volkan \u015e. Ediger<\/li><li>\u201cFrom Fossil Fuel Geopolitics to Sustainable Energy Geopolitics,\u201d 30 April 2024 \u2013 Volkan \u015e. Ediger<\/li><li>ICCI 2023 Energy Awards (Jury Member) \u2013 Volkan \u015e. Ediger<\/li><li>\u201cThe New World Order in Energy,\u201d 2 April 2024 \u2013 Volkan \u015e. Ediger<\/li><li>\u201cTransition to Renewable Energy,\u201d 5 March 2024 (Ya\u015far University) \u2013 Volkan \u015e. Ediger<\/li><li>\u201cTurkish Energy Sector\u201d Workshop, 28 February 2024 \u2013 Volkan \u015e. Ediger<\/li><li>\u201cEnergy in the First 100 Years of the Republic\u201d Panel, 19 December 2023 \u2013 Volkan \u015e. Ediger<\/li><li>\u201cEnergy in the 100th Year of the Republic,\u201d 7\u20139 December 2023 \u2013 Volkan \u015e. Ediger<\/li><li>\u201cEnergy Problems in the Early Years of the Republic,\u201d 28 November 2023 \u2013 Volkan \u015e. Ediger<\/li><li>\u201cTransition to Renewable Energy,\u201d 1 November 2023 \u2013 Volkan \u015e. Ediger<\/li><li>\u201cRenewable Energy in the Axis of Sustainable Development,\u201d 20 October 2023 \u2013 Volkan \u015e. Ediger<\/li><li>\u201cEnergy Transition: Dynamics of the New System,\u201d 11 July 2023 \u2013 Volkan \u015e. Ediger<\/li><li>\u201cImpacts of Climate Change on Water, Food, and Energy Sustainability,\u201d 11 May 2023 \u2013 Volkan \u015e. Ediger<\/li><li>\u201cEnergy and Sustainability,\u201d 15 April 2023 \u2013 Volkan \u015e. Ediger<\/li><li>\u201cPolitical Economy of Energy: Past to Future,\u201d 28 April 2023 \u2013 Volkan \u015e. Ediger<\/li><li>\u201cEnergy Efficiency 2030 Vision\u201d Workshop, 16 January 2023 (Moderator) \u2013 Volkan \u015e. Ediger<\/li><li>12th Development Plan Special Commission on Climate (Member), 2022\u20132023 \u2013 Volkan \u015e. Ediger<\/li><li>12th Development Plan Special Commission on Green Growth (Member), 2022\u20132023 \u2013 Volkan \u015e. Ediger<\/li><li>\u201cEconomy, Politics and Power: Beyond Climate Change,\u201d May 2024 \u2013 Alp Erin\u00e7 Yeldan<\/li><li>\u201cFrom the Solow Model to Green Transformation,\u201d November 2023 \u2013 Alp Erin\u00e7 Yeldan<\/li><\/ul><p><strong>7.2. Projects<\/strong><\/p><ul><li>Green Library Project: Energy-saving practices were implemented.<\/li><li>T\u00dcB\u0130TAK 1001 Project (2024\u20132027) \u2013 Volkan \u015e. Ediger<\/li><li>T\u00dcB\u0130TAK 1005 Project (2022\u20132024) \u2013 Volkan \u015e. Ediger<\/li><li>Man0euvre \u2013 Net-Zero Energy System Models (2024\u20132027) \u2013 G\u00f6khan Kirkil<\/li><li>T\u00dcB\u0130TAK 1002 Project (2023\u20132024) \u2013 Ahmet Y\u00fccekaya<\/li><li>\u00dcmit \u015eahin, Osman B\u00fclent T\u00f6r, Bora Kat, Saeed Teimourzadeh, Kemal Demirkol, Arif K\u00fcnar, Ebru Voyvoda, Erin\u00e7 Yeldan \u201cT\u00fcrkiye\u2019nin Karbonsuzla\u015fma Yol Haritas\u0131: 2050\u2019de Net S\u0131f\u0131r Raporu,\u201d Sabanc\u0131 University, Istanbul Policy Center.<\/li><li>Sevil Acar, A. Erin\u00e7 Yeldan, &amp; Ahmet A. A\u015f\u0131c\u0131 \u201cEurope\u2019s Carbon Pricing Plans: Potential Effects on Turkey\u2019s Economy,\u201d paper presented at the ERF Policy Forum.<\/li><li>Sevil Acar, Bora Kat, &amp; A. Erin\u00e7 Yeldan \u201cT\u00fcrkiye\u2019de Elektrik Sistemi D\u00f6n\u00fc\u015f\u00fcm\u00fcn\u00fcn Sosyoekonomik Etkileri,\u201d Sabanc\u0131 University SHURA Report.<\/li><li>Occupational Health and Safety (ISG) Projects:<\/li><\/ul><ul><li>Regular meter monitoring and maintenance are conducted to track energy savings; safety breakers are installed to prevent electrical leakage.<\/li><li>LED lighting is used across the university to reduce electricity consumption. All newly purchased equipment, machinery, and devices are selected with energy efficiency in mind.<\/li><li>The new Engineering Building incorporates heat recovery systems to optimize HVAC operations. Heat energy recovered from indoor air is reused, ensuring energy consumption is managed efficiently.<\/li><\/ul><ul><li>Faculty: Faculty of Art and Design | Project Type: T\u00dcB\u0130TAK 1001 | Project Title: Determination of Visual Comfort Variables in Workspaces Based on Human-Centered Lighting and Energy Performance Requirements | Project Leader: Prof. Dr. Banu Manav | Researchers\/Experts:<\/li><\/ul><ul><li>Dr. Selahattin Adil Sar\u0131bey (Kadir Has University)<\/li><li>Dr. Mehmet Timur Aydemir (Kadir Has University)<\/li><li>Prof. Dr. Burcu \u00c7i\u011fdem Y\u0131lmaz (Kadir Has University)<\/li><li>Asst. Dr. Egemen Kaymaz (Uluda\u011f University)<\/li><\/ul><ul><li>Project Period: 10 December 2023 \u2013 10 August 2026 | Summary: The project examines the structure of lighting systems used in today\u2019s work environments. It will investigate visual comfort variables and the importance of human-centered lighting design in a full-scale (1:1) controlled experimental environment. Another goal is to determine the energy performance levels of recommended lighting scenarios that achieve optimal lifetime cost efficiency. Within the human-centered lighting approach, the project will measure the improvement rate of lighting energy performance achieved through the combined use of dynamic LED luminaires and lighting control strategies.<\/li><\/ul><p><strong>7.3. Publications<\/strong><\/p><ul><li><strong>Simultaneous impacts of correlated photovoltaic systems and fast electric vehicle charging stations on the operation of active distribution grids<\/strong><br \/><em>Authors:<\/em> Tourandaz Kenari, M. and Ozdemir, A.<br \/><em>Year:<\/em> 2024<\/li><li><strong>Comprehensive survey of artificial intelligence techniques and strategies for climate change mitigation<\/strong><br \/><em>Authors:<\/em> Amiri, Z., Heidari, A., and Jafari Navimipour, N.<br \/><em>Year:<\/em> 2024<\/li><li><strong>A new energy-economy-environment modeling framework: Insights from decarbonization of the Turkish power sector towards net-zero emission targets<\/strong><br \/><em>Authors:<\/em> Kat, B., \u015eahin, U., Teimourzadeh, S., T\u00f6r, O., Voyvoda, E., and Yeldan, A.<br \/><em>Year:<\/em> 2024<\/li><li><strong>An ultra efficient 2:1 multiplexer using bar-shaped pattern in atomic silicon dangling bond technology<\/strong><br \/><em>Authors:<\/em> Rasmi, H., Mosleh, M., Navimipour, N., and Kheyrandish, M.<br \/><em>Year:<\/em> 2024<\/li><li><strong>A new service composition method in the cloud-based Internet of things environment using a grey wolf optimization algorithm and MapReduce framework<\/strong><br \/><em>Authors:<\/em> Vakili, A., Al-Khafaji, H., Darbandi, M., Heidari, A., Navimipour, N., and Unal, M.<br \/><em>Year:<\/em> 2024<\/li><li><strong>An Evaluation of AI Models\u2019 Performance for Three Geothermal Sites<\/strong><br \/><em>Authors:<\/em> Demir, E., \u00c7avur, M., Yu, Y., and D\u00fczg\u00fcn, H.<br \/><em>Year:<\/em> 2024<\/li><li><strong>A new energy-efficient design for quantum-based multiplier for nano-scale devices in internet of things<\/strong><br \/><em>Authors:<\/em> Ahmadpour, S., Noorallahzadeh, M., Al-Khafaji, H., Darbandi, M., Navimipour, N., Javadi, B., Ain, N., Hosseinzadeh, M., and Yalcin, \u015e.<br \/><em>Year:<\/em> 2024<\/li><li><strong>A multi-criteria decision-making method for thermal insulation material selection in nZEB level questioned affordable multifamily housings<\/strong><br \/><em>Authors:<\/em> Y\u0131lmaz, B., Acun \u00d6zg\u00fcnler, S., and Y\u0131lmaz, Y.<br \/><em>Year:<\/em> 2024<\/li><li><strong>A cost- and energy-efficient SRAM design based on a new 5 i-p majority gate in QCA nanotechnology<\/strong><br \/><em>Authors:<\/em> Kassa, S., Ahmadpour, S., Kumar Lamba, V., Misra, N., Navimipour, N., and Kotecha, K.<br \/><em>Year:<\/em> 2024<\/li><li><strong>Cascaded H-bridge multilevel inverters optimization using adaptive grey wolf optimizer with local search<\/strong><br \/><em>Authors:<\/em> Ceylan, O., Neshat, M., and Mirjalili, S.<br \/><em>Year:<\/em> 2024<\/li><li><strong>Synthetic Data for Non-Intrusive Load Monitoring: A Markov Chain Based Approach<\/strong><br \/><em>Authors:<\/em> Sayilar, B., Mihci, G., and Ceylan, O.<br \/><em>Year:<\/em> 2024<\/li><li><strong>Capacity Planning for Electricity Utility Call Centers: A Time Series Analysis Approach<\/strong><br \/><em>Authors:<\/em> Kavas, E., Alsan, H., and Arsan, T.<br \/><em>Year:<\/em> 2024<\/li><li><strong>A Data Science Perspective on Global Trends in Energy Production<\/strong><br \/><em>Authors:<\/em> Hatira, N., Alsan, H., and Arsan, T.<br \/><em>Year:<\/em> 2024<\/li><li><strong>Clustering and Mathematical Optimization Approaches for Efficient Estimation of Electric Vehicles Charging Stations&#8217; Locations<\/strong><br \/><em>Authors:<\/em> Ekmek\u00e7i, Y., Demir\u00f6rs, D., Rassad, N., Polat, Z., Akkaya, E., Bayt\u00fcrk, E., and Pehlivan, M.<br \/><em>Year:<\/em> 2024<\/li><li><strong>Data-Driven Methods for Optimal Setting of Legacy Control Devices in Distribution Grids<\/strong><br \/><em>Authors:<\/em> Savasci, A., Ceylan, O., and Paudyal, S.<br \/><em>Year:<\/em> 2024<\/li><li><strong>A novel hybrid coil design and implementation for wireless power transfer systems<\/strong><br \/><em>Authors:<\/em> Pashaei, A., Aydin, E., Akif Ozdemir, M., K\u00f6sesoy, Y., and Aydemir, M.<br \/><em>Year:<\/em> 2024<\/li><li><strong>Energy-Efficient Secure Communication for IOS Aided CFMMIMO Network<\/strong><br \/><em>Authors:<\/em> Li, B., Hu, Y., Dong, Z., Panayirci, E., Jiang, H., and Wu, Q.<br \/><em>Year:<\/em> 2024<\/li><li><strong>Probabilistic approach to assess and minimize the voltage violation risk in active distribution networks<\/strong><br \/><em>Authors:<\/em> Tourandaz Kenari, M., Ozdemir, A., and Heidari, A.<br \/><em>Year:<\/em> 2024<\/li><li><strong>Voltage Profile Improvement in Unbalanced Distribution Networks for Probabilistic Generation and Consumption<\/strong><br \/><em>Authors:<\/em> Bamatraf, M., Ceylan, O., Pisica, I., and Ozdemir, A.<br \/><em>Year:<\/em> 2024<\/li><li><strong>Joint Resource Allocation in Multi-RIS and Massive MIMO-Aided Cell-Free IoT Networks<\/strong><br \/><em>Authors:<\/em> Li, B., Hu, Y., Dong, Z., Panayirci, E., Jiang, H., and Wu, Q.<br \/><em>Year:<\/em> 2024<\/li><li><strong>Interdependency of Passive Design Strategies for Energy-Efficient Building Envelope<\/strong><br \/><em>Authors:<\/em> Reffat, R., Cetin, M., and Abdou, A.<br \/><em>Year:<\/em> 2024<\/li><li><strong>Energy Management in Organized Industrial Zones: Promoting the Green Energy Transition in Turkish Manufacturing Industry<\/strong><br \/><em>Authors:<\/em> Ediger, V., Kucuker, M., Berk, I., Inan, A., and Uctug, F.<br \/><em>Year:<\/em> 2024<\/li><li><strong>Energy Performance Optimisation of a Single Dwelling Archetype Targeted to ZEB in the Earthquake Zone<\/strong><br \/><em>Authors:<\/em> Y\u0131lmaz, Y. and Y\u0131lmaz, B.<br \/><em>Year:<\/em> 2024<\/li><li><strong>Multi-Criteria Decision Making in Optimal Operation Problem of Unbalanced Distribution Networks Integrated With Photovoltaic Units<\/strong><br \/><em>Authors:<\/em> Ebadi, R., Aboshady, F., Ceylan, O., Pisica, I., and Ozdemir, A.<br \/><em>Year:<\/em> 2024<\/li><li><strong>Technology Assessment of Hydrogen Storage: Cases Enabling the Clean Energy Transition<\/strong><br \/><em>Authors:<\/em> Qudaih, S., Bektas, Z., Guven, D., Kayakutlu, G., and Kayalica, M.<br \/><em>Year:<\/em> 2024<\/li><li><strong>Towards Better Energy Efficiency Through Coil-Based Electricity Consumption Forecasting in Steel Manufacturing<\/strong><br \/><em>Authors:<\/em> Koca, A., Erdem, Z., and Da\u01e7, H.<br \/><em>Year:<\/em> 2024<\/li><li><strong>Resilience in Power Generation: Two Case Studies from Turkey<\/strong><br \/><em>Authors:<\/em> Avci, F. and Ediger, V.<br \/><em>Year:<\/em> 2024<\/li><li><strong>Permissioned Blockchain-Based Monitoring Framework for DER-Integrated Distribution Networks<\/strong><br \/><em>Authors:<\/em> Angin, P., Zehir, M., Ceylan, O., Eissa, M., Y\u00fcksel, M., Deveci, U., Yilmaz, S., and G\u00f6l, M.<br \/><em>Year:<\/em> 2024<\/li><li><strong>A new nano-design of 16-bit carry look-ahead adder based on quantum technology<\/strong><br \/><em>Authors:<\/em> Ahmadpour, S. and Navimipour, N.<br \/><em>Year:<\/em> 2023<\/li><li><strong>A new QoS-aware method for production scheduling in the industrial internet of things using elephant herding optimization algorithm<\/strong><br \/><em>Authors:<\/em> Avval, D., Heris, P., Navimipour, N., Mohammadi, B., and Yalcin, \u015e.<br \/><em>Year:<\/em> 2023<\/li><li><strong>Superior Conductivity of Transparent ZnO\/MoS2 Composite Films for Optoelectronic and Solar Cell Applications<\/strong><br \/><em>Authors:<\/em> Tareq, S., Kirkil, G., and \u00d6zu\u011fur Uysal, B.<br \/><em>Year:<\/em> 2023<\/li><li><strong>Re-investigating the Effect of the Vergence-Accommodation Conflict on 3D Pointing<\/strong><br \/><em>Authors:<\/em> Batmaz, A., T\u00fcrkmen, R., Sarac, M., Barrera-Machuca, M., and Stuerzlinger, W.<br \/><em>Year:<\/em> 2023<\/li><li><strong>Decision support model for PV integrated shading system: Office building case<\/strong><br \/><em>Authors:<\/em> Y\u0131lmaz, B. and Y\u0131lmaz, Y.<br \/><em>Year:<\/em> 2023<\/li><li><strong>Future availability of natural gas: Can it support sustainable energy transition?<\/strong><br \/><em>Authors:<\/em> Ediger, V. and Berk, I.<br \/><em>Year:<\/em> 2023<\/li><li><strong>Global energy use<\/strong><br \/><em>Authors:<\/em> Ediger, V.<br \/><em>Year:<\/em> 2023<\/li><li><strong>Transforming T\u00fcrkiye&#8217;s power system: An assessment of economic, social, and external impacts of an energy transition by 2030<\/strong><br \/><em>Authors:<\/em> Acar, S., Kat, B., Rogner, M., Saygin, D., Taranto, Y., and Yeldan, A.<br \/><em>Year:<\/em> 2023<\/li><li><strong>A green, secure, and deep intelligent method for dynamic IoT-edge-cloud offloading scenarios<\/strong><br \/><em>Authors:<\/em> Heidari, A., Navimipour, N., Jabraeil Jamali, M., and Akbarpour, S.<br \/><em>Year:<\/em> 2023<\/li><li><strong>Energy-Efficient Design for Reconfigurable Intelligent Surface Aided Cell-Free Ultra Dense HetNets<\/strong><br \/><em>Authors:<\/em> Li, B., Hu, Y., Dong, Z., Panayirci, E., Jiang, H., and Wu, Q.<br \/><em>Year:<\/em> 2023<\/li><li><strong>Modulated relay based stable election protocol for large-scale wireless sensor networks<\/strong><br \/><em>Authors:<\/em> Hamad, L., Da\u01e7, T., and G\u00fc\u00e7l\u00fco\u01e7lu, T.<br \/><em>Year:<\/em> 2023<\/li><li><strong>Validation Of Wind Turbine Model Software Simulation Using Real Time Windspeed Measurements<\/strong><br \/><em>Authors:<\/em> Polycarpou, A., Shiacallis, S., Christofides, N., Papadakis, A., Papadopoulos, T., and Ceylan, O.<br \/><em>Year:<\/em> 2023<\/li><li><strong>Parallel-Input Series-Output Z-Source Converters for High Voltage DC Power Supplies<\/strong><br \/><em>Authors:<\/em> Ozdemir, M., Aydin, E., Da\u01e7, B., Tamy\u00fcrek, B., and Aydemir, M.<br \/><em>Year:<\/em> 2023<\/li><li><strong>Historical Pattern Analysis of Global Geothermal Power Capacity Development<\/strong><br \/><em>Authors:<\/em> Ediger, V. and Akar, S.<br \/><em>Year:<\/em> 2023<\/li><\/ul><p><strong>7.4. Courses<\/strong><\/p><ul><li>Faculty: Faculty of Art and Design | Program: Interior Architecture and Environmental Design (Undergraduate) | Course: IAR306 Interior Architecture Design Systems IV: Installation | Term: 2022\u20132023 \/ 2023\u20132024 Spring Semester<\/li><\/ul><p>This course aims to provide fundamental knowledge and awareness of environmentally conscious and sustainable building practices, including environmental design, passive and active design strategies, mechanical systems, plumbing systems, technical infrastructure, and fire safety. It is designed to equip students with a professional vision that integrates environmental, economic, and social sustainability principles into practice.<\/p>\t\t\t\t\t\t\t\t<\/div>\n\t\t\t\t<\/div>\n\t\t\t\t\t<\/div>\n\t\t\t\t<\/div>\n\t\t<div class=\"elementor-element elementor-element-ab43a8b e-flex e-con-boxed e-con e-parent\" data-id=\"ab43a8b\" data-element_type=\"container\" data-e-type=\"container\">\n\t\t\t\t\t<div class=\"e-con-inner\">\n\t\t\t\t<div class=\"elementor-element elementor-element-5b838e5 elementor-align-justify elementor-widget elementor-widget-button\" data-id=\"5b838e5\" data-element_type=\"widget\" data-e-type=\"widget\" data-widget_type=\"button.default\">\n\t\t\t\t<div class=\"elementor-widget-container\">\n\t\t\t\t\t\t\t\t\t<div class=\"elementor-button-wrapper\">\n\t\t\t\t\t<a class=\"elementor-button elementor-button-link elementor-size-sm\" href=\"https:\/\/www.khas.edu.tr\/wp-content\/uploads\/2025\/11\/SDG7.pdf\">\n\t\t\t\t\t\t<span class=\"elementor-button-content-wrapper\">\n\t\t\t\t\t\t\t\t\t<span class=\"elementor-button-text\">Please click here to access the SDG7 report<\/span>\n\t\t\t\t\t<\/span>\n\t\t\t\t\t<\/a>\n\t\t\t\t<\/div>\n\t\t\t\t\t\t\t\t<\/div>\n\t\t\t\t<\/div>\n\t\t\t\t\t<\/div>\n\t\t\t\t<\/div>\n\t\t<div class=\"elementor-element elementor-element-04b88b8 e-flex e-con-boxed e-con e-parent\" data-id=\"04b88b8\" data-element_type=\"container\" data-e-type=\"container\">\n\t\t\t\t\t<div class=\"e-con-inner\">\n\t\t\t\t<div class=\"elementor-element elementor-element-331c21e elementor-widget elementor-widget-spacer\" data-id=\"331c21e\" data-element_type=\"widget\" data-e-type=\"widget\" data-widget_type=\"spacer.default\">\n\t\t\t\t<div class=\"elementor-widget-container\">\n\t\t\t\t\t\t\t<div class=\"elementor-spacer\">\n\t\t\t<div class=\"elementor-spacer-inner\"><\/div>\n\t\t<\/div>\n\t\t\t\t\t\t<\/div>\n\t\t\t\t<\/div>\n\t\t\t\t\t<\/div>\n\t\t\t\t<\/div>\n\t\t\t\t<\/div>\n\t\t","protected":false},"excerpt":{"rendered":"<p>Energy efficiency and the transition to renewables are core priorities for KHAS. The University continuously upgrades lighting to LED systems, promotes energy-saving practices, and incorporates sustainability into academic programs. Faculty members organized and participated in international conferences on energy transition, European energy markets, and climate change. Courses like \u201cEnergy and Sustainability\u201d and \u201cEnergy Security and [&hellip;]<\/p>\n","protected":false},"author":2,"featured_media":0,"parent":0,"menu_order":0,"comment_status":"closed","ping_status":"closed","template":"","meta":{"slim_seo":{"title":"SDG 7 - Kadir Has University","description":"Energy efficiency and the transition to renewables are core priorities for KHAS. The University continuously upgrades lighting to LED systems, promotes energy-s"},"footnotes":""},"birimler":[181],"class_list":["post-30625","page","type-page","status-publish","hentry","birimler-impact"],"_links":{"self":[{"href":"https:\/\/www.khas.edu.tr\/en\/wp-json\/wp\/v2\/pages\/30625","targetHints":{"allow":["GET"]}}],"collection":[{"href":"https:\/\/www.khas.edu.tr\/en\/wp-json\/wp\/v2\/pages"}],"about":[{"href":"https:\/\/www.khas.edu.tr\/en\/wp-json\/wp\/v2\/types\/page"}],"author":[{"embeddable":true,"href":"https:\/\/www.khas.edu.tr\/en\/wp-json\/wp\/v2\/users\/2"}],"replies":[{"embeddable":true,"href":"https:\/\/www.khas.edu.tr\/en\/wp-json\/wp\/v2\/comments?post=30625"}],"version-history":[{"count":7,"href":"https:\/\/www.khas.edu.tr\/en\/wp-json\/wp\/v2\/pages\/30625\/revisions"}],"predecessor-version":[{"id":31535,"href":"https:\/\/www.khas.edu.tr\/en\/wp-json\/wp\/v2\/pages\/30625\/revisions\/31535"}],"wp:attachment":[{"href":"https:\/\/www.khas.edu.tr\/en\/wp-json\/wp\/v2\/media?parent=30625"}],"wp:term":[{"taxonomy":"birimler","embeddable":true,"href":"https:\/\/www.khas.edu.tr\/en\/wp-json\/wp\/v2\/birimler?post=30625"}],"curies":[{"name":"wp","href":"https:\/\/api.w.org\/{rel}","templated":true}]}}