{"id":30619,"date":"2025-11-04T11:48:39","date_gmt":"2025-11-04T08:48:39","guid":{"rendered":"https:\/\/www.khas.edu.tr\/?page_id=30619"},"modified":"2025-11-06T20:03:57","modified_gmt":"2025-11-06T17:03:57","slug":"sdg-13","status":"publish","type":"page","link":"https:\/\/www.khas.edu.tr\/en\/sdg-13\/","title":{"rendered":"SDG 13"},"content":{"rendered":"\t\t<div data-elementor-type=\"wp-page\" data-elementor-id=\"30619\" class=\"elementor elementor-30619\">\n\t\t\t\t<div class=\"elementor-element elementor-element-69e35e4 e-flex e-con-boxed e-con e-parent\" data-id=\"69e35e4\" data-element_type=\"container\" data-e-type=\"container\">\n\t\t\t\t\t<div class=\"e-con-inner\">\n\t\t\t\t<div class=\"elementor-element elementor-element-dd93e00 elementor-widget elementor-widget-text-editor\" data-id=\"dd93e00\" data-element_type=\"widget\" data-e-type=\"widget\" data-widget_type=\"text-editor.default\">\n\t\t\t\t<div class=\"elementor-widget-container\">\n\t\t\t\t\t\t\t\t\t<p>The University addresses climate change through education, research, and awareness campaigns. Faculty members organize conferences and seminars on climate law, sustainable energy, and environmental ethics, while research projects investigate the social and economic implications of climate change in T\u00fcrkiye and beyond. Students participate in zero-waste and environmental awareness projects as part of KHAS110, cultivating a culture of climate responsibility on and off campus. Operationally, the University continues to implement energy efficiency projects and green campus initiatives that contribute to emission reduction and environmental protection.<\/p><p><strong>13.1. Events<\/strong><\/p><ul><li>\u201cThe Impact of Climate Change on Water, Food, and Energy Sustainability\u201d \u2013 Volkan \u015e. Ediger, 11 May 2023.<\/li><li>\u201cEconomy, Politics and Power: Beyond Climate Change\u201d \u2013 Alp Erin\u00e7 Yeldan, May 2024.<\/li><li>Paper Presentation: Didem T\u00fcrko\u011flu, \u201cDouble Emergencies: Media and Environmental Protests in Brazil and Turkey during the Pandemic,\u201d Eastern Sociological Society Annual Meeting, Washington DC, 2024.<\/li><li>KHAS 2025 Core Talks: Organised seminars with Faisal Husain and Jennifer Nedelsky on ecological history, climate emergency, climate-action planning, and related topics.<\/li><li>CCLLAB Seminar: Prof. Dr. Michael B. Gerrard, \u201cAn Overview of Climate Litigation Around the World,\u201d 24 Jan 2023. <a href=\"#_ftn1\" name=\"_ftnref1\">[1]<\/a><\/li><li>CCLLAB Seminar: Prof. Dr. Douglas Kysar, \u201cClimate Change Litigation: Past, Present and Future,\u201d 6 Feb 2023. <a href=\"#_ftn2\" name=\"_ftnref2\">[2]<\/a><\/li><li>CCLLAB Seminar: Prof. Dr. Christina Voigt, \u201cA Debrief from COP27 and an Outlook Towards COP28,\u201d 22 Mar 2023. <a href=\"#_ftn3\" name=\"_ftnref3\">[3]<\/a><\/li><li>Seminar: Dr. \u00d6\u011fr. \u00dcyesi Asl\u0131han A\u00e7\u0131kel Erba\u015f, \u201cRecent Developments in Climate Change, the Green Deal, and Sustainability,\u201d co-organised by the Global Warming Convention Committee &amp; \u00c7EVKO Climate Change and Sustainability Working Group, 27 Mar 2023. <a href=\"#_ftn4\" name=\"_ftnref4\">[4]<\/a><\/li><li>CCLLAB &amp; WWF-Turkey: Climate Change and Legal Perspectives on Preventing Deforestation \u2013 Article Competition, 29 Mar \u2013 30 Sep 2023. <a href=\"#_ftn5\" name=\"_ftnref5\">[5]<\/a><\/li><li>Wednesday Lecture: Prof. Dr. Ba\u015fak Baysal, \u201cClimate Damages,\u201d 21 Jun 2023.<\/li><li>Seminar: Dr. \u00d6\u011fr. \u00dcyesi Alfredo Crosato Neumann, \u201cClimate Change and the International Court of Justice,\u201d 21 Jul 2023. <a href=\"#_ftn6\" name=\"_ftnref6\">[6]<\/a><\/li><li>Seminar: Ar\u015f. G\u00f6r. Ece Uyan\u0131k, \u201cCross-Border Corporate Human Rights Violations and Environmental Damages in Turkish Private International Law \u2013 Comparative Insights from the Swiss Institute of Comparative Law,\u201d 23 Nov 2023. <a href=\"#_ftn7\" name=\"_ftnref7\">[7]<\/a><\/li><li>Conference: \u201cClimate Damages and Arbitration\u201d, 13 Apr 2024. <a href=\"#_ftn8\" name=\"_ftnref8\">[8]<\/a><\/li><li>Climate Law Conference (06 June 2024) \u2013 Co-organised by Kadir Has University Responsibility Law Application and Research Center, CCLLAB, Lexpera, and Moro\u011flu &amp; Arseven Law Firm.<u> <a href=\"#_ftn9\" name=\"_ftnref9\">[9]<\/a><a href=\"#_ftn10\" name=\"_ftnref10\">[10]<\/a><\/u><ul><li>Christina Voigt: \u201cClimate Change at International Courts and Tribunals\u201d<\/li><li>Dr. Cemal Bali Akal: \u201cWar, Migration and the Climate Crisis: The Future of Rights Where Communication Fails\u201d<\/li><li>Dr. Nilay Arat: \u201cThe Human Rights Dimension of the Climate Crisis\u201d<\/li><li>\u00d6\u011fr. \u00dcyesi Asl\u0131han A\u00e7\u0131kel Erba\u015f: \u201cClimate Crisis and the Transformation of Law\u201d<\/li><li>\u00d6\u011fr. \u00dcyesi Gizem Arslan: \u201cCompensability of Climate Damages\u201d<\/li><li>\u00d6\u011fr. \u00dcyesi Argun Karamanl\u0131o\u011flu: \u201cCSDDD from the Perspective of Corporate Law in the Context of Climate Change\u201d<\/li><li>Do\u00e7. Dr. Esra Hamamc\u0131o\u011flu: \u201cCorporate Liability for Climate Damages under CSDDD\u201d<\/li><li>Ar\u015f. G\u00f6r. Kaan Can Y\u0131ld\u0131r\u0131m: \u201cClimate Litigation in the Context of Property Rights\u201d<\/li><li>Dr. Ali G\u00fczel: \u201cEffects of Climate Change on Occupational Health and Safety: Insights from the 2024 ILO Report\u201d<\/li><li>Dr. Tu\u011frul Kato\u011flu: \u201cEcocide\u201d<\/li><li>\u00d6\u011fr. \u00dcyesi Aysun Altunka\u015f: \u201cGreen Criminology\u201d<\/li><li>\u00d6\u011fr. \u00dcyesi Alara Efsun Yaz\u0131c\u0131o\u011flu: \u201cAn Overview of Environmental Taxes\u201d<\/li><li>Dr. Ba\u015fak Baysal: \u201cContract Law and Sustainability\u201d<\/li><li>Onur G\u00f6rmez: \u201cEvaluation of ESG Records from a Commercial Law Perspective\u201d<\/li><li>Do\u00e7. Dr. Ertan Yard\u0131m: \u201cCollective Actions in the Context of Environmental Protection\u201d<\/li><li>Ar\u015f. G\u00f6r. Ece Uyan\u0131k: \u201cArbitration Perspective on Climate and Sustainability-Related Disputes\u201d<\/li><\/ul><\/li><li>Climate Damages and Arbitration Conference \u2013 CCLLAB, 13 March 2024.<\/li><li>Sustainable Life Feminist Debate Seminar Series (2024)<\/li><li>\u201cA Feminist Perspective on Climate Change and Climate Policy\u201d \u2013 14 Mar 2024<\/li><li>\u201cA Feminist Approach to Sustainable Municipal Governance\u201d \u2013 27 May 2024<\/li><li>\u201cTransformations in Turkish Agriculture and the Gender Dimension of New Peasantry\u201d \u2013 05 Dec 2024<\/li><li>Eco-Anxiety Research Presentation: Altan-Atalay, A., G\u00f6kda\u011f, C., Cengiz, B., &amp; King, N. (2024)<\/li><li>\u201cWhen Does Eco-Anxiety Become Functional? The Moderating Roles of Cognitive Exaggeration and Tolerance to Uncontrollability\u201d, 2nd Symposium on Psychology, Environment and Climate Change, \u00c7anakkale, 23\u201324 Nov 2024.<\/li><li>CCLLAB Seminar Series on Climate Change &amp; Law (2023\u20132024)<ul><li>Dr. Michael B. Gerrard \u2013 \u201cAn Overview of Climate Litigation Around the World\u201d, 24 Jan 2023<\/li><li>Dr. Douglas Kysar \u2013 \u201cClimate Change Litigation: Past, Present and Future\u201d, 06 Mar 2023<\/li><li>Dr. Christina Voigt \u2013 \u201cA Debrief from COP27 and an Outlook Towards COP28\u201d, 22 Mar 2023<\/li><li>Marc Willers KC \u2013 \u201cClimate Change Litigation in the European Court of Human Rights\u201d, 08 May 2024<a href=\"#_ftn11\" name=\"_ftnref11\"><u>[11]<\/u><\/a><\/li><li>Alfredo Crosato Neumann \u2013 \u201cThe ITLOS Advisory Opinion on Climate Change: Key Findings and Prospects\u201d, 04 Jun 2024<a href=\"#_ftn12\" name=\"_ftnref12\">[12]<\/a><\/li><li>\u00d6\u011fr. \u00dcyesi Seda Yurtcanl\u0131 Duymaz \u2013 \u201cClimate Crisis, Forced Migration, and Human Rights\u201d, 16 May 2024<a href=\"#_ftn13\" name=\"_ftnref13\">[13]<\/a><\/li><li>Ar\u015f. G\u00f6r. Dr. U\u011fur Kaynak\u00e7\u0131o\u011flu \u2013 \u201cInternational Law Responses to the Impact of Climate Change on the Seas\u201d, 25 Apr 2024<\/li><li>I\u015f\u0131k Asl\u0131 \u2013 \u201cSustainability Clauses in Contract Law\u201d, 24 Oct 2024<a href=\"#_ftn14\" name=\"_ftnref14\">[14]<\/a><\/li><li>Do\u00e7. Dr. Najiba Mustafayeva \u2013 \u201cHuman Rights in Climate Change Regime\u201d, 27 Nov 2024<a href=\"#_ftn15\" name=\"_ftnref15\">[15]<\/a><\/li><li>Do\u00e7. Dr. Bige A\u00e7\u0131muz \u2013 \u201cThe ECHR Klimaseniorinnen Switzerland Decision and Its Aftermath\u201d, 25 Dec 2024<a href=\"#_ftn16\" name=\"_ftnref16\">[16]<\/a><\/li><\/ul><\/li><li>Academic Papers and Presentations<ul><li>Didem T\u00fcrko\u011flu, \u201cDouble Emergencies: Media and Environmental Protests in Brazil and Turkey during the Pandemic\u201d, Eastern Sociological Society Annual Meeting, Washington DC, 2024.<\/li><li>\u201cEconomy, Politics and Power: Beyond Climate Change\u201d \u2013 1st Prosumer Conference, Kadir Has University, May 2024.<\/li><li>\u201cSolow Modelinden Ye\u015fil D\u00f6n\u00fc\u015f\u00fcme\u201d \u2013 Rethinking Economics Anatolia, Nov 2023.<\/li><li>\u201cAssessment of Net Zero Emissions Targeting against the Global Climate Crisis and the Problem of Climate Justice\u201d \u2013 OSTIM University SEBIP Conference, Ankara, Oct 2022.<\/li><li>\u201cTowards A Green Income Support Policy: Investigating Social and Fiscal Alternatives for Turkey\u201d \u2013 GTAP 25th Annual Conference on Global Economic Analysis, Jun 2022.<\/li><li>Dr. Ba\u015fak Baysal, \u201cThe Climate Crisis from the Public-Private Law Divide Perspective\u201d, Kadir Has University Faculty of Law Journal, 2024\/I.<\/li><\/ul><\/li><\/ul><p><strong>13.2. Projects<\/strong><\/p><ul><li>Green Library Project<\/li><\/ul><p>Implemented climate-aligned initiatives, including tree donation schemes, energy-saving practices, waste management, water-saving, and access to clean drinking water via fountains and dispensers. Supports awareness-raising for climate action and environmental responsibility among students and staff.<\/p><ul><li>Faculty: Art and Design Faculty | Program: Interior Architecture and Environmental Design | Course: IAR356 Sustainability and Built Environment<\/li><\/ul><p>Conducted in collaboration with Horizon Strategic Management Consulting Ltd. under a Project-Based Learning Partnership. Focused on sustainable built environment practices, resource-efficient design strategies, and climate-conscious architectural solutions.<\/p><ul><li>T\u00dcB\u0130TAK 121K522 Project (2021\u20132024) | Title: \u201cEuropean Green Deal: Threats and Opportunities for Turkey \u2013 A Comprehensive and Dynamic General Equilibrium Analysis\u201d<\/li><\/ul><p>Provided policy-oriented insights on Turkey\u2019s transition under the EU Green Deal, aligning economic modeling with climate action strategies.<\/p><ul><li>Project Proposal: Eco-Equality \u2013 A Just Transition Based on Gender Equality (Submitted) | Funding programs targeted: Civil Society Support Foundation (STDV), Borusan Sustainable Benefit Program, Canada Fund<\/li><\/ul><p>Aims to integrate gender equality into climate action and just transition strategies.<\/p><ul><li>ISG Projects \u2013 Energy Use and Efficiency<\/li><\/ul><p>Kadir Has University\u2019s energy needs primarily arise from heating, cooling, and lighting in both building interiors and outdoor campus areas. Energy is supplied through natural gas and electricity, with consumption data as follows:<\/p><table><tbody><tr><td width=\"201\"><p>Year<\/p><\/td><td width=\"201\"><p>Electricity Consumption (kWh)<\/p><\/td><td width=\"201\"><p>Natural Gas Consumption (m\u00b3)<\/p><\/td><\/tr><tr><td width=\"201\"><p>2023<\/p><\/td><td width=\"201\"><p>2,728,822.47<\/p><\/td><td width=\"201\"><p>232,207.00<\/p><\/td><\/tr><tr><td width=\"201\"><p>2024<\/p><\/td><td width=\"201\"><p>3,228,107.73<\/p><\/td><td width=\"201\"><p>210,428.00<\/p><\/td><\/tr><\/tbody><\/table><ul><li>Campus Energy Profile<ul><li>Total active indoor campus area (including Selimpa\u015fa Campus): 39,722 m\u00b2<\/li><li>Active outdoor area: 18,973 m\u00b2<\/li><li>Energy share by source: 51% from electricity and 49% from natural gas<\/li><\/ul><\/li><li>Energy Efficiency Measures Implemented<ul><li>LED lighting conversion across campus outdoor and indoor lighting systems.<\/li><li>Transition to Class A-rated energy-efficient heating and cooling equipment, enabling optimized temperature control and reduced energy consumption.<\/li><li>Continuous monitoring and maintenance of energy systems to minimize waste and enhance sustainability.<\/li><\/ul><\/li><\/ul><p><strong>13.3. Publications<\/strong><\/p><ul><li><strong>The Role of Hydrogen in the Energy Mix: A Scenario Analysis for Turkey Using OSeMOSYS<\/strong><br \/><em>Author(s):<\/em> Tetik, H. and Kirkil, G.<br \/><em>Year:<\/em> 2024<\/li><li><strong>The International Climate Psychology Collaboration: Climate change-related data collected from 63 countries<\/strong><br \/><em>Author(s):<\/em> Doell, K., Todorova, B., Vlasceanu, M., Bak-Coleman, J., Pronizius, E., Schumann, P., Azevedo, F., Patel, Y., Berkebile-Wineberg, M., Brick, C., Lange, F.<br \/><em>Year:<\/em> 2024<\/li><li><strong>Comprehensive survey of artificial intelligence techniques and strategies for climate change mitigation<\/strong><br \/><em>Author(s):<\/em> Amiri, Z., Heidari, A., and Jafari Navimipour, N.<br \/><em>Year:<\/em> 2024<\/li><li><strong>A new energy-economy-environment modeling framework: Insights from decarbonization of the Turkish power Sector towards net-zero Emission targets<\/strong><br \/><em>Author(s):<\/em> Kat, B., \u015eahin, U., Teimourzadeh, S., T\u00f6r, O., Voyvoda, E., and YELDAN, A.<br \/><em>Year:<\/em> 2024<\/li><li><strong>Ranking willingness to reuse water in cotton irrigation with hybrid MCDM methods: Soke plain case study<\/strong><br \/><em>Author(s):<\/em> Burak, S., Samanlioglu, F., \u00dclker, D., and K\u00fcp, E.<br \/><em>Year:<\/em> 2024<\/li><li><strong>Evaluation of shared micro-mobility systems for sustainable cities by using a consensus-based Fermatean fuzzy multiple objective optimization and full multiplicative form<\/strong><br \/><em>Author(s):<\/em> Saha, A., Faruk G\u00f6r\u00e7\u00fcn, \u00d6., Pamucar, D., Arya, L., and Simic, V.<br \/><em>Year:<\/em> 2024<\/li><li><strong>Sustainability performance assessment of freight transportation modes using an integrated decision-making framework based on m-generalized q-neutrosophic sets<\/strong><br \/><em>Author(s):<\/em> Faruk G\u00f6r\u00e7\u00fcn, \u00d6., Tirkolaee, E., and Aytekin, A.<br \/><em>Year:<\/em> 2024<\/li><li><strong>Economic Policy Uncertainty and Climate Change: Evidence from CO2 Emission<\/strong><br \/><em>Author(s):<\/em> Benlemlih, M. and Yava\u015f, \u00c7.<br \/><em>Year:<\/em> 2024<\/li><li><strong>Addressing climate change with behavioral science: A global intervention tournament in 63 countries<\/strong><br \/><em>Author(s):<\/em> Vlasceanu, M., Doell, K., Bak-Coleman, J., Todorova, B., Berkebile-Weinberg, M., Grayson, S., Patel, Y., Goldwert, D., Pei, Y., Chakroff<br \/><em>Year:<\/em> 2024<\/li><li><strong>Clustering and Mathematical Optimization Approaches for Efficient Estimation of Electric Vehicles Charging Stations&#8217; Locations<\/strong><br \/><em>Author(s):<\/em> Ekmek\u00e7i, Y., Demir\u00f6rs, D., Rassad, N., Polat, Z., Akkaya, E., Bayt\u00fcrk, E., and Pehlivan, M.<br \/><em>Year:<\/em> 2024<\/li><li><strong>REFLECTION AND INTUITION IN A CRISIS- RIDDEN WORLD: Thinking Hard or Hardly Thinking?<\/strong><br \/><em>Author(s):<\/em> Saribay, S. and Yilmaz, O.<br \/><em>Year:<\/em> 2024<\/li><li><strong>Electric vehicle selection for industrial users using an interval-valued intuitionistic fuzzy COPRAS-based model<\/strong><br \/><em>Author(s):<\/em> Faruk G\u00f6r\u00e7\u00fcn, \u00d6., Simic, V., Kundu, P., \u00d6zbek, A., and Kucukonder, H.<br \/><em>Year:<\/em> 2024<\/li><li><strong>Energy Management in Organized Industrial Zones: Promoting the Green Energy Transition in Turkish Manufacturing Industry<\/strong><br \/><em>Author(s):<\/em> Ediger, V., Kucuker, M., Berk, I., Inan, A., and Uctug, F.<br \/><em>Year:<\/em> 2024<\/li><li><strong>Energy Performance Optimisation of a Single Dwelling Archetype Targeted to ZEB in the Earthquake Zone<\/strong><br \/><em>Author(s):<\/em> Y\u0131lmaz, Y. and Y\u0131lmaz, B.<br \/><em>Year:<\/em> 2024<\/li><li><strong>Technology Assessment of Hydrogen Storage: Cases Enabling the Clean Energy Transition<\/strong><br \/><em>Author(s):<\/em> Qudaih, S., Bektas, Z., Guven, D., Kayakutlu, G., and Kayalica, M.<br \/><em>Year:<\/em> 2024<\/li><li><strong>Resilience in Power Generation: Two Case Studies from Turkey<\/strong><br \/><em>Author(s):<\/em> Avci, F. and Ediger, V.<br \/><em>Year:<\/em> 2024<\/li><li><strong>Green central banking under high inflation\u2014more of a need than an option: An analytical exposition for Turkey<\/strong><br \/><em>Author(s):<\/em> \u00dcn\u00fcvar, B. and YELDAN, A.<br \/><em>Year:<\/em> 2023<\/li><li><strong>Future availability of natural gas: Can it support sustainable energy transition?<\/strong><br \/><em>Author(s):<\/em> Ediger, V. and Berk, I.<br \/><em>Year:<\/em> 2023<\/li><li><strong>Global energy use<\/strong><br \/><em>Author(s):<\/em> Ediger, V.<br \/><em>Year:<\/em> 2023<\/li><li><strong>Transforming T\u00fcrkiye&#8217;s power system: An assessment of economic, social, and external impacts of an energy transition by 2030<\/strong><br \/><em>Author(s):<\/em> Acar, S., Kat, B., Rogner, M., Saygin, D., Taranto, Y., and YELDAN, A.<br \/><em>Year:<\/em> 2023<\/li><li><strong>Toward a green income support policy: Investigating social and fiscal alternatives for Turkey<\/strong><br \/><em>Author(s):<\/em> Dogan, B., Tekg\u00fc\u00e7, H., and YELDAN, A.<br \/><em>Year:<\/em> 2023<\/li><li><strong>Sustainable production of formic acid from CO2 by a novel immobilized mutant formate dehydrogenase<\/strong><br \/><em>Author(s):<\/em> T\u00fclek, A., G\u00fcnay, E., Servili, B., Essiz, S., Binay, B., and Yildirim, D.<br \/><em>Year:<\/em> 2023<\/li><li><strong>Historical Pattern Analysis of Global Geothermal Power Capacity Development<\/strong><br \/><em>Author(s):<\/em> Ediger, V. and Akar, S.<br \/><em>Year:<\/em> 2023<\/li><li><strong>Turkey: Challenges and strategies toward de-carbonization and sustainable development under the age of finance<\/strong><br \/><em>Author(s):<\/em> YELDAN, A.<br \/><em>Year:<\/em> 2023<\/li><\/ul><p><strong>13.4. Courses<\/strong><\/p><ul><li>KHAS105 \u2013 Environment Module<\/li><\/ul><p>Focus: Entire module addresses climate change and the ethical relationship between human and non-human beings.<\/p><ul><li>KHAS1454 \u2013 Istanbul on Foot<\/li><\/ul><p>Ecology Weeks: Included visits to Yap\u0131 Kredi Culture &amp; Arts, Galerist, Bilsart, Zilberman Gallery, Metrohan, and forums on art, ecology, design, and institutional climate responsibility.<\/p><ul><li>LAW 474 \u2013 Climate Law (Elective)<\/li><li>Course Description: Focuses on law, environmental protection, and climate change. Introduces students to: legal tools to prevent and address climate change impacts, fundamental concepts, definitions, and themes in climate law, the role of law as a mechanism for mitigation and adaptation.<a href=\"#_ftn17\" name=\"_ftnref17\">[17]<\/a><\/li><li>IAR356 \u2013 Sustainability and Built Environment<ul><li>Faculty: Faculty of Art and Design \u2013 Interior Architecture and Environmental Design<\/li><li>Semesters: Fall 2023-24 \/ 2024-25<\/li><li>Focus: Introduces core concepts of sustainability in the built environment, covers environmental, economic, and social dimensions of sustainability, evaluates buildings, facades, spaces, and materials from a sustainable perspective, encourages resource optimization and long-term design thinking.<\/li><\/ul><\/li><li>KK502 \u2013 Legal Aspects and Practices of Conservation<ul><li>Graduate Program: Cultural Heritage Conservation (MA, Thesis\/Non-thesis)<\/li><li>Focus: International and national legal frameworks on conservation, institutional structures and critical evaluation of conservation practices.<\/li><\/ul><\/li><li>KK501 \u2013 Concepts of Conservation<ul><li>Graduate Program: Cultural Heritage Conservation (MA, Thesis\/Non-thesis)<\/li><li>Focus: Historical evolution and conceptual foundations of conservation culture, conservation theories, national and international legal regulations, ethical values and societal responsibilities in conservation.<\/li><\/ul><\/li><li>KK650 \u2013 Istanbul and Urban Transformations<ul><li>Graduate Program: Cultural Heritage Conservation (MA, Thesis\/Non-thesis)<\/li><li>Focus: Critical examination of spatial transformations of Istanbul historically and today, social, economic, and cultural impacts of these transformations, developing solutions for preserving the city\u2019s cultural heritage.<\/li><\/ul><\/li><li>KK657 \u2013 Historical Anatolian Cities and Their Conservation<ul><li>Graduate Program: Cultural Heritage Conservation (MA, Thesis\/Non-thesis)<\/li><li>Focus: raises awareness of Anatolian cities and their conservation needs, equips students with critical approaches for applying appropriate methods in heritage protection.<\/li><\/ul><\/li><\/ul><p><a href=\"#_ftnref1\" name=\"_ftn1\"><u>[1]<\/u><\/a> https:\/\/www.instagram.com\/p\/CnUOx<u> QKYso\/?utm_source=ig_web_copy_link&amp;igsh=MzRlODBiNWFlZA== <\/u><u>\u00a0<\/u><\/p><p><a href=\"#_ftnref2\" name=\"_ftn2\"><u>[2]<\/u><\/a> https:\/\/www.instagram.com\/p\/Cn1l6NtqZnW\/?utm_source=ig_web_copy_link&amp;igsh=MzRlODBiNWFlZA== <u>\u00a0<\/u><\/p><p><a href=\"#_ftnref3\" name=\"_ftn3\"><u>[3]<\/u><\/a> https:\/\/www.instagram.com\/p\/Cpe5Tqcq5zc\/?utm_source=ig_web_copy_link&amp;igsh=MzRlODBiNWFlZA== <u>\u00a0<\/u><\/p><p><a href=\"#_ftnref4\" name=\"_ftn4\"><u>[4]<\/u><\/a> https:\/\/www.instagram.com\/p\/CqScp03KNxQ\/?utm_source=ig_web_copy_link&amp;igsh=MzRlODBiNWFlZA== <u>\u00a0<\/u><\/p><p><a href=\"#_ftnref5\" name=\"_ftn5\"><u>[5]<\/u><\/a><u>\u00a0<\/u>https:\/\/ccllab.khas.edu.tr\/essay-competition<\/p><p><a href=\"#_ftnref6\" name=\"_ftn6\"><u>[6]<\/u><\/a> https:\/\/www.instagram.com\/p\/Cu4oIu_KI9K\/?utm_source=ig_web_copy_link&amp;igsh=MzRlODBiNWFlZA== <u>\u00a0<\/u><\/p><p><a href=\"#_ftnref7\" name=\"_ftn7\"><u>[7]<\/u><\/a> https:\/\/www.instagram.com\/p\/CzqdhqaM0cg\/?utm_source=ig_web_copy_link&amp;igsh=MzRlODBiNWFlZA== <u>\u00a0<\/u><\/p><p><a href=\"#_ftnref8\" name=\"_ftn8\"><u>[8]<\/u><\/a> <u>https:\/\/www.instagram.com\/p\/C3-hKfps7ZN\/?img_index=1<\/u><\/p><p><a href=\"#_ftnref9\" name=\"_ftn9\"><u>[9]<\/u><\/a> <u>https:\/\/www.instagram.com\/p\/C50DcDHsb3T\/ <\/u><\/p><p><a href=\"#_ftnref10\" name=\"_ftn10\"><u>[10]<\/u><\/a> <u>https:\/\/www.instagram.com\/p\/C6tnNMMqZJB\/?img_index=1 <\/u><\/p><p><a href=\"#_ftnref11\" name=\"_ftn11\"><u>[11]<\/u><\/a> <u>https:\/\/www.instagram.com\/p\/C6VpmW1Cnlu\/ <\/u><\/p><p><a href=\"#_ftnref12\" name=\"_ftn12\"><u>[12]<\/u><\/a><u> https:\/\/www.instagram.com\/p\/C7g3qVnKcSg\/<\/u><\/p><p><a href=\"#_ftnref13\" name=\"_ftn13\"><u>[13]<\/u><\/a> <u>https:\/\/www.instagram.com\/p\/C6yj5KUKIU4\/ <\/u><\/p><p><a href=\"#_ftnref14\" name=\"_ftn14\"><u>[14]<\/u><\/a> <u>https:\/\/www.instagram.com\/p\/DBGV1NnMEGo\/ <\/u><\/p><p><a href=\"#_ftnref15\" name=\"_ftn15\"><u>[15]<\/u><\/a> <u>https:\/\/www.instagram.com\/p\/DCBx7bYsgrf\/ <\/u><\/p><p><a href=\"#_ftnref16\" name=\"_ftn16\"><u>[16]<\/u><\/a> <u>https:\/\/www.instagram.com\/p\/DDwsCMMM2Ex\/ <\/u><\/p><p><a href=\"#_ftnref17\" name=\"_ftn17\"><u>[17]<\/u><\/a><u> https:\/\/bologna.khas.edu.tr\/ders\/30004313\/program\/50000736<\/u><\/p>\t\t\t\t\t\t\t\t<\/div>\n\t\t\t\t<\/div>\n\t\t\t\t\t<\/div>\n\t\t\t\t<\/div>\n\t\t<div class=\"elementor-element elementor-element-5461a1d e-flex e-con-boxed e-con e-parent\" data-id=\"5461a1d\" data-element_type=\"container\" data-e-type=\"container\">\n\t\t\t\t\t<div class=\"e-con-inner\">\n\t\t\t\t<div class=\"elementor-element elementor-element-e9a60b8 elementor-align-justify elementor-widget elementor-widget-button\" data-id=\"e9a60b8\" data-element_type=\"widget\" data-e-type=\"widget\" data-widget_type=\"button.default\">\n\t\t\t\t<div class=\"elementor-widget-container\">\n\t\t\t\t\t\t\t\t\t<div class=\"elementor-button-wrapper\">\n\t\t\t\t\t<a class=\"elementor-button elementor-button-link elementor-size-sm\" href=\"https:\/\/www.khas.edu.tr\/wp-content\/uploads\/2025\/11\/SDG13.pdf\">\n\t\t\t\t\t\t<span class=\"elementor-button-content-wrapper\">\n\t\t\t\t\t\t\t\t\t<span class=\"elementor-button-text\">Please click here to access the SDG13 report<\/span>\n\t\t\t\t\t<\/span>\n\t\t\t\t\t<\/a>\n\t\t\t\t<\/div>\n\t\t\t\t\t\t\t\t<\/div>\n\t\t\t\t<\/div>\n\t\t\t\t\t<\/div>\n\t\t\t\t<\/div>\n\t\t<div class=\"elementor-element elementor-element-ebe09df e-flex e-con-boxed e-con e-parent\" data-id=\"ebe09df\" data-element_type=\"container\" data-e-type=\"container\">\n\t\t\t\t\t<div class=\"e-con-inner\">\n\t\t\t\t<div class=\"elementor-element elementor-element-5c9bc4f elementor-widget elementor-widget-spacer\" data-id=\"5c9bc4f\" data-element_type=\"widget\" data-e-type=\"widget\" data-widget_type=\"spacer.default\">\n\t\t\t\t<div class=\"elementor-widget-container\">\n\t\t\t\t\t\t\t<div class=\"elementor-spacer\">\n\t\t\t<div class=\"elementor-spacer-inner\"><\/div>\n\t\t<\/div>\n\t\t\t\t\t\t<\/div>\n\t\t\t\t<\/div>\n\t\t\t\t\t<\/div>\n\t\t\t\t<\/div>\n\t\t\t\t<\/div>\n\t\t","protected":false},"excerpt":{"rendered":"<p>The University addresses climate change through education, research, and awareness campaigns. Faculty members organize conferences and seminars on climate law, sustainable energy, and environmental ethics, while research projects investigate the social and economic implications of climate change in T\u00fcrkiye and beyond. Students participate in zero-waste and environmental awareness projects as part of KHAS110, cultivating a [&hellip;]<\/p>\n","protected":false},"author":2,"featured_media":0,"parent":0,"menu_order":0,"comment_status":"closed","ping_status":"closed","template":"","meta":{"slim_seo":{"title":"SDG 13 - Kadir Has University","description":"The University addresses climate change through education, research, and awareness campaigns. Faculty members organize conferences and seminars on climate law,"},"footnotes":""},"birimler":[181],"class_list":["post-30619","page","type-page","status-publish","hentry","birimler-impact"],"_links":{"self":[{"href":"https:\/\/www.khas.edu.tr\/en\/wp-json\/wp\/v2\/pages\/30619","targetHints":{"allow":["GET"]}}],"collection":[{"href":"https:\/\/www.khas.edu.tr\/en\/wp-json\/wp\/v2\/pages"}],"about":[{"href":"https:\/\/www.khas.edu.tr\/en\/wp-json\/wp\/v2\/types\/page"}],"author":[{"embeddable":true,"href":"https:\/\/www.khas.edu.tr\/en\/wp-json\/wp\/v2\/users\/2"}],"replies":[{"embeddable":true,"href":"https:\/\/www.khas.edu.tr\/en\/wp-json\/wp\/v2\/comments?post=30619"}],"version-history":[{"count":7,"href":"https:\/\/www.khas.edu.tr\/en\/wp-json\/wp\/v2\/pages\/30619\/revisions"}],"predecessor-version":[{"id":31553,"href":"https:\/\/www.khas.edu.tr\/en\/wp-json\/wp\/v2\/pages\/30619\/revisions\/31553"}],"wp:attachment":[{"href":"https:\/\/www.khas.edu.tr\/en\/wp-json\/wp\/v2\/media?parent=30619"}],"wp:term":[{"taxonomy":"birimler","embeddable":true,"href":"https:\/\/www.khas.edu.tr\/en\/wp-json\/wp\/v2\/birimler?post=30619"}],"curies":[{"name":"wp","href":"https:\/\/api.w.org\/{rel}","templated":true}]}}