{"id":30618,"date":"2025-11-04T11:46:40","date_gmt":"2025-11-04T08:46:40","guid":{"rendered":"https:\/\/www.khas.edu.tr\/?page_id=30618"},"modified":"2025-11-06T20:05:05","modified_gmt":"2025-11-06T17:05:05","slug":"sdg-14","status":"publish","type":"page","link":"https:\/\/www.khas.edu.tr\/en\/sdg-14\/","title":{"rendered":"SDG 14"},"content":{"rendered":"\t\t<div data-elementor-type=\"wp-page\" data-elementor-id=\"30618\" class=\"elementor elementor-30618\">\n\t\t\t\t<div class=\"elementor-element elementor-element-fc54537 e-flex e-con-boxed e-con e-parent\" data-id=\"fc54537\" data-element_type=\"container\" data-e-type=\"container\">\n\t\t\t\t\t<div class=\"e-con-inner\">\n\t\t\t\t<div class=\"elementor-element elementor-element-298ffff elementor-widget elementor-widget-text-editor\" data-id=\"298ffff\" data-element_type=\"widget\" data-e-type=\"widget\" data-widget_type=\"text-editor.default\">\n\t\t\t\t<div class=\"elementor-widget-container\">\n\t\t\t\t\t\t\t\t\t<p>KHAS contributes to the protection of aquatic ecosystems through environmental education, research projects, and awareness activities. Students engage in projects focused on reducing water pollution and understanding the ecological significance of marine and freshwater habitats. The University\u2019s courses on environmental science and sustainable design emphasize the need to protect aquatic life, while community projects raise awareness on proper waste disposal to prevent marine pollution in Istanbul\u2019s waterways.<\/p><p><strong>14.1. Events<\/strong><\/p><ul><li>CCLLab Seminar: Dr. Alfredo Crosato Neumann, \u201cThe ITLOS Advisory Opinion on Climate Change: Key Findings and Prospects,\u201d held on 04 June 2024. <a href=\"#_ftn1\" name=\"_ftnref1\">[1]<\/a><\/li><li>International Program Participation: 5th Session of the International Law of the Sea Summer Academy, conducted between 24 July and 04 August 2023. <a href=\"#_ftn2\" name=\"_ftnref2\">[2]<\/a><\/li><\/ul><p><strong>14.2. Projects<\/strong><\/p><ul><li>KHAS110 with the Social Support &amp; Solidarity Club: Student projects included awareness-raising and clean-up activities focused on marine pollution.<\/li><li>ISG Projects: Kadir Has University is located on the shore of the Golden Horn (Hali\u00e7). Measures are implemented to prevent any waste or wastewater from entering the sea. Wastewater is separated as rainwater and sewage from sinks and toilets, then sent to treatment facilities via the sewer system. Liquid waste originating from laboratories is collected separately and sent to licensed disposal or recycling facilities.<\/li><li>KHAS110 with the Social Support &amp; Solidarity Club: student projects included awareness-raising and clean-up activities on marine pollution.<\/li><\/ul><p><strong>14.3. Publications<\/strong><\/p><ul><li><strong>Turkey\u2019s Black Sea Policies (1991\u20132023) and Changing Regional Security Since the Russian Invasion of Ukraine<\/strong><br \/><em>Author(s):<\/em> Aydin, M.<br \/><em>Year:<\/em> 2024<\/li><li><strong>Evaluation of container port sustainability using WASPAS technique using on type-2 neutrosophic fuzzy numbers<\/strong><br \/><em>Author(s):<\/em> Kayap\u0131nar, S., Kundu, P., and Faruk G\u00f6r\u00e7\u00fcn, \u00d6.<br \/><em>Year:<\/em> 2023<\/li><\/ul><p><strong>14.4. Courses<\/strong><\/p><ul><li>LAW 474 \u2013 Climate Law (Elective)<\/li><\/ul><p>This course addresses law, environmental protection, and climate change. It introduces students to how law can serve as a tool to prevent and mitigate the problems caused by climate change and provides a series of definitions, concepts, and themes that form the basis of understanding climate change.<a href=\"#_ftn3\" name=\"_ftnref3\">[3]<\/a><\/p><p><a href=\"#_ftnref1\" name=\"_ftn1\"><u>[1]<\/u><\/a><u> https:\/\/www.instagram.com\/p\/C7g3qVnKcSg\/<\/u><\/p><p><a href=\"#_ftnref2\" name=\"_ftn2\"><u>[2]<\/u><\/a><u> https:\/\/lawoftheseaacademy.khas.edu.tr\/ <\/u><\/p><p><a href=\"#_ftnref3\" name=\"_ftn3\"><u>[3]<\/u><\/a><u> https:\/\/bologna.khas.edu.tr\/ders\/30004313\/program\/50000736<\/u><\/p>\t\t\t\t\t\t\t\t<\/div>\n\t\t\t\t<\/div>\n\t\t\t\t\t<\/div>\n\t\t\t\t<\/div>\n\t\t<div class=\"elementor-element elementor-element-c49bd73 e-flex e-con-boxed e-con e-parent\" data-id=\"c49bd73\" data-element_type=\"container\" data-e-type=\"container\">\n\t\t\t\t\t<div class=\"e-con-inner\">\n\t\t\t\t<div class=\"elementor-element elementor-element-12a8b1f elementor-align-justify elementor-widget elementor-widget-button\" data-id=\"12a8b1f\" data-element_type=\"widget\" data-e-type=\"widget\" data-widget_type=\"button.default\">\n\t\t\t\t<div class=\"elementor-widget-container\">\n\t\t\t\t\t\t\t\t\t<div class=\"elementor-button-wrapper\">\n\t\t\t\t\t<a class=\"elementor-button elementor-button-link elementor-size-sm\" href=\"https:\/\/www.khas.edu.tr\/wp-content\/uploads\/2025\/11\/SDG14.pdf\">\n\t\t\t\t\t\t<span class=\"elementor-button-content-wrapper\">\n\t\t\t\t\t\t\t\t\t<span class=\"elementor-button-text\">Please click here to access the SDG14 report<\/span>\n\t\t\t\t\t<\/span>\n\t\t\t\t\t<\/a>\n\t\t\t\t<\/div>\n\t\t\t\t\t\t\t\t<\/div>\n\t\t\t\t<\/div>\n\t\t\t\t\t<\/div>\n\t\t\t\t<\/div>\n\t\t<div class=\"elementor-element elementor-element-be02853 e-flex e-con-boxed e-con e-parent\" data-id=\"be02853\" data-element_type=\"container\" data-e-type=\"container\">\n\t\t\t\t\t<div class=\"e-con-inner\">\n\t\t\t\t<div class=\"elementor-element elementor-element-3e6b4f1 elementor-widget elementor-widget-spacer\" data-id=\"3e6b4f1\" data-element_type=\"widget\" data-e-type=\"widget\" data-widget_type=\"spacer.default\">\n\t\t\t\t<div class=\"elementor-widget-container\">\n\t\t\t\t\t\t\t<div class=\"elementor-spacer\">\n\t\t\t<div class=\"elementor-spacer-inner\"><\/div>\n\t\t<\/div>\n\t\t\t\t\t\t<\/div>\n\t\t\t\t<\/div>\n\t\t\t\t\t<\/div>\n\t\t\t\t<\/div>\n\t\t\t\t<\/div>\n\t\t","protected":false},"excerpt":{"rendered":"<p>KHAS contributes to the protection of aquatic ecosystems through environmental education, research projects, and awareness activities. Students engage in projects focused on reducing water pollution and understanding the ecological significance of marine and freshwater habitats. The University\u2019s courses on environmental science and sustainable design emphasize the need to protect aquatic life, while community projects raise [&hellip;]<\/p>\n","protected":false},"author":2,"featured_media":0,"parent":0,"menu_order":0,"comment_status":"closed","ping_status":"closed","template":"","meta":{"slim_seo":{"title":"SDG 14 - Kadir Has University","description":"KHAS contributes to the protection of aquatic ecosystems through environmental education, research projects, and awareness activities. Students engage in projec"},"footnotes":""},"birimler":[181],"class_list":["post-30618","page","type-page","status-publish","hentry","birimler-impact"],"_links":{"self":[{"href":"https:\/\/www.khas.edu.tr\/en\/wp-json\/wp\/v2\/pages\/30618","targetHints":{"allow":["GET"]}}],"collection":[{"href":"https:\/\/www.khas.edu.tr\/en\/wp-json\/wp\/v2\/pages"}],"about":[{"href":"https:\/\/www.khas.edu.tr\/en\/wp-json\/wp\/v2\/types\/page"}],"author":[{"embeddable":true,"href":"https:\/\/www.khas.edu.tr\/en\/wp-json\/wp\/v2\/users\/2"}],"replies":[{"embeddable":true,"href":"https:\/\/www.khas.edu.tr\/en\/wp-json\/wp\/v2\/comments?post=30618"}],"version-history":[{"count":7,"href":"https:\/\/www.khas.edu.tr\/en\/wp-json\/wp\/v2\/pages\/30618\/revisions"}],"predecessor-version":[{"id":31556,"href":"https:\/\/www.khas.edu.tr\/en\/wp-json\/wp\/v2\/pages\/30618\/revisions\/31556"}],"wp:attachment":[{"href":"https:\/\/www.khas.edu.tr\/en\/wp-json\/wp\/v2\/media?parent=30618"}],"wp:term":[{"taxonomy":"birimler","embeddable":true,"href":"https:\/\/www.khas.edu.tr\/en\/wp-json\/wp\/v2\/birimler?post=30618"}],"curies":[{"name":"wp","href":"https:\/\/api.w.org\/{rel}","templated":true}]}}