{"id":28474,"date":"2025-07-01T15:18:13","date_gmt":"2025-07-01T12:18:13","guid":{"rendered":"https:\/\/www.khas.edu.tr\/?page_id=28474"},"modified":"2025-09-19T12:19:25","modified_gmt":"2025-09-19T09:19:25","slug":"sectoral-collaborations","status":"publish","type":"page","link":"https:\/\/www.khas.edu.tr\/en\/sectoral-collaborations\/","title":{"rendered":"Sectoral Collaborations"},"content":{"rendered":"\n<ul class=\"wp-block-list\">\n<li>Tabanl\u0131o\u011flu Architects&nbsp;<\/li>\n\n\n\n<li>At\u00f6lye<\/li>\n\n\n\n<li>PATTU<\/li>\n\n\n\n<li>ENKA<\/li>\n\n\n\n<li>Fibrobeton<\/li>\n\n\n\n<li>ERA Mimarl\u0131k<\/li>\n\n\n\n<li>SALT<\/li>\n\n\n\n<li>HILTI<\/li>\n\n\n\n<li>Reynaers<\/li>\n\n\n\n<li>\u00d6mercan \u00c7ak\u0131r<\/li>\n\n\n\n<li>Avc\u0131 Architects &amp; The Circle<\/li>\n\n\n\n<li>Harmonia Ekotopya Ecological Design Education Farm<\/li>\n\n\n\n<li>\u015ei\u015fecam<\/li>\n\n\n\n<li>Manifold<\/li>\n\n\n\n<li>\u0130stanbul Planlama Ajans\u0131<\/li>\n\n\n\n<li>D\/S Mimarl\u0131k<\/li>\n\n\n\n<li>Studio Blai<\/li>\n\n\n\n<li>The Circle<\/li>\n\n\n\n<li>Binaa<\/li>\n\n\n\n<li>PAB Mimarl\u0131k<\/li>\n\n\n\n<li>Salt<\/li>\n\n\n\n<li>SCH\u00dcCO T\u00fcrkiye<\/li>\n\n\n\n<li>PARADOX STUDIO<\/li>\n\n\n\n<li>BCTR (Blockchan T\u00fcrkiye)<\/li>\n\n\n\n<li>Urban Koop<\/li>\n\n\n\n<li>AURA<\/li>\n\n\n\n<li>At\u00f6lye Aras\u0131<\/li>\n\n\n\n<li>Sanayi 313<\/li>\n\n\n\n<li>Kilsan<\/li>\n\n\n\n<li>PLUGOF\u0130S<\/li>\n\n\n\n<li>Binat Mimarl\u0131k Medya<\/li>\n\n\n\n<li>Simurg Restorasyon ve Mimarl\u0131k<\/li>\n\n\n\n<li>Metal Yap\u0131<\/li>\n\n\n\n<li>M\u0130MSA Aluminum<\/li>\n\n\n\n<li>\u0130DEAL\u0130ST<\/li>\n\n\n\n<li>Tufetto<\/li>\n\n\n\n<li>Bilgin Mimari Tasar\u0131m Ofisi<\/li>\n\n\n\n<li>Salt Galata<\/li>\n\n\n\n<li>Do\u011fal Yap\u0131 Malzemeleri ve Y\u00f6ntemleri Derne\u011fi (DYMD)<\/li>\n\n\n\n<li>Ekbicyeic<\/li>\n\n\n\n<li>Vitra<\/li>\n\n\n\n<li>B\u0130NAT<\/li>\n\n\n\n<li>Tres Mimarl\u0131k<\/li>\n\n\n\n<li>Ulusal ah\u015fap Derne\u011fi<\/li>\n\n\n\n<li>\u0130BB Miras<\/li>\n\n\n\n<li>MAS architect<\/li>\n<\/ul>\n","protected":false},"excerpt":{"rendered":"","protected":false},"author":2,"featured_media":0,"parent":0,"menu_order":0,"comment_status":"closed","ping_status":"closed","template":"","meta":{"slim_seo":{"title":"Sectoral Collaborations - Kadir Has University","description":""},"footnotes":""},"birimler":[64],"class_list":["post-28474","page","type-page","status-publish","hentry","birimler-arch"],"_links":{"self":[{"href":"https:\/\/www.khas.edu.tr\/en\/wp-json\/wp\/v2\/pages\/28474","targetHints":{"allow":["GET"]}}],"collection":[{"href":"https:\/\/www.khas.edu.tr\/en\/wp-json\/wp\/v2\/pages"}],"about":[{"href":"https:\/\/www.khas.edu.tr\/en\/wp-json\/wp\/v2\/types\/page"}],"author":[{"embeddable":true,"href":"https:\/\/www.khas.edu.tr\/en\/wp-json\/wp\/v2\/users\/2"}],"replies":[{"embeddable":true,"href":"https:\/\/www.khas.edu.tr\/en\/wp-json\/wp\/v2\/comments?post=28474"}],"version-history":[{"count":2,"href":"https:\/\/www.khas.edu.tr\/en\/wp-json\/wp\/v2\/pages\/28474\/revisions"}],"predecessor-version":[{"id":28476,"href":"https:\/\/www.khas.edu.tr\/en\/wp-json\/wp\/v2\/pages\/28474\/revisions\/28476"}],"wp:attachment":[{"href":"https:\/\/www.khas.edu.tr\/en\/wp-json\/wp\/v2\/media?parent=28474"}],"wp:term":[{"taxonomy":"birimler","embeddable":true,"href":"https:\/\/www.khas.edu.tr\/en\/wp-json\/wp\/v2\/birimler?post=28474"}],"curies":[{"name":"wp","href":"https:\/\/api.w.org\/{rel}","templated":true}]}}