{"id":28264,"date":"2025-09-17T15:09:58","date_gmt":"2025-09-17T12:09:58","guid":{"rendered":"https:\/\/www.khas.edu.tr\/?page_id=28264"},"modified":"2025-11-07T14:22:51","modified_gmt":"2025-11-07T11:22:51","slug":"local-authority-collaboration-regarding-planning-and-development","status":"publish","type":"page","link":"https:\/\/www.khas.edu.tr\/en\/local-authority-collaboration-regarding-planning-and-development\/","title":{"rendered":"Local Authority Collaboration Regarding Planning and Development"},"content":{"rendered":"\t\t<div data-elementor-type=\"wp-page\" data-elementor-id=\"28264\" class=\"elementor elementor-28264\">\n\t\t\t\t<div class=\"elementor-element elementor-element-c9c3705 e-flex e-con-boxed e-con e-parent\" data-id=\"c9c3705\" data-element_type=\"container\" data-e-type=\"container\">\n\t\t\t\t\t<div class=\"e-con-inner\">\n\t\t<div class=\"elementor-element elementor-element-a34fe69 e-con-full e-flex e-con e-child\" data-id=\"a34fe69\" data-element_type=\"container\" data-e-type=\"container\">\n\t\t\t\t<div class=\"elementor-element elementor-element-d7035e3 elementor-widget elementor-widget-text-editor\" data-id=\"d7035e3\" data-element_type=\"widget\" data-e-type=\"widget\" data-widget_type=\"text-editor.default\">\n\t\t\t\t<div class=\"elementor-widget-container\">\n\t\t\t\t\t\t\t\t\t<p><strong>ADDRESS PLANNING<\/strong><\/p><p><strong>FAT\u0130H MUNICIPALITY &amp; KHAS SURVEY PROJECTS<\/strong><\/p><p>In the first phase of the project, which has been carried out jointly by Istanbul Fatih Municipality and Kadir Has University since 2022, it is aimed to take the relief of 70 buildings in total. These structures determined by the municipality are uploaded to the database, and a study was initiated to ensure that no area in the region has data about the building and to create an address planning database.<\/p>\t\t\t\t\t\t\t\t<\/div>\n\t\t\t\t<\/div>\n\t\t\t\t<\/div>\n\t\t<div class=\"elementor-element elementor-element-d224ad7 e-con-full e-flex e-con e-child\" data-id=\"d224ad7\" data-element_type=\"container\" data-e-type=\"container\">\n\t\t\t\t<div class=\"elementor-element elementor-element-c605d63 elementor-widget elementor-widget-image\" data-id=\"c605d63\" data-element_type=\"widget\" data-e-type=\"widget\" data-widget_type=\"image.default\">\n\t\t\t\t<div class=\"elementor-widget-container\">\n\t\t\t\t\t\t\t\t\t\t\t\t\t\t\t<img fetchpriority=\"high\" decoding=\"async\" width=\"600\" height=\"332\" src=\"https:\/\/www.khas.edu.tr\/wp-content\/uploads\/2025\/09\/Picture1-1024x567.png\" class=\"attachment-large size-large wp-image-28611\" alt=\"Picture1\" srcset=\"https:\/\/www.khas.edu.tr\/wp-content\/uploads\/2025\/09\/Picture1-1024x567.png 1024w, https:\/\/www.khas.edu.tr\/wp-content\/uploads\/2025\/09\/Picture1-300x166.png 300w, https:\/\/www.khas.edu.tr\/wp-content\/uploads\/2025\/09\/Picture1-768x425.png 768w, https:\/\/www.khas.edu.tr\/wp-content\/uploads\/2025\/09\/Picture1.png 1384w\" sizes=\"(max-width: 600px) 100vw, 600px\" \/>\t\t\t\t\t\t\t\t\t\t\t\t\t\t\t<\/div>\n\t\t\t\t<\/div>\n\t\t\t\t<\/div>\n\t\t\t\t\t<\/div>\n\t\t\t\t<\/div>\n\t\t<div class=\"elementor-element elementor-element-76beaf4 e-flex e-con-boxed e-con e-parent\" data-id=\"76beaf4\" data-element_type=\"container\" data-e-type=\"container\">\n\t\t\t\t\t<div class=\"e-con-inner\">\n\t\t<div class=\"elementor-element elementor-element-eb2702e e-con-full e-flex e-con e-child\" data-id=\"eb2702e\" data-element_type=\"container\" data-e-type=\"container\">\n\t\t\t\t<div class=\"elementor-element elementor-element-d52a4b7 elementor-widget elementor-widget-text-editor\" data-id=\"d52a4b7\" data-element_type=\"widget\" data-e-type=\"widget\" data-widget_type=\"text-editor.default\">\n\t\t\t\t<div class=\"elementor-widget-container\">\n\t\t\t\t\t\t\t\t\t<p>Three-dimensional scanning of all the buildings identified before the survey work was carried out in this region. Three-dimensional scanning can be considered as an x-ray of the building. It enables the reveal of the structures with all their details. Afterward, by going to the island parcel where each scanned building is located, one by one, the survey is taken and added to the Municipality database. Of the 70 surveys on our list, 39 have been completed, and the works for the remaining islands and parcels are still in progress.<\/p><p>In case of any disaster, when the buildings are damaged, demolished, etc., to access the history of the building on that island parcel, the building survey must be taken in public institutions, so this work we carry out for the missing surveys is critical.<\/p>\t\t\t\t\t\t\t\t<\/div>\n\t\t\t\t<\/div>\n\t\t\t\t<\/div>\n\t\t<div class=\"elementor-element elementor-element-06fbd93 e-con-full e-flex e-con e-child\" data-id=\"06fbd93\" data-element_type=\"container\" data-e-type=\"container\">\n\t\t\t\t<div class=\"elementor-element elementor-element-76c2360 elementor-widget elementor-widget-text-editor\" data-id=\"76c2360\" data-element_type=\"widget\" data-e-type=\"widget\" data-widget_type=\"text-editor.default\">\n\t\t\t\t<div class=\"elementor-widget-container\">\n\t\t\t\t\t\t\t\t\t<p>On 2 August 2023, in the evaluation meeting on &#8220;Surveying, Restitution and Restoration Studies of Immovable Cultural Heritage in Istanbul Province&#8221; held under the chairmanship of Istanbul Governor Davut G\u00dcL in the meeting hall of Istanbul Governorship AFAD, Fatih Mayor Mehmet Erg\u00fcn Turan mentioned the surveying studies we carried out and said that it is the first university among universities to undertake such a project.<\/p><p><a href=\"https:\/\/impact.khas.edu.tr\/uploads\/images\/content\/SDG11-%2011.4.7%20-EN_%20Address%20Planning%20-%20Fatih%20Belediyesi%20Surveying%20Works.pdf\">Fatih Municipality &amp; KHAS Survey Projects<\/a><\/p>\t\t\t\t\t\t\t\t<\/div>\n\t\t\t\t<\/div>\n\t\t\t\t<\/div>\n\t\t<div class=\"elementor-element elementor-element-527ce57 e-con-full e-flex e-con e-child\" data-id=\"527ce57\" data-element_type=\"container\" data-e-type=\"container\">\n\t\t\t\t<div class=\"elementor-element elementor-element-e916bed elementor-widget elementor-widget-image\" data-id=\"e916bed\" data-element_type=\"widget\" data-e-type=\"widget\" data-widget_type=\"image.default\">\n\t\t\t\t<div class=\"elementor-widget-container\">\n\t\t\t\t\t\t\t\t\t\t\t\t\t\t\t<img decoding=\"async\" width=\"600\" height=\"302\" src=\"https:\/\/www.khas.edu.tr\/wp-content\/uploads\/2025\/09\/Picture1-1-1024x515.png\" class=\"attachment-large size-large wp-image-28613\" alt=\"Picture1\" srcset=\"https:\/\/www.khas.edu.tr\/wp-content\/uploads\/2025\/09\/Picture1-1-1024x515.png 1024w, https:\/\/www.khas.edu.tr\/wp-content\/uploads\/2025\/09\/Picture1-1-300x151.png 300w, https:\/\/www.khas.edu.tr\/wp-content\/uploads\/2025\/09\/Picture1-1-768x386.png 768w, https:\/\/www.khas.edu.tr\/wp-content\/uploads\/2025\/09\/Picture1-1.png 1384w\" sizes=\"(max-width: 600px) 100vw, 600px\" \/>\t\t\t\t\t\t\t\t\t\t\t\t\t\t\t<\/div>\n\t\t\t\t<\/div>\n\t\t\t\t<\/div>\n\t\t\t\t\t<\/div>\n\t\t\t\t<\/div>\n\t\t<div class=\"elementor-element elementor-element-3ac2555 e-flex e-con-boxed e-con e-parent\" data-id=\"3ac2555\" data-element_type=\"container\" data-e-type=\"container\">\n\t\t\t\t\t<div class=\"e-con-inner\">\n\t\t\t\t<div class=\"elementor-element elementor-element-cb188a7 elementor-widget elementor-widget-text-editor\" data-id=\"cb188a7\" data-element_type=\"widget\" data-e-type=\"widget\" data-widget_type=\"text-editor.default\">\n\t\t\t\t<div class=\"elementor-widget-container\">\n\t\t\t\t\t\t\t\t\t<p><strong>URBAN DATA DASHBOARD<\/strong><\/p><p>Kadir Has University Istanbul Studies Center is the partner of the project Empowering Civil Society and Municipalities for Data-Driven Participatory Gender Equality Policies conducted by the Turkish Economic and Social Studies Foundation (TESEV).\u00a0The project aims to provide accessible data on gender inequalities and their distribution at the neighborhood level in\u00a0<a href=\"https:\/\/map.kent95.org\/izmir\">\u0130zmir\u00a0<\/a>and\u00a0<a href=\"https:\/\/map.kent95.org\/balikesir\">Bal\u0131kesir<\/a>\u00a0and to highlight the importance of data-driven decision-making by visualizing this data on an interactive platform.\u00a0By doing so, the project aims to increase the advocacy activities of civil society organizations by strengthening the cooperation between CSOs and local governments. Access to spatial and urban evidence will allow women\u2019s CSOs to present new, diversified, and tangible demands for urban governance based on gender equality to municipalities and other public institutions. Women\u2019s CSOs will find opportunities for informed participation and advocacy for gender equality.<\/p><p>Within the scope of the project, gender-sensitive neighborhood-level datasets were prepared for both project cities. Data on average household size, marital status, education, population density, preschool education, health, and access to public transportation services were gathered, and thematic and synthesis maps were prepared for monitoring gender inequalities by geographic distribution. For more information, please visit:\u00a0<a href=\"https:\/\/map.kent95.org\/\">https:\/\/map.kent95.org\/#<\/a>\u00a0<\/p>\t\t\t\t\t\t\t\t<\/div>\n\t\t\t\t<\/div>\n\t\t\t\t\t<\/div>\n\t\t\t\t<\/div>\n\t\t<div class=\"elementor-element elementor-element-456c890 e-flex e-con-boxed e-con e-parent\" data-id=\"456c890\" data-element_type=\"container\" data-e-type=\"container\">\n\t\t\t\t\t<div class=\"e-con-inner\">\n\t\t\t\t<div class=\"elementor-element elementor-element-efc275a elementor-widget elementor-widget-text-editor\" data-id=\"efc275a\" data-element_type=\"widget\" data-e-type=\"widget\" data-widget_type=\"text-editor.default\">\n\t\t\t\t<div class=\"elementor-widget-container\">\n\t\t\t\t\t\t\t\t\t<p><img decoding=\"async\" class=\"alignnone  wp-image-31786\" src=\"https:\/\/www.khas.edu.tr\/wp-content\/uploads\/2025\/11\/silivri-teknopark-1068x580-1-1024x556.jpg\" alt=\"Silivri teknopark 1068x580\" width=\"663\" height=\"360\" srcset=\"https:\/\/www.khas.edu.tr\/wp-content\/uploads\/2025\/11\/silivri-teknopark-1068x580-1-1024x556.jpg 1024w, https:\/\/www.khas.edu.tr\/wp-content\/uploads\/2025\/11\/silivri-teknopark-1068x580-1-300x163.jpg 300w, https:\/\/www.khas.edu.tr\/wp-content\/uploads\/2025\/11\/silivri-teknopark-1068x580-1-768x417.jpg 768w, https:\/\/www.khas.edu.tr\/wp-content\/uploads\/2025\/11\/silivri-teknopark-1068x580-1.jpg 1068w\" sizes=\"(max-width: 663px) 100vw, 663px\" \/><\/p><p>Find below our list of TECHNOPARK projects.<\/p><table><thead><tr><th align=\"right\"><strong>No<\/strong><\/th><th><strong>Project Title<\/strong><\/th><th><strong>Company Name<\/strong><\/th><th><strong>Industry \/ Sector<\/strong><\/th><\/tr><\/thead><tbody><tr><td align=\"right\">1<\/td><td>AIRO Revenue Management Systems<\/td><td>Airo Technology Software Trade Inc.<\/td><td>Software<\/td><\/tr><tr><td align=\"right\">2<\/td><td>SETAF2018 Geotechnical Engineering Software<\/td><td>Akzel Engineering Construction Industry and Trade Ltd.<\/td><td>Software<\/td><\/tr><tr><td align=\"right\">3<\/td><td>AI-Based Strategic Pricing Model<\/td><td>Analythink Information Technologies Inc.<\/td><td>Software<\/td><\/tr><tr><td align=\"right\">4<\/td><td>AI-Based CRM Analytics Project<\/td><td>BCC Technology Inc.<\/td><td>Software<\/td><\/tr><tr><td align=\"right\">5<\/td><td>Digital Contract<\/td><td>Bigsafer Digital Technology Solutions Inc.<\/td><td>Software<\/td><\/tr><tr><td align=\"right\">6<\/td><td>Development of an AI-Supported Activity Management Program<\/td><td>Concentit Consulting Trade Ltd.<\/td><td>Software<\/td><\/tr><tr><td align=\"right\">7<\/td><td>ESB for Energy<\/td><td>Crealab Technology Engineering Services Inc.<\/td><td>Energy<\/td><\/tr><tr><td align=\"right\">8<\/td><td>CRM Modernization and Co-Location Microservice Transformation<\/td><td>Definex Consulting Inc.<\/td><td>Software<\/td><\/tr><tr><td align=\"right\">9<\/td><td>Document Management System<\/td><td>Definex Consulting Inc.<\/td><td>Software<\/td><\/tr><tr><td align=\"right\">10<\/td><td>Advanced Mobile Signing Technology<\/td><td>Definex Consulting Inc.<\/td><td>Software<\/td><\/tr><tr><td align=\"right\">11<\/td><td>Sustainability Analysis System<\/td><td>Definex Consulting Inc.<\/td><td>Software<\/td><\/tr><tr><td align=\"right\">12<\/td><td>Commercial Loan Transformation Program<\/td><td>Definex Consulting Inc.<\/td><td>Software<\/td><\/tr><tr><td align=\"right\">13<\/td><td>Telecom TTVPN Order Management Modernization and Maestro Transition<\/td><td>Definex Consulting Inc.<\/td><td>Software<\/td><\/tr><tr><td align=\"right\">14<\/td><td>AI-Supported Process Tracking System for Operating Rooms<\/td><td>Exin Health Technology Inc.<\/td><td>Software<\/td><\/tr><tr><td align=\"right\">15<\/td><td>High-Speed Box Opening System with Planetary Gear Mechanism<\/td><td>Forma Technology Industry and Trade Inc.<\/td><td>Engineering \/ Architecture<\/td><\/tr><tr><td align=\"right\">16<\/td><td>Digital Transformation and Data Management \u2013 Error-Preventing Automatic E-Invoice Entry Project<\/td><td>Forma Technology Industry and Trade Inc.<\/td><td>Engineering \/ Architecture<\/td><\/tr><tr><td align=\"right\">17<\/td><td>\u201cBox-Motion Wrapping System\u201d Packaging Design Project<\/td><td>Forma Technology Industry and Trade Inc.<\/td><td>Engineering \/ Architecture<\/td><\/tr><tr><td align=\"right\">18<\/td><td>2 Index Top Loader Robot Mechanism Packaging Machine<\/td><td>Forma Technology Industry and Trade Inc.<\/td><td>Engineering \/ Architecture<\/td><\/tr><tr><td align=\"right\">19<\/td><td>AI-Supported Personalized Software Training Platform<\/td><td>GoIT Education and Consulting Ltd.<\/td><td>Software<\/td><\/tr><tr><td align=\"right\">20<\/td><td>Puzzle-Type Mobile Game Project<\/td><td>Grand Games Software Inc.<\/td><td>Software<\/td><\/tr><tr><td align=\"right\">21<\/td><td>Payment Facilitator Virtual POS Model<\/td><td>Hangisi Internet and Information Services Inc.<\/td><td>Banking and Finance<\/td><\/tr><tr><td align=\"right\">22<\/td><td>Therapy Services Enhanced by AI Tools<\/td><td>Heppi Technology and Health Services Inc.<\/td><td>Software<\/td><\/tr><tr><td align=\"right\">23<\/td><td>Next-Generation Online Flower Platform Connecting Producers and Consumers<\/td><td>H\u0131zl\u0131 \u00c7i\u00e7ek Internet Services Inc.<\/td><td>Software<\/td><\/tr><tr><td align=\"right\">24<\/td><td>8&#215;8 Armored Vehicle Exhaust System Design Project<\/td><td>Hobi Exhaust Spare Parts Industry and Trade Ltd.<\/td><td>Automotive<\/td><\/tr><tr><td align=\"right\">25<\/td><td>Next-Generation ERP Applications Software System<\/td><td>Inita Information Trade Inc.<\/td><td>Software<\/td><\/tr><tr><td align=\"right\">26<\/td><td>Next-Generation ERP Applications<\/td><td>Inita Information Trade Inc.<\/td><td>Software<\/td><\/tr><tr><td align=\"right\">27<\/td><td>Education Marketplace Platform (Ed-Tech Store)<\/td><td>K12 Pulse Information Technologies Inc.<\/td><td>Software<\/td><\/tr><tr><td align=\"right\">28<\/td><td>Safe AI: AI-Based Mobile Security Service<\/td><td>Karma Social Information and Technology Inc.<\/td><td>Software<\/td><\/tr><tr><td align=\"right\">29<\/td><td>Rapid Fault Diagnosis and Solution System<\/td><td>Limon Information Technologies Inc.<\/td><td>Software<\/td><\/tr><tr><td align=\"right\">30<\/td><td>Cross-Platform Technology Development for Video Games<\/td><td>Litio Games Software Inc.<\/td><td>Software<\/td><\/tr><tr><td align=\"right\">31<\/td><td>E-Signature and Certificate-Based Identity Verification and Legal Service Platform<\/td><td>LYFE Digital Software Trade Inc.<\/td><td>Computer and Communication Technologies<\/td><\/tr><tr><td align=\"right\">32<\/td><td>Development of Software Infrastructure for Autonomous Web Traffic Management<\/td><td>Magicorn Information Technologies Ltd.<\/td><td>Software<\/td><\/tr><tr><td align=\"right\">33<\/td><td>Development of Software Infrastructure for Autonomous Web Traffic Management \u2013 Phase 2<\/td><td>Magicorn Information Technologies Ltd.<\/td><td>Software<\/td><\/tr><tr><td align=\"right\">34<\/td><td>Application Performance Management and Monitoring Software Using AI<\/td><td>Mask Technology Services Ltd.<\/td><td>Software<\/td><\/tr><tr><td align=\"right\">35<\/td><td>Employee Support Application<\/td><td>Mask Technology Services Ltd.<\/td><td>Software<\/td><\/tr><tr><td align=\"right\">36<\/td><td>PLSQL Infrastructure Change<\/td><td>Mask Technology Services Ltd.<\/td><td>Software<\/td><\/tr><tr><td align=\"right\">37<\/td><td>Open-Source Mobile Application for Asset Management and Financial Services<\/td><td>Maslak Technology Inc.<\/td><td>Software<\/td><\/tr><tr><td align=\"right\">38<\/td><td>Pension and Insurance Center Management System<\/td><td>MCK Software and Consulting Ltd.<\/td><td>Software<\/td><\/tr><tr><td align=\"right\">39<\/td><td>Global Card-Supported Fleet Fuel Payment POS System<\/td><td>MCK Software and Consulting Ltd.<\/td><td>Software<\/td><\/tr><tr><td align=\"right\">40<\/td><td>Development of Cloud-Based Hospital Information Management System<\/td><td>Medicare Medical Private Health Services Inc.<\/td><td>Software<\/td><\/tr><tr><td align=\"right\">41<\/td><td>Store Inspection and Ticket Application for Retail Sector<\/td><td>Mksoft Information Consulting and Logistics Ltd.<\/td><td>Software<\/td><\/tr><tr><td align=\"right\">42<\/td><td>Jacca AdNetwork Integrated Dynamic Digital Advertising and Marketing Solutions Platform<\/td><td>Mobite Information Technologies Inc.<\/td><td>Software<\/td><\/tr><tr><td align=\"right\">43<\/td><td>Distributed Computing Environment (DCE) Project<\/td><td>Modelra R&amp;D and Software Ltd.<\/td><td>Software<\/td><\/tr><tr><td align=\"right\">44<\/td><td>Flexible and Modular Game Infrastructure for Mobile Game Design<\/td><td>Morii Game Software Import &amp; Export Inc.<\/td><td>Software<\/td><\/tr><tr><td align=\"right\">45<\/td><td>Insurance Claim Notification Platform<\/td><td>Nevoc Information Services (Nevzat Akpolat)<\/td><td>Software<\/td><\/tr><tr><td align=\"right\">46<\/td><td>AI-Driven Agile Transformation for Data-Driven Education Management<\/td><td>Onabu Technology Inc.<\/td><td>Software<\/td><\/tr><tr><td align=\"right\">47<\/td><td>Organizational Development Software<\/td><td>Organizational Development Technologies Inc.<\/td><td>Software<\/td><\/tr><tr><td align=\"right\">48<\/td><td>Warehouse Optimization and Management Module<\/td><td>Ozsoft Software and Consulting Ltd.<\/td><td>Software<\/td><\/tr><tr><td align=\"right\">49<\/td><td>Tekir Talent Management System<\/td><td>\u00d6zg\u00fcr Software Information Education Trade Inc.<\/td><td>Software<\/td><\/tr><tr><td align=\"right\">50<\/td><td>Mobile Platform Development for Tekir Talent Management System<\/td><td>\u00d6zg\u00fcr Software Information Education Trade Inc.<\/td><td>Software<\/td><\/tr><tr><td align=\"right\">51<\/td><td>Web-Based Dynamic Pricing Application Analyzing Consumer Behavior<\/td><td>Pricing Coach Global Software Trade Inc.<\/td><td>Software<\/td><\/tr><tr><td align=\"right\">52<\/td><td>Image Generation Portal Using AI Technology (P-AI)<\/td><td>Priorlabs Technology Inc.<\/td><td>Software<\/td><\/tr><tr><td align=\"right\">53<\/td><td>Rapid Self Service: Next-Generation Process Management System<\/td><td>Rapidsol Information Services Ltd.<\/td><td>Software<\/td><\/tr><tr><td align=\"right\">54<\/td><td>REHAT Life Platform<\/td><td>Rehat Technology and IT Company<\/td><td>Banking and Finance<\/td><\/tr><tr><td align=\"right\">55<\/td><td>Cloud-Based Infrastructure for Industry-Specific AI Chat Applications<\/td><td>Retter Technology Inc.<\/td><td>Software<\/td><\/tr><tr><td align=\"right\">56<\/td><td>AI-Supported Athlete Performance Development Application<\/td><td>Sanitas Software Development Ltd.<\/td><td>Software<\/td><\/tr><tr><td align=\"right\">57<\/td><td>Pardus Front-End Software<\/td><td>Sea Software Inc.<\/td><td>Software<\/td><\/tr><tr><td align=\"right\">58<\/td><td>Dynamic and Scalable Online Retail Platform Optimization Project<\/td><td>SH Information and Trade Inc.<\/td><td>Software<\/td><\/tr><tr><td align=\"right\">59<\/td><td>Dynamic and Scalable Online Retail Platform Optimization Project \u2013 Phase 2<\/td><td>SH Information and Trade Inc.<\/td><td>Software<\/td><\/tr><tr><td align=\"right\">60<\/td><td>Modular Puzzle Game Development Infrastructure Platform<\/td><td>Superblast Games Technology Inc.<\/td><td>Software<\/td><\/tr><tr><td align=\"right\">61<\/td><td>Maestro: Smart Building Maintenance, Material, and Inventory Management Software<\/td><td>Tacosoft Computer and Internet Software Ltd.<\/td><td>Computer and Communication Technologies<\/td><\/tr><tr><td align=\"right\">62<\/td><td>Algorithmic and High-Speed Transaction Application<\/td><td>Tankx Financial Technologies Inc.<\/td><td>Software<\/td><\/tr><tr><td align=\"right\">63<\/td><td>Structural Development for Energy Storage Systems Suitable for Electrical Grids<\/td><td>Techinova Energy Consulting Software and Food Trade Ltd.<\/td><td>Energy<\/td><\/tr><tr><td align=\"right\">64<\/td><td>SQL Server Monitoring and Management Application<\/td><td>Tezcan Atlas Database and Software Technologies<\/td><td>Software<\/td><\/tr><tr><td align=\"right\">65<\/td><td>SQL Server Health Checker<\/td><td>Tezcan Atlas Database and Software Technologies<\/td><td>Software<\/td><\/tr><tr><td align=\"right\">66<\/td><td>E-Commerce Marketplace \u2013 SuperApp<\/td><td>Topluyoruz Information Technologies Marketing and Trade Inc.<\/td><td>Software<\/td><\/tr><tr><td align=\"right\">67<\/td><td>T-FOCUS<\/td><td>T\u00fcyak Digitalization and Technology Industry Trade Ltd.<\/td><td>Software<\/td><\/tr><tr><td align=\"right\">68<\/td><td>Upsonic Deployment \u2013 Reducing Code Distribution Project<\/td><td>Upsonic Technology Inc.<\/td><td>Software<\/td><\/tr><tr><td align=\"right\">69<\/td><td>AI and Machine Learning-Based Textile Design Software (URTH)<\/td><td>URTH AI Technology and Software Inc.<\/td><td>Software<\/td><\/tr><tr><td align=\"right\">70<\/td><td>Vacax Digital Rent System<\/td><td>Vacax Technology and Consulting Inc.<\/td><td>Computer and Communication Technologies<\/td><\/tr><tr><td align=\"right\">71<\/td><td>Development of Integrated AI-Based Digital Media Services Platform<\/td><td>Who Analytics Digital Services Ltd.<\/td><td>Software<\/td><\/tr><tr><td align=\"right\">72<\/td><td>Parental Tracking Application with Motion Detection and Proximity Monitoring Features<\/td><td>Who Analytics Digital Services Ltd.<\/td><td>Software<\/td><\/tr><tr><td align=\"right\">73<\/td><td>Intelligent Education with Vector AI<\/td><td>Yes Hardware Software and IT Technologies Ltd.<\/td><td>Software<\/td><\/tr><tr><td align=\"right\">74<\/td><td>Intelligent Education with Vector AI \u2013 Phase 2<\/td><td>Yes Hardware Software and IT Technologies Ltd.<\/td><td>Software<\/td><\/tr><tr><td align=\"right\">75<\/td><td>Credit Risk Scoring<\/td><td>Zogal Technology Inc.<\/td><td>Software<\/td><\/tr><\/tbody><\/table>\t\t\t\t\t\t\t\t<\/div>\n\t\t\t\t<\/div>\n\t\t\t\t\t<\/div>\n\t\t\t\t<\/div>\n\t\t<div class=\"elementor-element elementor-element-8ecd864 e-flex e-con-boxed e-con e-parent\" data-id=\"8ecd864\" data-element_type=\"container\" data-e-type=\"container\">\n\t\t\t\t\t<div class=\"e-con-inner\">\n\t\t\t\t<div class=\"elementor-element elementor-element-2e14f9a elementor-widget elementor-widget-spacer\" data-id=\"2e14f9a\" data-element_type=\"widget\" data-e-type=\"widget\" data-widget_type=\"spacer.default\">\n\t\t\t\t<div class=\"elementor-widget-container\">\n\t\t\t\t\t\t\t<div class=\"elementor-spacer\">\n\t\t\t<div class=\"elementor-spacer-inner\"><\/div>\n\t\t<\/div>\n\t\t\t\t\t\t<\/div>\n\t\t\t\t<\/div>\n\t\t\t\t\t<\/div>\n\t\t\t\t<\/div>\n\t\t\t\t<\/div>\n\t\t","protected":false},"excerpt":{"rendered":"<p>ADDRESS PLANNING FAT\u0130H MUNICIPALITY &amp; KHAS SURVEY PROJECTS In the first phase of the project, which has been carried out jointly by Istanbul Fatih Municipality and Kadir Has University since 2022, it is aimed to take the relief of 70 buildings in total. These structures determined by the municipality are uploaded to the database, and [&hellip;]<\/p>\n","protected":false},"author":11,"featured_media":0,"parent":0,"menu_order":0,"comment_status":"closed","ping_status":"closed","template":"","meta":{"slim_seo":{"title":"Local Authority Collaboration Regarding Planning and Development - Kadir Has University","description":"ADDRESS PLANNING FAT\u0130H MUNICIPALITY &amp; KHAS SURVEY PROJECTS In the first phase of the project, which has been carried out jointly by Istanbul Fatih Municipal"},"footnotes":""},"birimler":[181],"class_list":["post-28264","page","type-page","status-publish","hentry","birimler-impact"],"_links":{"self":[{"href":"https:\/\/www.khas.edu.tr\/en\/wp-json\/wp\/v2\/pages\/28264","targetHints":{"allow":["GET"]}}],"collection":[{"href":"https:\/\/www.khas.edu.tr\/en\/wp-json\/wp\/v2\/pages"}],"about":[{"href":"https:\/\/www.khas.edu.tr\/en\/wp-json\/wp\/v2\/types\/page"}],"author":[{"embeddable":true,"href":"https:\/\/www.khas.edu.tr\/en\/wp-json\/wp\/v2\/users\/11"}],"replies":[{"embeddable":true,"href":"https:\/\/www.khas.edu.tr\/en\/wp-json\/wp\/v2\/comments?post=28264"}],"version-history":[{"count":10,"href":"https:\/\/www.khas.edu.tr\/en\/wp-json\/wp\/v2\/pages\/28264\/revisions"}],"predecessor-version":[{"id":31790,"href":"https:\/\/www.khas.edu.tr\/en\/wp-json\/wp\/v2\/pages\/28264\/revisions\/31790"}],"wp:attachment":[{"href":"https:\/\/www.khas.edu.tr\/en\/wp-json\/wp\/v2\/media?parent=28264"}],"wp:term":[{"taxonomy":"birimler","embeddable":true,"href":"https:\/\/www.khas.edu.tr\/en\/wp-json\/wp\/v2\/birimler?post=28264"}],"curies":[{"name":"wp","href":"https:\/\/api.w.org\/{rel}","templated":true}]}}