{"id":28241,"date":"2025-09-17T15:07:04","date_gmt":"2025-09-17T12:07:04","guid":{"rendered":"https:\/\/www.khas.edu.tr\/?page_id=28241"},"modified":"2025-11-07T14:49:06","modified_gmt":"2025-11-07T11:49:06","slug":"promote-sustainable-commuting","status":"publish","type":"page","link":"https:\/\/www.khas.edu.tr\/en\/promote-sustainable-commuting\/","title":{"rendered":"Promote Sustainable Commuting"},"content":{"rendered":"\t\t<div data-elementor-type=\"wp-page\" data-elementor-id=\"28241\" class=\"elementor elementor-28241\">\n\t\t\t\t<div class=\"elementor-element elementor-element-a0c6cc2 e-flex e-con-boxed e-con e-parent\" data-id=\"a0c6cc2\" data-element_type=\"container\" data-e-type=\"container\">\n\t\t\t\t\t<div class=\"e-con-inner\">\n\t\t\t\t<div class=\"elementor-element elementor-element-309b9e6 elementor-widget elementor-widget-text-editor\" data-id=\"309b9e6\" data-element_type=\"widget\" data-e-type=\"widget\" data-widget_type=\"text-editor.default\">\n\t\t\t\t<div class=\"elementor-widget-container\">\n\t\t\t\t\t\t\t\t\t<p>Kadir Has University underscores its commitment to sustainability by ensuring free public access to the green spaces and open areas across its campuses. These spaces provide a peaceful environment that encourages community interaction, recreation, and outdoor learning. The campus gardens are carefully maintained to promote biodiversity and serve as living laboratories for environmental awareness, aligning with the University\u2019s mission to integrate nature into academic, cultural, and social life.<\/p><p>Through this open-campus approach, KHAS invites both students and the wider public to experience its green environment and sustainable campus culture, fostering a shared sense of environmental responsibility and community engagement.<\/p><p><span style=\"color: #000080;\"><strong>SUSTAINABLE CAMPUSES &#8211; PUBLIC ACCESS TO CAMPUSES\u00a0<\/strong><\/span><\/p><p>Kadir Has University (KHAS), founded in 1997 in Istanbul, is dedicated to sustainability in education and aims to become a leader in both educational and cultural fields in Turkey. With its five faculties (Art and Design, Communication, Economics and Administrative Sciences, Engineering and Natural Sciences, Law), KHAS also aspires to contribute to the global sustainable development goals through its academic programs and research activities.<\/p><p>The Cibali campus of Kadir Has University, located in Istanbul&#8217;s Fatih district on the shore of the Golden Horn, is designed with a green approach, ensuring easy access from every point in the city. The historic Tekel Cibali Factory building, originally used as a tobacco warehouse and cigarette factory, has been transformed into a sustainable university campus that aligns with clean energy standards and environmentally friendly principles.<\/p><p>Today, the rectorate, faculties, institutes, and research centers operate in this campus, located in a historically significant area of Istanbul, maintaining an impressive architectural heritage while supporting sustainability in design. The campus has been recognized with the prestigious European architecture award, the \u201cEuropa Nostra Award,\u201d for its commitment to preserving cultural heritage and promoting sustainable development.<\/p><p>The campus spans an indoor usage area of 50,000 square meters and includes various facilities like classrooms, laboratories, an information center (library), a theatre, conference and movie theaters, sports facilities, restaurants, cafeterias, and a dance studio. These facilities aim to foster a green culture, supporting clean energy practices and sustainable resource use.<\/p><p><img fetchpriority=\"high\" decoding=\"async\" class=\"alignnone size-full wp-image-31406\" src=\"https:\/\/www.khas.edu.tr\/wp-content\/uploads\/2025\/11\/KHAScampus1.png\" alt=\"KHAScampus1\" width=\"945\" height=\"566\" srcset=\"https:\/\/www.khas.edu.tr\/wp-content\/uploads\/2025\/11\/KHAScampus1.png 945w, https:\/\/www.khas.edu.tr\/wp-content\/uploads\/2025\/11\/KHAScampus1-300x180.png 300w, https:\/\/www.khas.edu.tr\/wp-content\/uploads\/2025\/11\/KHAScampus1-768x460.png 768w\" sizes=\"(max-width: 945px) 100vw, 945px\" \/><\/p><p><strong>Cibali Campus: a hub where culture, education, and scientific research meet<\/strong><\/p><p>Behind ancient Byzantine walls stands the oldest part of Istanbul. These ramparts distinguish and define Cibali, the neighborhood where Kadir Has University\u2019s main campus is situated. It is only a few meters away from the Hali\u00e7, the harbor inlet known to English speakers as \u201cthe Golden Horn\u201d since Ottoman times. Cibali takes its name from the time of the conquest of Istanbul when, according to common belief, a soldier from Bursa named Cebe Ali Bey entered the city by breaking through the rampart doors. Since that time, this entryway into the city has been called Ali Bey, and the neighborhood, Cibali.Located nearby, in the present neighborhood of Unkapani, was the Zeugma, a port that opened into the city\u2019s economic center during the Ottoman era and continued to be used until the 19th century. Activity around the Zeugma brought liveliness to the surrounding area, but Cibali also benefited from this hustle and bustle: Ottoman warehouses and caulkers along the Hali\u00e7 shore of Cibali gave witness to the flourishing businesses in that part of the area. In earlier times, Cibali\u2019s harbor called the Puteae, or Porto del Pozzo was lined with warehouses bursting with goods destined for the consumers of Istanbul. The passageways through the Cibali gates were instrumental in getting these goods from the port and into the city.\u00a0 After the conquest, the Cibali area started to develop. Cibali became a favorite of sea captains, and famous seafarers like Murad Reis, Mustafa Pasa, and Kemal Reis had mansions in the neighborhood. Two factors link Cibali with Istanbul\u2019s identity: fire and tobacco. As Cibali was a trade center and there were many caulkers using flammable materials in the construction of ships, there were many fires. If there were northeast winds, these fires, both outside and inside the Hali\u00e7 walls, represented a clear danger, especially because the city at that time was composed of so many wooden houses. During this time, many of the larger conflagrations were called \u201cCibali fires.\u201d The Cibali Tobacco Factory, founded in 1884, was an important institution that changed the neighborhood socially and economically.<\/p><p>Around the turn of the century, its large factory building housed tobacco processing and cigarette production. There were several reasons for locating such a large factory in this small neighborhood. At that time, tobacco customs were collected in that area, and many people who supplied the factory\u2019s manpower lived nearby. Indeed, if we look at the many photographs taken during the 1900s that document the life of the factory, the picture is quite remarkable. There were 1500 women and 662 men (a total of 2162 people) working there. The Tekel Cibali Cigarette Factory was, in fact, a small town complete with local police and civil servants, hospitals, a daycare center, grocery stores, schools, a fire department, sports facilities, trade unions, and restaurants. On March 1, 1925, after forty years of French administration and with the establishment of the republic, the control of the factory passed to the state. For many years the factory processed, stored, and sold tobacco. Then in 1995, the factory, most of which had been shut down, was abandoned. In 1997, the Finance Ministry handed the buildings to Kadir Has University. Dr. Mehmet Alper was appointed architect in charge of restoring and renovating the factory buildings into a university campus. In March 1998, the work began. Working together with university planners, the architects in charge of the restoration have taken great care to preserve the original character and architectural integrity of the buildings while at the same time enhancing the space to suit the university\u2019s needs. Between 1998 and 2002, the Tekel Cibali Cigarette Factory was transformed, by the Kadir Has Foundation, from a warehouse that produced and sold tobacco into an institution of higher learning. After four years of restoration work, Kadir Has University Cibali campus officially opened its doors on February 13, 2002.<\/p><p>Kadir Has University&#8217;s transformation from a tobacco factory into a hub for sustainable education exemplifies how historical urban centers can support sustainable development goals. The university&#8217;s commitment to these goals is reflected in its ongoing projects, focusing on clean energy, green architecture, and environmental education. By fostering a green campus culture, KHAS aims to reduce its carbon footprint and promote a sustainable mindset among students and staff.<\/p><p><img decoding=\"async\" class=\"alignnone size-full wp-image-31357\" src=\"https:\/\/www.khas.edu.tr\/wp-content\/uploads\/2025\/11\/kadir-has-universitesi-selimpasa-kampusu-25.jpg\" alt=\"Kadir has universitesi selimpasa kampusu 25\" width=\"680\" height=\"450\" srcset=\"https:\/\/www.khas.edu.tr\/wp-content\/uploads\/2025\/11\/kadir-has-universitesi-selimpasa-kampusu-25.jpg 680w, https:\/\/www.khas.edu.tr\/wp-content\/uploads\/2025\/11\/kadir-has-universitesi-selimpasa-kampusu-25-300x199.jpg 300w\" sizes=\"(max-width: 680px) 100vw, 680px\" \/><\/p><p><strong>Selimpa\u015fa Campus: A Green Initiative for Technological Development<\/strong><\/p><p>Kadir Has University&#8217;s Selimpa\u015fa Campus was opened in 1998 and initially served vocational schools and some undergraduate programs. In line with sustainable development goals, efforts began in 2023 to transform the Selimpa\u015fa Campus into a technopark in collaboration with Silivri Municipality, focusing on green and sustainable technologies.<\/p><p>Selimpa\u015fa Campus of Kadir Has University, which covers an area of 100,000 m<sup>2<\/sup>\u00a0on the seafront in Silivri Selimpa\u015fa, has been declared a Technological Development Zone. As the only active technopark within 100 kilometers between Avc\u0131lar and \u00c7orlu, it prioritizes sustainable projects, particularly those focusing on clean energy and green transformation. The campus aims to become a center for sustainable innovation by supporting research in areas like clean energy solutions, advanced materials, and environmentally friendly technology applications.<\/p><p><strong>10 Focus Areas for Sustainable Development at Technopark Selimpa\u015fa Campus:<\/strong><\/p><ul><li>Agriculture and green transformation<\/li><li>Disaster management<\/li><li>Energy<\/li><li>Robotics<\/li><li>Communication<\/li><li>Artificial intelligence<\/li><li>Cyber security<\/li><li>Health<\/li><li>Finance<\/li><li>Advanced material<\/li><\/ul><p>Kadir Has University supports sustainable development goals by integrating sustainability into its academic programs, research initiatives, and campus operations, contributing to a greener and more sustainable future for Turkey and the world.<\/p><p><img decoding=\"async\" class=\"alignnone size-full wp-image-31408\" src=\"https:\/\/www.khas.edu.tr\/wp-content\/uploads\/2025\/11\/selimpasa2.png\" alt=\"Selimpas\u0327a2\" width=\"945\" height=\"383\" srcset=\"https:\/\/www.khas.edu.tr\/wp-content\/uploads\/2025\/11\/selimpasa2.png 945w, https:\/\/www.khas.edu.tr\/wp-content\/uploads\/2025\/11\/selimpasa2-300x122.png 300w, https:\/\/www.khas.edu.tr\/wp-content\/uploads\/2025\/11\/selimpasa2-768x311.png 768w\" sizes=\"(max-width: 945px) 100vw, 945px\" \/><\/p><p><span style=\"color: #000080;\"><strong>PUBLIC ACCESS TO GREEN SPACES<\/strong><\/span><\/p><p>Kadir Has University provides public access to green spaces on its two main campuses, Cibali and Silivri, allowing students and the general public to enjoy these open spaces.<br \/>Cibali Campus: Located centrally in the city on the historic Golden Horn, the Cibali Campus includes limited green spaces that offer city dwellers a place to breathe fresh air, socialise and relax. The small gardens and open spaces on the campus are accessible not only to the Kadir Has University community but also to the public, especially visitors to the Rezan Has Museum, creating valuable places for rest and social interaction in an urban setting.<\/p><p>Silivri Campus: Situated on a large seafront area, Silivri Campus is ideal for those seeking time in nature with ample green spaces and coastal walkways. This campus provides public access to green spaces where visitors can enjoy nature, relax, and engage in outdoor activities, making it a retreat from city life.<\/p><p>Both campuses actively maintain and preserve their green spaces, reinforcing Kadir Has University&#8217;s commitment to social responsibility and community well-being by ensuring that these areas remain open and accessible to the public.<\/p><p><span style=\"color: #000080;\"><strong>SUSTAINABILITY PRACTICES<\/strong><\/span><\/p><p><strong style=\"color: #000080;\">FREE SHUTTLE SERVICE<\/strong><\/p><p>In order to encourage and promote public transport, there is a free shuttle service from and to Kadir Has University to and from the most central public transport points every day in the morning and evening. In order not to disrupt the free shuttle service, the driver and shuttle information and departure times are shared in the myKhas system, which is the university&#8217;s current portal.<\/p><p><span style=\"color: #000080;\"><strong>PUBLIC TRANSPORTATION<\/strong><\/span><\/p><p>Kadir Has University is a city university. Kadir Has Campus, located at the heart of Istanbul,\u00a0<strong>encourages public transportation<\/strong>\u00a0and prioritizes\u00a0<strong>pedestrian access<\/strong>\u00a0for all its employees and students.\u00a0Kadir Has University\u00a0<strong>provides personnel with free public transportation cards<\/strong>, which allow personnel to use all public transport vehicles in Istanbul, including buses, metro, metrobus, railways, and ferries.\u00a0<\/p><p>Kadir Has Campus is right across a bus stop named after the university, which is across its main building.<\/p><p>\u00a0Please\u00a0<a href=\"https:\/\/www.khas.edu.tr\/en\/about-us-university\/contact-us\"><strong>click here<\/strong><\/a>\u00a0to learn more about the ways through which one can access Kadir Has Campus.<\/p><p><img loading=\"lazy\" decoding=\"async\" class=\"alignnone size-large wp-image-31412\" src=\"https:\/\/www.khas.edu.tr\/wp-content\/uploads\/2025\/11\/TB1_1150-1024x653.jpeg\" alt=\"TB1\" width=\"600\" height=\"383\" srcset=\"https:\/\/www.khas.edu.tr\/wp-content\/uploads\/2025\/11\/TB1_1150-1024x653.jpeg 1024w, https:\/\/www.khas.edu.tr\/wp-content\/uploads\/2025\/11\/TB1_1150-300x191.jpeg 300w, https:\/\/www.khas.edu.tr\/wp-content\/uploads\/2025\/11\/TB1_1150-768x490.jpeg 768w, https:\/\/www.khas.edu.tr\/wp-content\/uploads\/2025\/11\/TB1_1150-1536x980.jpeg 1536w, https:\/\/www.khas.edu.tr\/wp-content\/uploads\/2025\/11\/TB1_1150.jpeg 1800w\" sizes=\"(max-width: 600px) 100vw, 600px\" \/><\/p><p><span style=\"color: #000080;\"><strong>BICYCLE RENTAL AREA<\/strong><\/span><\/p><p>As part of our commitment to fostering sustainable cities and communities, we proposed a collaboration with the local municipality to establish a bicycle rental area. This initiative aims to promote eco-friendly transportation options, reduce traffic congestion, and lower carbon emissions, aligning with our goal of creating a greener urban environment. By enhancing access to shared bicycles, we support the development of sustainable mobility solutions that promote active lifestyles and foster a healthier, more environmentally conscious community.<\/p><p>Kadir Has University actively contributes to international collaborative research addressing the Sustainable Development Goals, through its participation in the Cycling Cities: The Global Experience project (https:\/\/www.cyclingcities.info\/) which is part of the Sustainable Urban Mobility (SUM) International Research Network (https:\/\/www.cyclingcities.info\/research\/cpsum\/) Dr. M\u00fcge \u00d6zbek (Common Courses Department) participates in the project as the author of Cycling Cities: The Istanbul Experience, representing the university in a comparative global study encompassing over fifty cities in twenty-five countries, including Amsterdam, Istanbul, Toronto, Bogot\u00e1, Erbil, Tehran, Cairo, Cape Town, Johannesburg, Lisbon, Bamako, Dar es Salaam, and others.<\/p><p>M\u00fcge \u00d6zbek\u2019s name is featured on the project\u2019s main page under \u0130stanbul title on the main page of the Cycling Cities project and in the Sum Team section (https:\/\/www.cyclingcities.info\/sum-team\/) This collaboration develops comparative approaches and promotes international best practices in sustainable, low-carbon urban mobility \u2014 a direct contribution to SDG 11 (Sustainable Cities and Communities) and SDG 13 (Climate Action).<\/p><p><img loading=\"lazy\" decoding=\"async\" class=\"alignnone size-large wp-image-31581\" src=\"https:\/\/www.khas.edu.tr\/wp-content\/uploads\/2025\/11\/Screenshot-2025-11-06-at-20.53.31-1024x570.png\" alt=\"Screenshot 2025 11 06 at 20.53.31\" width=\"600\" height=\"334\" srcset=\"https:\/\/www.khas.edu.tr\/wp-content\/uploads\/2025\/11\/Screenshot-2025-11-06-at-20.53.31-1024x570.png 1024w, https:\/\/www.khas.edu.tr\/wp-content\/uploads\/2025\/11\/Screenshot-2025-11-06-at-20.53.31-300x167.png 300w, https:\/\/www.khas.edu.tr\/wp-content\/uploads\/2025\/11\/Screenshot-2025-11-06-at-20.53.31-768x428.png 768w, https:\/\/www.khas.edu.tr\/wp-content\/uploads\/2025\/11\/Screenshot-2025-11-06-at-20.53.31-1536x855.png 1536w, https:\/\/www.khas.edu.tr\/wp-content\/uploads\/2025\/11\/Screenshot-2025-11-06-at-20.53.31-2048x1140.png 2048w\" sizes=\"(max-width: 600px) 100vw, 600px\" \/><\/p><p>To promote sustainable commuting, the university has introduced a car-sharing system supported by a new fleet of electric vehicles. These vehicles can be reserved in advance and are available for use by university staff for official purposes. This initiative reduces the need for employees to use their personal cars, helping to lower carbon emissions, decrease traffic congestion, and encourage environmentally responsible mobility across the campus community.<\/p>\t\t\t\t\t\t\t\t<\/div>\n\t\t\t\t<\/div>\n\t\t\t\t\t<\/div>\n\t\t\t\t<\/div>\n\t\t<div class=\"elementor-element elementor-element-a11d099 e-flex e-con-boxed e-con e-parent\" data-id=\"a11d099\" data-element_type=\"container\" data-e-type=\"container\">\n\t\t\t\t\t<div class=\"e-con-inner\">\n\t\t\t\t<div class=\"elementor-element elementor-element-f9054e5 elementor-widget elementor-widget-spacer\" data-id=\"f9054e5\" data-element_type=\"widget\" data-e-type=\"widget\" data-widget_type=\"spacer.default\">\n\t\t\t\t<div class=\"elementor-widget-container\">\n\t\t\t\t\t\t\t<div class=\"elementor-spacer\">\n\t\t\t<div class=\"elementor-spacer-inner\"><\/div>\n\t\t<\/div>\n\t\t\t\t\t\t<\/div>\n\t\t\t\t<\/div>\n\t\t\t\t\t<\/div>\n\t\t\t\t<\/div>\n\t\t\t\t<\/div>\n\t\t","protected":false},"excerpt":{"rendered":"<p>Kadir Has University underscores its commitment to sustainability by ensuring free public access to the green spaces and open areas across its campuses. These spaces provide a peaceful environment that encourages community interaction, recreation, and outdoor learning. The campus gardens are carefully maintained to promote biodiversity and serve as living laboratories for environmental awareness, aligning [&hellip;]<\/p>\n","protected":false},"author":11,"featured_media":0,"parent":0,"menu_order":0,"comment_status":"closed","ping_status":"closed","template":"","meta":{"slim_seo":{"title":"Promote Sustainable Commuting - Kadir Has University","description":"Kadir Has University underscores its commitment to sustainability by ensuring free public access to the green spaces and open areas across its campuses. These s"},"footnotes":""},"birimler":[181],"class_list":["post-28241","page","type-page","status-publish","hentry","birimler-impact"],"_links":{"self":[{"href":"https:\/\/www.khas.edu.tr\/en\/wp-json\/wp\/v2\/pages\/28241","targetHints":{"allow":["GET"]}}],"collection":[{"href":"https:\/\/www.khas.edu.tr\/en\/wp-json\/wp\/v2\/pages"}],"about":[{"href":"https:\/\/www.khas.edu.tr\/en\/wp-json\/wp\/v2\/types\/page"}],"author":[{"embeddable":true,"href":"https:\/\/www.khas.edu.tr\/en\/wp-json\/wp\/v2\/users\/11"}],"replies":[{"embeddable":true,"href":"https:\/\/www.khas.edu.tr\/en\/wp-json\/wp\/v2\/comments?post=28241"}],"version-history":[{"count":31,"href":"https:\/\/www.khas.edu.tr\/en\/wp-json\/wp\/v2\/pages\/28241\/revisions"}],"predecessor-version":[{"id":31887,"href":"https:\/\/www.khas.edu.tr\/en\/wp-json\/wp\/v2\/pages\/28241\/revisions\/31887"}],"wp:attachment":[{"href":"https:\/\/www.khas.edu.tr\/en\/wp-json\/wp\/v2\/media?parent=28241"}],"wp:term":[{"taxonomy":"birimler","embeddable":true,"href":"https:\/\/www.khas.edu.tr\/en\/wp-json\/wp\/v2\/birimler?post=28241"}],"curies":[{"name":"wp","href":"https:\/\/api.w.org\/{rel}","templated":true}]}}